{"id":3513,"date":"2025-10-13T10:27:40","date_gmt":"2025-10-13T13:27:40","guid":{"rendered":"https:\/\/wp.ufpel.edu.br\/odontologia\/?page_id=3513"},"modified":"2025-10-13T11:06:28","modified_gmt":"2025-10-13T14:06:28","slug":"coordenacao-clinica","status":"publish","type":"page","link":"https:\/\/wp.ufpel.edu.br\/odontologia\/coordenacao-clinica\/","title":{"rendered":"Coordena\u00e7\u00e3o Cl\u00ednica"},"content":{"rendered":"<div id=\"pl-3513\"  class=\"panel-layout\" ><div id=\"pg-3513-0\"  class=\"panel-grid panel-no-style\" ><div id=\"pgc-3513-0-0\"  class=\"panel-grid-cell\" ><div id=\"panel-3513-0-0-0\" class=\"so-panel widget widget_sow-editor panel-first-child\" data-index=\"0\" ><div\n\t\t\t\n\t\t\tclass=\"so-widget-sow-editor so-widget-sow-editor-base\"\n\t\t\t\n\t\t>\n<div class=\"siteorigin-widget-tinymce textwidget\">\n\t<p><span style=\"background-color: #ffffff; color: #800000; font-size: 18pt;\">Coordena\u00e7\u00e3o Cl\u00ednica: Canal Aberto para Sugest\u00f5es e Solicita\u00e7\u00f5es<\/span><\/p>\n<p><span style=\"font-size: 14pt;\">A Coordena\u00e7\u00e3o Cl\u00ednica da Faculdade de Odontologia da UFPel, alinhada com o princ\u00edpio da Gest\u00e3o Participativa, estabelece este canal direto para receber suas <b>sugest\u00f5es, reclama\u00e7\u00f5es, elogios e solicita\u00e7\u00f5es<\/b>\u00a0relacionadas ao funcionamento dos nossos espa\u00e7os cl\u00ednicos e setores de apoio. Sua contribui\u00e7\u00e3o \u00e9 fundamental para aprimorarmos a qualidade dos servi\u00e7os, a seguran\u00e7a e a efici\u00eancia dos fluxos de trabalho.<\/span><\/p>\n<p><span style=\"font-size: 14pt;\"><br \/>\n<b>IMPORTANTE:<\/b>\u00a0Este canal \u00e9 destinado a quest\u00f5es operacionais e de gest\u00e3o dos seguintes setores:<\/span><\/p>\n<ul>\n<li>Cl\u00ednicas Odontol\u00f3gicas (1\u00ba ao 4\u00ba andar)<\/li>\n<li>Centrais de Distribui\u00e7\u00e3o de Materiais (CDMs)<\/li>\n<li>Central de Esteriliza\u00e7\u00e3o<\/li>\n<li>Central de Radiologia<\/li>\n<li>Almoxarifado (planejamento de insumos)<\/li>\n<li>Manuten\u00e7\u00e3o de Equipamentos Odontol\u00f3gicos<\/li>\n<\/ul>\n<\/div>\n<\/div><\/div><div id=\"panel-3513-0-0-1\" class=\"so-panel widget widget_sow-editor panel-last-child\" data-index=\"1\" ><div\n\t\t\t\n\t\t\tclass=\"so-widget-sow-editor so-widget-sow-editor-base\"\n\t\t\t\n\t\t>\n<div class=\"siteorigin-widget-tinymce textwidget\">\n\t<p><span style=\"background-color: #ffffff; color: #800000; font-size: 18pt;\">Formul\u00e1rio de Contato e Detalhamento da Demanda<\/span><\/p>\n<p><span style=\"font-size: 14pt;\">Preencha o formul\u00e1rio abaixo para fazer suas sugest\u00f5es, reclama\u00e7\u00f5es, elogios e solicita\u00e7\u00f5es<\/span><\/p>\n\n<div class=\"wpcf7 no-js\" id=\"wpcf7-f3512-o1\" lang=\"pt-BR\" dir=\"ltr\" data-wpcf7-id=\"3512\">\n<div class=\"screen-reader-response\"><p role=\"status\" aria-live=\"polite\" aria-atomic=\"true\"><\/p> <ul><\/ul><\/div>\n<form action=\"\/odontologia\/wp-json\/wp\/v2\/pages\/3513#wpcf7-f3512-o1\" method=\"post\" class=\"wpcf7-form init\" aria-label=\"Formul\u00e1rios de contato\" novalidate=\"novalidate\" data-status=\"init\">\n<fieldset class=\"hidden-fields-container\"><input type=\"hidden\" name=\"_wpcf7\" value=\"3512\" \/><input type=\"hidden\" name=\"_wpcf7_version\" value=\"6.1.4\" \/><input type=\"hidden\" name=\"_wpcf7_locale\" value=\"pt_BR\" \/><input type=\"hidden\" name=\"_wpcf7_unit_tag\" value=\"wpcf7-f3512-o1\" \/><input type=\"hidden\" name=\"_wpcf7_container_post\" value=\"0\" \/><input type=\"hidden\" name=\"_wpcf7_posted_data_hash\" value=\"\" \/><input type=\"hidden\" name=\"_wpcf7cf_hidden_group_fields\" value=\"[]\" \/><input type=\"hidden\" name=\"_wpcf7cf_hidden_groups\" value=\"[]\" \/><input type=\"hidden\" name=\"_wpcf7cf_visible_groups\" value=\"[]\" \/><input type=\"hidden\" name=\"_wpcf7cf_repeaters\" value=\"[]\" \/><input type=\"hidden\" name=\"_wpcf7cf_steps\" value=\"{}\" \/><input type=\"hidden\" name=\"_wpcf7cf_options\" value=\"{&quot;form_id&quot;:3512,&quot;conditions&quot;:[],&quot;settings&quot;:{&quot;animation&quot;:&quot;yes&quot;,&quot;animation_intime&quot;:200,&quot;animation_outtime&quot;:200,&quot;conditions_ui&quot;:&quot;normal&quot;,&quot;notice_dismissed&quot;:false}}\" \/>\n<\/fieldset>\n<p><span style=\"background-color: #ffffff; color: #800000; font-size: 18pt;\"> Identifica\u00e7\u00e3o do Solicitante<\/span>\n<\/p>\n<p><label> <strong> Nome:<\/strong> (obrigat\u00f3rio)<br \/>\n<span class=\"wpcf7-form-control-wrap\" data-name=\"your-name\"><input size=\"40\" maxlength=\"400\" class=\"wpcf7-form-control wpcf7-text wpcf7-validates-as-required\" aria-required=\"true\" aria-invalid=\"false\" value=\"\" type=\"text\" name=\"your-name\" \/><\/span> <\/label>\n<\/p>\n<p><label> <strong> V\u00ednculo:<\/strong> (obrigat\u00f3rio)<br \/>\n<span class=\"wpcf7-form-control-wrap\" data-name=\"vinculo-fo\"><span class=\"wpcf7-form-control wpcf7-checkbox wpcf7-validates-as-required wpcf7-exclusive-checkbox\"><span class=\"wpcf7-list-item first\"><label><input type=\"checkbox\" name=\"vinculo-fo\" value=\"Aluno\" \/><span class=\"wpcf7-list-item-label\">Aluno<\/span><\/label><\/span><span class=\"wpcf7-list-item\"><label><input type=\"checkbox\" name=\"vinculo-fo\" value=\"Docente\" \/><span class=\"wpcf7-list-item-label\">Docente<\/span><\/label><\/span><span class=\"wpcf7-list-item\"><label><input type=\"checkbox\" name=\"vinculo-fo\" value=\"T\u00e9cnico-Administrativo\" \/><span class=\"wpcf7-list-item-label\">T\u00e9cnico-Administrativo<\/span><\/label><\/span><span class=\"wpcf7-list-item last\"><label><input type=\"checkbox\" name=\"vinculo-fo\" value=\"Colaborador Externo\" \/><span class=\"wpcf7-list-item-label\">Colaborador Externo<\/span><\/label><\/span><\/span><\/span> <\/label>\n<\/p>\n<p><label> <strong> E-mail:<\/strong> (obrigat\u00f3rio)<br \/>\n<span class=\"wpcf7-form-control-wrap\" data-name=\"your-email\"><input size=\"40\" maxlength=\"400\" class=\"wpcf7-form-control wpcf7-email wpcf7-validates-as-required wpcf7-text wpcf7-validates-as-email\" aria-required=\"true\" aria-invalid=\"false\" value=\"\" type=\"email\" name=\"your-email\" \/><\/span> <\/label>\n<\/p>\n<p><span style=\"background-color: #ffffff; color: #800000; font-size: 18pt;\"> Detalhamento da Demanda<\/span>\n<\/p>\n<p><label> <strong> Selecione o setor principal:<\/strong> (obrigat\u00f3rio)<br \/>\n<span class=\"wpcf7-form-control-wrap\" data-name=\"setor-envolvido\"><span class=\"wpcf7-form-control wpcf7-checkbox wpcf7-validates-as-required wpcf7-exclusive-checkbox\"><span class=\"wpcf7-list-item first\"><label><input type=\"checkbox\" name=\"setor-envolvido\" value=\"Cl\u00ednicas Odontol\u00f3gicas\" \/><span class=\"wpcf7-list-item-label\">Cl\u00ednicas Odontol\u00f3gicas<\/span><\/label><\/span><span class=\"wpcf7-list-item\"><label><input type=\"checkbox\" name=\"setor-envolvido\" value=\"Esteriliza\u00e7\u00e3o\" \/><span class=\"wpcf7-list-item-label\">Esteriliza\u00e7\u00e3o<\/span><\/label><\/span><span class=\"wpcf7-list-item\"><label><input type=\"checkbox\" name=\"setor-envolvido\" value=\"Radiologia\" \/><span class=\"wpcf7-list-item-label\">Radiologia<\/span><\/label><\/span><span class=\"wpcf7-list-item\"><label><input type=\"checkbox\" name=\"setor-envolvido\" value=\"Centro de distribui\u00e7\u00e3o de materiais (CDM)\/ Almoxarifado\" \/><span class=\"wpcf7-list-item-label\">Centro de distribui\u00e7\u00e3o de materiais (CDM)\/ Almoxarifado<\/span><\/label><\/span><span class=\"wpcf7-list-item\"><label><input type=\"checkbox\" name=\"setor-envolvido\" value=\"Manuten\u00e7\u00e3o de Equipamentos\" \/><span class=\"wpcf7-list-item-label\">Manuten\u00e7\u00e3o de Equipamentos<\/span><\/label><\/span><span class=\"wpcf7-list-item last\"><label><input type=\"checkbox\" name=\"setor-envolvido\" value=\"Outros\" \/><span class=\"wpcf7-list-item-label\">Outros<\/span><\/label><\/span><\/span><\/span> <\/label>\n<\/p>\n<p><label> <strong> Informe o andar e a cl\u00ednica\/sala ou setor:<\/strong> (obrigat\u00f3rio)<br \/>\n<span class=\"wpcf7-form-control-wrap\" data-name=\"local-especifico\"><input size=\"40\" maxlength=\"400\" class=\"wpcf7-form-control wpcf7-text wpcf7-validates-as-required\" aria-required=\"true\" aria-invalid=\"false\" placeholder=\"Informe o detalhamento do setor \/ andar\/ sala\" value=\"\" type=\"text\" name=\"local-especifico\" \/><\/span> <\/label>\n<\/p>\n<p><label> <strong> Classifique sua contribui\u00e7\u00e3o:<\/strong> (obrigat\u00f3rio)<br \/>\n<span class=\"wpcf7-form-control-wrap\" data-name=\"demanda-tipo\"><span class=\"wpcf7-form-control wpcf7-checkbox wpcf7-validates-as-required wpcf7-exclusive-checkbox\"><span class=\"wpcf7-list-item first\"><label><input type=\"checkbox\" name=\"demanda-tipo\" value=\"Sugest\u00e3o de Melhoria\" \/><span class=\"wpcf7-list-item-label\">Sugest\u00e3o de Melhoria<\/span><\/label><\/span><span class=\"wpcf7-list-item\"><label><input type=\"checkbox\" name=\"demanda-tipo\" value=\"Solicita\u00e7\u00e3o Pontual\" \/><span class=\"wpcf7-list-item-label\">Solicita\u00e7\u00e3o Pontual<\/span><\/label><\/span><span class=\"wpcf7-list-item\"><label><input type=\"checkbox\" name=\"demanda-tipo\" value=\"Reclama\u00e7\u00e3o\/Problema\" \/><span class=\"wpcf7-list-item-label\">Reclama\u00e7\u00e3o\/Problema<\/span><\/label><\/span><span class=\"wpcf7-list-item last\"><label><input type=\"checkbox\" name=\"demanda-tipo\" value=\"Elogio\" \/><span class=\"wpcf7-list-item-label\">Elogio<\/span><\/label><\/span><\/span><\/span> <\/label>\n<\/p>\n<p><label> <strong> Descri\u00e7\u00e3o Detalhada:<\/strong> (obrigat\u00f3rio)<br \/>\n<span class=\"wpcf7-form-control-wrap\" data-name=\"descricao-detalhada\"><textarea cols=\"40\" rows=\"10\" maxlength=\"2000\" class=\"wpcf7-form-control wpcf7-textarea wpcf7-validates-as-required\" aria-required=\"true\" aria-invalid=\"false\" placeholder=\"Descreva a situa\u00e7\u00e3o, sugest\u00e3o ou solicita\u00e7\u00e3o de forma clara e objetiva. Inclua data e hor\u00e1rio aproximado, se aplic\u00e1vel, para facilitar a investiga\u00e7\u00e3o\" name=\"descricao-detalhada\"><\/textarea><\/span><br \/>\n<\/label>\n<\/p>\n<p><input class=\"wpcf7-form-control wpcf7-submit has-spinner\" type=\"submit\" value=\"Enviar\" \/>\n<\/p><p style=\"display: none !important;\" class=\"akismet-fields-container\" data-prefix=\"_wpcf7_ak_\"><label>&#916;<textarea name=\"_wpcf7_ak_hp_textarea\" cols=\"45\" rows=\"8\" maxlength=\"100\"><\/textarea><\/label><input type=\"hidden\" id=\"ak_js_1\" name=\"_wpcf7_ak_js\" value=\"215\"\/><script>document.getElementById( \"ak_js_1\" ).setAttribute( \"value\", ( new Date() ).getTime() );<\/script><\/p><div class=\"wpcf7-response-output\" aria-hidden=\"true\"><\/div>\n<\/form>\n<\/div>\n\n<\/div>\n<\/div><\/div><\/div><\/div><\/div>","protected":false},"excerpt":{"rendered":"<p>Coordena\u00e7\u00e3o Cl\u00ednica: Canal Aberto para Sugest\u00f5es e Solicita\u00e7\u00f5es A Coordena\u00e7\u00e3o Cl\u00ednica da Faculdade de Odontologia da UFPel, alinhada com o princ\u00edpio da Gest\u00e3o Participativa, estabelece este canal direto para receber suas sugest\u00f5es, reclama\u00e7\u00f5es, elogios e solicita\u00e7\u00f5es\u00a0relacionadas ao funcionamento dos nossos espa\u00e7os cl\u00ednicos e setores de apoio. Sua contribui\u00e7\u00e3o \u00e9 fundamental para aprimorarmos a qualidade dos [&hellip;]<\/p>\n","protected":false},"author":511,"featured_media":0,"parent":0,"menu_order":0,"comment_status":"closed","ping_status":"closed","template":"","meta":{"jetpack_post_was_ever_published":false,"footnotes":""},"class_list":["post-3513","page","type-page","status-publish","hentry","post"],"jetpack_sharing_enabled":true,"jetpack_shortlink":"https:\/\/wp.me\/PaUn96-UF","jetpack-related-posts":[],"_links":{"self":[{"href":"https:\/\/wp.ufpel.edu.br\/odontologia\/wp-json\/wp\/v2\/pages\/3513","targetHints":{"allow":["GET"]}}],"collection":[{"href":"https:\/\/wp.ufpel.edu.br\/odontologia\/wp-json\/wp\/v2\/pages"}],"about":[{"href":"https:\/\/wp.ufpel.edu.br\/odontologia\/wp-json\/wp\/v2\/types\/page"}],"author":[{"embeddable":true,"href":"https:\/\/wp.ufpel.edu.br\/odontologia\/wp-json\/wp\/v2\/users\/511"}],"replies":[{"embeddable":true,"href":"https:\/\/wp.ufpel.edu.br\/odontologia\/wp-json\/wp\/v2\/comments?post=3513"}],"version-history":[{"count":4,"href":"https:\/\/wp.ufpel.edu.br\/odontologia\/wp-json\/wp\/v2\/pages\/3513\/revisions"}],"predecessor-version":[{"id":3525,"href":"https:\/\/wp.ufpel.edu.br\/odontologia\/wp-json\/wp\/v2\/pages\/3513\/revisions\/3525"}],"wp:attachment":[{"href":"https:\/\/wp.ufpel.edu.br\/odontologia\/wp-json\/wp\/v2\/media?parent=3513"}],"curies":[{"name":"wp","href":"https:\/\/api.w.org\/{rel}","templated":true}]}}