{"id":3167,"date":"2024-07-24T17:28:47","date_gmt":"2024-07-24T20:28:47","guid":{"rendered":"https:\/\/wp.ufpel.edu.br\/odontologia\/?page_id=3167"},"modified":"2024-07-24T17:36:28","modified_gmt":"2024-07-24T20:36:28","slug":"pops-enfermagem","status":"publish","type":"page","link":"https:\/\/wp.ufpel.edu.br\/odontologia\/pops-enfermagem\/","title":{"rendered":"POPs Enfermagem"},"content":{"rendered":"<div id=\"pl-3167\"  class=\"panel-layout\" ><div id=\"pg-3167-0\"  class=\"panel-grid panel-no-style\" ><div id=\"pgc-3167-0-0\"  class=\"panel-grid-cell\" ><div id=\"panel-3167-0-0-0\" class=\"so-panel widget widget_sow-editor panel-first-child panel-last-child\" data-index=\"0\" ><div\n\t\t\t\n\t\t\tclass=\"so-widget-sow-editor so-widget-sow-editor-base\"\n\t\t\t\n\t\t>\n<div class=\"siteorigin-widget-tinymce textwidget\">\n\t<h2><span style=\"font-size: 24pt; color: #800000; font-family: georgia, palatino, serif;\">Procedimentos operacionais padr\u00e3o (POPs) Enfermagem<\/span><\/h2>\n<p><strong>Esteriliza\u00e7\u00e3o:<\/strong> <a href=\"https:\/\/wp.ufpel.edu.br\/odontologia\/files\/2024\/07\/POP-esterilizacao.pdf\">POP esteriliza\u00e7\u00e3o<\/a><\/p>\n<p><strong>Cl\u00ednicas 1\u00ba Andar: <\/strong><a href=\"https:\/\/wp.ufpel.edu.br\/odontologia\/files\/2024\/07\/POP-clinica-Sul-Oeste1oandar.pdf\">POP cl\u00ednica Sul Oeste1\u00baandar<\/a><\/p>\n<p><strong>Cl\u00ednica 2\u00ba Andar:<\/strong>\u00a0<a href=\"https:\/\/wp.ufpel.edu.br\/odontologia\/files\/2024\/07\/POP-clinica-Sul-2o-andar.pdf\">POP cl\u00ednica Sul 2\u00ba andar<\/a><\/p>\n<p><strong>Cl\u00ednica 3\u00ba Andar: <\/strong><a href=\"https:\/\/wp.ufpel.edu.br\/odontologia\/files\/2024\/07\/POP-cirurgia-3oandar.pdf\">POP cirurgia 3\u00baandar<\/a><\/p>\n<p><strong>Cl\u00ednica 4\u00ba Andar : <\/strong><a href=\"https:\/\/wp.ufpel.edu.br\/odontologia\/files\/2024\/07\/POP-clinica-4oandar.pdf\">POP cl\u00ednica 4\u00baandar<\/a><\/p>\n<p>&nbsp;<\/p>\n<p>&nbsp;<\/p>\n<p>&nbsp;<\/p>\n<\/div>\n<\/div><\/div><\/div><\/div><\/div>","protected":false},"excerpt":{"rendered":"<p>Procedimentos operacionais padr\u00e3o (POPs) Enfermagem Esteriliza\u00e7\u00e3o: POP esteriliza\u00e7\u00e3o Cl\u00ednicas 1\u00ba Andar: POP cl\u00ednica Sul Oeste1\u00baandar Cl\u00ednica 2\u00ba Andar:\u00a0POP cl\u00ednica Sul 2\u00ba andar Cl\u00ednica 3\u00ba Andar: POP cirurgia 3\u00baandar Cl\u00ednica 4\u00ba Andar : POP cl\u00ednica 4\u00baandar &nbsp; &nbsp; &nbsp;<\/p>\n","protected":false},"author":1038,"featured_media":0,"parent":0,"menu_order":0,"comment_status":"closed","ping_status":"closed","template":"","meta":{"jetpack_post_was_ever_published":false,"footnotes":""},"class_list":["post-3167","page","type-page","status-publish","hentry","post"],"jetpack_sharing_enabled":true,"jetpack_shortlink":"https:\/\/wp.me\/PaUn96-P5","jetpack-related-posts":[],"_links":{"self":[{"href":"https:\/\/wp.ufpel.edu.br\/odontologia\/wp-json\/wp\/v2\/pages\/3167","targetHints":{"allow":["GET"]}}],"collection":[{"href":"https:\/\/wp.ufpel.edu.br\/odontologia\/wp-json\/wp\/v2\/pages"}],"about":[{"href":"https:\/\/wp.ufpel.edu.br\/odontologia\/wp-json\/wp\/v2\/types\/page"}],"author":[{"embeddable":true,"href":"https:\/\/wp.ufpel.edu.br\/odontologia\/wp-json\/wp\/v2\/users\/1038"}],"replies":[{"embeddable":true,"href":"https:\/\/wp.ufpel.edu.br\/odontologia\/wp-json\/wp\/v2\/comments?post=3167"}],"version-history":[{"count":6,"href":"https:\/\/wp.ufpel.edu.br\/odontologia\/wp-json\/wp\/v2\/pages\/3167\/revisions"}],"predecessor-version":[{"id":3180,"href":"https:\/\/wp.ufpel.edu.br\/odontologia\/wp-json\/wp\/v2\/pages\/3167\/revisions\/3180"}],"wp:attachment":[{"href":"https:\/\/wp.ufpel.edu.br\/odontologia\/wp-json\/wp\/v2\/media?parent=3167"}],"curies":[{"name":"wp","href":"https:\/\/api.w.org\/{rel}","templated":true}]}}