{"id":2752,"date":"2023-04-18T15:31:03","date_gmt":"2023-04-18T18:31:03","guid":{"rendered":"https:\/\/wp.ufpel.edu.br\/odontologia\/?page_id=2752"},"modified":"2025-06-09T16:01:29","modified_gmt":"2025-06-09T19:01:29","slug":"mob","status":"publish","type":"page","link":"https:\/\/wp.ufpel.edu.br\/odontologia\/institucional\/comissoes-nucleos\/mob\/","title":{"rendered":"CMOB"},"content":{"rendered":"<div id=\"pl-2752\"  class=\"panel-layout\" ><div id=\"pg-2752-0\"  class=\"panel-grid panel-no-style\" ><div id=\"pgc-2752-0-0\"  class=\"panel-grid-cell\" ><div id=\"panel-2752-0-0-0\" class=\"so-panel widget widget_sow-editor panel-first-child panel-last-child\" data-index=\"0\" ><div\n\t\t\t\n\t\t\tclass=\"so-widget-sow-editor so-widget-sow-editor-base\"\n\t\t\t\n\t\t>\n<div class=\"siteorigin-widget-tinymce textwidget\">\n\t<p><span style=\"color: #800000; font-size: 24pt; font-family: georgia, palatino, serif;\">Comiss\u00e3o de Mobilidade acad\u00eamica<\/span><\/p>\n<p>&nbsp;<\/p>\n<p><span style=\"font-family: georgia, palatino, serif; font-size: 14pt;\"><span dir=\"ltr\" role=\"presentation\">A Comiss\u00e3o de Mobilidade Acad\u00eamica da Faculdade de Odontologia da Universida<\/span><span dir=\"ltr\" role=\"presentation\">de Federal <\/span><span dir=\"ltr\" role=\"presentation\">de Pelotas<\/span> <span dir=\"ltr\" role=\"presentation\">\u2013<\/span> <span dir=\"ltr\" role=\"presentation\">CMOB \u00e9 uma inst\u00e2ncia<\/span> <span dir=\"ltr\" role=\"presentation\">colegiada da Faculdade de Odontologia, de natureza consultiva no <\/span><span dir=\"ltr\" role=\"presentation\">\u00e2mbito do aux\u00edlio dos tr\u00e2mites para mobilidade interna (MOB<\/span><span dir=\"ltr\" role=\"presentation\">-<\/span><span dir=\"ltr\" role=\"presentation\">IN) e mobilidade externa (MOB<\/span><span dir=\"ltr\" role=\"presentation\">-<\/span><span dir=\"ltr\" role=\"presentation\">OUT)<\/span> <span dir=\"ltr\" role=\"presentation\">bem como no acompanhamento<\/span> <span dir=\"ltr\" role=\"presentation\">de alunos de gradua\u00e7\u00e3o<\/span> <span dir=\"ltr\" role=\"presentation\">e<\/span> <span dir=\"ltr\" role=\"presentation\">p\u00f3s<\/span><span dir=\"ltr\" role=\"presentation\">-<\/span><span dir=\"ltr\" role=\"presentation\">gradua\u00e7\u00e3o<\/span><span dir=\"ltr\" role=\"presentation\">. <\/span><\/span><\/p>\n<p>&nbsp;<\/p>\n<p><span style=\"color: #800000; font-size: 18pt; font-family: georgia, palatino, serif;\">Finalidade:<\/span><\/p>\n<p><span style=\"font-family: georgia, palatino, serif; font-size: 14pt;\"><span dir=\"ltr\" role=\"presentation\">\u2022<\/span> A<span dir=\"ltr\" role=\"presentation\">uxiliar no desenvolvimento do plano preliminar de estudos dos alunos de gradua\u00e7\u00e3o<\/span> <span dir=\"ltr\" role=\"presentation\">e <\/span><span dir=\"ltr\" role=\"presentation\">p\u00f3s<\/span><span dir=\"ltr\" role=\"presentation\">-<\/span><span dir=\"ltr\" role=\"presentation\">gradua\u00e7\u00e3o<\/span> <span dir=\"ltr\" role=\"presentation\">de MOB<\/span><span dir=\"ltr\" role=\"presentation\">-<\/span><span dir=\"ltr\" role=\"presentation\">IN e MOB<\/span><span dir=\"ltr\" role=\"presentation\">-<\/span><span dir=\"ltr\" role=\"presentation\">OUT; auxiliar o Colegiado de Curso e o Programa <\/span><span dir=\"ltr\" role=\"presentation\">de P\u00f3s<\/span><span dir=\"ltr\" role=\"presentation\">-<\/span><span dir=\"ltr\" role=\"presentation\">gradua\u00e7\u00e3o em Odontologia da UFPel a verificar a<\/span> <span dir=\"ltr\" role=\"presentation\">v<\/span><span dir=\"ltr\" role=\"presentation\">iabilidade<\/span> <span dir=\"ltr\" role=\"presentation\">de execu\u00e7\u00e3o do<\/span> <span dir=\"ltr\" role=\"presentation\">plano<\/span> <span dir=\"ltr\" role=\"presentation\">de<\/span> <span dir=\"ltr\" role=\"presentation\">estudos;<\/span> <span dir=\"ltr\" role=\"presentation\">realizar<\/span> <span dir=\"ltr\" role=\"presentation\">a<\/span> <span dir=\"ltr\" role=\"presentation\">comunica\u00e7\u00e3o<\/span> <span dir=\"ltr\" role=\"presentation\">com<\/span> <span dir=\"ltr\" role=\"presentation\">os<\/span> <span dir=\"ltr\" role=\"presentation\">professores<\/span> <span dir=\"ltr\" role=\"presentation\">respons\u00e1veis<\/span> <span dir=\"ltr\" role=\"presentation\">pelas <\/span><span dir=\"ltr\" role=\"presentation\">disciplinas que os estudantes de MOB<\/span><span dir=\"ltr\" role=\"presentation\">-<\/span><span dir=\"ltr\" role=\"presentation\">IN ir\u00e3o cursar<\/span><span dir=\"ltr\" role=\"presentation\">;<\/span> <span dir=\"ltr\" role=\"presentation\">facilitar a tramita\u00e7\u00e3o do processo <\/span><span dir=\"ltr\" role=\"presentation\">dos estudantes junto a CRInter;<\/span><\/span><br role=\"presentation\" \/><span style=\"font-family: georgia, palatino, serif; font-size: 14pt;\"><span dir=\"ltr\" role=\"presentation\">\u2022<\/span> A<span dir=\"ltr\" role=\"presentation\">uxiliar o colegiado na<\/span> <span dir=\"ltr\" role=\"presentation\">avalia\u00e7<\/span><span dir=\"ltr\" role=\"presentation\">\u00e3o para<\/span> <span dir=\"ltr\" role=\"presentation\">valida\u00e7\u00e3o de cr\u00e9ditos e disciplinas cursadas pelos <\/span><span dir=\"ltr\" role=\"presentation\">estudantes que sa\u00edram<\/span> <span dir=\"ltr\" role=\"presentation\">em<\/span> <span dir=\"ltr\" role=\"presentation\">MOB<\/span><span dir=\"ltr\" role=\"presentation\">-<\/span><span dir=\"ltr\" role=\"presentation\">OUT<\/span><span dir=\"ltr\" role=\"presentation\">;<\/span><\/span><br role=\"presentation\" \/><span style=\"font-family: georgia, palatino, serif; font-size: 14pt;\"><span dir=\"ltr\" role=\"presentation\">\u2022<\/span> A<span dir=\"ltr\" role=\"presentation\">ssessorar e<\/span> <span dir=\"ltr\" role=\"presentation\">auxiliar<\/span> <span dir=\"ltr\" role=\"presentation\">a Faculdade de Odontologia na obten\u00e7\u00e3o de conv\u00eanios de MOB<\/span><span dir=\"ltr\" role=\"presentation\">-<\/span><span dir=\"ltr\" role=\"presentation\">IN <\/span><span dir=\"ltr\" role=\"presentation\">e\/ou de MOB<\/span><span dir=\"ltr\" role=\"presentation\">-<\/span><span dir=\"ltr\" role=\"presentation\">OUT<\/span><span dir=\"ltr\" role=\"presentation\">.<\/span><\/span><\/p>\n<p>&nbsp;<\/p>\n<p><span dir=\"ltr\" style=\"color: #800000; font-size: 18pt; font-family: georgia, palatino, serif;\" role=\"presentation\">Atribui\u00e7\u00f5es<\/span><br role=\"presentation\" \/><span style=\"font-family: georgia, palatino, serif; font-size: 14pt;\"><span dir=\"ltr\" role=\"presentation\">Compete a CMOB auxiliar no desenvolvimento do plano preliminar de estudos<\/span> <span dir=\"ltr\" role=\"presentation\">dos alunos de <\/span><span dir=\"ltr\" role=\"presentation\">gradua\u00e7\u00e3o de MOB<\/span><span dir=\"ltr\" role=\"presentation\">-<\/span><span dir=\"ltr\" role=\"presentation\">IN e MOB<\/span><span dir=\"ltr\" role=\"presentation\">-<\/span><span dir=\"ltr\" role=\"presentation\">OUT, e auxiliar o Colegiado de Curso de odontologia e o Programa de <\/span><span dir=\"ltr\" role=\"presentation\">P\u00f3s<\/span><span dir=\"ltr\" role=\"presentation\">-<\/span><span dir=\"ltr\" role=\"presentation\">gradua\u00e7\u00e3o em Odontologia da UFPel a verificar a<\/span> <span dir=\"ltr\" role=\"presentation\">viabilidade<\/span> <span dir=\"ltr\" role=\"presentation\">de execu\u00e7\u00e3o do plano de estudos,<\/span> <span dir=\"ltr\" role=\"presentation\">cabendo<\/span><span dir=\"ltr\" role=\"presentation\">-<\/span><span dir=\"ltr\" role=\"presentation\">lhe, as seguintes atribui\u00e7\u00f5es:<\/span><\/span><br role=\"presentation\" \/><span style=\"font-family: georgia, palatino, serif; font-size: 14pt;\"><span dir=\"ltr\" role=\"presentation\">I<\/span> <span dir=\"ltr\" role=\"presentation\">\u2013<\/span> <span dir=\"ltr\" role=\"presentation\">auxiliar os alunos d<\/span><span dir=\"ltr\" role=\"presentation\">e gradua\u00e7\u00e3o<\/span> <span dir=\"ltr\" role=\"presentation\">e p\u00f3s<\/span><span dir=\"ltr\" role=\"presentation\">-<\/span><span dir=\"ltr\" role=\"presentation\">gradua\u00e7\u00e3o<\/span> <span dir=\"ltr\" role=\"presentation\">de MOB<\/span><span dir=\"ltr\" role=\"presentation\">-<\/span><span dir=\"ltr\" role=\"presentation\">IN e MOB<\/span><span dir=\"ltr\" role=\"presentation\">-<\/span><span dir=\"ltr\" role=\"presentation\">OUT no desenvolvimento do <\/span><span dir=\"ltr\" role=\"presentation\">plano de estudos preliminar;<\/span><\/span><br role=\"presentation\" \/><span style=\"font-family: georgia, palatino, serif; font-size: 14pt;\"><span dir=\"ltr\" role=\"presentation\">II<\/span> <span dir=\"ltr\" role=\"presentation\">\u2013<\/span> <span dir=\"ltr\" role=\"presentation\">consultar<\/span> <span dir=\"ltr\" role=\"presentation\">o<\/span> <span dir=\"ltr\" role=\"presentation\">colegiado de Curso e<\/span> <span dir=\"ltr\" role=\"presentation\">o<\/span> <span dir=\"ltr\" role=\"presentation\">Programa de P\u00f3s<\/span><span dir=\"ltr\" role=\"presentation\">-<\/span><span dir=\"ltr\" role=\"presentation\">gradua\u00e7\u00e3o e<\/span> <span dir=\"ltr\" role=\"presentation\">coordena\u00e7\u00e3o<\/span> <span dir=\"ltr\" role=\"presentation\">de cl\u00ednicas, quando <\/span><span dir=\"ltr\" role=\"presentation\">houver, ou a dire\u00e7\u00e3o, acerca da<\/span> <span dir=\"ltr\" role=\"presentation\">viabilidade<\/span> <span dir=\"ltr\" role=\"presentation\">para execu\u00e7\u00e3<\/span><span dir=\"ltr\" role=\"presentation\">o do plano de estudos preliminar do MOB<\/span><span dir=\"ltr\" role=\"presentation\">-<\/span><span dir=\"ltr\" role=\"presentation\">IN;<\/span><\/span><br role=\"presentation\" \/><span style=\"font-family: georgia, palatino, serif; font-size: 14pt;\"><span dir=\"ltr\" role=\"presentation\">III<\/span> <span dir=\"ltr\" role=\"presentation\">\u2013<\/span> <span dir=\"ltr\" role=\"presentation\">realizar a comunica\u00e7\u00e3o com os professores respons\u00e1veis pelas disciplinas que os estudantes de<\/span> <span dir=\"ltr\" role=\"presentation\">MOB<\/span><span dir=\"ltr\" role=\"presentation\">-<\/span><span dir=\"ltr\" role=\"presentation\">IN intentam cursar;<\/span><\/span><br role=\"presentation\" \/><span style=\"font-family: georgia, palatino, serif; font-size: 14pt;\"><span dir=\"ltr\" role=\"presentation\">IV<\/span> <span dir=\"ltr\" role=\"presentation\">\u2013<\/span> <span dir=\"ltr\" role=\"presentation\">auxiliar o colegiado na<\/span> <span dir=\"ltr\" role=\"presentation\">avalia\u00e7\u00e3o para<\/span> <span dir=\"ltr\" role=\"presentation\">valida\u00e7\u00e3o de cr\u00e9ditos e disciplinas cursad<\/span><span dir=\"ltr\" role=\"presentation\">as pelos estudantes <\/span><span dir=\"ltr\" role=\"presentation\">que sa\u00edram no MOB<\/span><span dir=\"ltr\" role=\"presentation\">-<\/span><span dir=\"ltr\" role=\"presentation\">OUT;<\/span><\/span><br role=\"presentation\" \/><span style=\"font-family: georgia, palatino, serif; font-size: 14pt;\"><span dir=\"ltr\" role=\"presentation\">V<\/span> <span dir=\"ltr\" role=\"presentation\">\u2013<\/span> <span dir=\"ltr\" role=\"presentation\">facilitar a tramita\u00e7\u00e3o do processo dos estudantes junto a CRInter;<\/span><\/span><br role=\"presentation\" \/><span style=\"font-family: georgia, palatino, serif; font-size: 14pt;\"><span dir=\"ltr\" role=\"presentation\">VI<\/span> <span dir=\"ltr\" role=\"presentation\">\u2013<\/span> <span dir=\"ltr\" role=\"presentation\">organizar sistema de acompanhamento do estudante durante o MOB<\/span><span dir=\"ltr\" role=\"presentation\">-<\/span><span dir=\"ltr\" role=\"presentation\">IN e MOB<\/span><span dir=\"ltr\" role=\"presentation\">-<\/span><span dir=\"ltr\" role=\"presentation\">OUT;<\/span><\/span><br role=\"presentation\" \/><span style=\"font-family: georgia, palatino, serif; font-size: 14pt;\"><span dir=\"ltr\" role=\"presentation\">VII<\/span> <span dir=\"ltr\" role=\"presentation\">\u2013<\/span> <span dir=\"ltr\" role=\"presentation\">recepcionar na<\/span> <span dir=\"ltr\" role=\"presentation\">FO<\/span><span dir=\"ltr\" role=\"presentation\">-<\/span><span dir=\"ltr\" role=\"presentation\">UFPel<\/span> <span dir=\"ltr\" role=\"presentation\">e acompanhar<\/span> <span dir=\"ltr\" role=\"presentation\">o estudante de<\/span> <span dir=\"ltr\" role=\"presentation\">MOB<\/span><span dir=\"ltr\" role=\"presentation\">-<\/span><span dir=\"ltr\" role=\"presentation\">IN<\/span> <span dir=\"ltr\" role=\"presentation\">durante a sua estadia<\/span><span dir=\"ltr\" role=\"presentation\">;<\/span><\/span><br role=\"presentation\" \/><span style=\"font-family: georgia, palatino, serif; font-size: 14pt;\"><span dir=\"ltr\" role=\"presentation\">VIII<\/span> <span dir=\"ltr\" role=\"presentation\">-<\/span> <span dir=\"ltr\" role=\"presentation\">Assessorar e<\/span> <span dir=\"ltr\" role=\"presentation\">auxiliar<\/span> <span dir=\"ltr\" role=\"presentation\">a Faculdade de Odontologia, junto \u00e0 CRInter, na obten\u00e7\u00e3o de conv\u00eanios de <\/span><span dir=\"ltr\" role=\"presentation\">MOB<\/span><span dir=\"ltr\" role=\"presentation\">-<\/span><span dir=\"ltr\" role=\"presentation\">IN e\/ou de MOB<\/span><span dir=\"ltr\" role=\"presentation\">-<\/span><span dir=\"ltr\" role=\"presentation\">OUT, os quais dever\u00e3o ser submetidos para aprova\u00e7\u00e3o final pelo colegiado de<\/span><\/span><br role=\"presentation\" \/><span style=\"font-family: georgia, palatino, serif; font-size: 14pt;\"><span dir=\"ltr\" role=\"presentation\">curso e pelo conselho depar<\/span><span dir=\"ltr\" role=\"presentation\">tamental <\/span><\/span><\/p>\n<p>&nbsp;<\/p>\n<p><span style=\"font-family: georgia, palatino, serif; font-size: 14pt;\">Acesse o Regimento completo <a href=\"https:\/\/wp.ufpel.edu.br\/odontologia\/files\/2023\/04\/Regimento_MOB.pdf\">aqui<\/a>.<\/span><\/p>\n<p>&nbsp;<\/p>\n<p><span style=\"font-family: georgia, palatino, serif; font-size: 14pt;\">Acesse o manual com informa\u00e7\u00f5es e orienta\u00e7\u00f5es \u00fateis para estudantes em mobilidade MOB-IN.<\/span><br \/>\n<span style=\"font-size: 2em;\">&#128073;<\/span><span style=\"font-family: georgia, palatino, serif; font-size: 14pt;\">Clique <a href=\"https:\/\/wp.ufpel.edu.br\/odontologia\/files\/2025\/06\/Exchange-Manual-FO-UFPEL.pdf\">aqui <\/a>para acessar o manual<\/span><\/p>\n<p>&nbsp;<\/p>\n<p><span style=\"color: #800000; font-size: 18pt; font-family: georgia, palatino, serif;\">Fluxo de tramita\u00e7\u00e3o de processo de mobilidade<\/span><\/p>\n<p>&nbsp;<\/p>\n<p><span style=\"font-family: georgia, palatino, serif;\"><a href=\"https:\/\/i0.wp.com\/wp.ufpel.edu.br\/odontologia\/files\/2023\/04\/Screenshot_1.jpg?ssl=1\"><img data-attachment-id=\"2743\" data-permalink=\"https:\/\/wp.ufpel.edu.br\/odontologia\/institucional\/comissoes-nucleos\/screenshot_1-4\/#main\" data-orig-file=\"https:\/\/i0.wp.com\/wp.ufpel.edu.br\/odontologia\/files\/2023\/04\/Screenshot_1.jpg?fit=1912%2C1040&amp;ssl=1\" data-orig-size=\"1912,1040\" data-comments-opened=\"0\" data-image-meta=\"{&quot;aperture&quot;:&quot;0&quot;,&quot;credit&quot;:&quot;&quot;,&quot;camera&quot;:&quot;&quot;,&quot;caption&quot;:&quot;&quot;,&quot;created_timestamp&quot;:&quot;0&quot;,&quot;copyright&quot;:&quot;&quot;,&quot;focal_length&quot;:&quot;0&quot;,&quot;iso&quot;:&quot;0&quot;,&quot;shutter_speed&quot;:&quot;0&quot;,&quot;title&quot;:&quot;&quot;,&quot;orientation&quot;:&quot;0&quot;}\" data-image-title=\"Screenshot_1\" data-image-description=\"\" data-image-caption=\"\" data-medium-file=\"https:\/\/i0.wp.com\/wp.ufpel.edu.br\/odontologia\/files\/2023\/04\/Screenshot_1.jpg?fit=400%2C218&amp;ssl=1\" data-large-file=\"https:\/\/i0.wp.com\/wp.ufpel.edu.br\/odontologia\/files\/2023\/04\/Screenshot_1.jpg?fit=720%2C392&amp;ssl=1\" data-recalc-dims=\"1\" loading=\"lazy\" decoding=\"async\" class=\"aligncenter wp-image-2743 size-full\" src=\"https:\/\/i0.wp.com\/wp.ufpel.edu.br\/odontologia\/files\/2023\/04\/Screenshot_1.jpg?resize=720%2C392&#038;ssl=1\" alt=\"\" width=\"720\" height=\"392\" srcset=\"https:\/\/i0.wp.com\/wp.ufpel.edu.br\/odontologia\/files\/2023\/04\/Screenshot_1.jpg?w=1912&amp;ssl=1 1912w, https:\/\/i0.wp.com\/wp.ufpel.edu.br\/odontologia\/files\/2023\/04\/Screenshot_1.jpg?resize=400%2C218&amp;ssl=1 400w, https:\/\/i0.wp.com\/wp.ufpel.edu.br\/odontologia\/files\/2023\/04\/Screenshot_1.jpg?resize=1024%2C557&amp;ssl=1 1024w, https:\/\/i0.wp.com\/wp.ufpel.edu.br\/odontologia\/files\/2023\/04\/Screenshot_1.jpg?resize=768%2C418&amp;ssl=1 768w, https:\/\/i0.wp.com\/wp.ufpel.edu.br\/odontologia\/files\/2023\/04\/Screenshot_1.jpg?resize=1536%2C835&amp;ssl=1 1536w, https:\/\/i0.wp.com\/wp.ufpel.edu.br\/odontologia\/files\/2023\/04\/Screenshot_1.jpg?w=1440&amp;ssl=1 1440w\" sizes=\"auto, (max-width: 720px) 100vw, 720px\" \/><\/a><\/span><\/p>\n<p>&nbsp;<\/p>\n<p><span style=\"color: #800000;\"><strong><span style=\"font-size: 18pt;\"><a style=\"color: #800000;\" href=\"https:\/\/wp.ufpel.edu.br\/odontologia\/a-faculdade-de-odontologia\/direcao\/\">COMPOSI\u00c7\u00c3O DA CMOB<\/a><\/span><\/strong><\/span><\/p>\n<\/div>\n<\/div><\/div><\/div><\/div><\/div>","protected":false},"excerpt":{"rendered":"<p>Comiss\u00e3o de Mobilidade acad\u00eamica &nbsp; A Comiss\u00e3o de Mobilidade Acad\u00eamica da Faculdade de Odontologia da Universidade Federal de Pelotas \u2013 CMOB \u00e9 uma inst\u00e2ncia colegiada da Faculdade de Odontologia, de natureza consultiva no \u00e2mbito do aux\u00edlio dos tr\u00e2mites para mobilidade interna (MOB-IN) e mobilidade externa (MOB-OUT) bem como no acompanhamento de alunos de gradua\u00e7\u00e3o e [&hellip;]<\/p>\n","protected":false},"author":511,"featured_media":0,"parent":917,"menu_order":0,"comment_status":"closed","ping_status":"closed","template":"","meta":{"jetpack_post_was_ever_published":false,"footnotes":""},"class_list":["post-2752","page","type-page","status-publish","hentry","post"],"jetpack_sharing_enabled":true,"jetpack_shortlink":"https:\/\/wp.me\/PaUn96-Io","jetpack-related-posts":[],"_links":{"self":[{"href":"https:\/\/wp.ufpel.edu.br\/odontologia\/wp-json\/wp\/v2\/pages\/2752","targetHints":{"allow":["GET"]}}],"collection":[{"href":"https:\/\/wp.ufpel.edu.br\/odontologia\/wp-json\/wp\/v2\/pages"}],"about":[{"href":"https:\/\/wp.ufpel.edu.br\/odontologia\/wp-json\/wp\/v2\/types\/page"}],"author":[{"embeddable":true,"href":"https:\/\/wp.ufpel.edu.br\/odontologia\/wp-json\/wp\/v2\/users\/511"}],"replies":[{"embeddable":true,"href":"https:\/\/wp.ufpel.edu.br\/odontologia\/wp-json\/wp\/v2\/comments?post=2752"}],"version-history":[{"count":21,"href":"https:\/\/wp.ufpel.edu.br\/odontologia\/wp-json\/wp\/v2\/pages\/2752\/revisions"}],"predecessor-version":[{"id":3390,"href":"https:\/\/wp.ufpel.edu.br\/odontologia\/wp-json\/wp\/v2\/pages\/2752\/revisions\/3390"}],"up":[{"embeddable":true,"href":"https:\/\/wp.ufpel.edu.br\/odontologia\/wp-json\/wp\/v2\/pages\/917"}],"wp:attachment":[{"href":"https:\/\/wp.ufpel.edu.br\/odontologia\/wp-json\/wp\/v2\/media?parent=2752"}],"curies":[{"name":"wp","href":"https:\/\/api.w.org\/{rel}","templated":true}]}}