{"id":27,"date":"2015-04-07T10:31:22","date_gmt":"2015-04-07T13:31:22","guid":{"rendered":"https:\/\/wp.ufpel.edu.br\/odontologia\/?page_id=27"},"modified":"2022-06-13T15:03:21","modified_gmt":"2022-06-13T18:03:21","slug":"centro-academico","status":"publish","type":"page","link":"https:\/\/wp.ufpel.edu.br\/odontologia\/institucional\/centro-academico\/","title":{"rendered":"Centro Acad\u00eamico"},"content":{"rendered":"<div id=\"pl-27\"  class=\"panel-layout\" ><div id=\"pg-27-0\"  class=\"panel-grid panel-no-style\" ><div id=\"pgc-27-0-0\"  class=\"panel-grid-cell\" ><div id=\"panel-27-0-0-0\" class=\"so-panel widget widget_sow-editor panel-first-child\" data-index=\"0\" ><div\n\t\t\t\n\t\t\tclass=\"so-widget-sow-editor so-widget-sow-editor-base\"\n\t\t\t\n\t\t>\n<div class=\"siteorigin-widget-tinymce textwidget\">\n\t<p style=\"text-align: center;\"><span style=\"font-size: 18pt; color: #800000;\"><strong>Centro Acad\u00eamico<\/strong><\/span><\/p>\n<p style=\"text-align: justify;\"><span style=\"font-size: 14pt;\">O Centro Acad\u00eamico de Odontologia (CAO) \u00e9 um \u00f3rg\u00e3o de representa\u00e7\u00e3o acad\u00eamica criado em 1923 na Faculdade de Odontologia de Pelotas. O CAO se situa na sala 400, no quarto andar.<\/span><\/p>\n<p style=\"text-align: justify;\"><span style=\"font-size: 14pt;\">Atrav\u00e9s do CAO os acad\u00eamicos s\u00e3o representados nas reuni\u00f5es de departamentos, de colegiado de curso e do Conselho Departamental, al\u00e9m de reuni\u00f5es de movimento estudantil. Tamb\u00e9m promove a integra\u00e7\u00e3o entre os alunos da Faculdade de Odontologia e atende suas demandas. A sala 400 est\u00e1 aberta a todos os estudantes de segunda a sexta-feira das 8h as 18h.<\/span><\/p>\n<p>&nbsp;<\/p>\n<p><strong><span style=\"font-size: 18pt; color: #800000;\">Atual gest\u00e3o do CAO<\/span><\/strong><\/p>\n<div style=\"text-align: justify;\"><span style=\"font-size: 14pt;\">Presidente - Amanda Prux<\/span><\/div>\n<div style=\"text-align: justify;\"><span style=\"font-size: 14pt;\">Vice-presidente - Matheus Farias<\/span><\/div>\n<div style=\"text-align: justify;\"><span style=\"font-size: 14pt;\">Secret\u00e1ria Geral - Andressa Gon\u00e7alves<\/span><\/div>\n<div style=\"text-align: justify;\"><span style=\"font-size: 14pt;\">Secret\u00e1rio de Expediente - Luiz Natanael\u00a0 Adam<\/span><\/div>\n<div style=\"text-align: justify;\"><span style=\"font-size: 14pt;\">Tesoureiro - Vinicius Barts Podewils<\/span><\/div>\n<div style=\"text-align: justify;\"><span style=\"font-size: 14pt;\">Diretora de Patrim\u00f4nio - Jaqueline de Medeiros Lorenzet<\/span><\/div>\n<div style=\"text-align: justify;\"><span style=\"font-size: 14pt;\">Suplente da\u00a0 Diretora de Patrim\u00f4nio - Guilherme Scheeren<\/span><\/div>\n<div style=\"text-align: justify;\"><span style=\"font-size: 14pt;\">Diretora de Esportes - Erica Lima Fonseca<\/span><\/div>\n<div style=\"text-align: justify;\"><span style=\"font-size: 14pt;\">Suplente da\u00a0 Diretora de Esportes - Matheus Patias<\/span><\/div>\n<div style=\"text-align: justify;\"><span style=\"font-size: 14pt;\">Diretor de Imprensa - Rodrigo Konsgen<\/span><\/div>\n<div style=\"text-align: justify;\"><span style=\"font-size: 14pt;\">Diretora de Cultura - Andreza Montelli do Ros\u00e1rio<\/span><\/div>\n<\/div>\n<\/div><\/div><div id=\"panel-27-0-0-1\" class=\"so-panel widget widget_sow-editor panel-last-child\" data-index=\"1\" ><div\n\t\t\t\n\t\t\tclass=\"so-widget-sow-editor so-widget-sow-editor-base\"\n\t\t\t\n\t\t>\n<div class=\"siteorigin-widget-tinymce textwidget\">\n\t<div><\/div>\n<div><span style=\"font-size: 18pt; color: #800000;\"><strong>Representa\u00e7\u00e3o nas instancias departamentais:<\/strong><\/span><\/div>\n<div>\n<p dir=\"ltr\"><strong><span style=\"font-size: 14pt;\">Conselho Departamental<\/span><\/strong><\/p>\n<p dir=\"ltr\"><span style=\"font-size: 14pt;\">1\u00ba Titular: Amanda Toneta Prux<\/span><\/p>\n<p dir=\"ltr\"><span style=\"font-size: 14pt;\">2\u00ba Titular: Matheus Silva de Farias<\/span><\/p>\n<p dir=\"ltr\"><span style=\"font-size: 14pt;\">1\u00ba Suplente:\u00a0 Luis natanael adam<\/span><\/p>\n<p dir=\"ltr\"><span style=\"font-size: 14pt;\">2\u00ba Suplente: Rodrigo K\u00f6nsgen Rossales<\/span><\/p>\n<hr \/>\n<p dir=\"ltr\"><strong><span style=\"font-size: 14pt;\">Colegiado<\/span><\/strong><\/p>\n<p dir=\"ltr\"><span style=\"font-size: 14pt;\">1\u00ba Titular: Amanda Toneta Prux<\/span><\/p>\n<p dir=\"ltr\"><span style=\"font-size: 14pt;\">2\u00ba Titular: Matheus Silva de Farias<\/span><\/p>\n<p dir=\"ltr\"><span style=\"font-size: 14pt;\">1\u00ba Suplente: Vin\u00edcius B. Podewils<\/span><\/p>\n<p dir=\"ltr\"><span style=\"font-size: 14pt;\">2\u00ba Suplente: Jaqueline de Medeiros Lorenzet<\/span><\/p>\n<hr \/>\n<p dir=\"ltr\"><strong><span style=\"font-size: 14pt;\">Departamento de Odontologia Restauradora (1\u00ba departamento)<\/span><\/strong><\/p>\n<p dir=\"ltr\"><span style=\"font-size: 14pt;\">Titular:\u00a0 Luis Natanael Adam<\/span><\/p>\n<p dir=\"ltr\"><span style=\"font-size: 14pt;\">Suplente: Matheus Polesso Patias<\/span><\/p>\n<hr \/>\n<p dir=\"ltr\"><strong><span style=\"font-size: 14pt;\">Departamento de Semiologia e Cl\u00ednica (2\u00ba departamento)<\/span><\/strong><\/p>\n<p dir=\"ltr\"><span style=\"font-size: 14pt;\">Titular: Andressa Gon\u00e7alves Monteiro Andrade<\/span><\/p>\n<p dir=\"ltr\"><span style=\"font-size: 14pt;\">Suplente: Jaqueline de Medeiros Lorenzet<\/span><\/p>\n<hr \/>\n<p dir=\"ltr\"><strong><span style=\"font-size: 14pt;\">Departamento de Cirurgia e Traumatologia (3\u00ba departamento)<\/span><\/strong><\/p>\n<p dir=\"ltr\"><span style=\"font-size: 14pt;\">Titular: Vin\u00edcius B. Podewils<\/span><\/p>\n<p dir=\"ltr\"><span style=\"font-size: 14pt;\">\u00a0Suplente: Andressa Gon\u00e7alves Monteiro Andrade<\/span><\/p>\n<hr \/>\n<p dir=\"ltr\"><strong><span style=\"font-size: 14pt;\">Departamento de Odontologia Social e Preventiva (4\u00ba departamento)<\/span><\/strong><\/p>\n<p dir=\"ltr\"><span style=\"font-size: 14pt;\">Titular: \u00c9rika Lima<\/span><\/p>\n<p dir=\"ltr\"><span style=\"font-size: 14pt;\">\u00a0Suplente: Rodrigo K\u00f6nsgen Rossales<\/span><\/p>\n<\/div>\n<\/div>\n<\/div><\/div><\/div><\/div><\/div>","protected":false},"excerpt":{"rendered":"<p>Centro Acad\u00eamico O Centro Acad\u00eamico de Odontologia (CAO) \u00e9 um \u00f3rg\u00e3o de representa\u00e7\u00e3o acad\u00eamica criado em 1923 na Faculdade de Odontologia de Pelotas. O CAO se situa na sala 400, no quarto andar. Atrav\u00e9s do CAO os acad\u00eamicos s\u00e3o representados nas reuni\u00f5es de departamentos, de colegiado de curso e do Conselho Departamental, al\u00e9m de reuni\u00f5es [&hellip;]<\/p>\n","protected":false},"author":511,"featured_media":0,"parent":5,"menu_order":4,"comment_status":"closed","ping_status":"closed","template":"","meta":{"jetpack_post_was_ever_published":false,"footnotes":""},"class_list":["post-27","page","type-page","status-publish","hentry","post"],"jetpack_sharing_enabled":true,"jetpack_shortlink":"https:\/\/wp.me\/PaUn96-r","jetpack-related-posts":[],"_links":{"self":[{"href":"https:\/\/wp.ufpel.edu.br\/odontologia\/wp-json\/wp\/v2\/pages\/27","targetHints":{"allow":["GET"]}}],"collection":[{"href":"https:\/\/wp.ufpel.edu.br\/odontologia\/wp-json\/wp\/v2\/pages"}],"about":[{"href":"https:\/\/wp.ufpel.edu.br\/odontologia\/wp-json\/wp\/v2\/types\/page"}],"author":[{"embeddable":true,"href":"https:\/\/wp.ufpel.edu.br\/odontologia\/wp-json\/wp\/v2\/users\/511"}],"replies":[{"embeddable":true,"href":"https:\/\/wp.ufpel.edu.br\/odontologia\/wp-json\/wp\/v2\/comments?post=27"}],"version-history":[{"count":12,"href":"https:\/\/wp.ufpel.edu.br\/odontologia\/wp-json\/wp\/v2\/pages\/27\/revisions"}],"predecessor-version":[{"id":2248,"href":"https:\/\/wp.ufpel.edu.br\/odontologia\/wp-json\/wp\/v2\/pages\/27\/revisions\/2248"}],"up":[{"embeddable":true,"href":"https:\/\/wp.ufpel.edu.br\/odontologia\/wp-json\/wp\/v2\/pages\/5"}],"wp:attachment":[{"href":"https:\/\/wp.ufpel.edu.br\/odontologia\/wp-json\/wp\/v2\/media?parent=27"}],"curies":[{"name":"wp","href":"https:\/\/api.w.org\/{rel}","templated":true}]}}