{"id":21,"date":"2015-04-07T10:29:28","date_gmt":"2015-04-07T13:29:28","guid":{"rendered":"https:\/\/wp.ufpel.edu.br\/odontologia\/?page_id=21"},"modified":"2023-05-22T14:46:16","modified_gmt":"2023-05-22T17:46:16","slug":"conselho-departamental","status":"publish","type":"page","link":"https:\/\/wp.ufpel.edu.br\/odontologia\/a-faculdade-de-odontologia\/conselho-departamental\/","title":{"rendered":"Conselho Departamental"},"content":{"rendered":"<div id=\"pl-21\"  class=\"panel-layout\" ><div id=\"pg-21-0\"  class=\"panel-grid panel-no-style\" ><div id=\"pgc-21-0-0\"  class=\"panel-grid-cell\" ><div id=\"panel-21-0-0-0\" class=\"so-panel widget widget_sow-editor panel-first-child panel-last-child\" data-index=\"0\" ><div\n\t\t\t\n\t\t\tclass=\"so-widget-sow-editor so-widget-sow-editor-base\"\n\t\t\t\n\t\t>\n<div class=\"siteorigin-widget-tinymce textwidget\">\n\t<p style=\"text-align: center;\"><span style=\"color: #800000; font-size: 18pt; font-family: georgia, palatino, serif;\"><strong>CONSELHO DEPARTAMENTAL<\/strong><\/span><\/p>\n<p><span style=\"color: #000000; font-size: 14pt; font-family: georgia, palatino, serif;\">O Conselho Departamental \u00e9 o \u00f3rg\u00e3o superior da unidade universit\u00e1ria com fun\u00e7\u00f5es normativa, consultiva e deliberativa.<\/span><\/p>\n<p><span style=\"color: #000000; font-size: 14pt; font-family: georgia, palatino, serif;\">Compete ao Conselho Departamental:<\/span><\/p>\n<ul>\n<li><span style=\"color: #000000; font-size: 14pt; font-family: georgia, palatino, serif;\">Elaborar o Regimento da Unidade;<\/span><\/li>\n<li><span style=\"color: #000000; font-size: 14pt; font-family: georgia, palatino, serif;\">Aprovar os Regimentos dos \u00f3rg\u00e3os auxiliares dependentes da Unidade;<\/span><\/li>\n<li><span style=\"color: #000000; font-size: 14pt; font-family: georgia, palatino, serif;\">Aprovar os Regimentos dos Departamentos;<\/span><\/li>\n<li><span style=\"color: #000000; font-size: 14pt; font-family: georgia, palatino, serif;\">Opinar sobre conv\u00eanios e aceita\u00e7\u00e3o de legados ou doa\u00e7\u00f5es em benef\u00edcio da Unidade;<\/span><\/li>\n<li><span style=\"color: #000000; font-size: 14pt; font-family: georgia, palatino, serif;\">Propor ao Conselho Universit\u00e1rio a outorga de t\u00edtulos e dignidades universit\u00e1rias;<\/span><\/li>\n<li><span style=\"color: #000000; font-size: 14pt; font-family: georgia, palatino, serif;\">Propor, mediante voto secreto de 2\/3 de seus integrantes, ao Conselho Universit\u00e1rio, para considera\u00e7\u00e3o da autoridade superior, a destitui\u00e7\u00e3o do Diretor e\/ou Vice-Diretor;<\/span><\/li>\n<li><span style=\"color: #000000; font-size: 14pt; font-family: georgia, palatino, serif;\">Pronunciar-se sobre qualquer assunto respeitante \u00e0 organiza\u00e7\u00e3o universit\u00e1ria e aos interesses da unidade;<\/span><\/li>\n<li><span style=\"color: #000000; font-size: 14pt; font-family: georgia, palatino, serif;\">Promover a articula\u00e7\u00e3o das atividades departamentais da Unidade;<\/span><\/li>\n<li><span style=\"color: #000000; font-size: 14pt; font-family: georgia, palatino, serif;\">Elaborar, com base na manifesta\u00e7\u00e3o dos Departamentos, a proposta or\u00e7ament\u00e1ria da unidade, para aprecia\u00e7\u00e3o dos \u00f3rg\u00e3os superiores da Universidade;<\/span><\/li>\n<li><span style=\"color: #000000; font-size: 14pt; font-family: georgia, palatino, serif;\">Promover a distribui\u00e7\u00e3o, entre os Departamentos, dos recursos or\u00e7ament\u00e1rios, instala\u00e7\u00f5es, material e pessoal auxiliar de que dispuser a Unidade;<\/span><\/li>\n<li><span style=\"color: #000000; font-size: 14pt; font-family: georgia, palatino, serif;\">Deliberar sobre as propostas dos Departamentos;<\/span><\/li>\n<li><span style=\"color: #000000; font-size: 14pt; font-family: georgia, palatino, serif;\">Apreciar, em primeira inst\u00e2ncia, os recursos dos Departamentos;<\/span><\/li>\n<li><span style=\"color: #000000; font-size: 14pt; font-family: georgia, palatino, serif;\">Opinar sobre cria\u00e7\u00e3o, fus\u00e3o ou desdobramento dos Departamentos e sobre o desempenho das fun\u00e7\u00f5es de chefia;<\/span><\/li>\n<li><span style=\"color: #000000; font-size: 14pt; font-family: georgia, palatino, serif;\">Emitir normas unificadoras sobre funcionamento dos Departamentos e sobre o desempenho das fun\u00e7\u00f5es de chefia;<\/span><\/li>\n<li><span style=\"color: #000000; font-size: 14pt; font-family: georgia, palatino, serif;\">Deliberar sobre a presta\u00e7\u00e3o de contas do Diret\u00f3rio Acad\u00eamico;<\/span><\/li>\n<li><span style=\"color: #000000; font-size: 14pt; font-family: georgia, palatino, serif;\">Assessorar o Diretor em todas as tarefas de organiza\u00e7\u00e3o e dire\u00e7\u00e3o da Unidade.<\/span><\/li>\n<\/ul>\n<p><span style=\"color: #000000; font-size: 14pt; font-family: georgia, palatino, serif;\">O funcionamento dos Conselhos Departamentais \u00e9 regulado pelo Regimento Geral da Universidade Federal de Pelotas.<\/span><\/p>\n<p>&nbsp;<\/p>\n<p>&nbsp;<\/p>\n<p style=\"text-align: center;\"><span style=\"font-size: 18pt;\"><a href=\"https:\/\/wp.ufpel.edu.br\/odontologia\/a-faculdade-de-odontologia\/direcao\/\"><span style=\"color: #800000;\"><span style=\"font-family: georgia, palatino, serif;\"><strong>COMPOSI\u00c7\u00c3O DO CONSELHO DEPARTAMENTAL<\/strong><\/span><\/span><\/a><\/span><\/p>\n<div>\n<p class=\"Texto_Justificado_Recuo_Primeira_Linha\">\n<\/div>\n<\/div>\n<\/div><\/div><\/div><\/div><\/div>","protected":false},"excerpt":{"rendered":"<p>CONSELHO DEPARTAMENTAL O Conselho Departamental \u00e9 o \u00f3rg\u00e3o superior da unidade universit\u00e1ria com fun\u00e7\u00f5es normativa, consultiva e deliberativa. Compete ao Conselho Departamental: Elaborar o Regimento da Unidade; Aprovar os Regimentos dos \u00f3rg\u00e3os auxiliares dependentes da Unidade; Aprovar os Regimentos dos Departamentos; Opinar sobre conv\u00eanios e aceita\u00e7\u00e3o de legados ou doa\u00e7\u00f5es em benef\u00edcio da Unidade; Propor [&hellip;]<\/p>\n","protected":false},"author":511,"featured_media":0,"parent":29,"menu_order":2,"comment_status":"closed","ping_status":"closed","template":"","meta":{"jetpack_post_was_ever_published":false,"footnotes":""},"class_list":["post-21","page","type-page","status-publish","hentry","post"],"jetpack_sharing_enabled":true,"jetpack_shortlink":"https:\/\/wp.me\/PaUn96-l","jetpack-related-posts":[],"_links":{"self":[{"href":"https:\/\/wp.ufpel.edu.br\/odontologia\/wp-json\/wp\/v2\/pages\/21","targetHints":{"allow":["GET"]}}],"collection":[{"href":"https:\/\/wp.ufpel.edu.br\/odontologia\/wp-json\/wp\/v2\/pages"}],"about":[{"href":"https:\/\/wp.ufpel.edu.br\/odontologia\/wp-json\/wp\/v2\/types\/page"}],"author":[{"embeddable":true,"href":"https:\/\/wp.ufpel.edu.br\/odontologia\/wp-json\/wp\/v2\/users\/511"}],"replies":[{"embeddable":true,"href":"https:\/\/wp.ufpel.edu.br\/odontologia\/wp-json\/wp\/v2\/comments?post=21"}],"version-history":[{"count":11,"href":"https:\/\/wp.ufpel.edu.br\/odontologia\/wp-json\/wp\/v2\/pages\/21\/revisions"}],"predecessor-version":[{"id":2790,"href":"https:\/\/wp.ufpel.edu.br\/odontologia\/wp-json\/wp\/v2\/pages\/21\/revisions\/2790"}],"up":[{"embeddable":true,"href":"https:\/\/wp.ufpel.edu.br\/odontologia\/wp-json\/wp\/v2\/pages\/29"}],"wp:attachment":[{"href":"https:\/\/wp.ufpel.edu.br\/odontologia\/wp-json\/wp\/v2\/media?parent=21"}],"curies":[{"name":"wp","href":"https:\/\/api.w.org\/{rel}","templated":true}]}}