{"id":1975,"date":"2022-05-19T10:02:58","date_gmt":"2022-05-19T13:02:58","guid":{"rendered":"https:\/\/wp.ufpel.edu.br\/odontologia\/?page_id=1975"},"modified":"2022-05-19T15:57:19","modified_gmt":"2022-05-19T18:57:19","slug":"envio-de-noticias","status":"publish","type":"page","link":"https:\/\/wp.ufpel.edu.br\/odontologia\/a-faculdade-de-odontologia\/envio-de-noticias\/","title":{"rendered":"Envio de not\u00edcias"},"content":{"rendered":"<div id=\"pl-1975\"  class=\"panel-layout\" ><div id=\"pg-1975-0\"  class=\"panel-grid panel-no-style\" ><div id=\"pgc-1975-0-0\"  class=\"panel-grid-cell\" ><div id=\"panel-1975-0-0-0\" class=\"so-panel widget widget_sow-editor panel-first-child panel-last-child\" data-index=\"0\" ><div\n\t\t\t\n\t\t\tclass=\"so-widget-sow-editor so-widget-sow-editor-base\"\n\t\t\t\n\t\t>\n<div class=\"siteorigin-widget-tinymce textwidget\">\n\t<p style=\"text-align: center;\"><span style=\"color: #800000; font-size: 18pt;\"><strong>Formul\u00e1rio para submiss\u00e3o de not\u00edcias\/posts para o site<\/strong><\/span><\/p>\n<p>&nbsp;<\/p>\n<p><span style=\"font-size: 14pt; color: #ff0000;\"><strong>IMPORTANTE! Leia antes de submeter:<\/strong><\/span><\/p>\n<p style=\"text-align: justify;\"><span style=\"font-size: 14pt;\">- As not\u00edcias\/posts submetidos s\u00e3o de responsabilidade do remetente da not\u00edcia e o nome do mesmo ser\u00e1 disponibilizado ao fim da postagem;<\/span><\/p>\n<p style=\"text-align: justify;\"><span style=\"font-size: 14pt;\">- N\u00e3o haver\u00e1 confer\u00eancia sobre o conte\u00fado do texto. Portanto, sugere-se que os autores confiram o texto para se evitar erros de digita\u00e7\u00e3o e\/ou gramaticais.<\/span><\/p>\n<p style=\"text-align: justify;\"><span style=\"font-size: 14pt;\">- N\u00e3o s\u00e3o autorizadas not\u00edcias\/posts com conte\u00fado promocional ou de marketing para empresas ou terceiros que n\u00e3o tem v\u00ednculo com a Universidade (Quando for o caso, entrar em contato com a Dire\u00e7\u00e3o da Unidade);<\/span><\/p>\n<p>&nbsp;<\/p>\n<p style=\"text-align: center;\"><span style=\"font-size: 14pt;\">\n<div class=\"wpcf7 no-js\" id=\"wpcf7-f2023-o1\" lang=\"pt-BR\" dir=\"ltr\" data-wpcf7-id=\"2023\">\n<div class=\"screen-reader-response\"><p role=\"status\" aria-live=\"polite\" aria-atomic=\"true\"><\/p> <ul><\/ul><\/div>\n<form action=\"\/odontologia\/wp-json\/wp\/v2\/pages\/1975#wpcf7-f2023-o1\" method=\"post\" class=\"wpcf7-form init\" aria-label=\"Formul\u00e1rios de contato\" enctype=\"multipart\/form-data\" novalidate=\"novalidate\" data-status=\"init\">\n<fieldset class=\"hidden-fields-container\"><input type=\"hidden\" name=\"_wpcf7\" value=\"2023\" \/><input type=\"hidden\" name=\"_wpcf7_version\" value=\"6.1.4\" \/><input type=\"hidden\" name=\"_wpcf7_locale\" value=\"pt_BR\" \/><input type=\"hidden\" name=\"_wpcf7_unit_tag\" value=\"wpcf7-f2023-o1\" \/><input type=\"hidden\" name=\"_wpcf7_container_post\" value=\"0\" \/><input type=\"hidden\" name=\"_wpcf7_posted_data_hash\" value=\"\" \/><input type=\"hidden\" name=\"_wpcf7cf_hidden_group_fields\" value=\"[]\" \/><input type=\"hidden\" name=\"_wpcf7cf_hidden_groups\" value=\"[]\" \/><input type=\"hidden\" name=\"_wpcf7cf_visible_groups\" value=\"[]\" \/><input type=\"hidden\" name=\"_wpcf7cf_repeaters\" value=\"[]\" \/><input type=\"hidden\" name=\"_wpcf7cf_steps\" value=\"{}\" \/><input type=\"hidden\" name=\"_wpcf7cf_options\" value=\"{&quot;form_id&quot;:2023,&quot;conditions&quot;:[],&quot;settings&quot;:{&quot;animation&quot;:&quot;yes&quot;,&quot;animation_intime&quot;:200,&quot;animation_outtime&quot;:200,&quot;conditions_ui&quot;:&quot;normal&quot;,&quot;notice_dismissed&quot;:false}}\" \/>\n<\/fieldset>\n<p><label> <strong> Nome:<\/strong> (obrigat\u00f3rio)<br \/>\n<span class=\"wpcf7-form-control-wrap\" data-name=\"your-name\"><input size=\"40\" maxlength=\"400\" class=\"wpcf7-form-control wpcf7-text wpcf7-validates-as-required\" aria-required=\"true\" aria-invalid=\"false\" value=\"\" type=\"text\" name=\"your-name\" \/><\/span> <\/label>\n<\/p>\n<p><label> <strong> Categoria:<\/strong> (obrigat\u00f3rio)<br \/>\n<span class=\"wpcf7-form-control-wrap\" data-name=\"caixa\"><span class=\"wpcf7-form-control wpcf7-checkbox wpcf7-validates-as-required wpcf7-exclusive-checkbox\"><span class=\"wpcf7-list-item first\"><label><input type=\"checkbox\" name=\"caixa\" value=\"Docente\" \/><span class=\"wpcf7-list-item-label\">Docente<\/span><\/label><\/span><span class=\"wpcf7-list-item\"><label><input type=\"checkbox\" name=\"caixa\" value=\"T\u00e9cnico-Administrativo\" \/><span class=\"wpcf7-list-item-label\">T\u00e9cnico-Administrativo<\/span><\/label><\/span><span class=\"wpcf7-list-item last\"><label><input type=\"checkbox\" name=\"caixa\" value=\"Discente\" \/><span class=\"wpcf7-list-item-label\">Discente<\/span><\/label><\/span><\/span><\/span> <\/label>\n<\/p>\n<p><label> <strong> E-mail:<\/strong> (obrigat\u00f3rio)<br \/>\n<span class=\"wpcf7-form-control-wrap\" data-name=\"your-email\"><input size=\"40\" maxlength=\"400\" class=\"wpcf7-form-control wpcf7-email wpcf7-validates-as-required wpcf7-text wpcf7-validates-as-email\" aria-required=\"true\" aria-invalid=\"false\" value=\"\" type=\"email\" name=\"your-email\" \/><\/span> <\/label>\n<\/p>\n<p><label> <strong> T\u00edtulo da Not\u00edcia\/Post :<\/strong> (obrigat\u00f3rio)<br \/>\n<span class=\"wpcf7-form-control-wrap\" data-name=\"titulo\"><input size=\"40\" maxlength=\"400\" class=\"wpcf7-form-control wpcf7-text wpcf7-validates-as-required\" aria-required=\"true\" aria-invalid=\"false\" value=\"\" type=\"text\" name=\"titulo\" \/><\/span> <\/label>\n<\/p>\n<p><label> <strong> Texto da Not\u00edcia\/Post :<\/strong> (obrigat\u00f3rio)<br \/>\n<span class=\"wpcf7-form-control-wrap\" data-name=\"noticia\"><textarea cols=\"40\" rows=\"10\" maxlength=\"2000\" class=\"wpcf7-form-control wpcf7-textarea wpcf7-validates-as-required\" aria-required=\"true\" aria-invalid=\"false\" name=\"noticia\"><\/textarea><\/span> <\/label>\n<\/p>\n<p><label> <strong> Anexar imagem 1: (Limite 2mb) <\/strong> (opcional)<br \/>\n<span class=\"wpcf7-form-control-wrap\" data-name=\"imagem1\"><input size=\"40\" class=\"wpcf7-form-control wpcf7-file\" accept=\".gif,.png,.jpg,.jpeg\" aria-invalid=\"false\" type=\"file\" name=\"imagem1\" \/><\/span><br \/>\n<\/label><label> <strong> Anexar imagem 2: (Limite 2mb) <\/strong> (opcional)<br \/>\n<span class=\"wpcf7-form-control-wrap\" data-name=\"imagem2\"><input size=\"40\" class=\"wpcf7-form-control wpcf7-file\" accept=\".gif,.png,.jpg,.jpeg\" aria-invalid=\"false\" type=\"file\" name=\"imagem2\" \/><\/span><br \/>\n<input class=\"wpcf7-form-control wpcf7-submit has-spinner\" type=\"submit\" value=\"Enviar\" \/><\/label>\n<\/p><p style=\"display: none !important;\" class=\"akismet-fields-container\" data-prefix=\"_wpcf7_ak_\"><label>&#916;<textarea name=\"_wpcf7_ak_hp_textarea\" cols=\"45\" rows=\"8\" maxlength=\"100\"><\/textarea><\/label><input type=\"hidden\" id=\"ak_js_1\" name=\"_wpcf7_ak_js\" value=\"101\"\/><script>document.getElementById( \"ak_js_1\" ).setAttribute( \"value\", ( new Date() ).getTime() );<\/script><\/p><div class=\"wpcf7-response-output\" aria-hidden=\"true\"><\/div>\n<\/form>\n<\/div>\n<\/span><\/p>\n<\/div>\n<\/div><\/div><\/div><\/div><\/div>","protected":false},"excerpt":{"rendered":"<p>Formul\u00e1rio para submiss\u00e3o de not\u00edcias\/posts para o site &nbsp; IMPORTANTE! Leia antes de submeter: &#8211; As not\u00edcias\/posts submetidos s\u00e3o de responsabilidade do remetente da not\u00edcia e o nome do mesmo ser\u00e1 disponibilizado ao fim da postagem; &#8211; N\u00e3o haver\u00e1 confer\u00eancia sobre o conte\u00fado do texto. Portanto, sugere-se que os autores confiram o texto para se [&hellip;]<\/p>\n","protected":false},"author":511,"featured_media":0,"parent":29,"menu_order":0,"comment_status":"closed","ping_status":"closed","template":"","meta":{"jetpack_post_was_ever_published":false,"footnotes":""},"class_list":["post-1975","page","type-page","status-publish","hentry","post"],"jetpack_sharing_enabled":true,"jetpack_shortlink":"https:\/\/wp.me\/PaUn96-vR","jetpack-related-posts":[],"_links":{"self":[{"href":"https:\/\/wp.ufpel.edu.br\/odontologia\/wp-json\/wp\/v2\/pages\/1975","targetHints":{"allow":["GET"]}}],"collection":[{"href":"https:\/\/wp.ufpel.edu.br\/odontologia\/wp-json\/wp\/v2\/pages"}],"about":[{"href":"https:\/\/wp.ufpel.edu.br\/odontologia\/wp-json\/wp\/v2\/types\/page"}],"author":[{"embeddable":true,"href":"https:\/\/wp.ufpel.edu.br\/odontologia\/wp-json\/wp\/v2\/users\/511"}],"replies":[{"embeddable":true,"href":"https:\/\/wp.ufpel.edu.br\/odontologia\/wp-json\/wp\/v2\/comments?post=1975"}],"version-history":[{"count":5,"href":"https:\/\/wp.ufpel.edu.br\/odontologia\/wp-json\/wp\/v2\/pages\/1975\/revisions"}],"predecessor-version":[{"id":2044,"href":"https:\/\/wp.ufpel.edu.br\/odontologia\/wp-json\/wp\/v2\/pages\/1975\/revisions\/2044"}],"up":[{"embeddable":true,"href":"https:\/\/wp.ufpel.edu.br\/odontologia\/wp-json\/wp\/v2\/pages\/29"}],"wp:attachment":[{"href":"https:\/\/wp.ufpel.edu.br\/odontologia\/wp-json\/wp\/v2\/media?parent=1975"}],"curies":[{"name":"wp","href":"https:\/\/api.w.org\/{rel}","templated":true}]}}