{"id":1967,"date":"2022-05-18T17:29:11","date_gmt":"2022-05-18T20:29:11","guid":{"rendered":"https:\/\/wp.ufpel.edu.br\/odontologia\/?page_id=1967"},"modified":"2025-01-28T11:40:58","modified_gmt":"2025-01-28T14:40:58","slug":"agendamento-clinicas","status":"publish","type":"page","link":"https:\/\/wp.ufpel.edu.br\/odontologia\/a-faculdade-de-odontologia\/agendamento-clinicas\/","title":{"rendered":"agendamento-cl\u00ednicas"},"content":{"rendered":"<div id=\"pl-1967\"  class=\"panel-layout\" ><div id=\"pg-1967-0\"  class=\"panel-grid panel-no-style\" ><div id=\"pgc-1967-0-0\"  class=\"panel-grid-cell\" ><div id=\"panel-1967-0-0-0\" class=\"so-panel widget widget_sow-editor panel-first-child\" data-index=\"0\" ><div\n\t\t\t\n\t\t\tclass=\"so-widget-sow-editor so-widget-sow-editor-base\"\n\t\t\t\n\t\t>\n<div class=\"siteorigin-widget-tinymce textwidget\">\n\t<p style=\"text-align: center;\"><span style=\"font-size: 18pt; color: #800000;\"><strong>Agenda de Cl\u00ednicas (clique para expandir)<\/strong><\/span><\/p>\n<p><strong><span style=\"color: #ff0000;\">IMPORTANTE: <\/span><\/strong>\u00c9 PRECISO NAVEGAR NO CALEND\u00c1RIO AT\u00c9 AS DATAS DAS ATIVIDADES.<\/p>\n<p>&nbsp;<\/p>\n<p><span style=\"font-size: 14pt;\"><strong><strong class=\"collapseomatic \" id=\"id69fdc139ba7e7\" rel=\"-highlander\" tabindex=\"0\" title=\"Cl\u00ednica Sul - 1\u00ba Andar\"    >Cl\u00ednica Sul - 1\u00ba Andar<\/strong><div id=\"target-id69fdc139ba7e7\" class=\"collapseomatic_content \"><\/strong><\/span><\/p>\n<p><span style=\"font-size: 14pt;\">\n<!-- iframe plugin v.6.0 wordpress.org\/plugins\/iframe\/ -->\n<iframe loading=\"lazy\" src=\"https:\/\/calendar.google.com\/calendar\/embed?height=600&#038;wkst=1&#038;bgcolor=%23ffffff&#038;ctz=America%2FSao_Paulo&#038;mode=WEEK&#038;src=cGY4N2F0aWs2azhwZ2szczhzNXBvNXE1MTRAZ3JvdXAuY2FsZW5kYXIuZ29vZ2xlLmNvbQ&#038;color=%23C0CA33\" style=\"border:solid 1px #777\" width=\"800\" height=\"600\" frameborder=\"0\" scrolling=\"no\" class=\"iframe-class\"><\/iframe>\n<\/span><\/p>\n<p><span style=\"font-size: 14pt;\"><\/div><\/span><\/p>\n<p>&nbsp;<\/p>\n<p><span style=\"font-size: 14pt;\"><strong><strong class=\"collapseomatic \" id=\"id69fdc139baa24\" rel=\"-highlander\" tabindex=\"0\" title=\"Cl\u00ednica Oeste - 1\u00ba Andar\"    >Cl\u00ednica Oeste - 1\u00ba Andar<\/strong><div id=\"target-id69fdc139baa24\" class=\"collapseomatic_content \"><\/strong><\/span><\/p>\n<p><span style=\"font-size: 14pt;\">\n<!-- iframe plugin v.6.0 wordpress.org\/plugins\/iframe\/ -->\n<iframe loading=\"lazy\" src=\"https:\/\/calendar.google.com\/calendar\/embed?height=600&#038;wkst=1&#038;bgcolor=%23ffffff&#038;ctz=America%2FSao_Paulo&#038;mode=WEEK&#038;src=bWhvZGdtZm4ycWdtNTcwbzB2OGkwbXAzOHNAZ3JvdXAuY2FsZW5kYXIuZ29vZ2xlLmNvbQ&#038;color=%23E67C73\" style=\"border:solid 1px #777\" width=\"800\" height=\"600\" frameborder=\"0\" scrolling=\"no\" class=\"iframe-class\"><\/iframe>\n<\/span><\/p>\n<p><span style=\"font-size: 14pt;\"><\/div><\/span><\/p>\n<p>&nbsp;<\/p>\n<p><span style=\"font-size: 14pt;\"><strong><strong class=\"collapseomatic \" id=\"id69fdc139baad0\" rel=\"-highlander\" tabindex=\"0\" title=\"Cl\u00ednica Norte- 1\u00ba Andar \"    >Cl\u00ednica Norte- 1\u00ba Andar <\/strong><div id=\"target-id69fdc139baad0\" class=\"collapseomatic_content \"><\/strong><\/span><\/p>\n<p><span style=\"font-size: 14pt;\">\n<!-- iframe plugin v.6.0 wordpress.org\/plugins\/iframe\/ -->\n<iframe loading=\"lazy\" src=\"https:\/\/calendar.google.com\/calendar\/embed?height=600&#038;wkst=1&#038;ctz=America%2FSao_Paulo&#038;showPrint=0&#038;mode=WEEK&#038;src=OHRuYWVhZGd0ZDNoanFtZGxjZ21ibTVhYXNAZ3JvdXAuY2FsZW5kYXIuZ29vZ2xlLmNvbQ&#038;color=%237CB342\" style=\"border:solid 1px #777\" width=\"800\" height=\"600\" frameborder=\"0\" scrolling=\"no\" class=\"iframe-class\"><\/iframe>\n<\/span><\/p>\n<p><span style=\"font-size: 14pt;\"><\/div><\/span><\/p>\n<p>&nbsp;<\/p>\n<p><span style=\"font-size: 14pt;\"><strong><strong class=\"collapseomatic \" id=\"id69fdc139bab69\" rel=\"-highlander\" tabindex=\"0\" title=\"Cl\u00ednica Sul - 2\u00ba Andar \"    >Cl\u00ednica Sul - 2\u00ba Andar <\/strong><div id=\"target-id69fdc139bab69\" class=\"collapseomatic_content \"><\/strong><\/span><\/p>\n<p><span style=\"font-size: 14pt;\">\n<!-- iframe plugin v.6.0 wordpress.org\/plugins\/iframe\/ -->\n<iframe loading=\"lazy\" src=\"https:\/\/calendar.google.com\/calendar\/embed?height=600&#038;wkst=1&#038;bgcolor=%23ffffff&#038;ctz=America%2FSao_Paulo&#038;mode=WEEK&#038;src=YzluNjA3YTlqcHFkaGw1ZDIyZGo3bnJxMzhAZ3JvdXAuY2FsZW5kYXIuZ29vZ2xlLmNvbQ&#038;color=%23EF6C00\" style=\"border:solid 1px #777\" width=\"800\" height=\"600\" frameborder=\"0\" scrolling=\"no\" class=\"iframe-class\"><\/iframe>\n<\/span><\/p>\n<p><span style=\"font-size: 14pt;\"><\/div><\/span><\/p>\n<p>&nbsp;<\/p>\n<p><span style=\"font-size: 14pt;\"><strong><strong class=\"collapseomatic \" id=\"id69fdc139bac02\" rel=\"-highlander\" tabindex=\"0\" title=\"Consult\u00f3rio individualizado 3\u00ba Andar\"    >Consult\u00f3rio individualizado 3\u00ba Andar<\/strong><div id=\"target-id69fdc139bac02\" class=\"collapseomatic_content \"><\/strong><\/span><\/p>\n<p><span style=\"font-size: 14pt;\">\n<!-- iframe plugin v.6.0 wordpress.org\/plugins\/iframe\/ -->\n<iframe loading=\"lazy\" src=\"https:\/\/calendar.google.com\/calendar\/embed?height=600&#038;wkst=1&#038;bgcolor=%23ffffff&#038;ctz=America%2FSao_Paulo&#038;mode=WEEK&#038;src=MjBoNWlvYjAzNHN1MzJiOWxqOWIxNHVpajhAZ3JvdXAuY2FsZW5kYXIuZ29vZ2xlLmNvbQ&#038;color=%234285F4\" style=\"border:solid 1px #777\" width=\"800\" height=\"600\" frameborder=\"0\" scrolling=\"no\" class=\"iframe-class\"><\/iframe>\n<\/span><\/p>\n<p><span style=\"font-size: 14pt;\"><\/div><\/span><\/p>\n<p>&nbsp;<\/p>\n<p><span style=\"font-size: 14pt;\"><strong><strong class=\"collapseomatic \" id=\"id69fdc139bac93\" rel=\"-highlander\" tabindex=\"0\" title=\"Bloco 3\u00ba Andar\"    >Bloco 3\u00ba Andar<\/strong><div id=\"target-id69fdc139bac93\" class=\"collapseomatic_content \"><\/strong><\/span><\/p>\n<p><span style=\"font-size: 14pt;\">\n<!-- iframe plugin v.6.0 wordpress.org\/plugins\/iframe\/ -->\n<iframe loading=\"lazy\" src=\"https:\/\/calendar.google.com\/calendar\/embed?height=600&#038;wkst=1&#038;bgcolor=%23ffffff&#038;ctz=America%2FSao_Paulo&#038;mode=WEEK&#038;src=ZzR1aHFkOTZmZGV2ZGhta2k2M3ZtYXU5amNAZ3JvdXAuY2FsZW5kYXIuZ29vZ2xlLmNvbQ&#038;color=%23F09300\" style=\"border:solid 1px #777\" width=\"800\" height=\"600\" frameborder=\"0\" scrolling=\"no\" class=\"iframe-class\"><\/iframe>\n<\/span><\/p>\n<p><span style=\"font-size: 14pt;\"><\/div><\/span><\/p>\n<p>&nbsp;<\/p>\n<p><span style=\"font-size: 14pt;\"><strong><strong class=\"collapseomatic \" id=\"id69fdc139bad22\" rel=\"-highlander\" tabindex=\"0\" title=\"Ambulat\u00f3rio 3\u00ba Andar\"    >Ambulat\u00f3rio 3\u00ba Andar<\/strong><div id=\"target-id69fdc139bad22\" class=\"collapseomatic_content \"><\/strong><\/span><\/p>\n<p><span style=\"font-size: 14pt;\">\n<!-- iframe plugin v.6.0 wordpress.org\/plugins\/iframe\/ -->\n<iframe loading=\"lazy\" src=\"https:\/\/calendar.google.com\/calendar\/embed?height=600&#038;wkst=1&#038;bgcolor=%23ffffff&#038;ctz=America%2FSao_Paulo&#038;mode=WEEK&#038;src=Y2I4M2toM2xpbjVpb21pdTlvMGw4OGJhMThAZ3JvdXAuY2FsZW5kYXIuZ29vZ2xlLmNvbQ&#038;color=%23616161\" style=\"border:solid 1px #777\" width=\"800\" height=\"600\" frameborder=\"0\" scrolling=\"no\" class=\"iframe-class\"><\/iframe>\n<\/span><\/p>\n<p><span style=\"font-size: 14pt;\"><\/div><\/span><\/p>\n<p>&nbsp;<\/p>\n<p><span style=\"font-size: 14pt;\"><strong><strong class=\"collapseomatic \" id=\"id69fdc139badaf\" rel=\"-highlander\" tabindex=\"0\" title=\"Cl\u00ednica 4\u00ba Andar\"    >Cl\u00ednica 4\u00ba Andar<\/strong><div id=\"target-id69fdc139badaf\" class=\"collapseomatic_content \"><\/strong><\/span><\/p>\n<p><span style=\"font-size: 14pt;\">\n<!-- iframe plugin v.6.0 wordpress.org\/plugins\/iframe\/ -->\n<iframe loading=\"lazy\" src=\"https:\/\/calendar.google.com\/calendar\/embed?height=600&#038;wkst=1&#038;bgcolor=%23ffffff&#038;ctz=America%2FSao_Paulo&#038;mode=WEEK&#038;src=MGI2MWcxNGY3bWVrOTljaHUzZWU3ZWFhdDBAZ3JvdXAuY2FsZW5kYXIuZ29vZ2xlLmNvbQ&#038;color=%233F51B5\" style=\"border:solid 1px #777\" width=\"800\" height=\"600\" frameborder=\"0\" scrolling=\"no\" class=\"iframe-class\"><\/iframe>\n<\/span><\/p>\n<p><span style=\"font-size: 14pt;\"><\/div><\/span><\/p>\n<p>&nbsp;<\/p>\n<p>&nbsp;<\/p>\n<hr \/>\n<p>&nbsp;<\/p>\n<\/div>\n<\/div><\/div><div id=\"panel-1967-0-0-1\" class=\"so-panel widget widget_sow-editor panel-last-child\" data-index=\"1\" ><div\n\t\t\t\n\t\t\tclass=\"so-widget-sow-editor so-widget-sow-editor-base\"\n\t\t\t\n\t\t>\n<div class=\"siteorigin-widget-tinymce textwidget\">\n\t<p style=\"text-align: center;\"><span style=\"color: #800000; font-size: 18pt;\"><strong>Formul\u00e1rio para solicita\u00e7\u00e3o de agendamento de salas<\/strong><\/span><\/p>\n<p><span style=\"font-size: 14pt;\"><span style=\"color: #ff0000;\"><strong>IMPORTANTE:<\/strong><\/span> Antes de solicitar agendamento, consulte a agenda para verificar disponibilidade. Agendamentos devem ser realizados com prazo de 5 dias \u00fateis de anteced\u00eancia.<\/span><\/p>\n<p>&nbsp;<\/p>\n<p><span style=\"font-size: 14pt;\">\n<div class=\"wpcf7 no-js\" id=\"wpcf7-f1966-o1\" lang=\"pt-BR\" dir=\"ltr\" data-wpcf7-id=\"1966\">\n<div class=\"screen-reader-response\"><p role=\"status\" aria-live=\"polite\" aria-atomic=\"true\"><\/p> <ul><\/ul><\/div>\n<form action=\"\/odontologia\/wp-json\/wp\/v2\/pages\/1967#wpcf7-f1966-o1\" method=\"post\" class=\"wpcf7-form init\" aria-label=\"Formul\u00e1rios de contato\" novalidate=\"novalidate\" data-status=\"init\">\n<fieldset class=\"hidden-fields-container\"><input type=\"hidden\" name=\"_wpcf7\" value=\"1966\" \/><input type=\"hidden\" name=\"_wpcf7_version\" value=\"6.1.4\" \/><input type=\"hidden\" name=\"_wpcf7_locale\" value=\"pt_BR\" \/><input type=\"hidden\" name=\"_wpcf7_unit_tag\" value=\"wpcf7-f1966-o1\" \/><input type=\"hidden\" name=\"_wpcf7_container_post\" value=\"0\" \/><input type=\"hidden\" name=\"_wpcf7_posted_data_hash\" value=\"\" \/><input type=\"hidden\" name=\"_wpcf7cf_hidden_group_fields\" value=\"[]\" \/><input type=\"hidden\" name=\"_wpcf7cf_hidden_groups\" value=\"[]\" \/><input type=\"hidden\" name=\"_wpcf7cf_visible_groups\" value=\"[]\" \/><input type=\"hidden\" name=\"_wpcf7cf_repeaters\" value=\"[]\" \/><input type=\"hidden\" name=\"_wpcf7cf_steps\" value=\"{}\" \/><input type=\"hidden\" name=\"_wpcf7cf_options\" value=\"{&quot;form_id&quot;:1966,&quot;conditions&quot;:[],&quot;settings&quot;:{&quot;animation&quot;:&quot;yes&quot;,&quot;animation_intime&quot;:200,&quot;animation_outtime&quot;:200,&quot;conditions_ui&quot;:&quot;normal&quot;,&quot;notice_dismissed&quot;:false}}\" \/>\n<\/fieldset>\n<p><label> <strong> Nome:<\/strong> (obrigat\u00f3rio)<br \/>\n<span class=\"wpcf7-form-control-wrap\" data-name=\"your-name\"><input size=\"40\" maxlength=\"400\" class=\"wpcf7-form-control wpcf7-text wpcf7-validates-as-required\" aria-required=\"true\" aria-invalid=\"false\" value=\"\" type=\"text\" name=\"your-name\" \/><\/span> <\/label>\n<\/p>\n<p><label> <strong> E-mail:<\/strong> (obrigat\u00f3rio)<br \/>\n<span class=\"wpcf7-form-control-wrap\" data-name=\"your-email\"><input size=\"40\" maxlength=\"400\" class=\"wpcf7-form-control wpcf7-email wpcf7-validates-as-required wpcf7-text wpcf7-validates-as-email\" aria-required=\"true\" aria-invalid=\"false\" value=\"\" type=\"email\" name=\"your-email\" \/><\/span> <\/label>\n<\/p>\n<p><label> <strong> Cl\u00ednica \u00e0 ser reservada:<\/strong> (obrigat\u00f3rio)<br \/>\n<span class=\"wpcf7-form-control-wrap\" data-name=\"checkbox-297\"><span class=\"wpcf7-form-control wpcf7-checkbox wpcf7-validates-as-required wpcf7-exclusive-checkbox\"><span class=\"wpcf7-list-item first\"><label><input type=\"checkbox\" name=\"checkbox-297\" value=\"1\u00ba Andar - Norte\" \/><span class=\"wpcf7-list-item-label\">1\u00ba Andar - Norte<\/span><\/label><\/span><span class=\"wpcf7-list-item\"><label><input type=\"checkbox\" name=\"checkbox-297\" value=\"1\u00ba Andar - Sul\" \/><span class=\"wpcf7-list-item-label\">1\u00ba Andar - Sul<\/span><\/label><\/span><span class=\"wpcf7-list-item\"><label><input type=\"checkbox\" name=\"checkbox-297\" value=\"1\u00ba Andar - Oeste\" \/><span class=\"wpcf7-list-item-label\">1\u00ba Andar - Oeste<\/span><\/label><\/span><span class=\"wpcf7-list-item\"><label><input type=\"checkbox\" name=\"checkbox-297\" value=\"2\u00ba Andar - Sul\" \/><span class=\"wpcf7-list-item-label\">2\u00ba Andar - Sul<\/span><\/label><\/span><span class=\"wpcf7-list-item\"><label><input type=\"checkbox\" name=\"checkbox-297\" value=\"3\u00ba Andar - Individualizado\" \/><span class=\"wpcf7-list-item-label\">3\u00ba Andar - Individualizado<\/span><\/label><\/span><span class=\"wpcf7-list-item\"><label><input type=\"checkbox\" name=\"checkbox-297\" value=\"3\u00ba Andar - Bloco\" \/><span class=\"wpcf7-list-item-label\">3\u00ba Andar - Bloco<\/span><\/label><\/span><span class=\"wpcf7-list-item\"><label><input type=\"checkbox\" name=\"checkbox-297\" value=\"3\u00ba Andar - Ambulat\u00f3rio\" \/><span class=\"wpcf7-list-item-label\">3\u00ba Andar - Ambulat\u00f3rio<\/span><\/label><\/span><span class=\"wpcf7-list-item last\"><label><input type=\"checkbox\" name=\"checkbox-297\" value=\"4\u00ba Andar\" \/><span class=\"wpcf7-list-item-label\">4\u00ba Andar<\/span><\/label><\/span><\/span><\/span><br \/>\n<\/label><label> <strong> Data:<\/strong> (obrigat\u00f3rio)<br \/>\n<span class=\"wpcf7-form-control-wrap\" data-name=\"date-465\"><input class=\"wpcf7-form-control wpcf7-date wpcf7-validates-as-required wpcf7-validates-as-date\" min=\"2026-05-09\" aria-required=\"true\" aria-invalid=\"false\" value=\"\" type=\"date\" name=\"date-465\" \/><\/span> <\/label>\n<\/p>\n<p><label> <strong> Hor\u00e1rio:<\/strong> (obrigat\u00f3rio)<br \/>\n<span class=\"wpcf7-form-control-wrap\" data-name=\"text-26\"><input size=\"40\" maxlength=\"400\" class=\"wpcf7-form-control wpcf7-text wpcf7-validates-as-required\" aria-required=\"true\" aria-invalid=\"false\" value=\"\" type=\"text\" name=\"text-26\" \/><\/span> <\/label>\n<\/p>\n<p><label> <strong> Se repete semanalmente ao longo do semestre todo?<\/strong> (obrigat\u00f3rio)<br \/>\n<span class=\"wpcf7-form-control-wrap\" data-name=\"checkbox-228\"><span class=\"wpcf7-form-control wpcf7-checkbox wpcf7-validates-as-required wpcf7-exclusive-checkbox\"><span class=\"wpcf7-list-item first\"><label><input type=\"checkbox\" name=\"checkbox-228\" value=\"Sim\" \/><span class=\"wpcf7-list-item-label\">Sim<\/span><\/label><\/span><span class=\"wpcf7-list-item last\"><label><input type=\"checkbox\" name=\"checkbox-228\" value=\"N\u00e3o\" \/><span class=\"wpcf7-list-item-label\">N\u00e3o<\/span><\/label><\/span><\/span><\/span><br \/>\n<\/label><label> <strong> Descri\u00e7\u00e3o da atividade:<\/strong> (obrigat\u00f3rio)<br \/>\n<span class=\"wpcf7-form-control-wrap\" data-name=\"text-231\"><input size=\"40\" maxlength=\"400\" class=\"wpcf7-form-control wpcf7-text wpcf7-validates-as-required\" aria-required=\"true\" aria-invalid=\"false\" value=\"\" type=\"text\" name=\"text-231\" \/><\/span><br \/>\n<\/label><label> <strong> N\u00famero de equipos necess\u00e1rios:<\/strong> (obrigat\u00f3rio)<br \/>\n<span class=\"wpcf7-form-control-wrap\" data-name=\"number-649\"><input class=\"wpcf7-form-control wpcf7-number wpcf7-validates-as-required wpcf7-validates-as-number\" min=\"1\" max=\"10\" aria-required=\"true\" aria-invalid=\"false\" value=\"\" type=\"number\" name=\"number-649\" \/><\/span><br \/>\n<input class=\"wpcf7-form-control wpcf7-submit has-spinner\" type=\"submit\" value=\"Enviar\" \/><\/label>\n<\/p><p style=\"display: none !important;\" class=\"akismet-fields-container\" data-prefix=\"_wpcf7_ak_\"><label>&#916;<textarea name=\"_wpcf7_ak_hp_textarea\" cols=\"45\" rows=\"8\" maxlength=\"100\"><\/textarea><\/label><input type=\"hidden\" id=\"ak_js_1\" name=\"_wpcf7_ak_js\" value=\"241\"\/><script>document.getElementById( \"ak_js_1\" ).setAttribute( \"value\", ( new Date() ).getTime() );<\/script><\/p><div class=\"wpcf7-response-output\" aria-hidden=\"true\"><\/div>\n<\/form>\n<\/div>\n<\/span><\/p>\n<\/div>\n<\/div><\/div><\/div><\/div><\/div>","protected":false},"excerpt":{"rendered":"<p>Agenda de Cl\u00ednicas (clique para expandir) IMPORTANTE: \u00c9 PRECISO NAVEGAR NO CALEND\u00c1RIO AT\u00c9 AS DATAS DAS ATIVIDADES. &nbsp; &nbsp; &nbsp; &nbsp; &nbsp; &nbsp; &nbsp; &nbsp; &nbsp; &nbsp; &nbsp; Formul\u00e1rio para solicita\u00e7\u00e3o de agendamento de salas IMPORTANTE: Antes de solicitar agendamento, consulte a agenda para verificar disponibilidade. Agendamentos devem ser realizados com prazo de 5 dias [&hellip;]<\/p>\n","protected":false},"author":511,"featured_media":0,"parent":29,"menu_order":0,"comment_status":"closed","ping_status":"closed","template":"","meta":{"jetpack_post_was_ever_published":false,"footnotes":""},"class_list":["post-1967","page","type-page","status-publish","hentry","post"],"jetpack_sharing_enabled":true,"jetpack_shortlink":"https:\/\/wp.me\/PaUn96-vJ","jetpack-related-posts":[],"_links":{"self":[{"href":"https:\/\/wp.ufpel.edu.br\/odontologia\/wp-json\/wp\/v2\/pages\/1967","targetHints":{"allow":["GET"]}}],"collection":[{"href":"https:\/\/wp.ufpel.edu.br\/odontologia\/wp-json\/wp\/v2\/pages"}],"about":[{"href":"https:\/\/wp.ufpel.edu.br\/odontologia\/wp-json\/wp\/v2\/types\/page"}],"author":[{"embeddable":true,"href":"https:\/\/wp.ufpel.edu.br\/odontologia\/wp-json\/wp\/v2\/users\/511"}],"replies":[{"embeddable":true,"href":"https:\/\/wp.ufpel.edu.br\/odontologia\/wp-json\/wp\/v2\/comments?post=1967"}],"version-history":[{"count":8,"href":"https:\/\/wp.ufpel.edu.br\/odontologia\/wp-json\/wp\/v2\/pages\/1967\/revisions"}],"predecessor-version":[{"id":3289,"href":"https:\/\/wp.ufpel.edu.br\/odontologia\/wp-json\/wp\/v2\/pages\/1967\/revisions\/3289"}],"up":[{"embeddable":true,"href":"https:\/\/wp.ufpel.edu.br\/odontologia\/wp-json\/wp\/v2\/pages\/29"}],"wp:attachment":[{"href":"https:\/\/wp.ufpel.edu.br\/odontologia\/wp-json\/wp\/v2\/media?parent=1967"}],"curies":[{"name":"wp","href":"https:\/\/api.w.org\/{rel}","templated":true}]}}