{"id":1768,"date":"2022-05-02T13:30:19","date_gmt":"2022-05-02T16:30:19","guid":{"rendered":"https:\/\/wp.ufpel.edu.br\/odontologia\/?page_id=1768"},"modified":"2026-03-12T11:56:42","modified_gmt":"2026-03-12T14:56:42","slug":"lista-de-materiais","status":"publish","type":"page","link":"https:\/\/wp.ufpel.edu.br\/odontologia\/area-do-aluno\/lista-de-materiais\/","title":{"rendered":"lista de materiais"},"content":{"rendered":"<div id=\"pl-1768\"  class=\"panel-layout\" ><div id=\"pg-1768-0\"  class=\"panel-grid panel-no-style\" ><div id=\"pgc-1768-0-0\"  class=\"panel-grid-cell\" ><div id=\"panel-1768-0-0-0\" class=\"so-panel widget widget_sow-editor panel-first-child\" data-index=\"0\" ><div\n\t\t\t\n\t\t\tclass=\"so-widget-sow-editor so-widget-sow-editor-base\"\n\t\t\t\n\t\t>\n<div class=\"siteorigin-widget-tinymce textwidget\">\n\t<p><span style=\"color: #800000;\"><strong><span style=\"font-size: 18pt;\">Lista de materiais\/instrumentais<\/span><\/strong><\/span><\/p>\n<\/div>\n<\/div><\/div><div id=\"panel-1768-0-0-1\" class=\"so-panel widget widget_sow-editor\" data-index=\"1\" ><div\n\t\t\t\n\t\t\tclass=\"so-widget-sow-editor so-widget-sow-editor-base\"\n\t\t\t\n\t\t>\n<div class=\"siteorigin-widget-tinymce textwidget\">\n\t<p><span style=\"font-size: 14pt; color: #800000;\"><strong>3\u00ba Semestre<\/strong><\/span><\/p>\n<p>&nbsp;<\/p>\n<p><span style=\"font-size: 14pt;\"><strong><strong class=\"collapseomatic \" id=\"id69d15c2fd2855\" rel=\"-highlander\" tabindex=\"0\" title=\"Radiologia Odontol\u00f3gica e Imaginologia\"    >Radiologia Odontol\u00f3gica e Imaginologia<\/strong><div id=\"target-id69d15c2fd2855\" class=\"collapseomatic_content \"><\/strong><\/span><\/p>\n<p><a href=\"https:\/\/wp.ufpel.edu.br\/odontologia\/files\/2025\/09\/RADIOLOGIA-ODONTOLOGICA-E-IMAGINOLOGIA.pdf\">Lista Radio<\/a><\/p>\n<p><span style=\"font-size: 12pt;\"><\/div><\/span><\/p>\n<p><span style=\"font-size: 14pt;\"><strong><strong class=\"collapseomatic \" id=\"id69d15c2fd28f3\" rel=\"-highlander\" tabindex=\"0\" title=\"Cariologia\"    >Cariologia<\/strong><div id=\"target-id69d15c2fd28f3\" class=\"collapseomatic_content \"><\/strong><\/span><\/p>\n<p><a href=\"https:\/\/wp.ufpel.edu.br\/odontologia\/files\/2025\/09\/CARIOLOGIA.pdf\">Lista Cariologia<\/a><\/p>\n<p><span style=\"font-size: 12pt;\"><\/div><\/span><\/p>\n<p><span style=\"font-size: 14pt;\"><strong><strong class=\"collapseomatic \" id=\"id69d15c2fd2943\" rel=\"-highlander\" tabindex=\"0\" title=\"&lt;b&gt;Biosseguran\u00e7a em Odontologia&lt;\/b&gt;\"    ><b>Biosseguran\u00e7a em Odontologia<\/b><\/strong><div id=\"target-id69d15c2fd2943\" class=\"collapseomatic_content \"><\/strong><\/span><\/p>\n<p><a href=\"https:\/\/wp.ufpel.edu.br\/odontologia\/files\/2025\/05\/CARIO_Lab_Lista_Material_2025.pdf\">Lista Biosseguran\u00e7a<\/a><\/p>\n<p><span style=\"font-size: 12pt;\"><\/div><\/span><\/p>\n<p><span style=\"font-size: 14pt;\"><strong><strong class=\"collapseomatic \" id=\"id69d15c2fd29c3\" rel=\"-highlander\" tabindex=\"0\" title=\"&lt;b&gt;Patologia Geral&lt;\/b&gt;\"    ><b>Patologia Geral<\/b><\/strong><div id=\"target-id69d15c2fd29c3\" class=\"collapseomatic_content \"><\/strong><\/span><\/p>\n<p><a href=\"https:\/\/wp.ufpel.edu.br\/odontologia\/files\/2025\/09\/PATOLOGIA-GERAL.pdf\">Lista Patologia<\/a><\/p>\n<p><span style=\"font-size: 12pt;\"><\/div><\/span><\/p>\n<\/div>\n<\/div><\/div><div id=\"panel-1768-0-0-2\" class=\"so-panel widget widget_sow-editor\" data-index=\"2\" ><div\n\t\t\t\n\t\t\tclass=\"so-widget-sow-editor so-widget-sow-editor-base\"\n\t\t\t\n\t\t>\n<div class=\"siteorigin-widget-tinymce textwidget\">\n\t<p><span style=\"font-size: 14pt; color: #800000;\"><strong>4\u00ba Semestre<\/strong><\/span><\/p>\n<p><span style=\"font-size: 14pt;\"><strong><strong class=\"collapseomatic \" id=\"id69d15c2fd2c2a\" rel=\"-highlander\" tabindex=\"0\" title=\"&lt;b&gt;Semiologia Odontol\u00f3gica&lt;\/b&gt;\"    ><b>Semiologia Odontol\u00f3gica<\/b><\/strong><div id=\"target-id69d15c2fd2c2a\" class=\"collapseomatic_content \"><\/strong><\/span><\/p>\n<p><a href=\"https:\/\/wp.ufpel.edu.br\/odontologia\/files\/2025\/09\/SEMIOLOGIA-ODONTOLOGICA.pdf\">Lista de Materiais Semiologia<\/a><\/p>\n<p style=\"text-align: justify;\"><\/div><\/p>\n<p><span style=\"font-size: 14pt;\"><strong><strong class=\"collapseomatic \" id=\"id69d15c2fd2ca5\" rel=\"-highlander\" tabindex=\"0\" title=\"&lt;b&gt;Periodontia Pr\u00e9-cl\u00ednica&lt;\/b&gt;\"    ><b>Periodontia Pr\u00e9-cl\u00ednica<\/b><\/strong><div id=\"target-id69d15c2fd2ca5\" class=\"collapseomatic_content \"><\/strong><\/span><\/p>\n<p><a href=\"https:\/\/wp.ufpel.edu.br\/odontologia\/files\/2025\/09\/PERIODONTIA-PRE-CLINICA-E-CLINICA.pdf\">Lista de Materiais Periodontia<\/a><\/p>\n<p><\/div><\/p>\n<p><span style=\"font-size: 14pt;\"><strong><strong class=\"collapseomatic \" id=\"id69d15c2fd2d02\" rel=\"-highlander\" tabindex=\"0\" title=\"&lt;b&gt;Dent\u00edstica Pr\u00e9-cl\u00ednica&lt;\/b&gt;\"    ><b>Dent\u00edstica Pr\u00e9-cl\u00ednica<\/b><\/strong><div id=\"target-id69d15c2fd2d02\" class=\"collapseomatic_content \"><\/strong><\/span><\/p>\n<p style=\"text-align: justify;\"><a href=\"https:\/\/wp.ufpel.edu.br\/odontologia\/files\/2025\/09\/DENTISTICA-PRE-CLINICA-E-CLINICA.pdf\">Lista de Materiais Dent\u00edstica<\/a><\/p>\n<p style=\"text-align: justify;\"><\/div><\/p>\n<p><span style=\"font-size: 14pt;\"><strong><strong class=\"collapseomatic \" id=\"id69d15c2fd2d57\" rel=\"-highlander\" tabindex=\"0\" title=\"&lt;b&gt;Materiais Odontol\u00f3gicos I&lt;\/b&gt;\"    ><b>Materiais Odontol\u00f3gicos I<\/b><\/strong><div id=\"target-id69d15c2fd2d57\" class=\"collapseomatic_content \"><\/strong><\/span><\/p>\n<p style=\"text-align: justify;\"><a href=\"https:\/\/wp.ufpel.edu.br\/odontologia\/files\/2025\/09\/MATERIAIS-ODONTOLOGICOS-I.pdf\">Lista de Materiais\u00a0<\/a><\/p>\n<p style=\"text-align: justify;\"><\/div><\/p>\n<p>&nbsp;<\/p>\n<\/div>\n<\/div><\/div><div id=\"panel-1768-0-0-3\" class=\"so-panel widget widget_sow-editor\" data-index=\"3\" ><div\n\t\t\t\n\t\t\tclass=\"so-widget-sow-editor so-widget-sow-editor-base\"\n\t\t\t\n\t\t>\n<div class=\"siteorigin-widget-tinymce textwidget\">\n\t<p><span style=\"font-size: 14pt; color: #800000;\"><strong>5\u00ba Semestre<\/strong><\/span><\/p>\n<p><span style=\"font-size: 14pt;\"><strong><strong class=\"collapseomatic \" id=\"id69d15c2fd301a\" rel=\"-highlander\" tabindex=\"0\" title=\"&lt;b&gt;Patologia Bucal e Estomatologia&lt;\/b&gt;\"    ><b>Patologia Bucal e Estomatologia<\/b><\/strong><div id=\"target-id69d15c2fd301a\" class=\"collapseomatic_content \"><\/strong><\/span><\/p>\n<p><a href=\"https:\/\/wp.ufpel.edu.br\/odontologia\/files\/2025\/09\/PATOLOGIA-BUCAL-E-ESTOMATOLOGIA.pdf\">Lista Pato Bucal<\/a><\/p>\n<p><\/div><\/p>\n<p><span style=\"font-size: 14pt;\"><strong><strong class=\"collapseomatic \" id=\"id69d15c2fd3097\" rel=\"-highlander\" tabindex=\"0\" title=\"&lt;b&gt;Periodontia Cl\u00ednica&lt;\/b&gt;\"    ><b>Periodontia Cl\u00ednica<\/b><\/strong><div id=\"target-id69d15c2fd3097\" class=\"collapseomatic_content \"><\/strong><\/span><\/p>\n<p><a href=\"https:\/\/wp.ufpel.edu.br\/odontologia\/files\/2025\/09\/PERIODONTIA-PRE-CLINICA-E-CLINICA.pdf\">Lista Perio_Cl\u00ednica<\/a><\/p>\n<p><\/div><\/p>\n<p><span style=\"font-size: 14pt;\"><strong><strong class=\"collapseomatic \" id=\"id69d15c2fd30f5\" rel=\"-highlander\" tabindex=\"0\" title=\"&lt;b&gt;Dent\u00edstica Cl\u00ednica&lt;\/b&gt;\"    ><b>Dent\u00edstica Cl\u00ednica<\/b><\/strong><div id=\"target-id69d15c2fd30f5\" class=\"collapseomatic_content \"><\/strong><\/span><\/p>\n<p><a href=\"https:\/\/wp.ufpel.edu.br\/odontologia\/files\/2025\/09\/DENTISTICA-PRE-CLINICA-E-CLINICA.pdf\">Lista Dent\u00edstica<\/a><\/p>\n<p><\/div><\/p>\n<p><span style=\"font-size: 14pt;\"><strong><strong class=\"collapseomatic \" id=\"id69d15c2fd314a\" rel=\"-highlander\" tabindex=\"0\" title=\"&lt;b&gt;Cirurgia Buco-Maxilar I&lt;\/b&gt;\"    ><b>Cirurgia Buco-Maxilar I<\/b><\/strong><div id=\"target-id69d15c2fd314a\" class=\"collapseomatic_content \"><\/strong><\/span><\/p>\n<p><a href=\"https:\/\/wp.ufpel.edu.br\/odontologia\/files\/2025\/09\/CIRURGIA-BUCO-MAXILAR-I-II-E-III.pdf\">Lista CBM I<\/a><\/p>\n<p><\/div><\/p>\n<p><span style=\"font-size: 14pt;\"><strong><strong class=\"collapseomatic \" id=\"id69d15c2fd319a\" rel=\"-highlander\" tabindex=\"0\" title=\"Endodontia Pr\u00e9-Cl\u00ednica\"    >Endodontia Pr\u00e9-Cl\u00ednica<\/strong><div id=\"target-id69d15c2fd319a\" class=\"collapseomatic_content \"><\/strong><\/span><\/p>\n<p><a href=\"https:\/\/wp.ufpel.edu.br\/odontologia\/files\/2026\/03\/relacao_instrumental_endodontia_2025-1-2.docx\">Instrumental_Endodontia_Pre_Clinica<\/a><\/p>\n<p>&nbsp;<\/p>\n<p style=\"text-align: justify;\"><\/div><\/p>\n<p><span style=\"font-size: 14pt;\"><strong><strong class=\"collapseomatic \" id=\"id69d15c2fd31cc\" rel=\"-highlander\" tabindex=\"0\" title=\"&lt;b&gt;Sa\u00fade Bucal Coletiva I&lt;\/b&gt;\"    ><b>Sa\u00fade Bucal Coletiva I<\/b><\/strong><div id=\"target-id69d15c2fd31cc\" class=\"collapseomatic_content \"><\/strong><\/span><\/p>\n<p><a href=\"https:\/\/wp.ufpel.edu.br\/odontologia\/files\/2025\/09\/SAUDE-BUCAL-COLETIVA-1.pdf\">Lista SBCI<\/a><\/p>\n<p><\/div><\/p>\n<\/div>\n<\/div><\/div><div id=\"panel-1768-0-0-4\" class=\"so-panel widget widget_sow-editor\" data-index=\"4\" ><div\n\t\t\t\n\t\t\tclass=\"so-widget-sow-editor so-widget-sow-editor-base\"\n\t\t\t\n\t\t>\n<div class=\"siteorigin-widget-tinymce textwidget\">\n\t<p><span style=\"font-size: 14pt; color: #800000;\"><strong>6\u00ba Semestre<\/strong><\/span><\/p>\n<p><span style=\"font-size: 14pt;\"><strong><strong class=\"collapseomatic \" id=\"id69d15c2fd348f\" rel=\"-highlander\" tabindex=\"0\" title=\"&lt;b&gt;Cirurgia Buco-Maxilar II&lt;\/b&gt;\"    ><b>Cirurgia Buco-Maxilar II<\/b><\/strong><div id=\"target-id69d15c2fd348f\" class=\"collapseomatic_content \"><\/strong><\/span><\/p>\n<p><a href=\"https:\/\/wp.ufpel.edu.br\/odontologia\/files\/2025\/09\/CIRURGIA-BUCO-MAXILAR-I-II-E-III.pdf\">Instrumental_CBM II<\/a><\/p>\n<p><\/div><\/p>\n<p><span style=\"font-size: 14pt;\"><strong><strong class=\"collapseomatic \" id=\"id69d15c2fd350a\" rel=\"-highlander\" tabindex=\"0\" title=\"Endodontia Cl\u00ednica\"    >Endodontia Cl\u00ednica<\/strong><div id=\"target-id69d15c2fd350a\" class=\"collapseomatic_content \"><\/strong><\/span><\/p>\n<p><a href=\"https:\/\/wp.ufpel.edu.br\/odontologia\/files\/2026\/03\/relacao_instrumental_endodontia_2025-1-2.docx\">Instrumental_Endodontia_Clinica<\/a><\/p>\n<p><\/div><\/p>\n<p><span style=\"font-size: 14pt;\"><strong><strong class=\"collapseomatic \" id=\"id69d15c2fd3545\" rel=\"-highlander\" tabindex=\"0\" title=\"&lt;b&gt;Unidade de Cl\u00ednica Odontol\u00f3gica I&lt;\/b&gt;\"    ><b>Unidade de Cl\u00ednica Odontol\u00f3gica I<\/b><\/strong><div id=\"target-id69d15c2fd3545\" class=\"collapseomatic_content \"><\/strong><\/span><\/p>\n<p><a href=\"https:\/\/wp.ufpel.edu.br\/odontologia\/files\/2025\/09\/UNIDADE-CLINICA-ODONTOLOGICA-I.pdf\">Lista UCO I<\/a><\/p>\n<p><\/div><\/p>\n<p><span style=\"font-size: 14pt;\"><strong><strong class=\"collapseomatic \" id=\"id69d15c2fd359d\" rel=\"-highlander\" tabindex=\"0\" title=\"&lt;b&gt;Ortodontia I&lt;\/b&gt;\"    ><b>Ortodontia I<\/b><\/strong><div id=\"target-id69d15c2fd359d\" class=\"collapseomatic_content \"><\/strong><\/span><\/p>\n<p><a href=\"https:\/\/wp.ufpel.edu.br\/odontologia\/files\/2025\/09\/ORTODONTIA-I-E-II-1.pdf\">Instrumental_Ortodontia<\/a><\/p>\n<p><\/div><\/p>\n<p><span style=\"font-size: 14pt;\"><strong><strong class=\"collapseomatic \" id=\"id69d15c2fd35ef\" rel=\"-highlander\" tabindex=\"0\" title=\"&lt;b&gt;Princ\u00edpios da Oclus\u00e3o e Dor Orofacial &lt;\/b&gt;\"    ><b>Princ\u00edpios da Oclus\u00e3o e Dor Orofacial <\/b><\/strong><div id=\"target-id69d15c2fd35ef\" class=\"collapseomatic_content \"><\/strong><\/span><\/p>\n<p><a href=\"https:\/\/wp.ufpel.edu.br\/odontologia\/files\/2025\/09\/LISTA-MATERIAIS-oclusao.pdf\">Lista <span style=\"font-size: 14pt;\">Princ\u00edpios da Oclus\u00e3o e Dor Orofacial<\/span><\/a><\/p>\n<p><\/div><\/p>\n<p><span style=\"font-size: 14pt;\"><strong><strong class=\"collapseomatic \" id=\"id69d15c2fd3641\" rel=\"-highlander\" tabindex=\"0\" title=\"&lt;b&gt;Sa\u00fade Bucal Coletiva II&lt;\/b&gt;&lt;b&gt; &lt;\/b&gt;\"    ><b>Sa\u00fade Bucal Coletiva II<\/b><b> <\/b><\/strong><div id=\"target-id69d15c2fd3641\" class=\"collapseomatic_content \"><\/strong><\/span><\/p>\n<p><a href=\"https:\/\/wp.ufpel.edu.br\/odontologia\/files\/2025\/09\/SAUDE-BUCAL-COLETIVA-2.pdf\">Lista USBC II<\/a><\/p>\n<p><\/div><\/p>\n<p>&nbsp;<\/p>\n<\/div>\n<\/div><\/div><div id=\"panel-1768-0-0-5\" class=\"so-panel widget widget_sow-editor\" data-index=\"5\" ><div\n\t\t\t\n\t\t\tclass=\"so-widget-sow-editor so-widget-sow-editor-base\"\n\t\t\t\n\t\t>\n<div class=\"siteorigin-widget-tinymce textwidget\">\n\t<p><span style=\"font-size: 14pt; color: #800000;\"><strong>7\u00ba Semestre<\/strong><\/span><\/p>\n<p><span style=\"font-size: 14pt;\"><strong><strong class=\"collapseomatic \" id=\"id69d15c2fd38b7\" rel=\"-highlander\" tabindex=\"0\" title=\"&lt;b&gt;Cirurgia Buco-Maxilar III&lt;\/b&gt;\"    ><b>Cirurgia Buco-Maxilar III<\/b><\/strong><div id=\"target-id69d15c2fd38b7\" class=\"collapseomatic_content \"><\/strong><\/span><\/p>\n<p><a href=\"https:\/\/wp.ufpel.edu.br\/odontologia\/files\/2025\/09\/CIRURGIA-BUCO-MAXILAR-I-II-E-III.pdf\">Lista de Materiais - CBM III<\/a><\/p>\n<p style=\"text-align: justify;\"><\/div><\/p>\n<p><span style=\"font-size: 14pt;\"><strong><strong class=\"collapseomatic \" id=\"id69d15c2fd392e\" rel=\"-highlander\" tabindex=\"0\" title=\"&lt;b&gt;Materiais Odontol\u00f3gicos II&lt;\/b&gt;\"    ><b>Materiais Odontol\u00f3gicos II<\/b><\/strong><div id=\"target-id69d15c2fd392e\" class=\"collapseomatic_content \"><\/strong><\/span><\/p>\n<p><a href=\"https:\/\/wp.ufpel.edu.br\/odontologia\/files\/2025\/09\/MATERIAIS-ODONTOLOGICOS-II.pdf\">Lista de materiais - Materiais II<\/a><\/p>\n<p><\/div><\/p>\n<p><span style=\"font-size: 14pt;\"><strong><strong class=\"collapseomatic \" id=\"id69d15c2fd3988\" rel=\"-highlander\" tabindex=\"0\" title=\"&lt;b&gt;Ortodontia II&lt;\/b&gt;\"    ><b>Ortodontia II<\/b><\/strong><div id=\"target-id69d15c2fd3988\" class=\"collapseomatic_content \"><\/strong><\/span><\/p>\n<p><a href=\"https:\/\/wp.ufpel.edu.br\/odontologia\/files\/2025\/09\/ORTODONTIA-I-E-II-1.pdf\">Lista de materiais - Orto II<\/a><\/p>\n<p><\/div><\/p>\n<p><span style=\"font-size: 14pt;\"><strong><strong class=\"collapseomatic \" id=\"id69d15c2fd39dd\" rel=\"-highlander\" tabindex=\"0\" title=\"&lt;b&gt;Odontopediatria &lt;\/b&gt;\"    ><b>Odontopediatria <\/b><\/strong><div id=\"target-id69d15c2fd39dd\" class=\"collapseomatic_content \"><\/strong><\/span><\/p>\n<p><a href=\"https:\/\/wp.ufpel.edu.br\/odontologia\/files\/2026\/03\/lista-material-Odontopediatria-e-Orto-revisada-FEV-2026.pdf\">Lista Odontopediatria<\/a><\/p>\n<p><\/div><\/p>\n<p><span style=\"font-size: 14pt;\"><strong><strong class=\"collapseomatic \" id=\"id69d15c2fd3a39\" rel=\"-highlander\" tabindex=\"0\" title=\"&lt;b&gt;Pr\u00f3tese Dent\u00e1ria Parcial I&lt;\/b&gt;\"    ><b>Pr\u00f3tese Dent\u00e1ria Parcial I<\/b><\/strong><div id=\"target-id69d15c2fd3a39\" class=\"collapseomatic_content \"><\/strong><\/span><\/p>\n<p>&nbsp;<\/p>\n<p><\/div><\/p>\n<\/div>\n<\/div><\/div><div id=\"panel-1768-0-0-6\" class=\"so-panel widget widget_sow-editor\" data-index=\"6\" ><div\n\t\t\t\n\t\t\tclass=\"so-widget-sow-editor so-widget-sow-editor-base\"\n\t\t\t\n\t\t>\n<div class=\"siteorigin-widget-tinymce textwidget\">\n\t<p><span style=\"font-size: 14pt; color: #800000;\"><strong>8\u00ba Semestre<\/strong><\/span><\/p>\n<p><span style=\"font-size: 14pt;\"><strong><strong class=\"collapseomatic \" id=\"id69d15c2fd3c67\" rel=\"-highlander\" tabindex=\"0\" title=\"&lt;b&gt;Pr\u00f3tese Dent\u00e1ria Parcial II&lt;\/b&gt;\"    ><b>Pr\u00f3tese Dent\u00e1ria Parcial II<\/b><\/strong><div id=\"target-id69d15c2fd3c67\" class=\"collapseomatic_content \"><\/strong><\/span><\/p>\n<p>&nbsp;<\/p>\n<p style=\"text-align: justify;\"><\/div><\/p>\n<p><span style=\"font-size: 14pt;\"><strong><strong class=\"collapseomatic \" id=\"id69d15c2fd3cf0\" rel=\"-highlander\" tabindex=\"0\" title=\"&lt;b&gt;Pr\u00f3tese Total&lt;\/b&gt;\"    ><b>Pr\u00f3tese Total<\/b><\/strong><div id=\"target-id69d15c2fd3cf0\" class=\"collapseomatic_content \"><\/strong><\/span><\/p>\n<p><a href=\"https:\/\/wp.ufpel.edu.br\/odontologia\/files\/2025\/09\/PROTESE-TOTAL.pdf\">Lista Pr\u00f3tese Total<\/a><\/p>\n<p><\/div><\/p>\n<p><span style=\"font-size: 14pt;\"><strong><strong class=\"collapseomatic \" id=\"id69d15c2fd3d4d\" rel=\"-highlander\" tabindex=\"0\" title=\"&lt;b&gt;ECV II - Cl\u00ednica Odontol\u00f3gica do Adolescente&lt;\/b&gt;\"    ><b>ECV II - Cl\u00ednica Odontol\u00f3gica do Adolescente<\/b><\/strong><div id=\"target-id69d15c2fd3d4d\" class=\"collapseomatic_content \"><\/strong><\/span><\/p>\n<p><a href=\"https:\/\/wp.ufpel.edu.br\/odontologia\/files\/2025\/09\/ECV-II-CLINICA-ODONTOLOGICA-DO-ADOLESCENTE.pdf\">Lista ECV II<\/a><\/p>\n<p><\/div><span id=\"page6R_mcid6\" class=\"markedContent\"><\/span><\/p>\n<\/div>\n<\/div><\/div><div id=\"panel-1768-0-0-7\" class=\"so-panel widget widget_sow-editor panel-last-child\" data-index=\"7\" ><div\n\t\t\t\n\t\t\tclass=\"so-widget-sow-editor so-widget-sow-editor-base\"\n\t\t\t\n\t\t>\n<div class=\"siteorigin-widget-tinymce textwidget\">\n\t<hr \/>\n<p><span style=\"font-size: 14pt; color: #800000;\"><strong>Curr\u00edculo Antigo<\/strong><\/span><\/p>\n<p><span style=\"font-size: 14pt;\"><strong><strong class=\"collapseomatic \" id=\"id69d15c2fd3f81\" rel=\"-highlander\" tabindex=\"0\" title=\"UPC IV\"    >UPC IV<\/strong><div id=\"target-id69d15c2fd3f81\" class=\"collapseomatic_content \"><\/strong><\/span><\/p>\n<p><a href=\"https:\/\/wp.ufpel.edu.br\/odontologia\/files\/2022\/05\/Lista_de_Materiais_UPC_IV.pdf\">Lista UPC IV<\/a><\/p>\n<p><\/div><\/p>\n<p><span style=\"font-size: 14pt;\"><strong><strong class=\"collapseomatic \" id=\"id69d15c2fd3fcc\" rel=\"-highlander\" tabindex=\"0\" title=\"UPD I\"    >UPD I<\/strong><div id=\"target-id69d15c2fd3fcc\" class=\"collapseomatic_content \"><\/strong><\/span><\/p>\n<p><a href=\"https:\/\/wp.ufpel.edu.br\/odontologia\/files\/2025\/09\/UNIDADE-DE-PROTESE-DENTARIA-I-II-E-III.pdf\">Lista de materiais - Pr\u00f3tese<\/a><\/p>\n<p><\/div><\/p>\n<p><span style=\"font-size: 14pt;\"><strong><strong class=\"collapseomatic \" id=\"id69d15c2fd4001\" rel=\"-highlander\" tabindex=\"0\" title=\"UPD II\"    >UPD II<\/strong><div id=\"target-id69d15c2fd4001\" class=\"collapseomatic_content \"><\/strong><\/span><\/p>\n<p><a href=\"https:\/\/wp.ufpel.edu.br\/odontologia\/files\/2025\/09\/UNIDADE-DE-PROTESE-DENTARIA-I-II-E-III.pdf\">Lista de materiais - Pr\u00f3tese<\/a><\/p>\n<p><\/div><\/p>\n<p><span style=\"font-size: 14pt;\"><strong><strong class=\"collapseomatic \" id=\"id69d15c2fd4031\" rel=\"-highlander\" tabindex=\"0\" title=\"UPD III\"    >UPD III<\/strong><div id=\"target-id69d15c2fd4031\" class=\"collapseomatic_content \"><\/strong><\/span><\/p>\n<p><a href=\"https:\/\/wp.ufpel.edu.br\/odontologia\/files\/2025\/09\/UNIDADE-DE-PROTESE-DENTARIA-I-II-E-III.pdf\">Lista de materiais - Pr\u00f3tese<\/a><\/p>\n<p><\/div><\/p>\n<\/div>\n<\/div><\/div><\/div><\/div><\/div>","protected":false},"excerpt":{"rendered":"<p>Lista de materiais\/instrumentais 3\u00ba Semestre &nbsp; 4\u00ba Semestre &nbsp; 5\u00ba Semestre 6\u00ba Semestre &nbsp; 7\u00ba Semestre 8\u00ba Semestre Curr\u00edculo Antigo<\/p>\n","protected":false},"author":511,"featured_media":0,"parent":1762,"menu_order":0,"comment_status":"closed","ping_status":"closed","template":"","meta":{"jetpack_post_was_ever_published":false,"footnotes":""},"class_list":["post-1768","page","type-page","status-publish","hentry","post"],"jetpack_sharing_enabled":true,"jetpack_shortlink":"https:\/\/wp.me\/PaUn96-sw","jetpack-related-posts":[],"_links":{"self":[{"href":"https:\/\/wp.ufpel.edu.br\/odontologia\/wp-json\/wp\/v2\/pages\/1768","targetHints":{"allow":["GET"]}}],"collection":[{"href":"https:\/\/wp.ufpel.edu.br\/odontologia\/wp-json\/wp\/v2\/pages"}],"about":[{"href":"https:\/\/wp.ufpel.edu.br\/odontologia\/wp-json\/wp\/v2\/types\/page"}],"author":[{"embeddable":true,"href":"https:\/\/wp.ufpel.edu.br\/odontologia\/wp-json\/wp\/v2\/users\/511"}],"replies":[{"embeddable":true,"href":"https:\/\/wp.ufpel.edu.br\/odontologia\/wp-json\/wp\/v2\/comments?post=1768"}],"version-history":[{"count":3,"href":"https:\/\/wp.ufpel.edu.br\/odontologia\/wp-json\/wp\/v2\/pages\/1768\/revisions"}],"predecessor-version":[{"id":3706,"href":"https:\/\/wp.ufpel.edu.br\/odontologia\/wp-json\/wp\/v2\/pages\/1768\/revisions\/3706"}],"up":[{"embeddable":true,"href":"https:\/\/wp.ufpel.edu.br\/odontologia\/wp-json\/wp\/v2\/pages\/1762"}],"wp:attachment":[{"href":"https:\/\/wp.ufpel.edu.br\/odontologia\/wp-json\/wp\/v2\/media?parent=1768"}],"curies":[{"name":"wp","href":"https:\/\/api.w.org\/{rel}","templated":true}]}}