{"id":1727,"date":"2022-04-25T10:59:42","date_gmt":"2022-04-25T13:59:42","guid":{"rendered":"https:\/\/wp.ufpel.edu.br\/odontologia\/?page_id=1727"},"modified":"2026-02-09T11:45:53","modified_gmt":"2026-02-09T14:45:53","slug":"agendamento-de-salas","status":"publish","type":"page","link":"https:\/\/wp.ufpel.edu.br\/odontologia\/a-faculdade-de-odontologia\/agendamento-de-salas\/","title":{"rendered":"Agendamento de salas"},"content":{"rendered":"<div id=\"pl-1727\"  class=\"panel-layout\" ><div id=\"pg-1727-0\"  class=\"panel-grid panel-no-style\" ><div id=\"pgc-1727-0-0\"  class=\"panel-grid-cell\" ><div id=\"panel-1727-0-0-0\" class=\"so-panel widget widget_sow-editor panel-first-child\" data-index=\"0\" ><div\n\t\t\t\n\t\t\tclass=\"so-widget-sow-editor so-widget-sow-editor-base\"\n\t\t\t\n\t\t>\n<div class=\"siteorigin-widget-tinymce textwidget\">\n\t<p style=\"text-align: center;\"><strong><span style=\"font-size: 18pt; color: #800000;\">Agenda de Salas de aula <span style=\"font-size: 12pt;\">(clique para expandir)<\/span><\/span><\/strong><\/p>\n<p><span style=\"color: #ff0000;\"><strong>IMPORTANTE:<\/strong> <\/span>\u00c9 PRECISO NAVEGAR NO CALEND\u00c1RIO AT\u00c9 AS DATAS DAS ATIVIDADES.<\/p>\n<p>&nbsp;<\/p>\n<p><span style=\"font-size: 14pt;\"><strong><strong class=\"collapseomatic \" id=\"id69f29815efb3c\" rel=\"-highlander\" tabindex=\"0\" title=\"Sala 54\"    >Sala 54<\/strong><div id=\"target-id69f29815efb3c\" class=\"collapseomatic_content \"><\/strong><\/span><\/p>\n<p><span style=\"font-size: 14pt;\">\n<!-- iframe plugin v.6.0 wordpress.org\/plugins\/iframe\/ -->\n<iframe loading=\"lazy\" src=\"https:\/\/calendar.google.com\/calendar\/embed?height=600&#038;wkst=1&#038;bgcolor=%23ffffff&#038;ctz=America%2FSao_Paulo&#038;mode=WEEK&#038;src=cnJmNjdoM2VzdGxqN3Rmb28xY2MwNHVydW9AZ3JvdXAuY2FsZW5kYXIuZ29vZ2xlLmNvbQ&#038;color=%23F6BF26\" style=\"border:solid 1px #777\" width=\"800\" height=\"600\" frameborder=\"0\" scrolling=\"no\" class=\"iframe-class\"><\/iframe>\n<\/span><\/p>\n<p><span style=\"font-size: 14pt;\"><\/div><\/span><\/p>\n<p>&nbsp;<\/p>\n<p><span style=\"font-size: 14pt;\"><strong><strong class=\"collapseomatic \" id=\"id69f29815efde5\" rel=\"-highlander\" tabindex=\"0\" title=\"Sala 601\"    >Sala 601<\/strong><div id=\"target-id69f29815efde5\" class=\"collapseomatic_content \"><\/strong><\/span><\/p>\n<p><span style=\"font-size: 14pt;\">\n<!-- iframe plugin v.6.0 wordpress.org\/plugins\/iframe\/ -->\n<iframe loading=\"lazy\" src=\"https:\/\/calendar.google.com\/calendar\/embed?height=600&#038;wkst=1&#038;bgcolor=%23ffffff&#038;ctz=America%2FSao_Paulo&#038;mode=WEEK&#038;src=Y29sZWdpYWRvLmZvcEBnbWFpbC5jb20&#038;color=%233F51B5\" style=\"border:solid 1px #777\" width=\"800\" height=\"600\" frameborder=\"0\" scrolling=\"no\" class=\"iframe-class\"><\/iframe>\n<\/span><\/p>\n<p><span style=\"font-size: 14pt;\"><\/div><\/span><\/p>\n<p>&nbsp;<\/p>\n<p><span style=\"font-size: 14pt;\"><strong><strong class=\"collapseomatic \" id=\"id69f29815efe97\" rel=\"-highlander\" tabindex=\"0\" title=\"Sala 602\"    >Sala 602<\/strong><div id=\"target-id69f29815efe97\" class=\"collapseomatic_content \"><\/strong><\/span><\/p>\n<p><span style=\"font-size: 14pt;\">\n<!-- iframe plugin v.6.0 wordpress.org\/plugins\/iframe\/ -->\n<iframe loading=\"lazy\" src=\"https:\/\/calendar.google.com\/calendar\/embed?height=600&#038;wkst=1&#038;bgcolor=%23ffffff&#038;ctz=America%2FSao_Paulo&#038;mode=WEEK&#038;src=MDlpMDc2cXViMnJhOWU3OXFsanVwcWxtM29AZ3JvdXAuY2FsZW5kYXIuZ29vZ2xlLmNvbQ&#038;color=%23E67C73\" style=\"border:solid 1px #777\" width=\"800\" height=\"600\" frameborder=\"0\" scrolling=\"no\" class=\"iframe-class\"><\/iframe>\n<\/span><\/p>\n<p><span style=\"font-size: 14pt;\"><\/div><\/span><\/p>\n<p>&nbsp;<\/p>\n<p><span style=\"font-size: 14pt;\"><strong><strong class=\"collapseomatic \" id=\"id69f29815eff31\" rel=\"-highlander\" tabindex=\"0\" title=\"Sala 603\"    >Sala 603<\/strong><div id=\"target-id69f29815eff31\" class=\"collapseomatic_content \"><\/strong><\/span><\/p>\n<p><span style=\"font-size: 14pt;\">\n<!-- iframe plugin v.6.0 wordpress.org\/plugins\/iframe\/ -->\n<iframe loading=\"lazy\" src=\"https:\/\/calendar.google.com\/calendar\/embed?height=600&#038;wkst=1&#038;bgcolor=%23ffffff&#038;ctz=America%2FSao_Paulo&#038;mode=WEEK&#038;src=amhmb2NncGlva2ZsMm5xMWgzY28zdXZqa3NAZ3JvdXAuY2FsZW5kYXIuZ29vZ2xlLmNvbQ&#038;color=%239E69AF\" style=\"border:solid 1px #777\" width=\"800\" height=\"600\" frameborder=\"0\" scrolling=\"no\" class=\"iframe-class\"><\/iframe>\n<\/span><\/p>\n<p><span style=\"font-size: 14pt;\"><\/div><\/span><\/p>\n<p>&nbsp;<\/p>\n<p><span style=\"font-size: 14pt;\"><strong><strong class=\"collapseomatic \" id=\"id69f29815effce\" rel=\"-highlander\" tabindex=\"0\" title=\"Sala 707\"    >Sala 707<\/strong><div id=\"target-id69f29815effce\" class=\"collapseomatic_content \"><\/strong><\/span><\/p>\n<p><span style=\"font-size: 14pt;\">\n<!-- iframe plugin v.6.0 wordpress.org\/plugins\/iframe\/ -->\n<iframe loading=\"lazy\" src=\"https:\/\/calendar.google.com\/calendar\/embed?height=600&#038;wkst=1&#038;bgcolor=%23ffffff&#038;ctz=America%2FSao_Paulo&#038;mode=WEEK&#038;src=cGUycWJxNGxzMmtqMWdycnJzdjlwYnZhcWNAZ3JvdXAuY2FsZW5kYXIuZ29vZ2xlLmNvbQ&#038;color=%23C0CA33\" style=\"border:solid 1px #777\" width=\"800\" height=\"600\" frameborder=\"0\" scrolling=\"no\" class=\"iframe-class\"><\/iframe>\n<\/span><\/p>\n<p><span style=\"font-size: 14pt;\"><\/div><\/span><\/p>\n<p>&nbsp;<\/p>\n<hr \/>\n<p>&nbsp;<\/p>\n<\/div>\n<\/div><\/div><div id=\"panel-1727-0-0-1\" class=\"so-panel widget widget_sow-editor panel-last-child\" data-index=\"1\" ><div\n\t\t\t\n\t\t\tclass=\"so-widget-sow-editor so-widget-sow-editor-base\"\n\t\t\t\n\t\t>\n<div class=\"siteorigin-widget-tinymce textwidget\">\n\t<p style=\"text-align: center;\"><span style=\"font-size: 18pt; color: #800000;\"><strong>Formul\u00e1rio para solicita\u00e7\u00e3o de agendamento de salas<\/strong><\/span><\/p>\n<p><span style=\"font-size: 14pt;\"><strong><span style=\"color: #ff0000;\">IMPORTANTE:<\/span><\/strong> Antes de solicitar agendamento, consulte a agenda para verificar disponibilidade. <span style=\"color: #800000;\"><strong>Agendamentos devem ser realizados com 24 horas de anteced\u00eancia.<\/strong><\/span><br \/>\n<\/span><\/p>\n<p>&nbsp;<\/p>\n<p><!-- <strong><span style=\"font-size: 14pt; color: #ff0000;\">Estamos em manuten\u00e7\u00e3o na fun\u00e7\u00e3o formul\u00e1rio no site. Sendo assim solicite seu agendamento de salas direto para o Email do Colegiado da Odonto:\u00a0 \u00a0<\/span>colegiado.fop@gmail.com<\/strong>\n\n\n<div class=\"VoqD8\"> --><\/p>\n<p><!-- <strong> <span style=\"font-size: 14pt; color: #ff0000;\">Solicitamos que toda e qualquer solicita\u00e7\u00e3o feita pelo formul\u00e1rio desde primeiro de Janeiro seja feita novamente direto pelo site do Colegiado.<\/span> <\/strong> --><\/p>\n\n<div class=\"wpcf7 no-js\" id=\"wpcf7-f1752-o1\" lang=\"pt-BR\" dir=\"ltr\" data-wpcf7-id=\"1752\">\n<div class=\"screen-reader-response\"><p role=\"status\" aria-live=\"polite\" aria-atomic=\"true\"><\/p> <ul><\/ul><\/div>\n<form action=\"\/odontologia\/wp-json\/wp\/v2\/pages\/1727#wpcf7-f1752-o1\" method=\"post\" class=\"wpcf7-form init\" aria-label=\"Formul\u00e1rios de contato\" novalidate=\"novalidate\" data-status=\"init\">\n<fieldset class=\"hidden-fields-container\"><input type=\"hidden\" name=\"_wpcf7\" value=\"1752\" \/><input type=\"hidden\" name=\"_wpcf7_version\" value=\"6.1.4\" \/><input type=\"hidden\" name=\"_wpcf7_locale\" value=\"pt_BR\" \/><input type=\"hidden\" name=\"_wpcf7_unit_tag\" value=\"wpcf7-f1752-o1\" \/><input type=\"hidden\" name=\"_wpcf7_container_post\" value=\"0\" \/><input type=\"hidden\" name=\"_wpcf7_posted_data_hash\" value=\"\" \/><input type=\"hidden\" name=\"_wpcf7cf_hidden_group_fields\" value=\"[]\" \/><input type=\"hidden\" name=\"_wpcf7cf_hidden_groups\" value=\"[]\" \/><input type=\"hidden\" name=\"_wpcf7cf_visible_groups\" value=\"[]\" \/><input type=\"hidden\" name=\"_wpcf7cf_repeaters\" value=\"[]\" \/><input type=\"hidden\" name=\"_wpcf7cf_steps\" value=\"{}\" \/><input type=\"hidden\" name=\"_wpcf7cf_options\" value=\"{&quot;form_id&quot;:1752,&quot;conditions&quot;:[],&quot;settings&quot;:{&quot;animation&quot;:&quot;yes&quot;,&quot;animation_intime&quot;:200,&quot;animation_outtime&quot;:200,&quot;conditions_ui&quot;:&quot;normal&quot;,&quot;notice_dismissed&quot;:false}}\" \/>\n<\/fieldset>\n<p><label> <strong> Nome:<\/strong> (obrigat\u00f3rio)<br \/>\n<span class=\"wpcf7-form-control-wrap\" data-name=\"your-name\"><input size=\"40\" maxlength=\"400\" class=\"wpcf7-form-control wpcf7-text wpcf7-validates-as-required\" aria-required=\"true\" aria-invalid=\"false\" value=\"\" type=\"text\" name=\"your-name\" \/><\/span> <\/label>\n<\/p>\n<p><label> <strong> E-mail:<\/strong> (obrigat\u00f3rio)<br \/>\n<span class=\"wpcf7-form-control-wrap\" data-name=\"your-email\"><input size=\"40\" maxlength=\"400\" class=\"wpcf7-form-control wpcf7-email wpcf7-validates-as-required wpcf7-text wpcf7-validates-as-email\" aria-required=\"true\" aria-invalid=\"false\" value=\"\" type=\"email\" name=\"your-email\" \/><\/span> <\/label>\n<\/p>\n<p><label> <strong> Disciplina\/Atividade:<\/strong> (obrigat\u00f3rio)<br \/>\n<span class=\"wpcf7-form-control-wrap\" data-name=\"disciplina\"><input size=\"40\" maxlength=\"400\" class=\"wpcf7-form-control wpcf7-text wpcf7-validates-as-required\" aria-required=\"true\" aria-invalid=\"false\" value=\"\" type=\"text\" name=\"disciplina\" \/><\/span> <\/label>\n<\/p>\n<p><label> <strong> Sala \u00e0 ser reservada:<\/strong> (obrigat\u00f3rio)<br \/>\n<span class=\"wpcf7-form-control-wrap\" data-name=\"checkbox-297\"><span class=\"wpcf7-form-control wpcf7-checkbox wpcf7-validates-as-required wpcf7-exclusive-checkbox\"><span class=\"wpcf7-list-item first\"><label><input type=\"checkbox\" name=\"checkbox-297\" value=\"Sala 54\" \/><span class=\"wpcf7-list-item-label\">Sala 54<\/span><\/label><\/span><span class=\"wpcf7-list-item\"><label><input type=\"checkbox\" name=\"checkbox-297\" value=\"Sala 601\" \/><span class=\"wpcf7-list-item-label\">Sala 601<\/span><\/label><\/span><span class=\"wpcf7-list-item\"><label><input type=\"checkbox\" name=\"checkbox-297\" value=\"Sala 602\" \/><span class=\"wpcf7-list-item-label\">Sala 602<\/span><\/label><\/span><span class=\"wpcf7-list-item\"><label><input type=\"checkbox\" name=\"checkbox-297\" value=\"Sala 603\" \/><span class=\"wpcf7-list-item-label\">Sala 603<\/span><\/label><\/span><span class=\"wpcf7-list-item last\"><label><input type=\"checkbox\" name=\"checkbox-297\" value=\"Sala 707\" \/><span class=\"wpcf7-list-item-label\">Sala 707<\/span><\/label><\/span><\/span><\/span><br \/>\n<\/label><label> <strong> Data:<\/strong> (obrigat\u00f3rio)<br \/>\n<span class=\"wpcf7-form-control-wrap\" data-name=\"date-465\"><input class=\"wpcf7-form-control wpcf7-date wpcf7-validates-as-required wpcf7-validates-as-date\" min=\"2026-04-30\" aria-required=\"true\" aria-invalid=\"false\" value=\"\" type=\"date\" name=\"date-465\" \/><\/span> <\/label>\n<\/p>\n<p><label> <strong> Hor\u00e1rio:<\/strong> (obrigat\u00f3rio)<br \/>\n<span class=\"wpcf7-form-control-wrap\" data-name=\"text-26\"><input size=\"40\" maxlength=\"400\" class=\"wpcf7-form-control wpcf7-text wpcf7-validates-as-required\" aria-required=\"true\" aria-invalid=\"false\" value=\"\" type=\"text\" name=\"text-26\" \/><\/span> <\/label>\n<\/p>\n<p><label> <strong> Se repete semanalmente ao longo do semestre todo?<\/strong> (obrigat\u00f3rio)<br \/>\n<span class=\"wpcf7-form-control-wrap\" data-name=\"checkbox-228\"><span class=\"wpcf7-form-control wpcf7-checkbox wpcf7-validates-as-required wpcf7-exclusive-checkbox\"><span class=\"wpcf7-list-item first\"><label><input type=\"checkbox\" name=\"checkbox-228\" value=\"Sim\" \/><span class=\"wpcf7-list-item-label\">Sim<\/span><\/label><\/span><span class=\"wpcf7-list-item last\"><label><input type=\"checkbox\" name=\"checkbox-228\" value=\"N\u00e3o\" \/><span class=\"wpcf7-list-item-label\">N\u00e3o<\/span><\/label><\/span><\/span><\/span><br \/>\n<input class=\"wpcf7-form-control wpcf7-submit has-spinner\" type=\"submit\" value=\"Enviar\" \/><\/label>\n<\/p><p style=\"display: none !important;\" class=\"akismet-fields-container\" data-prefix=\"_wpcf7_ak_\"><label>&#916;<textarea name=\"_wpcf7_ak_hp_textarea\" cols=\"45\" rows=\"8\" maxlength=\"100\"><\/textarea><\/label><input type=\"hidden\" id=\"ak_js_1\" name=\"_wpcf7_ak_js\" value=\"87\"\/><script>document.getElementById( \"ak_js_1\" ).setAttribute( \"value\", ( new Date() ).getTime() );<\/script><\/p><div class=\"wpcf7-response-output\" aria-hidden=\"true\"><\/div>\n<\/form>\n<\/div>\n\n<\/div>\n<\/div>\n<\/div><\/div><\/div><\/div><\/div>","protected":false},"excerpt":{"rendered":"<p>Agenda de Salas de aula (clique para expandir) IMPORTANTE: \u00c9 PRECISO NAVEGAR NO CALEND\u00c1RIO AT\u00c9 AS DATAS DAS ATIVIDADES. &nbsp; &nbsp; &nbsp; &nbsp; &nbsp; &nbsp; &nbsp; Formul\u00e1rio para solicita\u00e7\u00e3o de agendamento de salas IMPORTANTE: Antes de solicitar agendamento, consulte a agenda para verificar disponibilidade. Agendamentos devem ser realizados com 24 horas de anteced\u00eancia. &nbsp;<\/p>\n","protected":false},"author":511,"featured_media":0,"parent":29,"menu_order":0,"comment_status":"closed","ping_status":"closed","template":"","meta":{"jetpack_post_was_ever_published":false,"footnotes":""},"class_list":["post-1727","page","type-page","status-publish","hentry","post"],"jetpack_sharing_enabled":true,"jetpack_shortlink":"https:\/\/wp.me\/PaUn96-rR","jetpack-related-posts":[],"_links":{"self":[{"href":"https:\/\/wp.ufpel.edu.br\/odontologia\/wp-json\/wp\/v2\/pages\/1727","targetHints":{"allow":["GET"]}}],"collection":[{"href":"https:\/\/wp.ufpel.edu.br\/odontologia\/wp-json\/wp\/v2\/pages"}],"about":[{"href":"https:\/\/wp.ufpel.edu.br\/odontologia\/wp-json\/wp\/v2\/types\/page"}],"author":[{"embeddable":true,"href":"https:\/\/wp.ufpel.edu.br\/odontologia\/wp-json\/wp\/v2\/users\/511"}],"replies":[{"embeddable":true,"href":"https:\/\/wp.ufpel.edu.br\/odontologia\/wp-json\/wp\/v2\/comments?post=1727"}],"version-history":[{"count":4,"href":"https:\/\/wp.ufpel.edu.br\/odontologia\/wp-json\/wp\/v2\/pages\/1727\/revisions"}],"predecessor-version":[{"id":3689,"href":"https:\/\/wp.ufpel.edu.br\/odontologia\/wp-json\/wp\/v2\/pages\/1727\/revisions\/3689"}],"up":[{"embeddable":true,"href":"https:\/\/wp.ufpel.edu.br\/odontologia\/wp-json\/wp\/v2\/pages\/29"}],"wp:attachment":[{"href":"https:\/\/wp.ufpel.edu.br\/odontologia\/wp-json\/wp\/v2\/media?parent=1727"}],"curies":[{"name":"wp","href":"https:\/\/api.w.org\/{rel}","templated":true}]}}