{"id":1680,"date":"2022-03-17T09:49:54","date_gmt":"2022-03-17T12:49:54","guid":{"rendered":"https:\/\/wp.ufpel.edu.br\/odontologia\/?page_id=1680"},"modified":"2024-04-26T21:01:45","modified_gmt":"2024-04-27T00:01:45","slug":"acolhendo-sorrisos-especiais","status":"publish","type":"page","link":"https:\/\/wp.ufpel.edu.br\/odontologia\/extensao\/projetos\/acolhendo-sorrisos-especiais\/","title":{"rendered":"Acolhendo Sorrisos Especiais"},"content":{"rendered":"<p style=\"text-align: center;\"><span style=\"font-size: 18pt;\"><strong><span style=\"color: #800000;\">Acolhendo Sorrisos Especiais<\/span><\/strong><\/span><\/p>\n<p>&nbsp;<\/p>\n<p><a href=\"https:\/\/i0.wp.com\/wp.ufpel.edu.br\/odontologia\/files\/2022\/03\/Resultado-da-selecao-CEO-PNE-2022-1-para-divulgar_page-0001.jpg?ssl=1\"><img data-recalc-dims=\"1\" loading=\"lazy\" decoding=\"async\" data-attachment-id=\"1695\" data-permalink=\"https:\/\/wp.ufpel.edu.br\/odontologia\/extensao\/projetos\/acolhendo-sorrisos-especiais\/resultado-da-selecao-ceo-pne-2022-1-para-divulgar_page-0001\/#main\" data-orig-file=\"https:\/\/i0.wp.com\/wp.ufpel.edu.br\/odontologia\/files\/2022\/03\/Resultado-da-selecao-CEO-PNE-2022-1-para-divulgar_page-0001.jpg?fit=1241%2C1755&amp;ssl=1\" data-orig-size=\"1241,1755\" data-comments-opened=\"0\" data-image-meta=\"{&quot;aperture&quot;:&quot;0&quot;,&quot;credit&quot;:&quot;&quot;,&quot;camera&quot;:&quot;&quot;,&quot;caption&quot;:&quot;&quot;,&quot;created_timestamp&quot;:&quot;0&quot;,&quot;copyright&quot;:&quot;&quot;,&quot;focal_length&quot;:&quot;0&quot;,&quot;iso&quot;:&quot;0&quot;,&quot;shutter_speed&quot;:&quot;0&quot;,&quot;title&quot;:&quot;&quot;,&quot;orientation&quot;:&quot;0&quot;}\" data-image-title=\"Resultado da sele\u00e7\u00e3o CEO PNE 2022 1 para divulgar_page-0001\" data-image-description=\"\" data-image-caption=\"\" data-medium-file=\"https:\/\/i0.wp.com\/wp.ufpel.edu.br\/odontologia\/files\/2022\/03\/Resultado-da-selecao-CEO-PNE-2022-1-para-divulgar_page-0001.jpg?fit=283%2C400&amp;ssl=1\" data-large-file=\"https:\/\/i0.wp.com\/wp.ufpel.edu.br\/odontologia\/files\/2022\/03\/Resultado-da-selecao-CEO-PNE-2022-1-para-divulgar_page-0001.jpg?fit=720%2C1018&amp;ssl=1\" class=\"wp-image-1695 aligncenter\" src=\"https:\/\/i0.wp.com\/wp.ufpel.edu.br\/odontologia\/files\/2022\/03\/Resultado-da-selecao-CEO-PNE-2022-1-para-divulgar_page-0001.jpg?resize=521%2C736&#038;ssl=1\" alt=\"\" width=\"521\" height=\"736\" srcset=\"https:\/\/i0.wp.com\/wp.ufpel.edu.br\/odontologia\/files\/2022\/03\/Resultado-da-selecao-CEO-PNE-2022-1-para-divulgar_page-0001.jpg?resize=283%2C400&amp;ssl=1 283w, https:\/\/i0.wp.com\/wp.ufpel.edu.br\/odontologia\/files\/2022\/03\/Resultado-da-selecao-CEO-PNE-2022-1-para-divulgar_page-0001.jpg?resize=724%2C1024&amp;ssl=1 724w, https:\/\/i0.wp.com\/wp.ufpel.edu.br\/odontologia\/files\/2022\/03\/Resultado-da-selecao-CEO-PNE-2022-1-para-divulgar_page-0001.jpg?resize=768%2C1086&amp;ssl=1 768w, https:\/\/i0.wp.com\/wp.ufpel.edu.br\/odontologia\/files\/2022\/03\/Resultado-da-selecao-CEO-PNE-2022-1-para-divulgar_page-0001.jpg?resize=1086%2C1536&amp;ssl=1 1086w, https:\/\/i0.wp.com\/wp.ufpel.edu.br\/odontologia\/files\/2022\/03\/Resultado-da-selecao-CEO-PNE-2022-1-para-divulgar_page-0001.jpg?w=1241&amp;ssl=1 1241w\" sizes=\"auto, (max-width: 521px) 100vw, 521px\" \/><\/a><\/p>\n<p>&nbsp;<\/p>\n<p style=\"text-align: center;\"><span style=\"font-size: 18pt;\"><strong><span style=\"color: #800000;\">Resultado da sele\u00e7\u00e3o para bolsista 2024<\/span><\/strong><\/span><\/p>\n<p>&nbsp;<\/p>\n<div style=\"text-align: center;\" >\n<a  href=\"https:\/\/wp.ufpel.edu.br\/odontologia\/files\/2024\/04\/Resultado-selecao-bolssa-de-extensao-2024.pdf\">Resultado da sele\u00e7\u00e3o<\/a><\/p>\n<p><a  href=\"https:\/\/wp.ufpel.edu.br\/odontologia\/files\/2024\/04\/Edital-para-selecao-de-bolsistas-2024.pdf\">Edital para sele\u00e7\u00e3o de bolsistas 2024<\/a><\/p>\n<\/div>\n","protected":false},"excerpt":{"rendered":"<p>Acolhendo Sorrisos Especiais &nbsp; &nbsp; Resultado da sele\u00e7\u00e3o para bolsista 2024 &nbsp; Resultado da sele\u00e7\u00e3o Edital para sele\u00e7\u00e3o de bolsistas 2024<\/p>\n","protected":false},"author":511,"featured_media":0,"parent":847,"menu_order":0,"comment_status":"closed","ping_status":"closed","template":"","meta":{"jetpack_post_was_ever_published":false,"footnotes":""},"class_list":["post-1680","page","type-page","status-publish","hentry","post"],"jetpack_sharing_enabled":true,"jetpack_shortlink":"https:\/\/wp.me\/PaUn96-r6","jetpack-related-posts":[],"_links":{"self":[{"href":"https:\/\/wp.ufpel.edu.br\/odontologia\/wp-json\/wp\/v2\/pages\/1680","targetHints":{"allow":["GET"]}}],"collection":[{"href":"https:\/\/wp.ufpel.edu.br\/odontologia\/wp-json\/wp\/v2\/pages"}],"about":[{"href":"https:\/\/wp.ufpel.edu.br\/odontologia\/wp-json\/wp\/v2\/types\/page"}],"author":[{"embeddable":true,"href":"https:\/\/wp.ufpel.edu.br\/odontologia\/wp-json\/wp\/v2\/users\/511"}],"replies":[{"embeddable":true,"href":"https:\/\/wp.ufpel.edu.br\/odontologia\/wp-json\/wp\/v2\/comments?post=1680"}],"version-history":[{"count":14,"href":"https:\/\/wp.ufpel.edu.br\/odontologia\/wp-json\/wp\/v2\/pages\/1680\/revisions"}],"predecessor-version":[{"id":3084,"href":"https:\/\/wp.ufpel.edu.br\/odontologia\/wp-json\/wp\/v2\/pages\/1680\/revisions\/3084"}],"up":[{"embeddable":true,"href":"https:\/\/wp.ufpel.edu.br\/odontologia\/wp-json\/wp\/v2\/pages\/847"}],"wp:attachment":[{"href":"https:\/\/wp.ufpel.edu.br\/odontologia\/wp-json\/wp\/v2\/media?parent=1680"}],"curies":[{"name":"wp","href":"https:\/\/api.w.org\/{rel}","templated":true}]}}