{"id":1371,"date":"2021-04-23T13:25:43","date_gmt":"2021-04-23T16:25:43","guid":{"rendered":"https:\/\/wp.ufpel.edu.br\/odontologia\/?page_id=1371"},"modified":"2026-03-06T10:07:18","modified_gmt":"2026-03-06T13:07:18","slug":"grade-horaria","status":"publish","type":"page","link":"https:\/\/wp.ufpel.edu.br\/odontologia\/ensino\/graduacao\/grade-horaria\/","title":{"rendered":"Grade Hor\u00e1ria"},"content":{"rendered":"<div id=\"pl-1371\"  class=\"panel-layout\" ><div id=\"pg-1371-0\"  class=\"panel-grid panel-no-style\" ><div id=\"pgc-1371-0-0\"  class=\"panel-grid-cell\" ><div id=\"panel-1371-0-0-0\" class=\"so-panel widget widget_sow-editor panel-first-child panel-last-child\" data-index=\"0\" ><div\n\t\t\t\n\t\t\tclass=\"so-widget-sow-editor so-widget-sow-editor-base\"\n\t\t\t\n\t\t>\n<div class=\"siteorigin-widget-tinymce textwidget\">\n\t<p style=\"text-align: center;\"><span style=\"color: #800000; font-size: 24pt;\"><strong>Grade Hor\u00e1ria<\/strong><\/span><\/p>\n<p><span style=\"color: #ff0000;\"><strong>IMPORTANTE:<\/strong> <\/span>\u00c9 PRECISO NAVEGAR NO CALEND\u00c1RIO AT\u00c9 AS DATAS DAS ATIVIDADES.<\/p>\n<p style=\"text-align: center;\">(Turmas apresentadas pelo ano de entrada ainda n\u00e3o est\u00e3o ajustadas devido ao represamento de ofertas decorrente da pandemia)<\/p>\n<p><span style=\"color: #800000; font-size: 14pt;\"><strong>10\u00ba Semestre<\/strong><\/span><\/p>\n\n<!-- iframe plugin v.6.0 wordpress.org\/plugins\/iframe\/ -->\n<iframe loading=\"lazy\" src=\"https:\/\/calendar.google.com\/calendar\/embed?height=600&#038;wkst=1&#038;bgcolor=%23ffffff&#038;ctz=America%2FSao_Paulo&#038;mode=WEEK&#038;src=c2wwZmp1YmM4bWZjb3QwczhyOTA5cmNwamdAZ3JvdXAuY2FsZW5kYXIuZ29vZ2xlLmNvbQ&#038;color=%23616161\" style=\"border:solid 1px #777\" width=\"800\" height=\"600\" frameborder=\"0\" scrolling=\"no\" class=\"iframe-class\"><\/iframe>\n\n<p>&nbsp;<\/p>\n<p><span style=\"color: #800000; font-size: 14pt;\"><strong>9\u00ba Semestre<\/strong><\/span><\/p>\n\n<!-- iframe plugin v.6.0 wordpress.org\/plugins\/iframe\/ -->\n<iframe loading=\"lazy\" src=\"https:\/\/calendar.google.com\/calendar\/embed?height=600&#038;wkst=1&#038;bgcolor=%23ffffff&#038;ctz=America%2FSao_Paulo&#038;mode=WEEK&#038;src=NzE0MjB1NGJuZTFmaG4yMjhpc21qazljdGtAZ3JvdXAuY2FsZW5kYXIuZ29vZ2xlLmNvbQ&#038;color=%238E24AA\" style=\"border:solid 1px #777\" width=\"800\" height=\"600\" frameborder=\"0\" scrolling=\"no\" class=\"iframe-class\"><\/iframe>\n\n<p>&nbsp;<\/p>\n<p><span style=\"color: #800000; font-size: 14pt;\"><strong>8\u00ba Semestre<\/strong><\/span><\/p>\n\n<!-- iframe plugin v.6.0 wordpress.org\/plugins\/iframe\/ -->\n<iframe loading=\"lazy\" src=\"https:\/\/calendar.google.com\/calendar\/embed?height=600&#038;wkst=1&#038;bgcolor=%23ffffff&#038;ctz=America%2FSao_Paulo&#038;mode=WEEK&#038;src=Z2E2N2s3bDZ2OXM0bTJ2bGIwb29mcHBvNDhAZ3JvdXAuY2FsZW5kYXIuZ29vZ2xlLmNvbQ&#038;color=%23C0CA33\" style=\"border:solid 1px #777\" width=\"800\" height=\"600\" frameborder=\"0\" scrolling=\"no\" class=\"iframe-class\"><\/iframe>\n\n<p><span style=\"color: #800000; font-size: 14pt;\"><strong>7\u00ba Semestre Curr\u00edculo Novo<\/strong><\/span><\/p>\n\n<!-- iframe plugin v.6.0 wordpress.org\/plugins\/iframe\/ -->\n<iframe loading=\"lazy\" src=\"https:\/\/calendar.google.com\/calendar\/embed?height=600&#038;wkst=1&#038;ctz=America%2FSao_Paulo&#038;showPrint=0&#038;mode=WEEK&#038;src=Mjg2Mm9qZWpsYW00NjNta2JianVwdXFpaDRAZ3JvdXAuY2FsZW5kYXIuZ29vZ2xlLmNvbQ&#038;color=%23f6bf26\" style=\"border:solid 1px #777\" width=\"800\" height=\"600\" frameborder=\"0\" scrolling=\"no\" class=\"iframe-class\"><\/iframe>\n\n<p><span style=\"color: #800000; font-size: 14pt;\"><strong>7\u00ba Semestre Curr\u00edculo Antigo\u00a0<\/strong><\/span><\/p>\n\n<!-- iframe plugin v.6.0 wordpress.org\/plugins\/iframe\/ -->\n<iframe loading=\"lazy\" src=\"https:\/\/calendar.google.com\/calendar\/embed?height=600&#038;wkst=1&#038;ctz=America%2FSao_Paulo&#038;showPrint=0&#038;mode=WEEK&#038;src=YjU4aWVzcWE1ODBnaDBmNDJxYnBtMmw1cXNAZ3JvdXAuY2FsZW5kYXIuZ29vZ2xlLmNvbQ&#038;color=%239e69af\" style=\"border:solid 1px #777\" width=\"800\" height=\"600\" frameborder=\"0\" scrolling=\"no\" class=\"iframe-class\"><\/iframe>\n\n<p>&nbsp;<\/p>\n<p><span style=\"color: #800000; font-size: 14pt;\"><strong>6\u00ba Semestre\u00a0<\/strong><\/span><\/p>\n\n<!-- iframe plugin v.6.0 wordpress.org\/plugins\/iframe\/ -->\n<iframe loading=\"lazy\" src=\"https:\/\/calendar.google.com\/calendar\/embed?height=600&#038;wkst=1&#038;ctz=America%2FSao_Paulo&#038;showPrint=0&#038;mode=WEEK&#038;src=OXVocTVncDJuMDg1aGgwcWxvcWZjcjBnZm9AZ3JvdXAuY2FsZW5kYXIuZ29vZ2xlLmNvbQ&#038;color=%23f09300\" style=\"border:solid 1px #777\" width=\"800\" height=\"600\" frameborder=\"0\" scrolling=\"no\" class=\"iframe-class\"><\/iframe>\n\n<p>&nbsp;<\/p>\n<p><span style=\"color: #800000; font-size: 14pt;\"><strong>5\u00ba Semestre<\/strong><\/span><\/p>\n\n<!-- iframe plugin v.6.0 wordpress.org\/plugins\/iframe\/ -->\n<iframe loading=\"lazy\" src=\"https:\/\/calendar.google.com\/calendar\/embed?height=600&#038;wkst=1&#038;bgcolor=%23ffffff&#038;ctz=America%2FSao_Paulo&#038;mode=WEEK&#038;src=ZjgxNDkxMTMzZjY4MmM0MGI3NzQ3Mzg3MDA2MmJmMDI3YTZiMzE4Yjg0ZjZmNjlkMjAyYjA5OGM1MjljNjYyNEBncm91cC5jYWxlbmRhci5nb29nbGUuY29t&#038;color=%23AD1457\" style=\"border:solid 1px #777\" width=\"800\" height=\"600\" frameborder=\"0\" scrolling=\"no\" class=\"iframe-class\"><\/iframe>\n\n<p>&nbsp;<\/p>\n<p><span style=\"color: #800000; font-size: 14pt;\"><strong>4\u00ba Semestre<\/strong><\/span><\/p>\n<p><span style=\"font-size: 12pt;\">\n<!-- iframe plugin v.6.0 wordpress.org\/plugins\/iframe\/ -->\n<iframe loading=\"lazy\" src=\"https:\/\/calendar.google.com\/calendar\/embed?height=600&#038;wkst=1&#038;bgcolor=%23ffffff&#038;ctz=America%2FSao_Paulo&#038;mode=WEEK&#038;src=YjFjYzdmYTI5MzUzYTMyOTNlN2E5NWU2YWUwY2UyN2IwZDE2YjE4Y2JhYTVmZTVjZmFmZTZiMDJhYzU3OGRiYUBncm91cC5jYWxlbmRhci5nb29nbGUuY29t&#038;color=%238E24AA\" style=\"border:solid 1px #777\" width=\"800\" height=\"600\" frameborder=\"0\" scrolling=\"no\" class=\"iframe-class\"><\/iframe>\n<\/span><\/p>\n<p>&nbsp;<\/p>\n<p><span style=\"color: #800000; font-size: 14pt;\"><strong>3\u00ba Semestre<br \/>\n<\/strong><\/span><\/p>\n\n<!-- iframe plugin v.6.0 wordpress.org\/plugins\/iframe\/ -->\n<iframe loading=\"lazy\" src=\"https:\/\/calendar.google.com\/calendar\/embed?height=600&#038;wkst=1&#038;bgcolor=%23ffffff&#038;ctz=America%2FSao_Paulo&#038;mode=WEEK&#038;src=cHRiYW5lajY4bG43ZjhpaW01ZnVlanFrZjhAZ3JvdXAuY2FsZW5kYXIuZ29vZ2xlLmNvbQ&#038;color=%23E4C441\" style=\"border:solid 1px #777\" width=\"800\" height=\"600\" frameborder=\"0\" scrolling=\"no\" class=\"iframe-class\"><\/iframe>\n\n<p>&nbsp;<\/p>\n<p><span style=\"font-size: 14pt; color: #800000;\"><strong>2\u00ba Semestre<br \/>\n<\/strong><\/span><\/p>\n\n<!-- iframe plugin v.6.0 wordpress.org\/plugins\/iframe\/ -->\n<iframe loading=\"lazy\" src=\"https:\/\/calendar.google.com\/calendar\/embed?height=600&#038;wkst=1&#038;bgcolor=%23ffffff&#038;ctz=America%2FSao_Paulo&#038;mode=WEEK&#038;src=MmVpN2xvbmxycWVkczNnZnFucW4wY3M4N2dAZ3JvdXAuY2FsZW5kYXIuZ29vZ2xlLmNvbQ&#038;color=%23616161\" style=\"border:solid 1px #777\" width=\"800\" height=\"600\" frameborder=\"0\" scrolling=\"no\" class=\"iframe-class\"><\/iframe>\n\n<p>&nbsp;<\/p>\n<p><span style=\"color: #800000; font-size: 14pt;\"><strong>1\u00ba Semestre<br \/>\n<\/strong><\/span><\/p>\n\n<!-- iframe plugin v.6.0 wordpress.org\/plugins\/iframe\/ -->\n<iframe loading=\"lazy\" src=\"https:\/\/calendar.google.com\/calendar\/embed?height=600&#038;wkst=1&#038;bgcolor=%23ffffff&#038;ctz=America%2FSao_Paulo&#038;mode=WEEK&#038;src=YTI5Y2Q4NDc3ZGM2NjYzYWE2MGVmMzYzZTQ1MTY0MmI4YWRmMmIxNGFkNTI3NmI3MDViMDBjNDkyZDcwYzFjNUBncm91cC5jYWxlbmRhci5nb29nbGUuY29t&#038;color=%23E4C441\" style=\"border:solid 1px #777\" width=\"800\" height=\"600\" frameborder=\"0\" scrolling=\"no\" class=\"iframe-class\"><\/iframe>\n\n<p>&nbsp;<\/p>\n<hr \/>\n<p><span style=\"color: #800000; font-size: 14pt;\">Os locais de aulas e atividades pr\u00e1ticas dentro da FO podem ser conferidos aqui:<\/span><\/p>\n<p><a href=\"https:\/\/wp.ufpel.edu.br\/odontologia\/a-faculdade-de-odontologia\/agendamento-de-salas\/\">- Agenda de salas de aulas e laborat\u00f3rios pr\u00e9-cl\u00ednicas<\/a><\/p>\n<p><a href=\"https:\/\/wp.ufpel.edu.br\/odontologia\/a-faculdade-de-odontologia\/agendamento-clinicas\/\">- Agenda de cl\u00ednicas<\/a><\/p>\n<\/div>\n<\/div><\/div><\/div><\/div><\/div>","protected":false},"excerpt":{"rendered":"<p>Grade Hor\u00e1ria IMPORTANTE: \u00c9 PRECISO NAVEGAR NO CALEND\u00c1RIO AT\u00c9 AS DATAS DAS ATIVIDADES. (Turmas apresentadas pelo ano de entrada ainda n\u00e3o est\u00e3o ajustadas devido ao represamento de ofertas decorrente da pandemia) 10\u00ba Semestre &nbsp; 9\u00ba Semestre &nbsp; 8\u00ba Semestre 7\u00ba Semestre Curr\u00edculo Novo 7\u00ba Semestre Curr\u00edculo Antigo\u00a0 &nbsp; 6\u00ba Semestre\u00a0 &nbsp; 5\u00ba Semestre &nbsp; 4\u00ba [&hellip;]<\/p>\n","protected":false},"author":511,"featured_media":0,"parent":44,"menu_order":0,"comment_status":"closed","ping_status":"closed","template":"","meta":{"jetpack_post_was_ever_published":false,"footnotes":""},"class_list":["post-1371","page","type-page","status-publish","hentry","post"],"jetpack_sharing_enabled":true,"jetpack_shortlink":"https:\/\/wp.me\/PaUn96-m7","jetpack-related-posts":[],"_links":{"self":[{"href":"https:\/\/wp.ufpel.edu.br\/odontologia\/wp-json\/wp\/v2\/pages\/1371","targetHints":{"allow":["GET"]}}],"collection":[{"href":"https:\/\/wp.ufpel.edu.br\/odontologia\/wp-json\/wp\/v2\/pages"}],"about":[{"href":"https:\/\/wp.ufpel.edu.br\/odontologia\/wp-json\/wp\/v2\/types\/page"}],"author":[{"embeddable":true,"href":"https:\/\/wp.ufpel.edu.br\/odontologia\/wp-json\/wp\/v2\/users\/511"}],"replies":[{"embeddable":true,"href":"https:\/\/wp.ufpel.edu.br\/odontologia\/wp-json\/wp\/v2\/comments?post=1371"}],"version-history":[{"count":3,"href":"https:\/\/wp.ufpel.edu.br\/odontologia\/wp-json\/wp\/v2\/pages\/1371\/revisions"}],"predecessor-version":[{"id":3701,"href":"https:\/\/wp.ufpel.edu.br\/odontologia\/wp-json\/wp\/v2\/pages\/1371\/revisions\/3701"}],"up":[{"embeddable":true,"href":"https:\/\/wp.ufpel.edu.br\/odontologia\/wp-json\/wp\/v2\/pages\/44"}],"wp:attachment":[{"href":"https:\/\/wp.ufpel.edu.br\/odontologia\/wp-json\/wp\/v2\/media?parent=1371"}],"curies":[{"name":"wp","href":"https:\/\/api.w.org\/{rel}","templated":true}]}}