{"id":1366,"date":"2021-04-23T13:24:24","date_gmt":"2021-04-23T16:24:24","guid":{"rendered":"https:\/\/wp.ufpel.edu.br\/odontologia\/?page_id=1366"},"modified":"2025-04-03T10:42:34","modified_gmt":"2025-04-03T13:42:34","slug":"trabalho-conclusao-de-curso","status":"publish","type":"page","link":"https:\/\/wp.ufpel.edu.br\/odontologia\/ensino\/graduacao\/trabalho-conclusao-de-curso\/","title":{"rendered":"Trabalho Conclus\u00e3o de Curso"},"content":{"rendered":"<div id=\"pl-1366\"  class=\"panel-layout\" ><div id=\"pg-1366-0\"  class=\"panel-grid panel-no-style\" ><div id=\"pgc-1366-0-0\"  class=\"panel-grid-cell\" ><div id=\"panel-1366-0-0-0\" class=\"so-panel widget widget_sow-editor panel-first-child\" data-index=\"0\" ><div\n\t\t\t\n\t\t\tclass=\"so-widget-sow-editor so-widget-sow-editor-base\"\n\t\t\t\n\t\t>\n<div class=\"siteorigin-widget-tinymce textwidget\">\n\t<p style=\"text-align: center;\"><strong><span style=\"font-size: 18pt; color: #800000;\">Trabalho de Conclus\u00e3o de Curso - TCC<\/span><\/strong><\/p>\n<p><strong><span style=\"font-size: 14pt; color: #800000;\">O que \u00e9 o TCC?<\/span><\/strong><\/p>\n<p style=\"text-align: justify;\"><span id=\"page65R_mcid4\" class=\"markedContent\" style=\"font-size: 14pt;\"><span dir=\"ltr\" role=\"presentation\">O TCC <\/span><span dir=\"ltr\" role=\"presentation\">\u00e9 um trabalho que deve ser <\/span><span dir=\"ltr\" role=\"presentation\">apresentado na forma de disserta\u00e7\u00e3o cient\u00edfica, monogr\u00e1fica, onde os alunos<\/span> <span dir=\"ltr\" role=\"presentation\">concluintes, sob a orienta\u00e7\u00e3o do professor, devem elaborar e defender. <\/span><\/span><span id=\"page65R_mcid4\" class=\"markedContent\" style=\"font-size: 14pt;\"><span dir=\"ltr\" role=\"presentation\">O TCC tem car\u00e1ter <\/span><span dir=\"ltr\" role=\"presentation\">obrigat\u00f3rio, de acordo com o Artigo 12<\/span> <span dir=\"ltr\" role=\"presentation\">das Diretrizes Curriculares do Conselho Nacional de Educa\u00e7\u00e3o. <\/span><span dir=\"ltr\" role=\"presentation\">O acad\u00eamico pode desenvolve<\/span><span dir=\"ltr\" role=\"presentation\">r sozinho ou com um colega<\/span><span dir=\"ltr\" role=\"presentation\">,<\/span> <span dir=\"ltr\" role=\"presentation\">obedecendo as <\/span><span dir=\"ltr\" role=\"presentation\">etapas da imagem abaixo:<\/span><\/span><\/p>\n<p><a href=\"https:\/\/i0.wp.com\/wp.ufpel.edu.br\/odontologia\/files\/2022\/05\/TCC_imagem.jpg?ssl=1\"><img data-attachment-id=\"2163\" data-permalink=\"https:\/\/wp.ufpel.edu.br\/odontologia\/ensino\/graduacao\/trabalho-conclusao-de-curso\/tcc_imagem\/#main\" data-orig-file=\"https:\/\/i0.wp.com\/wp.ufpel.edu.br\/odontologia\/files\/2022\/05\/TCC_imagem.jpg?fit=755%2C195&amp;ssl=1\" data-orig-size=\"755,195\" data-comments-opened=\"0\" data-image-meta=\"{&quot;aperture&quot;:&quot;0&quot;,&quot;credit&quot;:&quot;&quot;,&quot;camera&quot;:&quot;&quot;,&quot;caption&quot;:&quot;&quot;,&quot;created_timestamp&quot;:&quot;0&quot;,&quot;copyright&quot;:&quot;&quot;,&quot;focal_length&quot;:&quot;0&quot;,&quot;iso&quot;:&quot;0&quot;,&quot;shutter_speed&quot;:&quot;0&quot;,&quot;title&quot;:&quot;&quot;,&quot;orientation&quot;:&quot;0&quot;}\" data-image-title=\"TCC_imagem\" data-image-description=\"\" data-image-caption=\"\" data-medium-file=\"https:\/\/i0.wp.com\/wp.ufpel.edu.br\/odontologia\/files\/2022\/05\/TCC_imagem.jpg?fit=400%2C103&amp;ssl=1\" data-large-file=\"https:\/\/i0.wp.com\/wp.ufpel.edu.br\/odontologia\/files\/2022\/05\/TCC_imagem.jpg?fit=720%2C186&amp;ssl=1\" data-recalc-dims=\"1\" loading=\"lazy\" decoding=\"async\" class=\"size-full wp-image-2163 aligncenter\" src=\"https:\/\/i0.wp.com\/wp.ufpel.edu.br\/odontologia\/files\/2022\/05\/TCC_imagem.jpg?resize=720%2C186&#038;ssl=1\" alt=\"\" width=\"720\" height=\"186\" srcset=\"https:\/\/i0.wp.com\/wp.ufpel.edu.br\/odontologia\/files\/2022\/05\/TCC_imagem.jpg?w=755&amp;ssl=1 755w, https:\/\/i0.wp.com\/wp.ufpel.edu.br\/odontologia\/files\/2022\/05\/TCC_imagem.jpg?resize=400%2C103&amp;ssl=1 400w\" sizes=\"auto, (max-width: 720px) 100vw, 720px\" \/><\/a><\/p>\n<p>&nbsp;<\/p>\n<p style=\"text-align: justify;\"><span id=\"page65R_mcid3\" class=\"markedContent\" style=\"font-size: 14pt;\"><span dir=\"ltr\" role=\"presentation\">O objetivo da elabora\u00e7\u00e3o e apresenta\u00e7\u00e3o dos trabalhos de TCC \u00e9 criar um<\/span> <span dir=\"ltr\" role=\"presentation\">espa\u00e7o para os estudantes iniciarem<\/span><span dir=\"ltr\" role=\"presentation\">-<\/span><span dir=\"ltr\" role=\"presentation\">se no campo da pesquisa, buscando n\u00e3o s\u00f3<\/span> <span dir=\"ltr\" role=\"presentation\">ampliar<\/span> <span dir=\"ltr\" role=\"presentation\">os<\/span> <span dir=\"ltr\" role=\"presentation\">conhecimentos<\/span> <span dir=\"ltr\" role=\"presentation\">adquiridos<\/span> <span dir=\"ltr\" role=\"presentation\">ao<\/span> <span dir=\"ltr\" role=\"presentation\">longo<\/span> <span dir=\"ltr\" role=\"presentation\">da<\/span> <span dir=\"ltr\" role=\"presentation\">gradua\u00e7\u00e3o<\/span> <span dir=\"ltr\" role=\"presentation\">mas,<\/span> <span dir=\"ltr\" role=\"presentation\">proporcionar<\/span> <span dir=\"ltr\" role=\"presentation\">respostas a algumas d\u00favidas, se<\/span><span dir=\"ltr\" role=\"presentation\">rvindo para nortear futuros trabalhos de pesquisa. Na<\/span> <span dir=\"ltr\" role=\"presentation\">Faculdade de Odontologia, a elabora\u00e7\u00e3o do TCC constitui<\/span><span dir=\"ltr\" role=\"presentation\">-<\/span><span dir=\"ltr\" role=\"presentation\">se em mais um momento de<\/span> <span dir=\"ltr\" role=\"presentation\">flexibiliza\u00e7\u00e3o dentro do curso, j\u00e1 que a escolha do tema e do orientador ficam a cargo<\/span> <span dir=\"ltr\" role=\"presentation\">do aluno, sob supervis\u00e3o do coleg<\/span><span dir=\"ltr\" role=\"presentation\">iado.<\/span><\/span><span id=\"page65R_mcid4\" class=\"markedContent\"><\/span><\/p>\n<p>&nbsp;<\/p>\n<p><span style=\"color: #800000; font-size: 14pt;\"><strong>Quais os momentos de avalia\u00e7\u00e3o?<\/strong><\/span><\/p>\n<p style=\"text-align: justify;\"><span style=\"font-size: 14pt;\"><span id=\"page65R_mcid61\" class=\"markedContent\"><span dir=\"ltr\" role=\"presentation\">H\u00e1<span style=\"font-size: 14pt;\"> a obrigatoriedade da defesa e a<\/span><\/span><span style=\"font-size: 14pt;\"> <span dir=\"ltr\" role=\"presentation\">realiza\u00e7\u00e3o de<\/span> <span dir=\"ltr\" role=\"presentation\">150<\/span> <span dir=\"ltr\" role=\"presentation\">h<\/span><span dir=\"ltr\" role=\"presentation\">oras rel\u00f3gio de<\/span> <span dir=\"ltr\" role=\"presentation\">TCC<\/span> <span dir=\"ltr\" role=\"presentation\">para integraliza\u00e7\u00e3o do curso de Odontologia.<\/span> <span dir=\"ltr\" role=\"presentation\">No oitavo e nono semestres,<\/span> <span dir=\"ltr\" role=\"presentation\">o aluno ser\u00e1<\/span> <span dir=\"ltr\" role=\"presentation\">avaliado<\/span> <span dir=\"ltr\" role=\"presentation\">pelo professor respons\u00e1vel e de acordo com a caracteriza\u00e7\u00e3o da unidade, ser\u00e1<\/span> <span dir=\"ltr\" role=\"presentation\">considerado aprovado ou reprovado, n\u00e3o sendo<\/span> <span dir=\"ltr\" role=\"presentation\">pass\u00edvel a realiza\u00e7\u00e3o de exame<\/span> <span dir=\"ltr\" role=\"presentation\">(artigo<\/span> <span dir=\"ltr\" role=\"presentation\">150, par\u00e1grafo 6\u00ba, da resolu\u00e7\u00e3o 29 do COCEPE do Regulamento do Ensino de <\/span><\/span><\/span><span id=\"page67R_mcid0\" class=\"markedContent\"><span dir=\"ltr\" role=\"presentation\">Gradua\u00e7\u00e3o (2018).<\/span> <span dir=\"ltr\" role=\"presentation\">A<\/span> <span dir=\"ltr\" role=\"presentation\">\u00faltima etapa consiste na apresenta\u00e7\u00e3o do trabalho e avalia\u00e7\u00e3o <\/span><span dir=\"ltr\" role=\"presentation\">conduzida<\/span> <span dir=\"ltr\" role=\"presentation\">por uma banca<\/span> <span dir=\"ltr\" role=\"presentation\">de<\/span> <span dir=\"ltr\" role=\"presentation\">tr\u00eas<\/span> <span dir=\"ltr\" role=\"presentation\">profess<\/span><span dir=\"ltr\" role=\"presentation\">ores:<\/span> <span dir=\"ltr\" role=\"presentation\">p<\/span><span dir=\"ltr\" role=\"presentation\">rofessor orientador e dois professores de \u00e1reas afim<\/span><span dir=\"ltr\" role=\"presentation\">.<\/span> <span dir=\"ltr\" role=\"presentation\">Ap\u00f3s a argui\u00e7\u00e3o e defesa o aluno poder\u00e1 <\/span><span dir=\"ltr\" role=\"presentation\">ser<\/span> <span dir=\"ltr\" role=\"presentation\">considerado aprovado ou reprovado<\/span><span dir=\"ltr\" role=\"presentation\">.<\/span><\/span><\/span><\/p>\n<p>&nbsp;<\/p>\n<p>&nbsp;<\/p>\n<p><span style=\"color: #800000; font-size: 18pt;\"><strong>Fluxo para defesa:<\/strong><\/span><\/p>\n<p><a href=\"https:\/\/i0.wp.com\/wp.ufpel.edu.br\/odontologia\/files\/2023\/06\/Screenshot_1.jpg?ssl=1\"><img data-attachment-id=\"2827\" data-permalink=\"https:\/\/wp.ufpel.edu.br\/odontologia\/ensino\/graduacao\/trabalho-conclusao-de-curso\/screenshot_1-5\/#main\" data-orig-file=\"https:\/\/i0.wp.com\/wp.ufpel.edu.br\/odontologia\/files\/2023\/06\/Screenshot_1.jpg?fit=895%2C531&amp;ssl=1\" data-orig-size=\"895,531\" data-comments-opened=\"0\" data-image-meta=\"{&quot;aperture&quot;:&quot;0&quot;,&quot;credit&quot;:&quot;&quot;,&quot;camera&quot;:&quot;&quot;,&quot;caption&quot;:&quot;&quot;,&quot;created_timestamp&quot;:&quot;0&quot;,&quot;copyright&quot;:&quot;&quot;,&quot;focal_length&quot;:&quot;0&quot;,&quot;iso&quot;:&quot;0&quot;,&quot;shutter_speed&quot;:&quot;0&quot;,&quot;title&quot;:&quot;&quot;,&quot;orientation&quot;:&quot;0&quot;}\" data-image-title=\"Screenshot_1\" data-image-description=\"\" data-image-caption=\"\" data-medium-file=\"https:\/\/i0.wp.com\/wp.ufpel.edu.br\/odontologia\/files\/2023\/06\/Screenshot_1.jpg?fit=400%2C237&amp;ssl=1\" data-large-file=\"https:\/\/i0.wp.com\/wp.ufpel.edu.br\/odontologia\/files\/2023\/06\/Screenshot_1.jpg?fit=720%2C427&amp;ssl=1\" data-recalc-dims=\"1\" loading=\"lazy\" decoding=\"async\" class=\"alignnone size-full wp-image-2827\" src=\"https:\/\/i0.wp.com\/wp.ufpel.edu.br\/odontologia\/files\/2023\/06\/Screenshot_1.jpg?resize=720%2C427&#038;ssl=1\" alt=\"\" width=\"720\" height=\"427\" srcset=\"https:\/\/i0.wp.com\/wp.ufpel.edu.br\/odontologia\/files\/2023\/06\/Screenshot_1.jpg?w=895&amp;ssl=1 895w, https:\/\/i0.wp.com\/wp.ufpel.edu.br\/odontologia\/files\/2023\/06\/Screenshot_1.jpg?resize=400%2C237&amp;ssl=1 400w, https:\/\/i0.wp.com\/wp.ufpel.edu.br\/odontologia\/files\/2023\/06\/Screenshot_1.jpg?resize=768%2C456&amp;ssl=1 768w\" sizes=\"auto, (max-width: 720px) 100vw, 720px\" \/><\/a><\/p>\n<p>&nbsp;<\/p>\n<p>&nbsp;<\/p>\n<p><span style=\"color: #800000; font-size: 14pt;\"><strong>Solicitar Documenta\u00e7\u00e3o (Portaria e Ata) de TCCs:<\/strong><\/span><\/p>\n<p><span style=\"font-size: 14pt;\">Preencha o <a href=\"https:\/\/wp.ufpel.edu.br\/odontologia\/a-faculdade-de-odontologia\/portaria-interna-tcc\/\">formul\u00e1rio aqui<\/a>.<\/span><\/p>\n<p>&nbsp;<\/p>\n<p><span style=\"font-size: 14pt;\"><strong><span style=\"color: #800000;\">Documentos relacionados:<\/span><\/strong><\/span><\/p>\n<p style=\"text-align: justify;\"><span style=\"font-size: 14pt;\"><a href=\"https:\/\/wp.ufpel.edu.br\/odontologia\/files\/2022\/05\/Formulario-de-Avalialcao-do-TCC.docx\">Formul\u00e1rio de Avalia\u00e7\u00e3o do TCC<\/a><\/span><\/p>\n<p style=\"text-align: justify;\"><span style=\"font-size: 14pt;\"><a href=\"https:\/\/wp.ufpel.edu.br\/odontologia\/files\/2023\/06\/Parecer-Normativo-TCCs-2020.pdf\">Parecer Normativo TCCs 2020<\/a><\/span><\/p>\n<p style=\"text-align: justify;\"><span style=\"font-size: 14pt;\"><a href=\"https:\/\/wp.ufpel.edu.br\/odontologia\/files\/2022\/05\/Portaria-Biblioteca.pdf\">Portaria Biblioteca<\/a><\/span><\/p>\n<p>&nbsp;<\/p>\n<hr \/>\n<p>&nbsp;<\/p>\n<p><span style=\"font-size: 14pt; color: #800000;\"><strong>J<span style=\"font-size: 14pt;\">\u00e1 defendi o TCC. Como\/onde envio a vers\u00e3o final?<\/span><\/strong><\/span><\/p>\n<p><span style=\"font-size: 14pt;\">Ap\u00f3s realizar as corre\u00e7\u00f5es que a banca e seu orientador fizeram sobre o seu TCC, voc\u00ea de eviar o <a href=\"https:\/\/wp.ufpel.edu.br\/sisbi\/files\/2024\/02\/Termo-TCC-e-TCCP.pdf\">termo de autriza\u00e7\u00e3o<\/a> para a biblioteca\u00a0 e\u00a0<a href=\"https:\/\/wp.me\/PaUn96-Ep\"> a vers\u00e3o final\u00a0 do TCC preenchendo este formul\u00e1rio.<\/a><\/span><\/p>\n<p>&nbsp;<\/p>\n<hr \/>\n<p>&nbsp;<\/p>\n<\/div>\n<\/div><\/div><div id=\"panel-1366-0-0-1\" class=\"so-panel widget widget_sow-editor panel-last-child\" data-index=\"1\" ><div\n\t\t\t\n\t\t\tclass=\"so-widget-sow-editor so-widget-sow-editor-base\"\n\t\t\t\n\t\t>\n<div class=\"siteorigin-widget-tinymce textwidget\">\n\t<p><span style=\"font-size: 14pt;\">Para assistir os TCCs apresentados de maneira remota, acesse <a href=\"https:\/\/m.youtube.com\/channel\/UCIDNOdusl3-c-Nj4itqjyRQ\">o canal do youtube<\/a>. E siga o perfil dos <a href=\"https:\/\/www.instagram.com\/tccdaodontoufpel\/\">TCCs da FO-UFPel<\/a> no instagram para ficar por dentro dos calend\u00e1rios e atividades.<\/span><\/p>\n<\/div>\n<\/div><\/div><\/div><\/div><\/div>","protected":false},"excerpt":{"rendered":"<p>Trabalho de Conclus\u00e3o de Curso &#8211; TCC O que \u00e9 o TCC? O TCC \u00e9 um trabalho que deve ser apresentado na forma de disserta\u00e7\u00e3o cient\u00edfica, monogr\u00e1fica, onde os alunos concluintes, sob a orienta\u00e7\u00e3o do professor, devem elaborar e defender. O TCC tem car\u00e1ter obrigat\u00f3rio, de acordo com o Artigo 12 das Diretrizes Curriculares do [&hellip;]<\/p>\n","protected":false},"author":511,"featured_media":0,"parent":44,"menu_order":0,"comment_status":"closed","ping_status":"closed","template":"","meta":{"jetpack_post_was_ever_published":false,"footnotes":""},"class_list":["post-1366","page","type-page","status-publish","hentry","post"],"jetpack_sharing_enabled":true,"jetpack_shortlink":"https:\/\/wp.me\/PaUn96-m2","jetpack-related-posts":[],"_links":{"self":[{"href":"https:\/\/wp.ufpel.edu.br\/odontologia\/wp-json\/wp\/v2\/pages\/1366","targetHints":{"allow":["GET"]}}],"collection":[{"href":"https:\/\/wp.ufpel.edu.br\/odontologia\/wp-json\/wp\/v2\/pages"}],"about":[{"href":"https:\/\/wp.ufpel.edu.br\/odontologia\/wp-json\/wp\/v2\/types\/page"}],"author":[{"embeddable":true,"href":"https:\/\/wp.ufpel.edu.br\/odontologia\/wp-json\/wp\/v2\/users\/511"}],"replies":[{"embeddable":true,"href":"https:\/\/wp.ufpel.edu.br\/odontologia\/wp-json\/wp\/v2\/comments?post=1366"}],"version-history":[{"count":16,"href":"https:\/\/wp.ufpel.edu.br\/odontologia\/wp-json\/wp\/v2\/pages\/1366\/revisions"}],"predecessor-version":[{"id":3347,"href":"https:\/\/wp.ufpel.edu.br\/odontologia\/wp-json\/wp\/v2\/pages\/1366\/revisions\/3347"}],"up":[{"embeddable":true,"href":"https:\/\/wp.ufpel.edu.br\/odontologia\/wp-json\/wp\/v2\/pages\/44"}],"wp:attachment":[{"href":"https:\/\/wp.ufpel.edu.br\/odontologia\/wp-json\/wp\/v2\/media?parent=1366"}],"curies":[{"name":"wp","href":"https:\/\/api.w.org\/{rel}","templated":true}]}}