{"id":13,"date":"2015-04-07T10:15:27","date_gmt":"2015-04-07T13:15:27","guid":{"rendered":"https:\/\/wp.ufpel.edu.br\/odontologia\/?page_id=13"},"modified":"2022-11-07T11:48:34","modified_gmt":"2022-11-07T14:48:34","slug":"extensao","status":"publish","type":"page","link":"https:\/\/wp.ufpel.edu.br\/odontologia\/extensao\/","title":{"rendered":"EXTENS\u00c3O"},"content":{"rendered":"<p style=\"text-align: center;\"><span style=\"color: #800000;\"><strong><span style=\"font-size: 18pt;\">EXTENS\u00c3O<\/span><\/strong><\/span><\/p>\n<p style=\"text-align: justify;\"><span style=\"color: #000000; font-size: 14pt;\">Extens\u00e3o universit\u00e1ria s\u00e3o as a\u00e7\u00f5es e procedimentos indissoci\u00e1veis com o Ensino e\/ou Pesquisa que se desenvolvem, curricularmente ou n\u00e3o, em processo pedag\u00f3gico, envolvendo docentes, servidores t\u00e9cnico-administrativos, discentes e em intera\u00e7\u00e3o com a comunidade geral. A Universidade Federal de Pelotas (UFPel) atrav\u00e9s da Pr\u00f3-Reitoria de Extens\u00e3o e Cultura (PREC) sistematiza seu trabalho de acordo com as diretrizes formuladas pela Secretaria do Ensino Superior do MEC (MEC\/SESu) e o conjunto das Universidades P\u00fablicas Brasileiras, atrav\u00e9s do F\u00f3rum Nacional de Pr\u00f3-Reitores de Extens\u00e3o, que estabeleceram o Plano Nacional de Extens\u00e3o (PNE), aprovado pelo Minist\u00e9rio da Educa\u00e7\u00e3o (MEC) em publica\u00e7\u00e3o oficial no ano de 1999. (Trecho retirado da Resolu\u00e7\u00e3o n. 04 de 21 de mar\u00e7o de 2013 &#8211; COCEPE)<\/span><\/p>\n<p style=\"text-align: justify;\"><span style=\"color: #000000; font-size: 14pt;\">Na Faculdade de Odontologia os projetos de extens\u00e3o s\u00e3o, em sua maioria, direcionados ao atendimento de pacientes com demanda n\u00e3o ofertada pelo curr\u00edculo do curso de gradua\u00e7\u00e3o, aprimoramento da atua\u00e7\u00e3o cl\u00ednica dos alunos e suprimento da demanda de atendimento da popula\u00e7\u00e3o.<\/span><\/p>\n<p style=\"text-align: justify;\"><span style=\"color: #000000; font-size: 14pt;\">O regimento do n\u00facleo estruturante de extens\u00e3o da Faculdade de Odontologia pode ser consultado <span style=\"color: #0000ff;\"><a style=\"color: #0000ff;\" href=\"https:\/\/wp.ufpel.edu.br\/odontologia\/extensao\/regimento-do-nucleo-estruturante-de-extensao\/\">aqui<\/a><\/span>.<\/span><\/p>\n","protected":false},"excerpt":{"rendered":"<p>EXTENS\u00c3O Extens\u00e3o universit\u00e1ria s\u00e3o as a\u00e7\u00f5es e procedimentos indissoci\u00e1veis com o Ensino e\/ou Pesquisa que se desenvolvem, curricularmente ou n\u00e3o, em processo pedag\u00f3gico, envolvendo docentes, servidores t\u00e9cnico-administrativos, discentes e em intera\u00e7\u00e3o com a comunidade geral. A Universidade Federal de Pelotas (UFPel) atrav\u00e9s da Pr\u00f3-Reitoria de Extens\u00e3o e Cultura (PREC) sistematiza seu trabalho de acordo com [&hellip;]<\/p>\n","protected":false},"author":511,"featured_media":0,"parent":0,"menu_order":3,"comment_status":"closed","ping_status":"closed","template":"","meta":{"jetpack_post_was_ever_published":false,"footnotes":""},"class_list":["post-13","page","type-page","status-publish","hentry","post"],"jetpack_sharing_enabled":true,"jetpack_shortlink":"https:\/\/wp.me\/PaUn96-d","jetpack-related-posts":[],"_links":{"self":[{"href":"https:\/\/wp.ufpel.edu.br\/odontologia\/wp-json\/wp\/v2\/pages\/13","targetHints":{"allow":["GET"]}}],"collection":[{"href":"https:\/\/wp.ufpel.edu.br\/odontologia\/wp-json\/wp\/v2\/pages"}],"about":[{"href":"https:\/\/wp.ufpel.edu.br\/odontologia\/wp-json\/wp\/v2\/types\/page"}],"author":[{"embeddable":true,"href":"https:\/\/wp.ufpel.edu.br\/odontologia\/wp-json\/wp\/v2\/users\/511"}],"replies":[{"embeddable":true,"href":"https:\/\/wp.ufpel.edu.br\/odontologia\/wp-json\/wp\/v2\/comments?post=13"}],"version-history":[{"count":12,"href":"https:\/\/wp.ufpel.edu.br\/odontologia\/wp-json\/wp\/v2\/pages\/13\/revisions"}],"predecessor-version":[{"id":2579,"href":"https:\/\/wp.ufpel.edu.br\/odontologia\/wp-json\/wp\/v2\/pages\/13\/revisions\/2579"}],"wp:attachment":[{"href":"https:\/\/wp.ufpel.edu.br\/odontologia\/wp-json\/wp\/v2\/media?parent=13"}],"curies":[{"name":"wp","href":"https:\/\/api.w.org\/{rel}","templated":true}]}}