{"id":1134,"date":"2019-09-09T14:25:38","date_gmt":"2019-09-09T17:25:38","guid":{"rendered":"https:\/\/wp.ufpel.edu.br\/odontologia\/?page_id=1134"},"modified":"2023-04-05T17:36:01","modified_gmt":"2023-04-05T20:36:01","slug":"projetos-de-ensino","status":"publish","type":"page","link":"https:\/\/wp.ufpel.edu.br\/odontologia\/ensino\/projetos-de-ensino\/","title":{"rendered":"Projetos de Ensino"},"content":{"rendered":"<div id=\"pl-1134\"  class=\"panel-layout\" ><div id=\"pg-1134-0\"  class=\"panel-grid panel-no-style\" ><div id=\"pgc-1134-0-0\"  class=\"panel-grid-cell\" ><div id=\"panel-1134-0-0-0\" class=\"so-panel widget widget_sow-editor panel-first-child panel-last-child\" data-index=\"0\" ><div\n\t\t\t\n\t\t\tclass=\"so-widget-sow-editor so-widget-sow-editor-base\"\n\t\t\t\n\t\t>\n<div class=\"siteorigin-widget-tinymce textwidget\">\n\t<p style=\"text-align: center;\"><span style=\"font-size: 18pt;\"><strong><span style=\"color: #800000;\">Projetos unificados com \u00eanfase em ensino ofertados pela FO-UFPel<br \/>\n<\/span><\/strong><\/span><\/p>\n<p>&nbsp;<\/p>\n<script>\n\tconst pluginURL  = 'https:\/\/wp.ufpel.edu.br\/odontologia\/wp-content\/plugins\/dados-cobalto\/lib\/..\/js',\n\t\t  lang       = 'pt',\n\t\t  ativaBusca = '';\n<\/script>\n<script src=\"https:\/\/wp.ufpel.edu.br\/odontologia\/wp-content\/plugins\/dados-cobalto\/lib\/..\/js\/datatables\/datatables.min.js\"><\/script>\n<script src=\"https:\/\/wp.ufpel.edu.br\/odontologia\/wp-content\/plugins\/dados-cobalto\/lib\/..\/js\/projetos.js\"><\/script><div class=\"dados-cobalto cobalto-lista-projetos\"><table id=\"cobalto-tabela-projetos-1\" class=\"cobalto-tabela-projetos\"><thead><tr><th>T\u00edtulo<\/th><th>In\u00edcio<\/th><th>Fim<\/th><\/tr><\/thead><tbody><tr><td><a href=\"https:\/\/institucional.ufpel.edu.br\/projetos\/id\/u2089\" target=\"_blank\">Endodontia<\/a><\/td><td data-order=\"2020-03-02\">02\/03\/2020<\/td><td data-order=\"2027-12-31\">31\/12\/2027<\/td><\/tr><tr><td><a href=\"https:\/\/institucional.ufpel.edu.br\/projetos\/id\/u2338\" target=\"_blank\">Reaprendendo a sorrir: Odontogeriatria e Gerontologia<\/a><\/td><td data-order=\"2020-04-15\">15\/04\/2020<\/td><td data-order=\"2030-03-01\">01\/03\/2030<\/td><\/tr><tr><td><a href=\"https:\/\/institucional.ufpel.edu.br\/projetos\/id\/u3046\" target=\"_blank\">Construindo a Excel\u00eancia na Ortodontia Atual<\/a><\/td><td data-order=\"2020-06-22\">22\/06\/2020<\/td><td data-order=\"2029-06-09\">09\/06\/2029<\/td><\/tr><tr><td><a href=\"https:\/\/institucional.ufpel.edu.br\/projetos\/id\/u4669\" target=\"_blank\">Liga acad\u00eamica de inova\u00e7\u00e3o, empreendedorismo e tecnologias na \u00e1rea da sa\u00fade<\/a><\/td><td data-order=\"2022-04-24\">24\/04\/2022<\/td><td data-order=\"2028-07-27\">27\/07\/2028<\/td><\/tr><tr><td><a href=\"https:\/\/institucional.ufpel.edu.br\/projetos\/id\/u5672\" target=\"_blank\">LA CASA DA BIOESTAT\u00cdSTICA: DESENVOLVENDO PLANOS DE AN\u00c1LISE NA \u00c1REA DA SA\u00daDE<\/a><\/td><td data-order=\"2022-08-01\">01\/08\/2022<\/td><td data-order=\"2028-08-01\">01\/08\/2028<\/td><\/tr><tr><td><a href=\"https:\/\/institucional.ufpel.edu.br\/projetos\/id\/u6669\" target=\"_blank\">Disciplinas cl\u00ednicas do PPGO como ferramenta de aprendizado para a gradua\u00e7\u00e3o<\/a><\/td><td data-order=\"2023-05-01\">01\/05\/2023<\/td><td data-order=\"2026-12-31\">31\/12\/2026<\/td><\/tr><tr><td><a href=\"https:\/\/institucional.ufpel.edu.br\/projetos\/id\/u8423\" target=\"_blank\">Produ\u00e7\u00e3o de Material Did\u00e1tico para Radiologia Odontol\u00f3gica e Imaginologia<\/a><\/td><td data-order=\"2024-08-01\">01\/08\/2024<\/td><td data-order=\"2026-12-19\">19\/12\/2026<\/td><\/tr><tr><td><a href=\"https:\/\/institucional.ufpel.edu.br\/projetos\/id\/u9289\" target=\"_blank\">Liga Acad\u00eamica de Radiologia Odontol\u00f3gica e Imagenologia (LAROI)<\/a><\/td><td data-order=\"2025-04-22\">22\/04\/2025<\/td><td data-order=\"2028-04-22\">22\/04\/2028<\/td><\/tr><tr><td><a href=\"https:\/\/institucional.ufpel.edu.br\/projetos\/id\/u9703\" target=\"_blank\">DACaRS - Diagn\u00f3stico e Acompanhamento de les\u00f5es de C\u00e1rie e Restaura\u00e7\u00f5es com Scanner<\/a><\/td><td data-order=\"2025-06-20\">20\/06\/2025<\/td><td data-order=\"2029-06-20\">20\/06\/2029<\/td><\/tr><tr><td><a href=\"https:\/\/institucional.ufpel.edu.br\/projetos\/id\/u9808\" target=\"_blank\">Liga Acad\u00eamica de Materiais Odontol\u00f3gicos - LIAMO<\/a><\/td><td data-order=\"2025-06-24\">24\/06\/2025<\/td><td data-order=\"2028-07-31\">31\/07\/2028<\/td><\/tr><tr><td><a href=\"https:\/\/institucional.ufpel.edu.br\/projetos\/id\/u10681\" target=\"_blank\">Liga Acad\u00eamica de Periodontia e Implantodontia (LAPI)<\/a><\/td><td data-order=\"2026-02-24\">24\/02\/2026<\/td><td data-order=\"2029-12-31\">31\/12\/2029<\/td><\/tr><\/tbody><\/table><\/div>\n<p>&nbsp;<\/p>\n<\/div>\n<\/div><\/div><\/div><\/div><\/div>","protected":false},"excerpt":{"rendered":"<p>Projetos unificados com \u00eanfase em ensino ofertados pela FO-UFPel &nbsp; &nbsp;<\/p>\n","protected":false},"author":511,"featured_media":0,"parent":8,"menu_order":0,"comment_status":"closed","ping_status":"closed","template":"","meta":{"jetpack_post_was_ever_published":false,"footnotes":""},"class_list":["post-1134","page","type-page","status-publish","hentry","post"],"jetpack_sharing_enabled":true,"jetpack_shortlink":"https:\/\/wp.me\/PaUn96-ii","jetpack-related-posts":[],"_links":{"self":[{"href":"https:\/\/wp.ufpel.edu.br\/odontologia\/wp-json\/wp\/v2\/pages\/1134","targetHints":{"allow":["GET"]}}],"collection":[{"href":"https:\/\/wp.ufpel.edu.br\/odontologia\/wp-json\/wp\/v2\/pages"}],"about":[{"href":"https:\/\/wp.ufpel.edu.br\/odontologia\/wp-json\/wp\/v2\/types\/page"}],"author":[{"embeddable":true,"href":"https:\/\/wp.ufpel.edu.br\/odontologia\/wp-json\/wp\/v2\/users\/511"}],"replies":[{"embeddable":true,"href":"https:\/\/wp.ufpel.edu.br\/odontologia\/wp-json\/wp\/v2\/comments?post=1134"}],"version-history":[{"count":4,"href":"https:\/\/wp.ufpel.edu.br\/odontologia\/wp-json\/wp\/v2\/pages\/1134\/revisions"}],"predecessor-version":[{"id":2734,"href":"https:\/\/wp.ufpel.edu.br\/odontologia\/wp-json\/wp\/v2\/pages\/1134\/revisions\/2734"}],"up":[{"embeddable":true,"href":"https:\/\/wp.ufpel.edu.br\/odontologia\/wp-json\/wp\/v2\/pages\/8"}],"wp:attachment":[{"href":"https:\/\/wp.ufpel.edu.br\/odontologia\/wp-json\/wp\/v2\/media?parent=1134"}],"curies":[{"name":"wp","href":"https:\/\/api.w.org\/{rel}","templated":true}]}}