{"id":883,"date":"2014-09-26T15:41:05","date_gmt":"2014-09-26T18:41:05","guid":{"rendered":"https:\/\/wp.ufpel.edu.br\/observatoriosocial\/?page_id=883"},"modified":"2018-04-11T17:48:14","modified_gmt":"2018-04-11T20:48:14","slug":"documentos","status":"publish","type":"page","link":"https:\/\/wp.ufpel.edu.br\/observatoriosocial\/documentos\/","title":{"rendered":"Documentos"},"content":{"rendered":"<p>Abaixo, voc\u00ea pode ter acesso a alguns documentos importantes para pesquisas sobre trabalho, mercado de trabalho e profiss\u00f5es. Para acess\u00e1-los, basta clicar nos respectivos links.<\/p>\n<p>&nbsp;<\/p>\n<p><strong>Manuais de Orienta\u00e7\u00e3o RAIS e CAGED<\/strong><\/p>\n<p><a href=\"https:\/\/wp.ufpel.edu.br\/observatoriosocial\/files\/2018\/04\/Manual-de-Orienta\u00e7\u00e3o-CAGED-2017.pdf\">Manual de Orienta\u00e7\u00e3o CAGED (2017)<\/a><\/p>\n<p><a href=\"https:\/\/wp.ufpel.edu.br\/observatoriosocial\/files\/2018\/04\/Manual-de-Orienta\u00e7\u00e3o-RAIS-2017.pdf\">Manual de Orienta\u00e7\u00e3o RAIS (2017)<\/a><\/p>\n<p>&nbsp;<\/p>\n<p><strong>Classifica\u00e7\u00e3o Brasileira de Ocupa\u00e7\u00f5es (CBO):<\/strong><\/p>\n<p><a href=\"https:\/\/wp.ufpel.edu.br\/observatoriosocial\/files\/2014\/09\/CBO-Livro-1.pdf\">CBO Livro 1<\/a><\/p>\n<p><a href=\"https:\/\/wp.ufpel.edu.br\/observatoriosocial\/files\/2014\/09\/CBO-Livro-2.pdf\">CBO Livro 2<\/a><\/p>\n<p>&nbsp;<\/p>\n<p><strong>Classifica\u00e7\u00e3o Nacional de Atividades Econ\u00f4micas (CNAE):<\/strong><\/p>\n<p><a href=\"https:\/\/wp.ufpel.edu.br\/observatoriosocial\/files\/2014\/09\/CNAE-2.1-estrutura-detalhada1.pdf\">CNAE 2.1 estrutura detalhada<\/a><\/p>\n<p>&nbsp;<\/p>\n","protected":false},"excerpt":{"rendered":"<p>Abaixo, voc\u00ea pode ter acesso a alguns documentos importantes para pesquisas sobre trabalho, mercado de trabalho e profiss\u00f5es. Para acess\u00e1-los, basta clicar nos respectivos links. &nbsp; Manuais de Orienta\u00e7\u00e3o RAIS e CAGED Manual de Orienta\u00e7\u00e3o CAGED (2017) Manual de Orienta\u00e7\u00e3o RAIS (2017) &nbsp; Classifica\u00e7\u00e3o Brasileira de Ocupa\u00e7\u00f5es (CBO): CBO Livro 1 CBO Livro 2 &nbsp; [&hellip;]<\/p>\n","protected":false},"author":102,"featured_media":0,"parent":0,"menu_order":0,"comment_status":"closed","ping_status":"closed","template":"","meta":{"footnotes":""},"class_list":["post-883","page","type-page","status-publish","hentry"],"yoast_head":"<!-- This site is optimized with the Yoast SEO plugin v26.7 - https:\/\/yoast.com\/wordpress\/plugins\/seo\/ -->\n<title>Documentos &#8226; OBSERVAT\u00d3RIO SOCIAL DO TRABALHO<\/title>\n<meta name=\"robots\" content=\"index, follow, max-snippet:-1, max-image-preview:large, max-video-preview:-1\" \/>\n<link rel=\"canonical\" href=\"https:\/\/wp.ufpel.edu.br\/observatoriosocial\/documentos\/\" \/>\n<meta property=\"og:locale\" content=\"pt_BR\" \/>\n<meta property=\"og:type\" content=\"article\" \/>\n<meta property=\"og:title\" content=\"Documentos &#8226; OBSERVAT\u00d3RIO SOCIAL DO TRABALHO\" \/>\n<meta property=\"og:description\" content=\"Abaixo, voc\u00ea pode ter acesso a alguns documentos importantes para pesquisas sobre trabalho, mercado de trabalho e profiss\u00f5es. Para acess\u00e1-los, basta clicar nos respectivos links. &nbsp; Manuais de Orienta\u00e7\u00e3o RAIS e CAGED Manual de Orienta\u00e7\u00e3o CAGED (2017) Manual de Orienta\u00e7\u00e3o RAIS (2017) &nbsp; Classifica\u00e7\u00e3o Brasileira de Ocupa\u00e7\u00f5es (CBO): CBO Livro 1 CBO Livro 2 &nbsp; [&hellip;]\" \/>\n<meta property=\"og:url\" content=\"https:\/\/wp.ufpel.edu.br\/observatoriosocial\/documentos\/\" \/>\n<meta property=\"og:site_name\" content=\"OBSERVAT\u00d3RIO SOCIAL DO TRABALHO\" \/>\n<meta property=\"article:publisher\" content=\"https:\/\/www.facebook.com\/observatoriodaufpel\/\" \/>\n<meta property=\"article:modified_time\" content=\"2018-04-11T20:48:14+00:00\" \/>\n<meta name=\"twitter:card\" content=\"summary_large_image\" \/>\n<meta name=\"twitter:site\" content=\"@ufpeltrabalho\" \/>\n<script type=\"application\/ld+json\" class=\"yoast-schema-graph\">{\"@context\":\"https:\/\/schema.org\",\"@graph\":[{\"@type\":\"WebPage\",\"@id\":\"https:\/\/wp.ufpel.edu.br\/observatoriosocial\/documentos\/\",\"url\":\"https:\/\/wp.ufpel.edu.br\/observatoriosocial\/documentos\/\",\"name\":\"Documentos &#8226; OBSERVAT\u00d3RIO SOCIAL DO TRABALHO\",\"isPartOf\":{\"@id\":\"https:\/\/wp.ufpel.edu.br\/observatoriosocial\/#website\"},\"datePublished\":\"2014-09-26T18:41:05+00:00\",\"dateModified\":\"2018-04-11T20:48:14+00:00\",\"breadcrumb\":{\"@id\":\"https:\/\/wp.ufpel.edu.br\/observatoriosocial\/documentos\/#breadcrumb\"},\"inLanguage\":\"pt-BR\",\"potentialAction\":[{\"@type\":\"ReadAction\",\"target\":[\"https:\/\/wp.ufpel.edu.br\/observatoriosocial\/documentos\/\"]}]},{\"@type\":\"BreadcrumbList\",\"@id\":\"https:\/\/wp.ufpel.edu.br\/observatoriosocial\/documentos\/#breadcrumb\",\"itemListElement\":[{\"@type\":\"ListItem\",\"position\":1,\"name\":\"In\u00edcio\",\"item\":\"https:\/\/wp.ufpel.edu.br\/observatoriosocial\/\"},{\"@type\":\"ListItem\",\"position\":2,\"name\":\"Documentos\"}]},{\"@type\":\"WebSite\",\"@id\":\"https:\/\/wp.ufpel.edu.br\/observatoriosocial\/#website\",\"url\":\"https:\/\/wp.ufpel.edu.br\/observatoriosocial\/\",\"name\":\"OBSERVAT\u00d3RIO SOCIAL DO TRABALHO\",\"description\":\"Instituto de Filosofia, Sociologia e Pol\u00edtica (IFISP) \/ Universidade Federal de Pelotas (UFPel)\",\"potentialAction\":[{\"@type\":\"SearchAction\",\"target\":{\"@type\":\"EntryPoint\",\"urlTemplate\":\"https:\/\/wp.ufpel.edu.br\/observatoriosocial\/?s={search_term_string}\"},\"query-input\":{\"@type\":\"PropertyValueSpecification\",\"valueRequired\":true,\"valueName\":\"search_term_string\"}}],\"inLanguage\":\"pt-BR\"}]}<\/script>\n<!-- \/ Yoast SEO plugin. -->","yoast_head_json":{"title":"Documentos &#8226; OBSERVAT\u00d3RIO SOCIAL DO TRABALHO","robots":{"index":"index","follow":"follow","max-snippet":"max-snippet:-1","max-image-preview":"max-image-preview:large","max-video-preview":"max-video-preview:-1"},"canonical":"https:\/\/wp.ufpel.edu.br\/observatoriosocial\/documentos\/","og_locale":"pt_BR","og_type":"article","og_title":"Documentos &#8226; OBSERVAT\u00d3RIO SOCIAL DO TRABALHO","og_description":"Abaixo, voc\u00ea pode ter acesso a alguns documentos importantes para pesquisas sobre trabalho, mercado de trabalho e profiss\u00f5es. Para acess\u00e1-los, basta clicar nos respectivos links. &nbsp; Manuais de Orienta\u00e7\u00e3o RAIS e CAGED Manual de Orienta\u00e7\u00e3o CAGED (2017) Manual de Orienta\u00e7\u00e3o RAIS (2017) &nbsp; Classifica\u00e7\u00e3o Brasileira de Ocupa\u00e7\u00f5es (CBO): CBO Livro 1 CBO Livro 2 &nbsp; [&hellip;]","og_url":"https:\/\/wp.ufpel.edu.br\/observatoriosocial\/documentos\/","og_site_name":"OBSERVAT\u00d3RIO SOCIAL DO TRABALHO","article_publisher":"https:\/\/www.facebook.com\/observatoriodaufpel\/","article_modified_time":"2018-04-11T20:48:14+00:00","twitter_card":"summary_large_image","twitter_site":"@ufpeltrabalho","schema":{"@context":"https:\/\/schema.org","@graph":[{"@type":"WebPage","@id":"https:\/\/wp.ufpel.edu.br\/observatoriosocial\/documentos\/","url":"https:\/\/wp.ufpel.edu.br\/observatoriosocial\/documentos\/","name":"Documentos &#8226; OBSERVAT\u00d3RIO SOCIAL DO TRABALHO","isPartOf":{"@id":"https:\/\/wp.ufpel.edu.br\/observatoriosocial\/#website"},"datePublished":"2014-09-26T18:41:05+00:00","dateModified":"2018-04-11T20:48:14+00:00","breadcrumb":{"@id":"https:\/\/wp.ufpel.edu.br\/observatoriosocial\/documentos\/#breadcrumb"},"inLanguage":"pt-BR","potentialAction":[{"@type":"ReadAction","target":["https:\/\/wp.ufpel.edu.br\/observatoriosocial\/documentos\/"]}]},{"@type":"BreadcrumbList","@id":"https:\/\/wp.ufpel.edu.br\/observatoriosocial\/documentos\/#breadcrumb","itemListElement":[{"@type":"ListItem","position":1,"name":"In\u00edcio","item":"https:\/\/wp.ufpel.edu.br\/observatoriosocial\/"},{"@type":"ListItem","position":2,"name":"Documentos"}]},{"@type":"WebSite","@id":"https:\/\/wp.ufpel.edu.br\/observatoriosocial\/#website","url":"https:\/\/wp.ufpel.edu.br\/observatoriosocial\/","name":"OBSERVAT\u00d3RIO SOCIAL DO TRABALHO","description":"Instituto de Filosofia, Sociologia e Pol\u00edtica (IFISP) \/ Universidade Federal de Pelotas (UFPel)","potentialAction":[{"@type":"SearchAction","target":{"@type":"EntryPoint","urlTemplate":"https:\/\/wp.ufpel.edu.br\/observatoriosocial\/?s={search_term_string}"},"query-input":{"@type":"PropertyValueSpecification","valueRequired":true,"valueName":"search_term_string"}}],"inLanguage":"pt-BR"}]}},"_links":{"self":[{"href":"https:\/\/wp.ufpel.edu.br\/observatoriosocial\/wp-json\/wp\/v2\/pages\/883","targetHints":{"allow":["GET"]}}],"collection":[{"href":"https:\/\/wp.ufpel.edu.br\/observatoriosocial\/wp-json\/wp\/v2\/pages"}],"about":[{"href":"https:\/\/wp.ufpel.edu.br\/observatoriosocial\/wp-json\/wp\/v2\/types\/page"}],"author":[{"embeddable":true,"href":"https:\/\/wp.ufpel.edu.br\/observatoriosocial\/wp-json\/wp\/v2\/users\/102"}],"replies":[{"embeddable":true,"href":"https:\/\/wp.ufpel.edu.br\/observatoriosocial\/wp-json\/wp\/v2\/comments?post=883"}],"version-history":[{"count":5,"href":"https:\/\/wp.ufpel.edu.br\/observatoriosocial\/wp-json\/wp\/v2\/pages\/883\/revisions"}],"predecessor-version":[{"id":1984,"href":"https:\/\/wp.ufpel.edu.br\/observatoriosocial\/wp-json\/wp\/v2\/pages\/883\/revisions\/1984"}],"wp:attachment":[{"href":"https:\/\/wp.ufpel.edu.br\/observatoriosocial\/wp-json\/wp\/v2\/media?parent=883"}],"curies":[{"name":"wp","href":"https:\/\/api.w.org\/{rel}","templated":true}]}}