{"id":8,"date":"2011-03-30T11:52:18","date_gmt":"2011-03-30T14:52:18","guid":{"rendered":"https:\/\/wp.ufpel.edu.br\/observatoriosocial\/"},"modified":"2014-07-03T15:35:14","modified_gmt":"2014-07-03T18:35:14","slug":"banco-de-dados","status":"publish","type":"page","link":"https:\/\/wp.ufpel.edu.br\/observatoriosocial\/banco-de-dados-2\/banco-de-dados\/","title":{"rendered":"Indicadores de evolu\u00e7\u00e3o do emprego"},"content":{"rendered":"<p>Abaixo, voc\u00ea poder\u00e1 encontrar informa\u00e7\u00f5es a respeito dos sistemas de coleta de dados do Minist\u00e9rio do Trabalho (MTE) &#8211; RAIS e CAGED:<\/p>\n<p>A Rela\u00e7\u00e3o Anual de Informa\u00e7\u00f5es Sociais \u2013 RAIS \u00e9 um instrumento de coleta de dados institu\u00edda pelo Decreto 76.900 de 23.12.75 cujos objetivos s\u00e3o suprir as necessidades de controle da atividade trabalhista nacional, fornecer dados relevantes \u00e0 elabora\u00e7\u00e3o estat\u00edstica do mundo do trabalho no pa\u00eds e prover um banco de informa\u00e7\u00f5es do mercado de trabalho para o p\u00fablico em geral e entidades governamentais. Tais dados atendem \u00e0s necessidades governamentais de visibilidade e controle dos registros do FGTS, da legisla\u00e7\u00e3o da nacionaliza\u00e7\u00e3o do trabalho, dos Sistemas de Arrecada\u00e7\u00e3o e de Concess\u00e3o e Benef\u00edcios Previdenci\u00e1rios, e de identifica\u00e7\u00e3o de trabalhadores com direito de abono salarial PIS\/PASEP da Caixa Econ\u00f4mica Federal (Programa de Integra\u00e7\u00e3o Social\/Programa de Forma\u00e7\u00e3o do Patrim\u00f4nio do Servidor P\u00fablico) vinculados ao sistema, al\u00e9m de servir de base para estudos t\u00e9cnicos de natureza estat\u00edstica e autuarial. Os declarantes da RAIS s\u00e3o: todos os inscritos no CNPJ com ou sem empregados; empregadores conforme as defini\u00e7\u00f5es da CLT; todas as pessoas jur\u00eddicas de direito privado; empresas individuais, com ou sem empregados; cart\u00f3rios extrajudiciais e cons\u00f3rcios de empresas; empregadores urbanos pessoas f\u00edsicas (aut\u00f4nomos e profissionais liberais) que mantiveram empregados no ano-base; org\u00e3os da administra\u00e7\u00e3o estatal direta e indireta; condom\u00ednios e sociedades civis; empregadores rurais pessoas f\u00edsicas que mantiveram empregados no ano-base e filiais, ag\u00eancias, sucursais, representa\u00e7\u00f5es ou quaisquer outras formas de entidades vinculadas \u00e0 pessoa jur\u00eddica domiciliada no exterior.<\/p>\n<p>O Cadastro Geral de Empregados e Desempregados &#8211; CAGED foi criado pelo Governo Federal, atrav\u00e9s da Lei n\u00ba 4.923\/65, que instituiu o registro permanente de admiss\u00f5es e dispensa de empregados, sob o regime da Consolida\u00e7\u00e3o das Leis do Trabalho &#8211; CLT. \u00c9 um registro administrativo do Minist\u00e9rio do Trabalho e Emprego e informa, portanto, as movimenta\u00e7\u00f5es no mercado de trabalho de acordo com as declara\u00e7\u00f5es de empregadores de trabalhadores formais e suas respectivas admiss\u00f5es e demiss\u00f5es. Al\u00e9m disso, de acordo com o portal do MTE, serve como base estat\u00edstica para estudos, pesquisas, projetos e programas ligados ao mercado de trabalho, e tomadas de decis\u00e3o para a\u00e7\u00f5es governamentais. Est\u00e1 tamb\u00e9m vinculado ao Programa Seguro-Desemprego e outras pol\u00edticas sociais. Ainda de acordo com o Minist\u00e9rio, todo estabelecimento que tenha admitido, desligado ou transferido empregado com contrato de trabalho regido pela CLT deve informar ao Minist\u00e9rio do Trabalho e Emprego para contabiliza\u00e7\u00e3o no sistema CAGED, ou seja, \u00e9 declarante qualquer empregador que tenha efetuado qualquer tipo de movimenta\u00e7\u00e3o em seu quadro de empregados.<\/p>\n<p>Fonte: Minist\u00e9rio do Trabalho e Emprego (MTE).<\/p>\n","protected":false},"excerpt":{"rendered":"<p>Abaixo, voc\u00ea poder\u00e1 encontrar informa\u00e7\u00f5es a respeito dos sistemas de coleta de dados do Minist\u00e9rio do Trabalho (MTE) &#8211; RAIS e CAGED: A Rela\u00e7\u00e3o Anual de Informa\u00e7\u00f5es Sociais \u2013 RAIS \u00e9 um instrumento de coleta de dados institu\u00edda pelo Decreto 76.900 de 23.12.75 cujos objetivos s\u00e3o suprir as necessidades de controle da atividade trabalhista nacional, [&hellip;]<\/p>\n","protected":false},"author":102,"featured_media":0,"parent":47,"menu_order":0,"comment_status":"closed","ping_status":"open","template":"","meta":{"footnotes":""},"class_list":["post-8","page","type-page","status-publish","hentry"],"yoast_head":"<!-- This site is optimized with the Yoast SEO plugin v26.7 - https:\/\/yoast.com\/wordpress\/plugins\/seo\/ -->\n<title>Indicadores de evolu\u00e7\u00e3o do emprego &#8226; OBSERVAT\u00d3RIO SOCIAL DO TRABALHO<\/title>\n<meta name=\"robots\" content=\"index, follow, max-snippet:-1, max-image-preview:large, max-video-preview:-1\" \/>\n<link rel=\"canonical\" href=\"https:\/\/wp.ufpel.edu.br\/observatoriosocial\/banco-de-dados-2\/banco-de-dados\/\" \/>\n<meta property=\"og:locale\" content=\"pt_BR\" \/>\n<meta property=\"og:type\" content=\"article\" \/>\n<meta property=\"og:title\" content=\"Indicadores de evolu\u00e7\u00e3o do emprego &#8226; OBSERVAT\u00d3RIO SOCIAL DO TRABALHO\" \/>\n<meta property=\"og:description\" content=\"Abaixo, voc\u00ea poder\u00e1 encontrar informa\u00e7\u00f5es a respeito dos sistemas de coleta de dados do Minist\u00e9rio do Trabalho (MTE) &#8211; RAIS e CAGED: A Rela\u00e7\u00e3o Anual de Informa\u00e7\u00f5es Sociais \u2013 RAIS \u00e9 um instrumento de coleta de dados institu\u00edda pelo Decreto 76.900 de 23.12.75 cujos objetivos s\u00e3o suprir as necessidades de controle da atividade trabalhista nacional, [&hellip;]\" \/>\n<meta property=\"og:url\" content=\"https:\/\/wp.ufpel.edu.br\/observatoriosocial\/banco-de-dados-2\/banco-de-dados\/\" \/>\n<meta property=\"og:site_name\" content=\"OBSERVAT\u00d3RIO SOCIAL DO TRABALHO\" \/>\n<meta property=\"article:publisher\" content=\"https:\/\/www.facebook.com\/observatoriodaufpel\/\" \/>\n<meta property=\"article:modified_time\" content=\"2014-07-03T18:35:14+00:00\" \/>\n<meta name=\"twitter:card\" content=\"summary_large_image\" \/>\n<meta name=\"twitter:site\" content=\"@ufpeltrabalho\" \/>\n<meta name=\"twitter:label1\" content=\"Est. tempo de leitura\" \/>\n\t<meta name=\"twitter:data1\" content=\"2 minutos\" \/>\n<script type=\"application\/ld+json\" class=\"yoast-schema-graph\">{\"@context\":\"https:\/\/schema.org\",\"@graph\":[{\"@type\":\"WebPage\",\"@id\":\"https:\/\/wp.ufpel.edu.br\/observatoriosocial\/banco-de-dados-2\/banco-de-dados\/\",\"url\":\"https:\/\/wp.ufpel.edu.br\/observatoriosocial\/banco-de-dados-2\/banco-de-dados\/\",\"name\":\"Indicadores de evolu\u00e7\u00e3o do emprego &#8226; OBSERVAT\u00d3RIO SOCIAL DO TRABALHO\",\"isPartOf\":{\"@id\":\"https:\/\/wp.ufpel.edu.br\/observatoriosocial\/#website\"},\"datePublished\":\"2011-03-30T14:52:18+00:00\",\"dateModified\":\"2014-07-03T18:35:14+00:00\",\"breadcrumb\":{\"@id\":\"https:\/\/wp.ufpel.edu.br\/observatoriosocial\/banco-de-dados-2\/banco-de-dados\/#breadcrumb\"},\"inLanguage\":\"pt-BR\",\"potentialAction\":[{\"@type\":\"ReadAction\",\"target\":[\"https:\/\/wp.ufpel.edu.br\/observatoriosocial\/banco-de-dados-2\/banco-de-dados\/\"]}]},{\"@type\":\"BreadcrumbList\",\"@id\":\"https:\/\/wp.ufpel.edu.br\/observatoriosocial\/banco-de-dados-2\/banco-de-dados\/#breadcrumb\",\"itemListElement\":[{\"@type\":\"ListItem\",\"position\":1,\"name\":\"In\u00edcio\",\"item\":\"https:\/\/wp.ufpel.edu.br\/observatoriosocial\/\"},{\"@type\":\"ListItem\",\"position\":2,\"name\":\"Banco de Dados\",\"item\":\"https:\/\/wp.ufpel.edu.br\/observatoriosocial\/banco-de-dados-2\/\"},{\"@type\":\"ListItem\",\"position\":3,\"name\":\"Indicadores de evolu\u00e7\u00e3o do emprego\"}]},{\"@type\":\"WebSite\",\"@id\":\"https:\/\/wp.ufpel.edu.br\/observatoriosocial\/#website\",\"url\":\"https:\/\/wp.ufpel.edu.br\/observatoriosocial\/\",\"name\":\"OBSERVAT\u00d3RIO SOCIAL DO TRABALHO\",\"description\":\"Instituto de Filosofia, Sociologia e Pol\u00edtica (IFISP) \/ Universidade Federal de Pelotas (UFPel)\",\"potentialAction\":[{\"@type\":\"SearchAction\",\"target\":{\"@type\":\"EntryPoint\",\"urlTemplate\":\"https:\/\/wp.ufpel.edu.br\/observatoriosocial\/?s={search_term_string}\"},\"query-input\":{\"@type\":\"PropertyValueSpecification\",\"valueRequired\":true,\"valueName\":\"search_term_string\"}}],\"inLanguage\":\"pt-BR\"}]}<\/script>\n<!-- \/ Yoast SEO plugin. -->","yoast_head_json":{"title":"Indicadores de evolu\u00e7\u00e3o do emprego &#8226; OBSERVAT\u00d3RIO SOCIAL DO TRABALHO","robots":{"index":"index","follow":"follow","max-snippet":"max-snippet:-1","max-image-preview":"max-image-preview:large","max-video-preview":"max-video-preview:-1"},"canonical":"https:\/\/wp.ufpel.edu.br\/observatoriosocial\/banco-de-dados-2\/banco-de-dados\/","og_locale":"pt_BR","og_type":"article","og_title":"Indicadores de evolu\u00e7\u00e3o do emprego &#8226; OBSERVAT\u00d3RIO SOCIAL DO TRABALHO","og_description":"Abaixo, voc\u00ea poder\u00e1 encontrar informa\u00e7\u00f5es a respeito dos sistemas de coleta de dados do Minist\u00e9rio do Trabalho (MTE) &#8211; RAIS e CAGED: A Rela\u00e7\u00e3o Anual de Informa\u00e7\u00f5es Sociais \u2013 RAIS \u00e9 um instrumento de coleta de dados institu\u00edda pelo Decreto 76.900 de 23.12.75 cujos objetivos s\u00e3o suprir as necessidades de controle da atividade trabalhista nacional, [&hellip;]","og_url":"https:\/\/wp.ufpel.edu.br\/observatoriosocial\/banco-de-dados-2\/banco-de-dados\/","og_site_name":"OBSERVAT\u00d3RIO SOCIAL DO TRABALHO","article_publisher":"https:\/\/www.facebook.com\/observatoriodaufpel\/","article_modified_time":"2014-07-03T18:35:14+00:00","twitter_card":"summary_large_image","twitter_site":"@ufpeltrabalho","twitter_misc":{"Est. tempo de leitura":"2 minutos"},"schema":{"@context":"https:\/\/schema.org","@graph":[{"@type":"WebPage","@id":"https:\/\/wp.ufpel.edu.br\/observatoriosocial\/banco-de-dados-2\/banco-de-dados\/","url":"https:\/\/wp.ufpel.edu.br\/observatoriosocial\/banco-de-dados-2\/banco-de-dados\/","name":"Indicadores de evolu\u00e7\u00e3o do emprego &#8226; OBSERVAT\u00d3RIO SOCIAL DO TRABALHO","isPartOf":{"@id":"https:\/\/wp.ufpel.edu.br\/observatoriosocial\/#website"},"datePublished":"2011-03-30T14:52:18+00:00","dateModified":"2014-07-03T18:35:14+00:00","breadcrumb":{"@id":"https:\/\/wp.ufpel.edu.br\/observatoriosocial\/banco-de-dados-2\/banco-de-dados\/#breadcrumb"},"inLanguage":"pt-BR","potentialAction":[{"@type":"ReadAction","target":["https:\/\/wp.ufpel.edu.br\/observatoriosocial\/banco-de-dados-2\/banco-de-dados\/"]}]},{"@type":"BreadcrumbList","@id":"https:\/\/wp.ufpel.edu.br\/observatoriosocial\/banco-de-dados-2\/banco-de-dados\/#breadcrumb","itemListElement":[{"@type":"ListItem","position":1,"name":"In\u00edcio","item":"https:\/\/wp.ufpel.edu.br\/observatoriosocial\/"},{"@type":"ListItem","position":2,"name":"Banco de Dados","item":"https:\/\/wp.ufpel.edu.br\/observatoriosocial\/banco-de-dados-2\/"},{"@type":"ListItem","position":3,"name":"Indicadores de evolu\u00e7\u00e3o do emprego"}]},{"@type":"WebSite","@id":"https:\/\/wp.ufpel.edu.br\/observatoriosocial\/#website","url":"https:\/\/wp.ufpel.edu.br\/observatoriosocial\/","name":"OBSERVAT\u00d3RIO SOCIAL DO TRABALHO","description":"Instituto de Filosofia, Sociologia e Pol\u00edtica (IFISP) \/ Universidade Federal de Pelotas (UFPel)","potentialAction":[{"@type":"SearchAction","target":{"@type":"EntryPoint","urlTemplate":"https:\/\/wp.ufpel.edu.br\/observatoriosocial\/?s={search_term_string}"},"query-input":{"@type":"PropertyValueSpecification","valueRequired":true,"valueName":"search_term_string"}}],"inLanguage":"pt-BR"}]}},"_links":{"self":[{"href":"https:\/\/wp.ufpel.edu.br\/observatoriosocial\/wp-json\/wp\/v2\/pages\/8","targetHints":{"allow":["GET"]}}],"collection":[{"href":"https:\/\/wp.ufpel.edu.br\/observatoriosocial\/wp-json\/wp\/v2\/pages"}],"about":[{"href":"https:\/\/wp.ufpel.edu.br\/observatoriosocial\/wp-json\/wp\/v2\/types\/page"}],"author":[{"embeddable":true,"href":"https:\/\/wp.ufpel.edu.br\/observatoriosocial\/wp-json\/wp\/v2\/users\/102"}],"replies":[{"embeddable":true,"href":"https:\/\/wp.ufpel.edu.br\/observatoriosocial\/wp-json\/wp\/v2\/comments?post=8"}],"version-history":[{"count":20,"href":"https:\/\/wp.ufpel.edu.br\/observatoriosocial\/wp-json\/wp\/v2\/pages\/8\/revisions"}],"predecessor-version":[{"id":709,"href":"https:\/\/wp.ufpel.edu.br\/observatoriosocial\/wp-json\/wp\/v2\/pages\/8\/revisions\/709"}],"up":[{"embeddable":true,"href":"https:\/\/wp.ufpel.edu.br\/observatoriosocial\/wp-json\/wp\/v2\/pages\/47"}],"wp:attachment":[{"href":"https:\/\/wp.ufpel.edu.br\/observatoriosocial\/wp-json\/wp\/v2\/media?parent=8"}],"curies":[{"name":"wp","href":"https:\/\/api.w.org\/{rel}","templated":true}]}}