{"id":713,"date":"2014-07-08T10:38:47","date_gmt":"2014-07-08T13:38:47","guid":{"rendered":"https:\/\/wp.ufpel.edu.br\/observatoriosocial\/?page_id=713"},"modified":"2014-07-08T11:08:48","modified_gmt":"2014-07-08T14:08:48","slug":"opiniao","status":"publish","type":"page","link":"https:\/\/wp.ufpel.edu.br\/observatoriosocial\/opiniao\/","title":{"rendered":"Opini\u00e3o"},"content":{"rendered":"<p>Este espa\u00e7o \u00e9 destinado a publica\u00e7\u00e3o de artigos curtos (uma lauda, aproximadamente) destinados a contribuir sobre o debate a respeito das transforma\u00e7\u00f5es e crises pelas quais passa o mundo do trabalho em geral e, particularmente, o mundo do trabalho no \u00e2mbito regional (Regi\u00e3o Sul do Estado do Rio Grande do Sul). Os artigos, com t\u00edtulo, devem ser enviados para o endere\u00e7o eletr\u00f4nico do Observat\u00f3rio, sendo avaliados por uma comit\u00ea editorial.<br \/>\nEndere\u00e7o: observatoriosocialdotrabalho@gmail.com<br \/>\nSugere-se indicar o Assunto: Publica\u00e7\u00e3o de Artigo na p\u00e1gina &#8220;Opini\u00e3o&#8221;.<\/p>\n","protected":false},"excerpt":{"rendered":"<p>Este espa\u00e7o \u00e9 destinado a publica\u00e7\u00e3o de artigos curtos (uma lauda, aproximadamente) destinados a contribuir sobre o debate a respeito das transforma\u00e7\u00f5es e crises pelas quais passa o mundo do trabalho em geral e, particularmente, o mundo do trabalho no \u00e2mbito regional (Regi\u00e3o Sul do Estado do Rio Grande do Sul). Os artigos, com t\u00edtulo, [&hellip;]<\/p>\n","protected":false},"author":102,"featured_media":0,"parent":0,"menu_order":2,"comment_status":"closed","ping_status":"open","template":"","meta":{"footnotes":""},"class_list":["post-713","page","type-page","status-publish","hentry"],"yoast_head":"<!-- This site is optimized with the Yoast SEO plugin v26.7 - https:\/\/yoast.com\/wordpress\/plugins\/seo\/ -->\n<title>Opini\u00e3o &#8226; OBSERVAT\u00d3RIO SOCIAL DO TRABALHO<\/title>\n<meta name=\"robots\" content=\"index, follow, max-snippet:-1, max-image-preview:large, max-video-preview:-1\" \/>\n<link rel=\"canonical\" href=\"https:\/\/wp.ufpel.edu.br\/observatoriosocial\/opiniao\/\" \/>\n<meta property=\"og:locale\" content=\"pt_BR\" \/>\n<meta property=\"og:type\" content=\"article\" \/>\n<meta property=\"og:title\" content=\"Opini\u00e3o &#8226; OBSERVAT\u00d3RIO SOCIAL DO TRABALHO\" \/>\n<meta property=\"og:description\" content=\"Este espa\u00e7o \u00e9 destinado a publica\u00e7\u00e3o de artigos curtos (uma lauda, aproximadamente) destinados a contribuir sobre o debate a respeito das transforma\u00e7\u00f5es e crises pelas quais passa o mundo do trabalho em geral e, particularmente, o mundo do trabalho no \u00e2mbito regional (Regi\u00e3o Sul do Estado do Rio Grande do Sul). Os artigos, com t\u00edtulo, [&hellip;]\" \/>\n<meta property=\"og:url\" content=\"https:\/\/wp.ufpel.edu.br\/observatoriosocial\/opiniao\/\" \/>\n<meta property=\"og:site_name\" content=\"OBSERVAT\u00d3RIO SOCIAL DO TRABALHO\" \/>\n<meta property=\"article:publisher\" content=\"https:\/\/www.facebook.com\/observatoriodaufpel\/\" \/>\n<meta property=\"article:modified_time\" content=\"2014-07-08T14:08:48+00:00\" \/>\n<meta name=\"twitter:card\" content=\"summary_large_image\" \/>\n<meta name=\"twitter:site\" content=\"@ufpeltrabalho\" \/>\n<script type=\"application\/ld+json\" class=\"yoast-schema-graph\">{\"@context\":\"https:\/\/schema.org\",\"@graph\":[{\"@type\":\"WebPage\",\"@id\":\"https:\/\/wp.ufpel.edu.br\/observatoriosocial\/opiniao\/\",\"url\":\"https:\/\/wp.ufpel.edu.br\/observatoriosocial\/opiniao\/\",\"name\":\"Opini\u00e3o &#8226; OBSERVAT\u00d3RIO SOCIAL DO TRABALHO\",\"isPartOf\":{\"@id\":\"https:\/\/wp.ufpel.edu.br\/observatoriosocial\/#website\"},\"datePublished\":\"2014-07-08T13:38:47+00:00\",\"dateModified\":\"2014-07-08T14:08:48+00:00\",\"breadcrumb\":{\"@id\":\"https:\/\/wp.ufpel.edu.br\/observatoriosocial\/opiniao\/#breadcrumb\"},\"inLanguage\":\"pt-BR\",\"potentialAction\":[{\"@type\":\"ReadAction\",\"target\":[\"https:\/\/wp.ufpel.edu.br\/observatoriosocial\/opiniao\/\"]}]},{\"@type\":\"BreadcrumbList\",\"@id\":\"https:\/\/wp.ufpel.edu.br\/observatoriosocial\/opiniao\/#breadcrumb\",\"itemListElement\":[{\"@type\":\"ListItem\",\"position\":1,\"name\":\"In\u00edcio\",\"item\":\"https:\/\/wp.ufpel.edu.br\/observatoriosocial\/\"},{\"@type\":\"ListItem\",\"position\":2,\"name\":\"Opini\u00e3o\"}]},{\"@type\":\"WebSite\",\"@id\":\"https:\/\/wp.ufpel.edu.br\/observatoriosocial\/#website\",\"url\":\"https:\/\/wp.ufpel.edu.br\/observatoriosocial\/\",\"name\":\"OBSERVAT\u00d3RIO SOCIAL DO TRABALHO\",\"description\":\"Instituto de Filosofia, Sociologia e Pol\u00edtica (IFISP) \/ Universidade Federal de Pelotas (UFPel)\",\"potentialAction\":[{\"@type\":\"SearchAction\",\"target\":{\"@type\":\"EntryPoint\",\"urlTemplate\":\"https:\/\/wp.ufpel.edu.br\/observatoriosocial\/?s={search_term_string}\"},\"query-input\":{\"@type\":\"PropertyValueSpecification\",\"valueRequired\":true,\"valueName\":\"search_term_string\"}}],\"inLanguage\":\"pt-BR\"}]}<\/script>\n<!-- \/ Yoast SEO plugin. -->","yoast_head_json":{"title":"Opini\u00e3o &#8226; OBSERVAT\u00d3RIO SOCIAL DO TRABALHO","robots":{"index":"index","follow":"follow","max-snippet":"max-snippet:-1","max-image-preview":"max-image-preview:large","max-video-preview":"max-video-preview:-1"},"canonical":"https:\/\/wp.ufpel.edu.br\/observatoriosocial\/opiniao\/","og_locale":"pt_BR","og_type":"article","og_title":"Opini\u00e3o &#8226; OBSERVAT\u00d3RIO SOCIAL DO TRABALHO","og_description":"Este espa\u00e7o \u00e9 destinado a publica\u00e7\u00e3o de artigos curtos (uma lauda, aproximadamente) destinados a contribuir sobre o debate a respeito das transforma\u00e7\u00f5es e crises pelas quais passa o mundo do trabalho em geral e, particularmente, o mundo do trabalho no \u00e2mbito regional (Regi\u00e3o Sul do Estado do Rio Grande do Sul). Os artigos, com t\u00edtulo, [&hellip;]","og_url":"https:\/\/wp.ufpel.edu.br\/observatoriosocial\/opiniao\/","og_site_name":"OBSERVAT\u00d3RIO SOCIAL DO TRABALHO","article_publisher":"https:\/\/www.facebook.com\/observatoriodaufpel\/","article_modified_time":"2014-07-08T14:08:48+00:00","twitter_card":"summary_large_image","twitter_site":"@ufpeltrabalho","schema":{"@context":"https:\/\/schema.org","@graph":[{"@type":"WebPage","@id":"https:\/\/wp.ufpel.edu.br\/observatoriosocial\/opiniao\/","url":"https:\/\/wp.ufpel.edu.br\/observatoriosocial\/opiniao\/","name":"Opini\u00e3o &#8226; OBSERVAT\u00d3RIO SOCIAL DO TRABALHO","isPartOf":{"@id":"https:\/\/wp.ufpel.edu.br\/observatoriosocial\/#website"},"datePublished":"2014-07-08T13:38:47+00:00","dateModified":"2014-07-08T14:08:48+00:00","breadcrumb":{"@id":"https:\/\/wp.ufpel.edu.br\/observatoriosocial\/opiniao\/#breadcrumb"},"inLanguage":"pt-BR","potentialAction":[{"@type":"ReadAction","target":["https:\/\/wp.ufpel.edu.br\/observatoriosocial\/opiniao\/"]}]},{"@type":"BreadcrumbList","@id":"https:\/\/wp.ufpel.edu.br\/observatoriosocial\/opiniao\/#breadcrumb","itemListElement":[{"@type":"ListItem","position":1,"name":"In\u00edcio","item":"https:\/\/wp.ufpel.edu.br\/observatoriosocial\/"},{"@type":"ListItem","position":2,"name":"Opini\u00e3o"}]},{"@type":"WebSite","@id":"https:\/\/wp.ufpel.edu.br\/observatoriosocial\/#website","url":"https:\/\/wp.ufpel.edu.br\/observatoriosocial\/","name":"OBSERVAT\u00d3RIO SOCIAL DO TRABALHO","description":"Instituto de Filosofia, Sociologia e Pol\u00edtica (IFISP) \/ Universidade Federal de Pelotas (UFPel)","potentialAction":[{"@type":"SearchAction","target":{"@type":"EntryPoint","urlTemplate":"https:\/\/wp.ufpel.edu.br\/observatoriosocial\/?s={search_term_string}"},"query-input":{"@type":"PropertyValueSpecification","valueRequired":true,"valueName":"search_term_string"}}],"inLanguage":"pt-BR"}]}},"_links":{"self":[{"href":"https:\/\/wp.ufpel.edu.br\/observatoriosocial\/wp-json\/wp\/v2\/pages\/713","targetHints":{"allow":["GET"]}}],"collection":[{"href":"https:\/\/wp.ufpel.edu.br\/observatoriosocial\/wp-json\/wp\/v2\/pages"}],"about":[{"href":"https:\/\/wp.ufpel.edu.br\/observatoriosocial\/wp-json\/wp\/v2\/types\/page"}],"author":[{"embeddable":true,"href":"https:\/\/wp.ufpel.edu.br\/observatoriosocial\/wp-json\/wp\/v2\/users\/102"}],"replies":[{"embeddable":true,"href":"https:\/\/wp.ufpel.edu.br\/observatoriosocial\/wp-json\/wp\/v2\/comments?post=713"}],"version-history":[{"count":10,"href":"https:\/\/wp.ufpel.edu.br\/observatoriosocial\/wp-json\/wp\/v2\/pages\/713\/revisions"}],"predecessor-version":[{"id":728,"href":"https:\/\/wp.ufpel.edu.br\/observatoriosocial\/wp-json\/wp\/v2\/pages\/713\/revisions\/728"}],"wp:attachment":[{"href":"https:\/\/wp.ufpel.edu.br\/observatoriosocial\/wp-json\/wp\/v2\/media?parent=713"}],"curies":[{"name":"wp","href":"https:\/\/api.w.org\/{rel}","templated":true}]}}