{"id":618,"date":"2014-06-04T16:11:14","date_gmt":"2014-06-04T19:11:14","guid":{"rendered":"https:\/\/wp.ufpel.edu.br\/observatoriosocial\/?page_id=618"},"modified":"2014-12-30T10:07:26","modified_gmt":"2014-12-30T12:07:26","slug":"evolucao-mensal-do-emprego-caged","status":"publish","type":"page","link":"https:\/\/wp.ufpel.edu.br\/observatoriosocial\/banco-de-dados-2\/banco-de-dados\/evolucao-mensal-do-emprego-caged\/","title":{"rendered":"Evolu\u00e7\u00e3o mensal do emprego (CAGED)"},"content":{"rendered":"<p>Abaixo, voc\u00ea pode visualizar diversas tabelas e gr\u00e1ficos com dados referentes \u00e0 evolu\u00e7\u00e3o do emprego formal, segundo dados do Cadastro Geral de Empregados e Desempregados (CAGED) do Minist\u00e9rio do Trabalho e Emprego (MTE):<\/p>\n<hr \/>\n<p><strong>2012<\/strong><\/p>\n<hr \/>\n<p><a href=\"https:\/\/wp.ufpel.edu.br\/observatoriosocial\/files\/2014\/06\/Pel-2012.pdf\">Tabela 1 &#8211; Evolu\u00e7\u00e3o mensal dos estoques de empregos formais em Pelotas.<\/a><\/p>\n<p>=&gt; <a href=\"https:\/\/wp.ufpel.edu.br\/observatoriosocial\/files\/2014\/06\/PEL-2012.pdf\">Gr\u00e1fico 1 &#8211; Evolu\u00e7\u00e3o mensal dos estoques de empregos formais em Pelotas.<\/a><\/p>\n<p><a href=\"https:\/\/wp.ufpel.edu.br\/observatoriosocial\/files\/2014\/06\/RG-2012.pdf\">Tabela 2 &#8211; Evolu\u00e7\u00e3o mensal dos estoques de empregos formais em Rio Grande.<\/a><\/p>\n<p>=&gt; <a href=\"https:\/\/wp.ufpel.edu.br\/observatoriosocial\/files\/2014\/06\/RG-20121.pdf\">Gr\u00e1fico 2 &#8211; Evolu\u00e7\u00e3o mensal dos estoques de empregos formais em Rio Grande.<\/a><\/p>\n<hr \/>\n<p><strong>2013<\/strong><\/p>\n<hr \/>\n<p><a href=\"https:\/\/wp.ufpel.edu.br\/observatoriosocial\/files\/2014\/06\/Pel-2013.pdf\">Tabela 3 &#8211; Evolu\u00e7\u00e3o mensal dos estoques de empregos formais em Pelotas.<\/a><\/p>\n<p>=&gt; <a href=\"https:\/\/wp.ufpel.edu.br\/observatoriosocial\/files\/2014\/06\/PEL-20131.pdf\">Gr\u00e1fico 3 &#8211; Evolu\u00e7\u00e3o mensal dos estoques de empregos formais em Pelotas.<\/a><\/p>\n<p><a href=\"https:\/\/wp.ufpel.edu.br\/observatoriosocial\/files\/2014\/06\/RG-20131.pdf\">Tabela 4 &#8211; Evolu\u00e7\u00e3o mensal dos estoques de empregos formais em Rio Grande.<\/a><\/p>\n<p>=&gt; <a href=\"https:\/\/wp.ufpel.edu.br\/observatoriosocial\/files\/2014\/06\/RG-20132.pdf\">Gr\u00e1fico 4 &#8211; Evolu\u00e7\u00e3o mensal dos estoques de empregos formais em Rio Grande.<\/a><\/p>\n<hr \/>\n<p><strong>2014<\/strong><\/p>\n<hr \/>\n<p><a href=\"https:\/\/wp.ufpel.edu.br\/observatoriosocial\/files\/2014\/06\/c.pdf\">Tabela 5 &#8211; Evolu\u00e7\u00e3o mensal dos estoques de empregos formais em Pelotas.<\/a><\/p>\n<p>=&gt; <a href=\"https:\/\/wp.ufpel.edu.br\/observatoriosocial\/files\/2014\/06\/grafico-caged-ate-novembro-pel.pdf\">Gr\u00e1fico 5 &#8211; Evolu\u00e7\u00e3o mensal dos estoques de empregos formais em Pelotas.<\/a><\/p>\n<p><a href=\"https:\/\/wp.ufpel.edu.br\/observatoriosocial\/files\/2014\/06\/caged-rio-grande-ate-novembro.pdf\">Tabela 6 &#8211; Evolu\u00e7\u00e3o mensal dos estoques de empregos formais em Rio Grande.<\/a><\/p>\n<p>=&gt; <a href=\"https:\/\/wp.ufpel.edu.br\/observatoriosocial\/files\/2014\/06\/grafico-caged-ate-novembro-rg.pdf\"> Gr\u00e1fico 6 &#8211; Evolu\u00e7\u00e3o mensal dos estoques de empregos formais em Rio Grande.<\/a><\/p>\n<p>&nbsp;<\/p>\n<hr \/>\n","protected":false},"excerpt":{"rendered":"<p>Abaixo, voc\u00ea pode visualizar diversas tabelas e gr\u00e1ficos com dados referentes \u00e0 evolu\u00e7\u00e3o do emprego formal, segundo dados do Cadastro Geral de Empregados e Desempregados (CAGED) do Minist\u00e9rio do Trabalho e Emprego (MTE): 2012 Tabela 1 &#8211; Evolu\u00e7\u00e3o mensal dos estoques de empregos formais em Pelotas. =&gt; Gr\u00e1fico 1 &#8211; Evolu\u00e7\u00e3o mensal dos estoques de [&hellip;]<\/p>\n","protected":false},"author":102,"featured_media":0,"parent":8,"menu_order":2,"comment_status":"closed","ping_status":"closed","template":"","meta":{"footnotes":""},"class_list":["post-618","page","type-page","status-publish","hentry"],"yoast_head":"<!-- This site is optimized with the Yoast SEO plugin v26.7 - https:\/\/yoast.com\/wordpress\/plugins\/seo\/ -->\n<title>Evolu\u00e7\u00e3o mensal do emprego (CAGED) &#8226; OBSERVAT\u00d3RIO SOCIAL DO TRABALHO<\/title>\n<meta name=\"robots\" content=\"index, follow, max-snippet:-1, max-image-preview:large, max-video-preview:-1\" \/>\n<link rel=\"canonical\" href=\"https:\/\/wp.ufpel.edu.br\/observatoriosocial\/banco-de-dados-2\/banco-de-dados\/evolucao-mensal-do-emprego-caged\/\" \/>\n<meta property=\"og:locale\" content=\"pt_BR\" \/>\n<meta property=\"og:type\" content=\"article\" \/>\n<meta property=\"og:title\" content=\"Evolu\u00e7\u00e3o mensal do emprego (CAGED) &#8226; OBSERVAT\u00d3RIO SOCIAL DO TRABALHO\" \/>\n<meta property=\"og:description\" content=\"Abaixo, voc\u00ea pode visualizar diversas tabelas e gr\u00e1ficos com dados referentes \u00e0 evolu\u00e7\u00e3o do emprego formal, segundo dados do Cadastro Geral de Empregados e Desempregados (CAGED) do Minist\u00e9rio do Trabalho e Emprego (MTE): 2012 Tabela 1 &#8211; Evolu\u00e7\u00e3o mensal dos estoques de empregos formais em Pelotas. =&gt; Gr\u00e1fico 1 &#8211; Evolu\u00e7\u00e3o mensal dos estoques de [&hellip;]\" \/>\n<meta property=\"og:url\" content=\"https:\/\/wp.ufpel.edu.br\/observatoriosocial\/banco-de-dados-2\/banco-de-dados\/evolucao-mensal-do-emprego-caged\/\" \/>\n<meta property=\"og:site_name\" content=\"OBSERVAT\u00d3RIO SOCIAL DO TRABALHO\" \/>\n<meta property=\"article:publisher\" content=\"https:\/\/www.facebook.com\/observatoriodaufpel\/\" \/>\n<meta property=\"article:modified_time\" content=\"2014-12-30T12:07:26+00:00\" \/>\n<meta name=\"twitter:card\" content=\"summary_large_image\" \/>\n<meta name=\"twitter:site\" content=\"@ufpeltrabalho\" \/>\n<meta name=\"twitter:label1\" content=\"Est. tempo de leitura\" \/>\n\t<meta name=\"twitter:data1\" content=\"1 minuto\" \/>\n<script type=\"application\/ld+json\" class=\"yoast-schema-graph\">{\"@context\":\"https:\/\/schema.org\",\"@graph\":[{\"@type\":\"WebPage\",\"@id\":\"https:\/\/wp.ufpel.edu.br\/observatoriosocial\/banco-de-dados-2\/banco-de-dados\/evolucao-mensal-do-emprego-caged\/\",\"url\":\"https:\/\/wp.ufpel.edu.br\/observatoriosocial\/banco-de-dados-2\/banco-de-dados\/evolucao-mensal-do-emprego-caged\/\",\"name\":\"Evolu\u00e7\u00e3o mensal do emprego (CAGED) &#8226; OBSERVAT\u00d3RIO SOCIAL DO TRABALHO\",\"isPartOf\":{\"@id\":\"https:\/\/wp.ufpel.edu.br\/observatoriosocial\/#website\"},\"datePublished\":\"2014-06-04T19:11:14+00:00\",\"dateModified\":\"2014-12-30T12:07:26+00:00\",\"breadcrumb\":{\"@id\":\"https:\/\/wp.ufpel.edu.br\/observatoriosocial\/banco-de-dados-2\/banco-de-dados\/evolucao-mensal-do-emprego-caged\/#breadcrumb\"},\"inLanguage\":\"pt-BR\",\"potentialAction\":[{\"@type\":\"ReadAction\",\"target\":[\"https:\/\/wp.ufpel.edu.br\/observatoriosocial\/banco-de-dados-2\/banco-de-dados\/evolucao-mensal-do-emprego-caged\/\"]}]},{\"@type\":\"BreadcrumbList\",\"@id\":\"https:\/\/wp.ufpel.edu.br\/observatoriosocial\/banco-de-dados-2\/banco-de-dados\/evolucao-mensal-do-emprego-caged\/#breadcrumb\",\"itemListElement\":[{\"@type\":\"ListItem\",\"position\":1,\"name\":\"In\u00edcio\",\"item\":\"https:\/\/wp.ufpel.edu.br\/observatoriosocial\/\"},{\"@type\":\"ListItem\",\"position\":2,\"name\":\"Banco de Dados\",\"item\":\"https:\/\/wp.ufpel.edu.br\/observatoriosocial\/banco-de-dados-2\/\"},{\"@type\":\"ListItem\",\"position\":3,\"name\":\"Indicadores de evolu\u00e7\u00e3o do emprego\",\"item\":\"https:\/\/wp.ufpel.edu.br\/observatoriosocial\/banco-de-dados-2\/banco-de-dados\/\"},{\"@type\":\"ListItem\",\"position\":4,\"name\":\"Evolu\u00e7\u00e3o mensal do emprego (CAGED)\"}]},{\"@type\":\"WebSite\",\"@id\":\"https:\/\/wp.ufpel.edu.br\/observatoriosocial\/#website\",\"url\":\"https:\/\/wp.ufpel.edu.br\/observatoriosocial\/\",\"name\":\"OBSERVAT\u00d3RIO SOCIAL DO TRABALHO\",\"description\":\"Instituto de Filosofia, Sociologia e Pol\u00edtica (IFISP) \/ Universidade Federal de Pelotas (UFPel)\",\"potentialAction\":[{\"@type\":\"SearchAction\",\"target\":{\"@type\":\"EntryPoint\",\"urlTemplate\":\"https:\/\/wp.ufpel.edu.br\/observatoriosocial\/?s={search_term_string}\"},\"query-input\":{\"@type\":\"PropertyValueSpecification\",\"valueRequired\":true,\"valueName\":\"search_term_string\"}}],\"inLanguage\":\"pt-BR\"}]}<\/script>\n<!-- \/ Yoast SEO plugin. -->","yoast_head_json":{"title":"Evolu\u00e7\u00e3o mensal do emprego (CAGED) &#8226; OBSERVAT\u00d3RIO SOCIAL DO TRABALHO","robots":{"index":"index","follow":"follow","max-snippet":"max-snippet:-1","max-image-preview":"max-image-preview:large","max-video-preview":"max-video-preview:-1"},"canonical":"https:\/\/wp.ufpel.edu.br\/observatoriosocial\/banco-de-dados-2\/banco-de-dados\/evolucao-mensal-do-emprego-caged\/","og_locale":"pt_BR","og_type":"article","og_title":"Evolu\u00e7\u00e3o mensal do emprego (CAGED) &#8226; OBSERVAT\u00d3RIO SOCIAL DO TRABALHO","og_description":"Abaixo, voc\u00ea pode visualizar diversas tabelas e gr\u00e1ficos com dados referentes \u00e0 evolu\u00e7\u00e3o do emprego formal, segundo dados do Cadastro Geral de Empregados e Desempregados (CAGED) do Minist\u00e9rio do Trabalho e Emprego (MTE): 2012 Tabela 1 &#8211; Evolu\u00e7\u00e3o mensal dos estoques de empregos formais em Pelotas. =&gt; Gr\u00e1fico 1 &#8211; Evolu\u00e7\u00e3o mensal dos estoques de [&hellip;]","og_url":"https:\/\/wp.ufpel.edu.br\/observatoriosocial\/banco-de-dados-2\/banco-de-dados\/evolucao-mensal-do-emprego-caged\/","og_site_name":"OBSERVAT\u00d3RIO SOCIAL DO TRABALHO","article_publisher":"https:\/\/www.facebook.com\/observatoriodaufpel\/","article_modified_time":"2014-12-30T12:07:26+00:00","twitter_card":"summary_large_image","twitter_site":"@ufpeltrabalho","twitter_misc":{"Est. tempo de leitura":"1 minuto"},"schema":{"@context":"https:\/\/schema.org","@graph":[{"@type":"WebPage","@id":"https:\/\/wp.ufpel.edu.br\/observatoriosocial\/banco-de-dados-2\/banco-de-dados\/evolucao-mensal-do-emprego-caged\/","url":"https:\/\/wp.ufpel.edu.br\/observatoriosocial\/banco-de-dados-2\/banco-de-dados\/evolucao-mensal-do-emprego-caged\/","name":"Evolu\u00e7\u00e3o mensal do emprego (CAGED) &#8226; OBSERVAT\u00d3RIO SOCIAL DO TRABALHO","isPartOf":{"@id":"https:\/\/wp.ufpel.edu.br\/observatoriosocial\/#website"},"datePublished":"2014-06-04T19:11:14+00:00","dateModified":"2014-12-30T12:07:26+00:00","breadcrumb":{"@id":"https:\/\/wp.ufpel.edu.br\/observatoriosocial\/banco-de-dados-2\/banco-de-dados\/evolucao-mensal-do-emprego-caged\/#breadcrumb"},"inLanguage":"pt-BR","potentialAction":[{"@type":"ReadAction","target":["https:\/\/wp.ufpel.edu.br\/observatoriosocial\/banco-de-dados-2\/banco-de-dados\/evolucao-mensal-do-emprego-caged\/"]}]},{"@type":"BreadcrumbList","@id":"https:\/\/wp.ufpel.edu.br\/observatoriosocial\/banco-de-dados-2\/banco-de-dados\/evolucao-mensal-do-emprego-caged\/#breadcrumb","itemListElement":[{"@type":"ListItem","position":1,"name":"In\u00edcio","item":"https:\/\/wp.ufpel.edu.br\/observatoriosocial\/"},{"@type":"ListItem","position":2,"name":"Banco de Dados","item":"https:\/\/wp.ufpel.edu.br\/observatoriosocial\/banco-de-dados-2\/"},{"@type":"ListItem","position":3,"name":"Indicadores de evolu\u00e7\u00e3o do emprego","item":"https:\/\/wp.ufpel.edu.br\/observatoriosocial\/banco-de-dados-2\/banco-de-dados\/"},{"@type":"ListItem","position":4,"name":"Evolu\u00e7\u00e3o mensal do emprego (CAGED)"}]},{"@type":"WebSite","@id":"https:\/\/wp.ufpel.edu.br\/observatoriosocial\/#website","url":"https:\/\/wp.ufpel.edu.br\/observatoriosocial\/","name":"OBSERVAT\u00d3RIO SOCIAL DO TRABALHO","description":"Instituto de Filosofia, Sociologia e Pol\u00edtica (IFISP) \/ Universidade Federal de Pelotas (UFPel)","potentialAction":[{"@type":"SearchAction","target":{"@type":"EntryPoint","urlTemplate":"https:\/\/wp.ufpel.edu.br\/observatoriosocial\/?s={search_term_string}"},"query-input":{"@type":"PropertyValueSpecification","valueRequired":true,"valueName":"search_term_string"}}],"inLanguage":"pt-BR"}]}},"_links":{"self":[{"href":"https:\/\/wp.ufpel.edu.br\/observatoriosocial\/wp-json\/wp\/v2\/pages\/618","targetHints":{"allow":["GET"]}}],"collection":[{"href":"https:\/\/wp.ufpel.edu.br\/observatoriosocial\/wp-json\/wp\/v2\/pages"}],"about":[{"href":"https:\/\/wp.ufpel.edu.br\/observatoriosocial\/wp-json\/wp\/v2\/types\/page"}],"author":[{"embeddable":true,"href":"https:\/\/wp.ufpel.edu.br\/observatoriosocial\/wp-json\/wp\/v2\/users\/102"}],"replies":[{"embeddable":true,"href":"https:\/\/wp.ufpel.edu.br\/observatoriosocial\/wp-json\/wp\/v2\/comments?post=618"}],"version-history":[{"count":8,"href":"https:\/\/wp.ufpel.edu.br\/observatoriosocial\/wp-json\/wp\/v2\/pages\/618\/revisions"}],"predecessor-version":[{"id":946,"href":"https:\/\/wp.ufpel.edu.br\/observatoriosocial\/wp-json\/wp\/v2\/pages\/618\/revisions\/946"}],"up":[{"embeddable":true,"href":"https:\/\/wp.ufpel.edu.br\/observatoriosocial\/wp-json\/wp\/v2\/pages\/8"}],"wp:attachment":[{"href":"https:\/\/wp.ufpel.edu.br\/observatoriosocial\/wp-json\/wp\/v2\/media?parent=618"}],"curies":[{"name":"wp","href":"https:\/\/api.w.org\/{rel}","templated":true}]}}