{"id":511,"date":"2013-11-06T10:28:33","date_gmt":"2013-11-06T12:28:33","guid":{"rendered":"https:\/\/wp.ufpel.edu.br\/observatoriosocial\/?page_id=511"},"modified":"2013-11-06T10:34:43","modified_gmt":"2013-11-06T12:34:43","slug":"panorama","status":"publish","type":"page","link":"https:\/\/wp.ufpel.edu.br\/observatoriosocial\/estudos-e-analises\/panorama\/","title":{"rendered":"Panorama"},"content":{"rendered":"<p>&#8220;Panorama&#8221; \u00e9 um ve\u00edculo de divulga\u00e7\u00e3o de informa\u00e7\u00f5es, indicadores e dados relacionados ao mundo do trabalho da regi\u00e3o sul do Estado do Rio Grande do Sul.<\/p>\n<p>Abaixo, voc\u00ea pode acessar os n\u00fameros j\u00e1 publicados:<\/p>\n<p><a href=\"https:\/\/wp.ufpel.edu.br\/observatoriosocial\/files\/2013\/11\/PANORAMA-N\u00ba-01.2013-O-EMPREGO-NA-IND\u00daSTRIA-NAVAL-BRASILEIRA.pdf\">PANORAMA N\u00ba 01\/2013: O EMPREGO NA IND\u00daSTRIA NAVAL BRASILEIRA<\/a><\/p>\n","protected":false},"excerpt":{"rendered":"<p>&#8220;Panorama&#8221; \u00e9 um ve\u00edculo de divulga\u00e7\u00e3o de informa\u00e7\u00f5es, indicadores e dados relacionados ao mundo do trabalho da regi\u00e3o sul do Estado do Rio Grande do Sul. Abaixo, voc\u00ea pode acessar os n\u00fameros j\u00e1 publicados: PANORAMA N\u00ba 01\/2013: O EMPREGO NA IND\u00daSTRIA NAVAL BRASILEIRA<\/p>\n","protected":false},"author":102,"featured_media":0,"parent":10,"menu_order":2,"comment_status":"closed","ping_status":"open","template":"","meta":{"footnotes":""},"class_list":["post-511","page","type-page","status-publish","hentry"],"yoast_head":"<!-- This site is optimized with the Yoast SEO plugin v26.7 - https:\/\/yoast.com\/wordpress\/plugins\/seo\/ -->\n<title>Panorama &#8226; OBSERVAT\u00d3RIO SOCIAL DO TRABALHO<\/title>\n<meta name=\"robots\" content=\"index, follow, max-snippet:-1, max-image-preview:large, max-video-preview:-1\" \/>\n<link rel=\"canonical\" href=\"https:\/\/wp.ufpel.edu.br\/observatoriosocial\/estudos-e-analises\/panorama\/\" \/>\n<meta property=\"og:locale\" content=\"pt_BR\" \/>\n<meta property=\"og:type\" content=\"article\" \/>\n<meta property=\"og:title\" content=\"Panorama &#8226; OBSERVAT\u00d3RIO SOCIAL DO TRABALHO\" \/>\n<meta property=\"og:description\" content=\"&#8220;Panorama&#8221; \u00e9 um ve\u00edculo de divulga\u00e7\u00e3o de informa\u00e7\u00f5es, indicadores e dados relacionados ao mundo do trabalho da regi\u00e3o sul do Estado do Rio Grande do Sul. Abaixo, voc\u00ea pode acessar os n\u00fameros j\u00e1 publicados: PANORAMA N\u00ba 01\/2013: O EMPREGO NA IND\u00daSTRIA NAVAL BRASILEIRA\" \/>\n<meta property=\"og:url\" content=\"https:\/\/wp.ufpel.edu.br\/observatoriosocial\/estudos-e-analises\/panorama\/\" \/>\n<meta property=\"og:site_name\" content=\"OBSERVAT\u00d3RIO SOCIAL DO TRABALHO\" \/>\n<meta property=\"article:publisher\" content=\"https:\/\/www.facebook.com\/observatoriodaufpel\/\" \/>\n<meta property=\"article:modified_time\" content=\"2013-11-06T12:34:43+00:00\" \/>\n<meta name=\"twitter:card\" content=\"summary_large_image\" \/>\n<meta name=\"twitter:site\" content=\"@ufpeltrabalho\" \/>\n<script type=\"application\/ld+json\" class=\"yoast-schema-graph\">{\"@context\":\"https:\/\/schema.org\",\"@graph\":[{\"@type\":\"WebPage\",\"@id\":\"https:\/\/wp.ufpel.edu.br\/observatoriosocial\/estudos-e-analises\/panorama\/\",\"url\":\"https:\/\/wp.ufpel.edu.br\/observatoriosocial\/estudos-e-analises\/panorama\/\",\"name\":\"Panorama &#8226; OBSERVAT\u00d3RIO SOCIAL DO TRABALHO\",\"isPartOf\":{\"@id\":\"https:\/\/wp.ufpel.edu.br\/observatoriosocial\/#website\"},\"datePublished\":\"2013-11-06T12:28:33+00:00\",\"dateModified\":\"2013-11-06T12:34:43+00:00\",\"breadcrumb\":{\"@id\":\"https:\/\/wp.ufpel.edu.br\/observatoriosocial\/estudos-e-analises\/panorama\/#breadcrumb\"},\"inLanguage\":\"pt-BR\",\"potentialAction\":[{\"@type\":\"ReadAction\",\"target\":[\"https:\/\/wp.ufpel.edu.br\/observatoriosocial\/estudos-e-analises\/panorama\/\"]}]},{\"@type\":\"BreadcrumbList\",\"@id\":\"https:\/\/wp.ufpel.edu.br\/observatoriosocial\/estudos-e-analises\/panorama\/#breadcrumb\",\"itemListElement\":[{\"@type\":\"ListItem\",\"position\":1,\"name\":\"In\u00edcio\",\"item\":\"https:\/\/wp.ufpel.edu.br\/observatoriosocial\/\"},{\"@type\":\"ListItem\",\"position\":2,\"name\":\"Estudos e an\u00e1lises\",\"item\":\"https:\/\/wp.ufpel.edu.br\/observatoriosocial\/estudos-e-analises\/\"},{\"@type\":\"ListItem\",\"position\":3,\"name\":\"Panorama\"}]},{\"@type\":\"WebSite\",\"@id\":\"https:\/\/wp.ufpel.edu.br\/observatoriosocial\/#website\",\"url\":\"https:\/\/wp.ufpel.edu.br\/observatoriosocial\/\",\"name\":\"OBSERVAT\u00d3RIO SOCIAL DO TRABALHO\",\"description\":\"Instituto de Filosofia, Sociologia e Pol\u00edtica (IFISP) \/ Universidade Federal de Pelotas (UFPel)\",\"potentialAction\":[{\"@type\":\"SearchAction\",\"target\":{\"@type\":\"EntryPoint\",\"urlTemplate\":\"https:\/\/wp.ufpel.edu.br\/observatoriosocial\/?s={search_term_string}\"},\"query-input\":{\"@type\":\"PropertyValueSpecification\",\"valueRequired\":true,\"valueName\":\"search_term_string\"}}],\"inLanguage\":\"pt-BR\"}]}<\/script>\n<!-- \/ Yoast SEO plugin. -->","yoast_head_json":{"title":"Panorama &#8226; OBSERVAT\u00d3RIO SOCIAL DO TRABALHO","robots":{"index":"index","follow":"follow","max-snippet":"max-snippet:-1","max-image-preview":"max-image-preview:large","max-video-preview":"max-video-preview:-1"},"canonical":"https:\/\/wp.ufpel.edu.br\/observatoriosocial\/estudos-e-analises\/panorama\/","og_locale":"pt_BR","og_type":"article","og_title":"Panorama &#8226; OBSERVAT\u00d3RIO SOCIAL DO TRABALHO","og_description":"&#8220;Panorama&#8221; \u00e9 um ve\u00edculo de divulga\u00e7\u00e3o de informa\u00e7\u00f5es, indicadores e dados relacionados ao mundo do trabalho da regi\u00e3o sul do Estado do Rio Grande do Sul. Abaixo, voc\u00ea pode acessar os n\u00fameros j\u00e1 publicados: PANORAMA N\u00ba 01\/2013: O EMPREGO NA IND\u00daSTRIA NAVAL BRASILEIRA","og_url":"https:\/\/wp.ufpel.edu.br\/observatoriosocial\/estudos-e-analises\/panorama\/","og_site_name":"OBSERVAT\u00d3RIO SOCIAL DO TRABALHO","article_publisher":"https:\/\/www.facebook.com\/observatoriodaufpel\/","article_modified_time":"2013-11-06T12:34:43+00:00","twitter_card":"summary_large_image","twitter_site":"@ufpeltrabalho","schema":{"@context":"https:\/\/schema.org","@graph":[{"@type":"WebPage","@id":"https:\/\/wp.ufpel.edu.br\/observatoriosocial\/estudos-e-analises\/panorama\/","url":"https:\/\/wp.ufpel.edu.br\/observatoriosocial\/estudos-e-analises\/panorama\/","name":"Panorama &#8226; OBSERVAT\u00d3RIO SOCIAL DO TRABALHO","isPartOf":{"@id":"https:\/\/wp.ufpel.edu.br\/observatoriosocial\/#website"},"datePublished":"2013-11-06T12:28:33+00:00","dateModified":"2013-11-06T12:34:43+00:00","breadcrumb":{"@id":"https:\/\/wp.ufpel.edu.br\/observatoriosocial\/estudos-e-analises\/panorama\/#breadcrumb"},"inLanguage":"pt-BR","potentialAction":[{"@type":"ReadAction","target":["https:\/\/wp.ufpel.edu.br\/observatoriosocial\/estudos-e-analises\/panorama\/"]}]},{"@type":"BreadcrumbList","@id":"https:\/\/wp.ufpel.edu.br\/observatoriosocial\/estudos-e-analises\/panorama\/#breadcrumb","itemListElement":[{"@type":"ListItem","position":1,"name":"In\u00edcio","item":"https:\/\/wp.ufpel.edu.br\/observatoriosocial\/"},{"@type":"ListItem","position":2,"name":"Estudos e an\u00e1lises","item":"https:\/\/wp.ufpel.edu.br\/observatoriosocial\/estudos-e-analises\/"},{"@type":"ListItem","position":3,"name":"Panorama"}]},{"@type":"WebSite","@id":"https:\/\/wp.ufpel.edu.br\/observatoriosocial\/#website","url":"https:\/\/wp.ufpel.edu.br\/observatoriosocial\/","name":"OBSERVAT\u00d3RIO SOCIAL DO TRABALHO","description":"Instituto de Filosofia, Sociologia e Pol\u00edtica (IFISP) \/ Universidade Federal de Pelotas (UFPel)","potentialAction":[{"@type":"SearchAction","target":{"@type":"EntryPoint","urlTemplate":"https:\/\/wp.ufpel.edu.br\/observatoriosocial\/?s={search_term_string}"},"query-input":{"@type":"PropertyValueSpecification","valueRequired":true,"valueName":"search_term_string"}}],"inLanguage":"pt-BR"}]}},"_links":{"self":[{"href":"https:\/\/wp.ufpel.edu.br\/observatoriosocial\/wp-json\/wp\/v2\/pages\/511","targetHints":{"allow":["GET"]}}],"collection":[{"href":"https:\/\/wp.ufpel.edu.br\/observatoriosocial\/wp-json\/wp\/v2\/pages"}],"about":[{"href":"https:\/\/wp.ufpel.edu.br\/observatoriosocial\/wp-json\/wp\/v2\/types\/page"}],"author":[{"embeddable":true,"href":"https:\/\/wp.ufpel.edu.br\/observatoriosocial\/wp-json\/wp\/v2\/users\/102"}],"replies":[{"embeddable":true,"href":"https:\/\/wp.ufpel.edu.br\/observatoriosocial\/wp-json\/wp\/v2\/comments?post=511"}],"version-history":[{"count":5,"href":"https:\/\/wp.ufpel.edu.br\/observatoriosocial\/wp-json\/wp\/v2\/pages\/511\/revisions"}],"predecessor-version":[{"id":515,"href":"https:\/\/wp.ufpel.edu.br\/observatoriosocial\/wp-json\/wp\/v2\/pages\/511\/revisions\/515"}],"up":[{"embeddable":true,"href":"https:\/\/wp.ufpel.edu.br\/observatoriosocial\/wp-json\/wp\/v2\/pages\/10"}],"wp:attachment":[{"href":"https:\/\/wp.ufpel.edu.br\/observatoriosocial\/wp-json\/wp\/v2\/media?parent=511"}],"curies":[{"name":"wp","href":"https:\/\/api.w.org\/{rel}","templated":true}]}}