{"id":2394,"date":"2019-06-12T17:51:02","date_gmt":"2019-06-12T20:51:02","guid":{"rendered":"https:\/\/wp.ufpel.edu.br\/observatoriosocial\/?page_id=2394"},"modified":"2019-06-26T17:31:41","modified_gmt":"2019-06-26T20:31:41","slug":"formacao-de-bolsistas-monitores-e-colaboradores","status":"publish","type":"page","link":"https:\/\/wp.ufpel.edu.br\/observatoriosocial\/formacao-de-bolsistas-monitores-e-colaboradores\/","title":{"rendered":"Forma\u00e7\u00e3o de Bolsistas e Colaboradores"},"content":{"rendered":"<h3>Bibliografia geral sobre trabalho e mercado de trabalho:<\/h3>\n<p><a href=\"https:\/\/wp.ufpel.edu.br\/observatoriosocial\/files\/2019\/06\/Trabalho-e-For\u00e7a-de-Trabalho-Harry-Braverman.pdf\">Trabalho e For\u00e7a de Trabalho (Harry Braverman)<\/a><\/p>\n<p><a href=\"https:\/\/wp.ufpel.edu.br\/observatoriosocial\/files\/2019\/06\/A-Crise-da-Sociedade-do-Trabalho-em-Debate-Josu\u00e9-P.-da-Silva.pdf\">A Crise da Sociedade do Trabalho em Debate (Josu\u00e9 P. da Silva)<\/a><\/p>\n<p><a href=\"https:\/\/wp.ufpel.edu.br\/observatoriosocial\/files\/2019\/06\/As-Transforma\u00e7\u00f5es-da-Quest\u00e3o-Social-Robert-Castel.pdf\">As Transforma\u00e7\u00f5es da Quest\u00e3o Social (Robert Castel)<\/a><\/p>\n<p>&nbsp;<\/p>\n<h3>Bibliografia sobre trabalho e mercado de trabalho no Brasil:<\/h3>\n<p><a href=\"https:\/\/wp.ufpel.edu.br\/observatoriosocial\/files\/2019\/06\/As-Caracter\u00edsticas-do-Mercado-de-Trabalho-e-as-Origens-da-Informalidade-no-Brasil-M\u00e1rio-Theodoro.pdf\">As Caracter\u00edsticas do Mercado de Trabalho e as Origens da Informalidade no Brasil (M\u00e1rio Theodoro)<\/a><\/p>\n<p><a href=\"https:\/\/wp.ufpel.edu.br\/observatoriosocial\/files\/2019\/06\/A-Constru\u00e7\u00e3o-da-Sociedade-do-Trabalho-no-Brasil-Adalberto-Cardoso.pdf\">A Constru\u00e7\u00e3o da Sociedade do Trabalho no Brasil (Adalberto Cardoso)<\/a><\/p>\n<p><a href=\"https:\/\/wp.ufpel.edu.br\/observatoriosocial\/files\/2019\/06\/ANTUNES-Ricardo.-A-Nova-Morfologia-do-Trabalho-no-Brasil.-Reestrutura\u00e7\u00e3o-e-Precariedade.-2012.pdf\">A Nova Morfologia do Trabalho no Brasil. Reestrutura\u00e7\u00e3o e Precariedade (Ricardo Antunes)<\/a><\/p>\n<p><a href=\"https:\/\/wp.ufpel.edu.br\/observatoriosocial\/files\/2019\/06\/Nota-T\u00e9cnica-02-2016-Medidas-de-Subutiliza\u00e7\u00e3o-da-For\u00e7a-de-Trabalho-1.pdf\">Nota T\u00e9cnica 02-2016 Medidas de Subutiliza\u00e7\u00e3o da For\u00e7a de Trabalho<\/a><\/p>\n<p>&nbsp;<\/p>\n<h3>Bibliografia sobre trabalho e mercado de trabalho na regi\u00e3o sul do RS (Pelotas, Rio Grande):<\/h3>\n<p><a href=\"https:\/\/wp.ufpel.edu.br\/observatoriosocial\/files\/2013\/01\/Artigo-F.-VARGAS-Revista-da-ABET-v.-XI-n.-2-jul.dez-2012.pdf\">Emprego e Desenvolvimento Regional: Contornos de uma Quest\u00e3o Social. Revista da ABET v. XI n. 2 Jul\/dez de 2012 (Francisco E. B. Vargas)<\/a><\/p>\n<p><a href=\"https:\/\/wp.ufpel.edu.br\/observatoriosocial\/files\/2013\/08\/GT-41-ANPOCS-2015-VARGAS-e-FABRES-Trabalho-Completo.pdf\">Mercado de Trabalho e Rela\u00e7\u00f5es de G\u00eanero em um Contexto de Desenvolvimento Regional: O caso do Polo Naval de Rio Grande &#8211; RS. 39\u00ba Encontro Anual da ANPOCS 2015 GT 41 (F. VARGAS e A.C. FABRES)<\/a><\/p>\n<p><a href=\"https:\/\/wp.ufpel.edu.br\/observatoriosocial\/files\/2013\/08\/GT18-Vargas-Fabres-Salvador-Flexibilizacao-produtiva.pdf\">Flexibilidade Produtiva na Ind\u00fastria Naval de Rio Grande &#8211; RS. XVII Congresso Brasileiro de Sociologia, 2015 (F. Vargas, A.C. Fabres, B. Salvador)<\/a><\/p>\n<p><a href=\"https:\/\/wp.ufpel.edu.br\/observatoriosocial\/files\/2019\/06\/Mercado-de-Trabalho-Rela\u00e7\u00f5es-de-G\u00eanero-e-Trajet\u00f3rias-de-Trabalhadorxs-no-Polo-Naval-de-Rio-Grande-RS_-F.Vargas.pdf\">Mercado de Trabalho, Rela\u00e7\u00f5es de G\u00eanero e Trajet\u00f3rias de Trabalhadorxs no Polo Naval de Rio Grande-RS. Semin\u00e1rio Internacional Fazendo G\u00eanero 11, 2017 (Francisco E. B.Vargas)<\/a><\/p>\n<p>&nbsp;<\/p>\n<h3>Apresenta\u00e7\u00f5es em Power Point:<\/h3>\n<p><a href=\"https:\/\/wp.ufpel.edu.br\/observatoriosocial\/files\/2019\/06\/O-conceito-estat\u00edstico-de-trabalho-2019.ppsx\">O conceito estat\u00edstico de trabalho 2019<\/a><\/p>\n<p>&nbsp;<\/p>\n","protected":false},"excerpt":{"rendered":"<p>Bibliografia geral sobre trabalho e mercado de trabalho: Trabalho e For\u00e7a de Trabalho (Harry Braverman) A Crise da Sociedade do Trabalho em Debate (Josu\u00e9 P. da Silva) As Transforma\u00e7\u00f5es da Quest\u00e3o Social (Robert Castel) &nbsp; Bibliografia sobre trabalho e mercado de trabalho no Brasil: As Caracter\u00edsticas do Mercado de Trabalho e as Origens da Informalidade [&hellip;]<\/p>\n","protected":false},"author":102,"featured_media":0,"parent":0,"menu_order":9,"comment_status":"closed","ping_status":"closed","template":"","meta":{"footnotes":""},"class_list":["post-2394","page","type-page","status-publish","hentry"],"yoast_head":"<!-- This site is optimized with the Yoast SEO plugin v26.7 - https:\/\/yoast.com\/wordpress\/plugins\/seo\/ -->\n<title>Forma\u00e7\u00e3o de Bolsistas e Colaboradores &#8226; OBSERVAT\u00d3RIO SOCIAL DO TRABALHO<\/title>\n<meta name=\"robots\" content=\"index, follow, max-snippet:-1, max-image-preview:large, max-video-preview:-1\" \/>\n<link rel=\"canonical\" href=\"https:\/\/wp.ufpel.edu.br\/observatoriosocial\/formacao-de-bolsistas-monitores-e-colaboradores\/\" \/>\n<meta property=\"og:locale\" content=\"pt_BR\" \/>\n<meta property=\"og:type\" content=\"article\" \/>\n<meta property=\"og:title\" content=\"Forma\u00e7\u00e3o de Bolsistas e Colaboradores &#8226; OBSERVAT\u00d3RIO SOCIAL DO TRABALHO\" \/>\n<meta property=\"og:description\" content=\"Bibliografia geral sobre trabalho e mercado de trabalho: Trabalho e For\u00e7a de Trabalho (Harry Braverman) A Crise da Sociedade do Trabalho em Debate (Josu\u00e9 P. da Silva) As Transforma\u00e7\u00f5es da Quest\u00e3o Social (Robert Castel) &nbsp; Bibliografia sobre trabalho e mercado de trabalho no Brasil: As Caracter\u00edsticas do Mercado de Trabalho e as Origens da Informalidade [&hellip;]\" \/>\n<meta property=\"og:url\" content=\"https:\/\/wp.ufpel.edu.br\/observatoriosocial\/formacao-de-bolsistas-monitores-e-colaboradores\/\" \/>\n<meta property=\"og:site_name\" content=\"OBSERVAT\u00d3RIO SOCIAL DO TRABALHO\" \/>\n<meta property=\"article:publisher\" content=\"https:\/\/www.facebook.com\/observatoriodaufpel\/\" \/>\n<meta property=\"article:modified_time\" content=\"2019-06-26T20:31:41+00:00\" \/>\n<meta name=\"twitter:card\" content=\"summary_large_image\" \/>\n<meta name=\"twitter:site\" content=\"@ufpeltrabalho\" \/>\n<meta name=\"twitter:label1\" content=\"Est. tempo de leitura\" \/>\n\t<meta name=\"twitter:data1\" content=\"1 minuto\" \/>\n<script type=\"application\/ld+json\" class=\"yoast-schema-graph\">{\"@context\":\"https:\/\/schema.org\",\"@graph\":[{\"@type\":\"WebPage\",\"@id\":\"https:\/\/wp.ufpel.edu.br\/observatoriosocial\/formacao-de-bolsistas-monitores-e-colaboradores\/\",\"url\":\"https:\/\/wp.ufpel.edu.br\/observatoriosocial\/formacao-de-bolsistas-monitores-e-colaboradores\/\",\"name\":\"Forma\u00e7\u00e3o de Bolsistas e Colaboradores &#8226; OBSERVAT\u00d3RIO SOCIAL DO TRABALHO\",\"isPartOf\":{\"@id\":\"https:\/\/wp.ufpel.edu.br\/observatoriosocial\/#website\"},\"datePublished\":\"2019-06-12T20:51:02+00:00\",\"dateModified\":\"2019-06-26T20:31:41+00:00\",\"breadcrumb\":{\"@id\":\"https:\/\/wp.ufpel.edu.br\/observatoriosocial\/formacao-de-bolsistas-monitores-e-colaboradores\/#breadcrumb\"},\"inLanguage\":\"pt-BR\",\"potentialAction\":[{\"@type\":\"ReadAction\",\"target\":[\"https:\/\/wp.ufpel.edu.br\/observatoriosocial\/formacao-de-bolsistas-monitores-e-colaboradores\/\"]}]},{\"@type\":\"BreadcrumbList\",\"@id\":\"https:\/\/wp.ufpel.edu.br\/observatoriosocial\/formacao-de-bolsistas-monitores-e-colaboradores\/#breadcrumb\",\"itemListElement\":[{\"@type\":\"ListItem\",\"position\":1,\"name\":\"In\u00edcio\",\"item\":\"https:\/\/wp.ufpel.edu.br\/observatoriosocial\/\"},{\"@type\":\"ListItem\",\"position\":2,\"name\":\"Forma\u00e7\u00e3o de Bolsistas e Colaboradores\"}]},{\"@type\":\"WebSite\",\"@id\":\"https:\/\/wp.ufpel.edu.br\/observatoriosocial\/#website\",\"url\":\"https:\/\/wp.ufpel.edu.br\/observatoriosocial\/\",\"name\":\"OBSERVAT\u00d3RIO SOCIAL DO TRABALHO\",\"description\":\"Instituto de Filosofia, Sociologia e Pol\u00edtica (IFISP) \/ Universidade Federal de Pelotas (UFPel)\",\"potentialAction\":[{\"@type\":\"SearchAction\",\"target\":{\"@type\":\"EntryPoint\",\"urlTemplate\":\"https:\/\/wp.ufpel.edu.br\/observatoriosocial\/?s={search_term_string}\"},\"query-input\":{\"@type\":\"PropertyValueSpecification\",\"valueRequired\":true,\"valueName\":\"search_term_string\"}}],\"inLanguage\":\"pt-BR\"}]}<\/script>\n<!-- \/ Yoast SEO plugin. -->","yoast_head_json":{"title":"Forma\u00e7\u00e3o de Bolsistas e Colaboradores &#8226; OBSERVAT\u00d3RIO SOCIAL DO TRABALHO","robots":{"index":"index","follow":"follow","max-snippet":"max-snippet:-1","max-image-preview":"max-image-preview:large","max-video-preview":"max-video-preview:-1"},"canonical":"https:\/\/wp.ufpel.edu.br\/observatoriosocial\/formacao-de-bolsistas-monitores-e-colaboradores\/","og_locale":"pt_BR","og_type":"article","og_title":"Forma\u00e7\u00e3o de Bolsistas e Colaboradores &#8226; OBSERVAT\u00d3RIO SOCIAL DO TRABALHO","og_description":"Bibliografia geral sobre trabalho e mercado de trabalho: Trabalho e For\u00e7a de Trabalho (Harry Braverman) A Crise da Sociedade do Trabalho em Debate (Josu\u00e9 P. da Silva) As Transforma\u00e7\u00f5es da Quest\u00e3o Social (Robert Castel) &nbsp; Bibliografia sobre trabalho e mercado de trabalho no Brasil: As Caracter\u00edsticas do Mercado de Trabalho e as Origens da Informalidade [&hellip;]","og_url":"https:\/\/wp.ufpel.edu.br\/observatoriosocial\/formacao-de-bolsistas-monitores-e-colaboradores\/","og_site_name":"OBSERVAT\u00d3RIO SOCIAL DO TRABALHO","article_publisher":"https:\/\/www.facebook.com\/observatoriodaufpel\/","article_modified_time":"2019-06-26T20:31:41+00:00","twitter_card":"summary_large_image","twitter_site":"@ufpeltrabalho","twitter_misc":{"Est. tempo de leitura":"1 minuto"},"schema":{"@context":"https:\/\/schema.org","@graph":[{"@type":"WebPage","@id":"https:\/\/wp.ufpel.edu.br\/observatoriosocial\/formacao-de-bolsistas-monitores-e-colaboradores\/","url":"https:\/\/wp.ufpel.edu.br\/observatoriosocial\/formacao-de-bolsistas-monitores-e-colaboradores\/","name":"Forma\u00e7\u00e3o de Bolsistas e Colaboradores &#8226; OBSERVAT\u00d3RIO SOCIAL DO TRABALHO","isPartOf":{"@id":"https:\/\/wp.ufpel.edu.br\/observatoriosocial\/#website"},"datePublished":"2019-06-12T20:51:02+00:00","dateModified":"2019-06-26T20:31:41+00:00","breadcrumb":{"@id":"https:\/\/wp.ufpel.edu.br\/observatoriosocial\/formacao-de-bolsistas-monitores-e-colaboradores\/#breadcrumb"},"inLanguage":"pt-BR","potentialAction":[{"@type":"ReadAction","target":["https:\/\/wp.ufpel.edu.br\/observatoriosocial\/formacao-de-bolsistas-monitores-e-colaboradores\/"]}]},{"@type":"BreadcrumbList","@id":"https:\/\/wp.ufpel.edu.br\/observatoriosocial\/formacao-de-bolsistas-monitores-e-colaboradores\/#breadcrumb","itemListElement":[{"@type":"ListItem","position":1,"name":"In\u00edcio","item":"https:\/\/wp.ufpel.edu.br\/observatoriosocial\/"},{"@type":"ListItem","position":2,"name":"Forma\u00e7\u00e3o de Bolsistas e Colaboradores"}]},{"@type":"WebSite","@id":"https:\/\/wp.ufpel.edu.br\/observatoriosocial\/#website","url":"https:\/\/wp.ufpel.edu.br\/observatoriosocial\/","name":"OBSERVAT\u00d3RIO SOCIAL DO TRABALHO","description":"Instituto de Filosofia, Sociologia e Pol\u00edtica (IFISP) \/ Universidade Federal de Pelotas (UFPel)","potentialAction":[{"@type":"SearchAction","target":{"@type":"EntryPoint","urlTemplate":"https:\/\/wp.ufpel.edu.br\/observatoriosocial\/?s={search_term_string}"},"query-input":{"@type":"PropertyValueSpecification","valueRequired":true,"valueName":"search_term_string"}}],"inLanguage":"pt-BR"}]}},"_links":{"self":[{"href":"https:\/\/wp.ufpel.edu.br\/observatoriosocial\/wp-json\/wp\/v2\/pages\/2394","targetHints":{"allow":["GET"]}}],"collection":[{"href":"https:\/\/wp.ufpel.edu.br\/observatoriosocial\/wp-json\/wp\/v2\/pages"}],"about":[{"href":"https:\/\/wp.ufpel.edu.br\/observatoriosocial\/wp-json\/wp\/v2\/types\/page"}],"author":[{"embeddable":true,"href":"https:\/\/wp.ufpel.edu.br\/observatoriosocial\/wp-json\/wp\/v2\/users\/102"}],"replies":[{"embeddable":true,"href":"https:\/\/wp.ufpel.edu.br\/observatoriosocial\/wp-json\/wp\/v2\/comments?post=2394"}],"version-history":[{"count":16,"href":"https:\/\/wp.ufpel.edu.br\/observatoriosocial\/wp-json\/wp\/v2\/pages\/2394\/revisions"}],"predecessor-version":[{"id":2446,"href":"https:\/\/wp.ufpel.edu.br\/observatoriosocial\/wp-json\/wp\/v2\/pages\/2394\/revisions\/2446"}],"wp:attachment":[{"href":"https:\/\/wp.ufpel.edu.br\/observatoriosocial\/wp-json\/wp\/v2\/media?parent=2394"}],"curies":[{"name":"wp","href":"https:\/\/api.w.org\/{rel}","templated":true}]}}