{"id":23,"date":"2011-04-06T16:52:42","date_gmt":"2011-04-06T19:52:42","guid":{"rendered":"https:\/\/wp.ufpel.edu.br\/observatoriosocial\/"},"modified":"2019-06-12T17:48:25","modified_gmt":"2019-06-12T20:48:25","slug":"imagens-e-videos","status":"publish","type":"page","link":"https:\/\/wp.ufpel.edu.br\/observatoriosocial\/imagens-e-videos\/","title":{"rendered":"Imagens e v\u00eddeos"},"content":{"rendered":"<p>Cenas do mundo do trabalho: fotos de Sebasti\u00e3o Salgado (1944-):<\/p>\n<div id=\"attachment_278\" style=\"width: 160px\" class=\"wp-caption aligncenter\"><a href=\"https:\/\/wp.ufpel.edu.br\/observatoriosocial\/files\/2013\/01\/Foto-Sebastiao-Salgado-010.jpg\"><img aria-describedby=\"caption-attachment-278\" class=\"size-thumbnail wp-image-278\" src=\"https:\/\/wp.ufpel.edu.br\/observatoriosocial\/files\/2013\/01\/Foto-Sebastiao-Salgado-010-150x150.jpg\" alt=\"\" width=\"150\" height=\"150\" \/><\/a><p id=\"caption-attachment-278\" class=\"wp-caption-text\">Foto 1<\/p><\/div>\n<div id=\"attachment_280\" style=\"width: 160px\" class=\"wp-caption aligncenter\"><a href=\"https:\/\/wp.ufpel.edu.br\/observatoriosocial\/files\/2013\/01\/Foto-Sebastiao-Salgado-012.jpg\"><img aria-describedby=\"caption-attachment-280\" class=\"size-thumbnail wp-image-280\" src=\"https:\/\/wp.ufpel.edu.br\/observatoriosocial\/files\/2013\/01\/Foto-Sebastiao-Salgado-012-150x150.jpg\" alt=\"\" width=\"150\" height=\"150\" \/><\/a><p id=\"caption-attachment-280\" class=\"wp-caption-text\">Foto 2<\/p><\/div>\n<div id=\"attachment_282\" style=\"width: 160px\" class=\"wp-caption aligncenter\"><a href=\"https:\/\/wp.ufpel.edu.br\/observatoriosocial\/files\/2013\/01\/Foto-Sebastiao-Salgado-0021.jpg\"><img aria-describedby=\"caption-attachment-282\" class=\"size-thumbnail wp-image-282\" src=\"https:\/\/wp.ufpel.edu.br\/observatoriosocial\/files\/2013\/01\/Foto-Sebastiao-Salgado-0021-150x150.jpg\" alt=\"\" width=\"150\" height=\"150\" \/><\/a><p id=\"caption-attachment-282\" class=\"wp-caption-text\">Foto 4<\/p><\/div>\n<div id=\"attachment_283\" style=\"width: 160px\" class=\"wp-caption aligncenter\"><a href=\"https:\/\/wp.ufpel.edu.br\/observatoriosocial\/files\/2013\/01\/Foto-Sebastiao-Salgado-0031.jpg\"><img aria-describedby=\"caption-attachment-283\" class=\"size-thumbnail wp-image-283\" src=\"https:\/\/wp.ufpel.edu.br\/observatoriosocial\/files\/2013\/01\/Foto-Sebastiao-Salgado-0031-150x150.jpg\" alt=\"\" width=\"150\" height=\"150\" \/><\/a><p id=\"caption-attachment-283\" class=\"wp-caption-text\">Foto 5<\/p><\/div>\n<div id=\"attachment_284\" style=\"width: 160px\" class=\"wp-caption aligncenter\"><a href=\"https:\/\/wp.ufpel.edu.br\/observatoriosocial\/files\/2013\/01\/Foto-Sebastiao-Salgado-0041.jpg\"><img aria-describedby=\"caption-attachment-284\" class=\"size-thumbnail wp-image-284\" src=\"https:\/\/wp.ufpel.edu.br\/observatoriosocial\/files\/2013\/01\/Foto-Sebastiao-Salgado-0041-150x150.jpg\" alt=\"\" width=\"150\" height=\"150\" \/><\/a><p id=\"caption-attachment-284\" class=\"wp-caption-text\">Foto 6<\/p><\/div>\n<div id=\"attachment_285\" style=\"width: 160px\" class=\"wp-caption aligncenter\"><a href=\"https:\/\/wp.ufpel.edu.br\/observatoriosocial\/files\/2013\/01\/Foto-Sebastiao-Salgado-0051.jpg\"><img aria-describedby=\"caption-attachment-285\" class=\"size-thumbnail wp-image-285\" src=\"https:\/\/wp.ufpel.edu.br\/observatoriosocial\/files\/2013\/01\/Foto-Sebastiao-Salgado-0051-150x150.jpg\" alt=\"\" width=\"150\" height=\"150\" \/><\/a><p id=\"caption-attachment-285\" class=\"wp-caption-text\">Foto 7<\/p><\/div>\n<div id=\"attachment_286\" style=\"width: 160px\" class=\"wp-caption aligncenter\"><a href=\"https:\/\/wp.ufpel.edu.br\/observatoriosocial\/files\/2013\/01\/Foto-Sebastiao-Salgado-0071.jpg\"><img aria-describedby=\"caption-attachment-286\" class=\"size-thumbnail wp-image-286\" src=\"https:\/\/wp.ufpel.edu.br\/observatoriosocial\/files\/2013\/01\/Foto-Sebastiao-Salgado-0071-150x150.jpg\" alt=\"\" width=\"150\" height=\"150\" \/><\/a><p id=\"caption-attachment-286\" class=\"wp-caption-text\">Foto 8<\/p><\/div>\n<div id=\"attachment_287\" style=\"width: 160px\" class=\"wp-caption aligncenter\"><a href=\"https:\/\/wp.ufpel.edu.br\/observatoriosocial\/files\/2013\/01\/Foto-Sebastiao-Salgado-0081.jpg\"><img aria-describedby=\"caption-attachment-287\" class=\"size-thumbnail wp-image-287\" src=\"https:\/\/wp.ufpel.edu.br\/observatoriosocial\/files\/2013\/01\/Foto-Sebastiao-Salgado-0081-150x150.jpg\" alt=\"\" width=\"150\" height=\"150\" \/><\/a><p id=\"caption-attachment-287\" class=\"wp-caption-text\">Foto 9<\/p><\/div>\n<div id=\"attachment_288\" style=\"width: 160px\" class=\"wp-caption aligncenter\"><a href=\"https:\/\/wp.ufpel.edu.br\/observatoriosocial\/files\/2013\/01\/cropped-Foto-Sebastiao-Salgado-0091.jpg\"><img aria-describedby=\"caption-attachment-288\" class=\"size-thumbnail wp-image-288\" src=\"https:\/\/wp.ufpel.edu.br\/observatoriosocial\/files\/2013\/01\/cropped-Foto-Sebastiao-Salgado-0091-150x150.jpg\" alt=\"\" width=\"150\" height=\"150\" \/><\/a><p id=\"caption-attachment-288\" class=\"wp-caption-text\">Foto 10<\/p><\/div>\n","protected":false},"excerpt":{"rendered":"<p>Cenas do mundo do trabalho: fotos de Sebasti\u00e3o Salgado (1944-):<\/p>\n","protected":false},"author":102,"featured_media":0,"parent":0,"menu_order":11,"comment_status":"closed","ping_status":"closed","template":"","meta":{"footnotes":""},"class_list":["post-23","page","type-page","status-publish","hentry"],"yoast_head":"<!-- This site is optimized with the Yoast SEO plugin v26.7 - https:\/\/yoast.com\/wordpress\/plugins\/seo\/ -->\n<title>Imagens e v\u00eddeos &#8226; OBSERVAT\u00d3RIO SOCIAL DO TRABALHO<\/title>\n<meta name=\"robots\" content=\"index, follow, max-snippet:-1, max-image-preview:large, max-video-preview:-1\" \/>\n<link rel=\"canonical\" href=\"https:\/\/wp.ufpel.edu.br\/observatoriosocial\/imagens-e-videos\/\" \/>\n<meta property=\"og:locale\" content=\"pt_BR\" \/>\n<meta property=\"og:type\" content=\"article\" \/>\n<meta property=\"og:title\" content=\"Imagens e v\u00eddeos &#8226; OBSERVAT\u00d3RIO SOCIAL DO TRABALHO\" \/>\n<meta property=\"og:description\" content=\"Cenas do mundo do trabalho: fotos de Sebasti\u00e3o Salgado (1944-):\" \/>\n<meta property=\"og:url\" content=\"https:\/\/wp.ufpel.edu.br\/observatoriosocial\/imagens-e-videos\/\" \/>\n<meta property=\"og:site_name\" content=\"OBSERVAT\u00d3RIO SOCIAL DO TRABALHO\" \/>\n<meta property=\"article:publisher\" content=\"https:\/\/www.facebook.com\/observatoriodaufpel\/\" \/>\n<meta property=\"article:modified_time\" content=\"2019-06-12T20:48:25+00:00\" \/>\n<meta property=\"og:image\" content=\"https:\/\/wp.ufpel.edu.br\/observatoriosocial\/files\/2013\/01\/Foto-Sebastiao-Salgado-010-150x150.jpg\" \/>\n<meta name=\"twitter:card\" content=\"summary_large_image\" \/>\n<meta name=\"twitter:site\" content=\"@ufpeltrabalho\" \/>\n<script type=\"application\/ld+json\" class=\"yoast-schema-graph\">{\"@context\":\"https:\/\/schema.org\",\"@graph\":[{\"@type\":\"WebPage\",\"@id\":\"https:\/\/wp.ufpel.edu.br\/observatoriosocial\/imagens-e-videos\/\",\"url\":\"https:\/\/wp.ufpel.edu.br\/observatoriosocial\/imagens-e-videos\/\",\"name\":\"Imagens e v\u00eddeos &#8226; OBSERVAT\u00d3RIO SOCIAL DO TRABALHO\",\"isPartOf\":{\"@id\":\"https:\/\/wp.ufpel.edu.br\/observatoriosocial\/#website\"},\"primaryImageOfPage\":{\"@id\":\"https:\/\/wp.ufpel.edu.br\/observatoriosocial\/imagens-e-videos\/#primaryimage\"},\"image\":{\"@id\":\"https:\/\/wp.ufpel.edu.br\/observatoriosocial\/imagens-e-videos\/#primaryimage\"},\"thumbnailUrl\":\"https:\/\/wp.ufpel.edu.br\/observatoriosocial\/files\/2013\/01\/Foto-Sebastiao-Salgado-010-150x150.jpg\",\"datePublished\":\"2011-04-06T19:52:42+00:00\",\"dateModified\":\"2019-06-12T20:48:25+00:00\",\"breadcrumb\":{\"@id\":\"https:\/\/wp.ufpel.edu.br\/observatoriosocial\/imagens-e-videos\/#breadcrumb\"},\"inLanguage\":\"pt-BR\",\"potentialAction\":[{\"@type\":\"ReadAction\",\"target\":[\"https:\/\/wp.ufpel.edu.br\/observatoriosocial\/imagens-e-videos\/\"]}]},{\"@type\":\"ImageObject\",\"inLanguage\":\"pt-BR\",\"@id\":\"https:\/\/wp.ufpel.edu.br\/observatoriosocial\/imagens-e-videos\/#primaryimage\",\"url\":\"https:\/\/wp.ufpel.edu.br\/observatoriosocial\/files\/2013\/01\/Foto-Sebastiao-Salgado-010.jpg\",\"contentUrl\":\"https:\/\/wp.ufpel.edu.br\/observatoriosocial\/files\/2013\/01\/Foto-Sebastiao-Salgado-010.jpg\",\"width\":\"369\",\"height\":\"276\",\"caption\":\"Foto 12\"},{\"@type\":\"BreadcrumbList\",\"@id\":\"https:\/\/wp.ufpel.edu.br\/observatoriosocial\/imagens-e-videos\/#breadcrumb\",\"itemListElement\":[{\"@type\":\"ListItem\",\"position\":1,\"name\":\"In\u00edcio\",\"item\":\"https:\/\/wp.ufpel.edu.br\/observatoriosocial\/\"},{\"@type\":\"ListItem\",\"position\":2,\"name\":\"Imagens e v\u00eddeos\"}]},{\"@type\":\"WebSite\",\"@id\":\"https:\/\/wp.ufpel.edu.br\/observatoriosocial\/#website\",\"url\":\"https:\/\/wp.ufpel.edu.br\/observatoriosocial\/\",\"name\":\"OBSERVAT\u00d3RIO SOCIAL DO TRABALHO\",\"description\":\"Instituto de Filosofia, Sociologia e Pol\u00edtica (IFISP) \/ Universidade Federal de Pelotas (UFPel)\",\"potentialAction\":[{\"@type\":\"SearchAction\",\"target\":{\"@type\":\"EntryPoint\",\"urlTemplate\":\"https:\/\/wp.ufpel.edu.br\/observatoriosocial\/?s={search_term_string}\"},\"query-input\":{\"@type\":\"PropertyValueSpecification\",\"valueRequired\":true,\"valueName\":\"search_term_string\"}}],\"inLanguage\":\"pt-BR\"}]}<\/script>\n<!-- \/ Yoast SEO plugin. -->","yoast_head_json":{"title":"Imagens e v\u00eddeos &#8226; OBSERVAT\u00d3RIO SOCIAL DO TRABALHO","robots":{"index":"index","follow":"follow","max-snippet":"max-snippet:-1","max-image-preview":"max-image-preview:large","max-video-preview":"max-video-preview:-1"},"canonical":"https:\/\/wp.ufpel.edu.br\/observatoriosocial\/imagens-e-videos\/","og_locale":"pt_BR","og_type":"article","og_title":"Imagens e v\u00eddeos &#8226; OBSERVAT\u00d3RIO SOCIAL DO TRABALHO","og_description":"Cenas do mundo do trabalho: fotos de Sebasti\u00e3o Salgado (1944-):","og_url":"https:\/\/wp.ufpel.edu.br\/observatoriosocial\/imagens-e-videos\/","og_site_name":"OBSERVAT\u00d3RIO SOCIAL DO TRABALHO","article_publisher":"https:\/\/www.facebook.com\/observatoriodaufpel\/","article_modified_time":"2019-06-12T20:48:25+00:00","og_image":[{"url":"https:\/\/wp.ufpel.edu.br\/observatoriosocial\/files\/2013\/01\/Foto-Sebastiao-Salgado-010-150x150.jpg","type":"","width":"","height":""}],"twitter_card":"summary_large_image","twitter_site":"@ufpeltrabalho","schema":{"@context":"https:\/\/schema.org","@graph":[{"@type":"WebPage","@id":"https:\/\/wp.ufpel.edu.br\/observatoriosocial\/imagens-e-videos\/","url":"https:\/\/wp.ufpel.edu.br\/observatoriosocial\/imagens-e-videos\/","name":"Imagens e v\u00eddeos &#8226; OBSERVAT\u00d3RIO SOCIAL DO TRABALHO","isPartOf":{"@id":"https:\/\/wp.ufpel.edu.br\/observatoriosocial\/#website"},"primaryImageOfPage":{"@id":"https:\/\/wp.ufpel.edu.br\/observatoriosocial\/imagens-e-videos\/#primaryimage"},"image":{"@id":"https:\/\/wp.ufpel.edu.br\/observatoriosocial\/imagens-e-videos\/#primaryimage"},"thumbnailUrl":"https:\/\/wp.ufpel.edu.br\/observatoriosocial\/files\/2013\/01\/Foto-Sebastiao-Salgado-010-150x150.jpg","datePublished":"2011-04-06T19:52:42+00:00","dateModified":"2019-06-12T20:48:25+00:00","breadcrumb":{"@id":"https:\/\/wp.ufpel.edu.br\/observatoriosocial\/imagens-e-videos\/#breadcrumb"},"inLanguage":"pt-BR","potentialAction":[{"@type":"ReadAction","target":["https:\/\/wp.ufpel.edu.br\/observatoriosocial\/imagens-e-videos\/"]}]},{"@type":"ImageObject","inLanguage":"pt-BR","@id":"https:\/\/wp.ufpel.edu.br\/observatoriosocial\/imagens-e-videos\/#primaryimage","url":"https:\/\/wp.ufpel.edu.br\/observatoriosocial\/files\/2013\/01\/Foto-Sebastiao-Salgado-010.jpg","contentUrl":"https:\/\/wp.ufpel.edu.br\/observatoriosocial\/files\/2013\/01\/Foto-Sebastiao-Salgado-010.jpg","width":"369","height":"276","caption":"Foto 12"},{"@type":"BreadcrumbList","@id":"https:\/\/wp.ufpel.edu.br\/observatoriosocial\/imagens-e-videos\/#breadcrumb","itemListElement":[{"@type":"ListItem","position":1,"name":"In\u00edcio","item":"https:\/\/wp.ufpel.edu.br\/observatoriosocial\/"},{"@type":"ListItem","position":2,"name":"Imagens e v\u00eddeos"}]},{"@type":"WebSite","@id":"https:\/\/wp.ufpel.edu.br\/observatoriosocial\/#website","url":"https:\/\/wp.ufpel.edu.br\/observatoriosocial\/","name":"OBSERVAT\u00d3RIO SOCIAL DO TRABALHO","description":"Instituto de Filosofia, Sociologia e Pol\u00edtica (IFISP) \/ Universidade Federal de Pelotas (UFPel)","potentialAction":[{"@type":"SearchAction","target":{"@type":"EntryPoint","urlTemplate":"https:\/\/wp.ufpel.edu.br\/observatoriosocial\/?s={search_term_string}"},"query-input":{"@type":"PropertyValueSpecification","valueRequired":true,"valueName":"search_term_string"}}],"inLanguage":"pt-BR"}]}},"_links":{"self":[{"href":"https:\/\/wp.ufpel.edu.br\/observatoriosocial\/wp-json\/wp\/v2\/pages\/23","targetHints":{"allow":["GET"]}}],"collection":[{"href":"https:\/\/wp.ufpel.edu.br\/observatoriosocial\/wp-json\/wp\/v2\/pages"}],"about":[{"href":"https:\/\/wp.ufpel.edu.br\/observatoriosocial\/wp-json\/wp\/v2\/types\/page"}],"author":[{"embeddable":true,"href":"https:\/\/wp.ufpel.edu.br\/observatoriosocial\/wp-json\/wp\/v2\/users\/102"}],"replies":[{"embeddable":true,"href":"https:\/\/wp.ufpel.edu.br\/observatoriosocial\/wp-json\/wp\/v2\/comments?post=23"}],"version-history":[{"count":17,"href":"https:\/\/wp.ufpel.edu.br\/observatoriosocial\/wp-json\/wp\/v2\/pages\/23\/revisions"}],"predecessor-version":[{"id":2393,"href":"https:\/\/wp.ufpel.edu.br\/observatoriosocial\/wp-json\/wp\/v2\/pages\/23\/revisions\/2393"}],"wp:attachment":[{"href":"https:\/\/wp.ufpel.edu.br\/observatoriosocial\/wp-json\/wp\/v2\/media?parent=23"}],"curies":[{"name":"wp","href":"https:\/\/api.w.org\/{rel}","templated":true}]}}