{"id":20,"date":"2011-04-06T16:48:53","date_gmt":"2011-04-06T19:48:53","guid":{"rendered":"https:\/\/wp.ufpel.edu.br\/observatoriosocial\/"},"modified":"2014-09-19T17:37:00","modified_gmt":"2014-09-19T20:37:00","slug":"banco-de-trajetorias","status":"publish","type":"page","link":"https:\/\/wp.ufpel.edu.br\/observatoriosocial\/banco-de-dados-2\/banco-de-trajetorias\/","title":{"rendered":"Banco de trajet\u00f3rias"},"content":{"rendered":"<p style=\"text-align: left\">Nesta p\u00e1gina, voc\u00ea poder\u00e1 ter acesso a trajet\u00f3rias de trabalhadoras e trabalhadores no mercado de trabalho, narradas pelos pr\u00f3prios sujeitos em entrevistas biogr\u00e1ficas. As trajet\u00f3rias narradas atrav\u00e9s das entrevistas est\u00e3o organizadas a partir de projetos de pesquisa.<\/p>\n<p><strong>PROJETOS DE PESQUISA:<\/strong><\/p>\n<hr \/>\n<p><strong>1) DESEMPREGO E PRIVA\u00c7\u00c3O DE TRABALHO NO BRASIL (Prof. Dr. Francisco E. B. VARGAS)<\/strong><\/p>\n<p><a href=\"https:\/\/wp.ufpel.edu.br\/observatoriosocial\/files\/2011\/04\/Projeto-de-Pesquisa_Desemprego-e-Priva\u00e7\u00e3o-de-Trabalho-no-Brasil_Aspectos-Metodol\u00f3gicos1.pdf\">Projeto de Pesquisa_Desemprego e Priva\u00e7\u00e3o de Trabalho no Brasil_Aspectos Metodol\u00f3gicos<\/a><\/p>\n<p><a href=\"https:\/\/wp.ufpel.edu.br\/observatoriosocial\/files\/2011\/04\/Projeto-de-Pesquisa_Desemprego-e-Priva\u00e7\u00e3o-de-Trabalho-no-Brasil_Trajet\u00f3rias_Entrevistas1.pdf\">Projeto de Pesquisa_Desemprego e Priva\u00e7\u00e3o de Trabalho no Brasil_Trajet\u00f3rias_Entrevistas<\/a><\/p>\n<hr \/>\n<p>&nbsp;<\/p>\n","protected":false},"excerpt":{"rendered":"<p>Nesta p\u00e1gina, voc\u00ea poder\u00e1 ter acesso a trajet\u00f3rias de trabalhadoras e trabalhadores no mercado de trabalho, narradas pelos pr\u00f3prios sujeitos em entrevistas biogr\u00e1ficas. As trajet\u00f3rias narradas atrav\u00e9s das entrevistas est\u00e3o organizadas a partir de projetos de pesquisa. PROJETOS DE PESQUISA: 1) DESEMPREGO E PRIVA\u00c7\u00c3O DE TRABALHO NO BRASIL (Prof. Dr. Francisco E. B. VARGAS) Projeto [&hellip;]<\/p>\n","protected":false},"author":102,"featured_media":0,"parent":47,"menu_order":0,"comment_status":"closed","ping_status":"open","template":"","meta":{"footnotes":""},"class_list":["post-20","page","type-page","status-publish","hentry"],"yoast_head":"<!-- This site is optimized with the Yoast SEO plugin v26.7 - https:\/\/yoast.com\/wordpress\/plugins\/seo\/ -->\n<title>Banco de trajet\u00f3rias &#8226; OBSERVAT\u00d3RIO SOCIAL DO TRABALHO<\/title>\n<meta name=\"robots\" content=\"index, follow, max-snippet:-1, max-image-preview:large, max-video-preview:-1\" \/>\n<link rel=\"canonical\" href=\"https:\/\/wp.ufpel.edu.br\/observatoriosocial\/banco-de-dados-2\/banco-de-trajetorias\/\" \/>\n<meta property=\"og:locale\" content=\"pt_BR\" \/>\n<meta property=\"og:type\" content=\"article\" \/>\n<meta property=\"og:title\" content=\"Banco de trajet\u00f3rias &#8226; OBSERVAT\u00d3RIO SOCIAL DO TRABALHO\" \/>\n<meta property=\"og:description\" content=\"Nesta p\u00e1gina, voc\u00ea poder\u00e1 ter acesso a trajet\u00f3rias de trabalhadoras e trabalhadores no mercado de trabalho, narradas pelos pr\u00f3prios sujeitos em entrevistas biogr\u00e1ficas. As trajet\u00f3rias narradas atrav\u00e9s das entrevistas est\u00e3o organizadas a partir de projetos de pesquisa. PROJETOS DE PESQUISA: 1) DESEMPREGO E PRIVA\u00c7\u00c3O DE TRABALHO NO BRASIL (Prof. Dr. Francisco E. B. VARGAS) Projeto [&hellip;]\" \/>\n<meta property=\"og:url\" content=\"https:\/\/wp.ufpel.edu.br\/observatoriosocial\/banco-de-dados-2\/banco-de-trajetorias\/\" \/>\n<meta property=\"og:site_name\" content=\"OBSERVAT\u00d3RIO SOCIAL DO TRABALHO\" \/>\n<meta property=\"article:publisher\" content=\"https:\/\/www.facebook.com\/observatoriodaufpel\/\" \/>\n<meta property=\"article:modified_time\" content=\"2014-09-19T20:37:00+00:00\" \/>\n<meta name=\"twitter:card\" content=\"summary_large_image\" \/>\n<meta name=\"twitter:site\" content=\"@ufpeltrabalho\" \/>\n<script type=\"application\/ld+json\" class=\"yoast-schema-graph\">{\"@context\":\"https:\/\/schema.org\",\"@graph\":[{\"@type\":\"WebPage\",\"@id\":\"https:\/\/wp.ufpel.edu.br\/observatoriosocial\/banco-de-dados-2\/banco-de-trajetorias\/\",\"url\":\"https:\/\/wp.ufpel.edu.br\/observatoriosocial\/banco-de-dados-2\/banco-de-trajetorias\/\",\"name\":\"Banco de trajet\u00f3rias &#8226; OBSERVAT\u00d3RIO SOCIAL DO TRABALHO\",\"isPartOf\":{\"@id\":\"https:\/\/wp.ufpel.edu.br\/observatoriosocial\/#website\"},\"datePublished\":\"2011-04-06T19:48:53+00:00\",\"dateModified\":\"2014-09-19T20:37:00+00:00\",\"breadcrumb\":{\"@id\":\"https:\/\/wp.ufpel.edu.br\/observatoriosocial\/banco-de-dados-2\/banco-de-trajetorias\/#breadcrumb\"},\"inLanguage\":\"pt-BR\",\"potentialAction\":[{\"@type\":\"ReadAction\",\"target\":[\"https:\/\/wp.ufpel.edu.br\/observatoriosocial\/banco-de-dados-2\/banco-de-trajetorias\/\"]}]},{\"@type\":\"BreadcrumbList\",\"@id\":\"https:\/\/wp.ufpel.edu.br\/observatoriosocial\/banco-de-dados-2\/banco-de-trajetorias\/#breadcrumb\",\"itemListElement\":[{\"@type\":\"ListItem\",\"position\":1,\"name\":\"In\u00edcio\",\"item\":\"https:\/\/wp.ufpel.edu.br\/observatoriosocial\/\"},{\"@type\":\"ListItem\",\"position\":2,\"name\":\"Banco de Dados\",\"item\":\"https:\/\/wp.ufpel.edu.br\/observatoriosocial\/banco-de-dados-2\/\"},{\"@type\":\"ListItem\",\"position\":3,\"name\":\"Banco de trajet\u00f3rias\"}]},{\"@type\":\"WebSite\",\"@id\":\"https:\/\/wp.ufpel.edu.br\/observatoriosocial\/#website\",\"url\":\"https:\/\/wp.ufpel.edu.br\/observatoriosocial\/\",\"name\":\"OBSERVAT\u00d3RIO SOCIAL DO TRABALHO\",\"description\":\"Instituto de Filosofia, Sociologia e Pol\u00edtica (IFISP) \/ Universidade Federal de Pelotas (UFPel)\",\"potentialAction\":[{\"@type\":\"SearchAction\",\"target\":{\"@type\":\"EntryPoint\",\"urlTemplate\":\"https:\/\/wp.ufpel.edu.br\/observatoriosocial\/?s={search_term_string}\"},\"query-input\":{\"@type\":\"PropertyValueSpecification\",\"valueRequired\":true,\"valueName\":\"search_term_string\"}}],\"inLanguage\":\"pt-BR\"}]}<\/script>\n<!-- \/ Yoast SEO plugin. -->","yoast_head_json":{"title":"Banco de trajet\u00f3rias &#8226; OBSERVAT\u00d3RIO SOCIAL DO TRABALHO","robots":{"index":"index","follow":"follow","max-snippet":"max-snippet:-1","max-image-preview":"max-image-preview:large","max-video-preview":"max-video-preview:-1"},"canonical":"https:\/\/wp.ufpel.edu.br\/observatoriosocial\/banco-de-dados-2\/banco-de-trajetorias\/","og_locale":"pt_BR","og_type":"article","og_title":"Banco de trajet\u00f3rias &#8226; OBSERVAT\u00d3RIO SOCIAL DO TRABALHO","og_description":"Nesta p\u00e1gina, voc\u00ea poder\u00e1 ter acesso a trajet\u00f3rias de trabalhadoras e trabalhadores no mercado de trabalho, narradas pelos pr\u00f3prios sujeitos em entrevistas biogr\u00e1ficas. As trajet\u00f3rias narradas atrav\u00e9s das entrevistas est\u00e3o organizadas a partir de projetos de pesquisa. PROJETOS DE PESQUISA: 1) DESEMPREGO E PRIVA\u00c7\u00c3O DE TRABALHO NO BRASIL (Prof. Dr. Francisco E. B. VARGAS) Projeto [&hellip;]","og_url":"https:\/\/wp.ufpel.edu.br\/observatoriosocial\/banco-de-dados-2\/banco-de-trajetorias\/","og_site_name":"OBSERVAT\u00d3RIO SOCIAL DO TRABALHO","article_publisher":"https:\/\/www.facebook.com\/observatoriodaufpel\/","article_modified_time":"2014-09-19T20:37:00+00:00","twitter_card":"summary_large_image","twitter_site":"@ufpeltrabalho","schema":{"@context":"https:\/\/schema.org","@graph":[{"@type":"WebPage","@id":"https:\/\/wp.ufpel.edu.br\/observatoriosocial\/banco-de-dados-2\/banco-de-trajetorias\/","url":"https:\/\/wp.ufpel.edu.br\/observatoriosocial\/banco-de-dados-2\/banco-de-trajetorias\/","name":"Banco de trajet\u00f3rias &#8226; OBSERVAT\u00d3RIO SOCIAL DO TRABALHO","isPartOf":{"@id":"https:\/\/wp.ufpel.edu.br\/observatoriosocial\/#website"},"datePublished":"2011-04-06T19:48:53+00:00","dateModified":"2014-09-19T20:37:00+00:00","breadcrumb":{"@id":"https:\/\/wp.ufpel.edu.br\/observatoriosocial\/banco-de-dados-2\/banco-de-trajetorias\/#breadcrumb"},"inLanguage":"pt-BR","potentialAction":[{"@type":"ReadAction","target":["https:\/\/wp.ufpel.edu.br\/observatoriosocial\/banco-de-dados-2\/banco-de-trajetorias\/"]}]},{"@type":"BreadcrumbList","@id":"https:\/\/wp.ufpel.edu.br\/observatoriosocial\/banco-de-dados-2\/banco-de-trajetorias\/#breadcrumb","itemListElement":[{"@type":"ListItem","position":1,"name":"In\u00edcio","item":"https:\/\/wp.ufpel.edu.br\/observatoriosocial\/"},{"@type":"ListItem","position":2,"name":"Banco de Dados","item":"https:\/\/wp.ufpel.edu.br\/observatoriosocial\/banco-de-dados-2\/"},{"@type":"ListItem","position":3,"name":"Banco de trajet\u00f3rias"}]},{"@type":"WebSite","@id":"https:\/\/wp.ufpel.edu.br\/observatoriosocial\/#website","url":"https:\/\/wp.ufpel.edu.br\/observatoriosocial\/","name":"OBSERVAT\u00d3RIO SOCIAL DO TRABALHO","description":"Instituto de Filosofia, Sociologia e Pol\u00edtica (IFISP) \/ Universidade Federal de Pelotas (UFPel)","potentialAction":[{"@type":"SearchAction","target":{"@type":"EntryPoint","urlTemplate":"https:\/\/wp.ufpel.edu.br\/observatoriosocial\/?s={search_term_string}"},"query-input":{"@type":"PropertyValueSpecification","valueRequired":true,"valueName":"search_term_string"}}],"inLanguage":"pt-BR"}]}},"_links":{"self":[{"href":"https:\/\/wp.ufpel.edu.br\/observatoriosocial\/wp-json\/wp\/v2\/pages\/20","targetHints":{"allow":["GET"]}}],"collection":[{"href":"https:\/\/wp.ufpel.edu.br\/observatoriosocial\/wp-json\/wp\/v2\/pages"}],"about":[{"href":"https:\/\/wp.ufpel.edu.br\/observatoriosocial\/wp-json\/wp\/v2\/types\/page"}],"author":[{"embeddable":true,"href":"https:\/\/wp.ufpel.edu.br\/observatoriosocial\/wp-json\/wp\/v2\/users\/102"}],"replies":[{"embeddable":true,"href":"https:\/\/wp.ufpel.edu.br\/observatoriosocial\/wp-json\/wp\/v2\/comments?post=20"}],"version-history":[{"count":7,"href":"https:\/\/wp.ufpel.edu.br\/observatoriosocial\/wp-json\/wp\/v2\/pages\/20\/revisions"}],"predecessor-version":[{"id":830,"href":"https:\/\/wp.ufpel.edu.br\/observatoriosocial\/wp-json\/wp\/v2\/pages\/20\/revisions\/830"}],"up":[{"embeddable":true,"href":"https:\/\/wp.ufpel.edu.br\/observatoriosocial\/wp-json\/wp\/v2\/pages\/47"}],"wp:attachment":[{"href":"https:\/\/wp.ufpel.edu.br\/observatoriosocial\/wp-json\/wp\/v2\/media?parent=20"}],"curies":[{"name":"wp","href":"https:\/\/api.w.org\/{rel}","templated":true}]}}