{"id":169,"date":"2013-01-10T20:58:46","date_gmt":"2013-01-10T20:58:46","guid":{"rendered":"https:\/\/wp.ufpel.edu.br\/observatoriosocial\/?page_id=169"},"modified":"2013-01-10T21:04:00","modified_gmt":"2013-01-10T21:04:00","slug":"indicadores-de-corracaetnia","status":"publish","type":"page","link":"https:\/\/wp.ufpel.edu.br\/observatoriosocial\/banco-de-dados-2\/indicadores-de-desigualdades-no-trabalho\/indicadores-de-corracaetnia\/","title":{"rendered":"Indicadores de cor\/ra\u00e7a\/etnia"},"content":{"rendered":"<p>Em elabora\u00e7\u00e3o<\/p>\n","protected":false},"excerpt":{"rendered":"<p>Em elabora\u00e7\u00e3o<\/p>\n","protected":false},"author":102,"featured_media":0,"parent":174,"menu_order":2,"comment_status":"closed","ping_status":"open","template":"","meta":{"footnotes":""},"class_list":["post-169","page","type-page","status-publish","hentry"],"yoast_head":"<!-- This site is optimized with the Yoast SEO plugin v26.7 - https:\/\/yoast.com\/wordpress\/plugins\/seo\/ -->\n<title>Indicadores de cor\/ra\u00e7a\/etnia &#8226; OBSERVAT\u00d3RIO SOCIAL DO TRABALHO<\/title>\n<meta name=\"robots\" content=\"index, follow, max-snippet:-1, max-image-preview:large, max-video-preview:-1\" \/>\n<link rel=\"canonical\" href=\"https:\/\/wp.ufpel.edu.br\/observatoriosocial\/banco-de-dados-2\/indicadores-de-desigualdades-no-trabalho\/indicadores-de-corracaetnia\/\" \/>\n<meta property=\"og:locale\" content=\"pt_BR\" \/>\n<meta property=\"og:type\" content=\"article\" \/>\n<meta property=\"og:title\" content=\"Indicadores de cor\/ra\u00e7a\/etnia &#8226; OBSERVAT\u00d3RIO SOCIAL DO TRABALHO\" \/>\n<meta property=\"og:description\" content=\"Em elabora\u00e7\u00e3o\" \/>\n<meta property=\"og:url\" content=\"https:\/\/wp.ufpel.edu.br\/observatoriosocial\/banco-de-dados-2\/indicadores-de-desigualdades-no-trabalho\/indicadores-de-corracaetnia\/\" \/>\n<meta property=\"og:site_name\" content=\"OBSERVAT\u00d3RIO SOCIAL DO TRABALHO\" \/>\n<meta property=\"article:publisher\" content=\"https:\/\/www.facebook.com\/observatoriodaufpel\/\" \/>\n<meta property=\"article:modified_time\" content=\"2013-01-10T21:04:00+00:00\" \/>\n<meta name=\"twitter:card\" content=\"summary_large_image\" \/>\n<meta name=\"twitter:site\" content=\"@ufpeltrabalho\" \/>\n<script type=\"application\/ld+json\" class=\"yoast-schema-graph\">{\"@context\":\"https:\/\/schema.org\",\"@graph\":[{\"@type\":\"WebPage\",\"@id\":\"https:\/\/wp.ufpel.edu.br\/observatoriosocial\/banco-de-dados-2\/indicadores-de-desigualdades-no-trabalho\/indicadores-de-corracaetnia\/\",\"url\":\"https:\/\/wp.ufpel.edu.br\/observatoriosocial\/banco-de-dados-2\/indicadores-de-desigualdades-no-trabalho\/indicadores-de-corracaetnia\/\",\"name\":\"Indicadores de cor\/ra\u00e7a\/etnia &#8226; OBSERVAT\u00d3RIO SOCIAL DO TRABALHO\",\"isPartOf\":{\"@id\":\"https:\/\/wp.ufpel.edu.br\/observatoriosocial\/#website\"},\"datePublished\":\"2013-01-10T20:58:46+00:00\",\"dateModified\":\"2013-01-10T21:04:00+00:00\",\"breadcrumb\":{\"@id\":\"https:\/\/wp.ufpel.edu.br\/observatoriosocial\/banco-de-dados-2\/indicadores-de-desigualdades-no-trabalho\/indicadores-de-corracaetnia\/#breadcrumb\"},\"inLanguage\":\"pt-BR\",\"potentialAction\":[{\"@type\":\"ReadAction\",\"target\":[\"https:\/\/wp.ufpel.edu.br\/observatoriosocial\/banco-de-dados-2\/indicadores-de-desigualdades-no-trabalho\/indicadores-de-corracaetnia\/\"]}]},{\"@type\":\"BreadcrumbList\",\"@id\":\"https:\/\/wp.ufpel.edu.br\/observatoriosocial\/banco-de-dados-2\/indicadores-de-desigualdades-no-trabalho\/indicadores-de-corracaetnia\/#breadcrumb\",\"itemListElement\":[{\"@type\":\"ListItem\",\"position\":1,\"name\":\"In\u00edcio\",\"item\":\"https:\/\/wp.ufpel.edu.br\/observatoriosocial\/\"},{\"@type\":\"ListItem\",\"position\":2,\"name\":\"Banco de Dados\",\"item\":\"https:\/\/wp.ufpel.edu.br\/observatoriosocial\/banco-de-dados-2\/\"},{\"@type\":\"ListItem\",\"position\":3,\"name\":\"Indicadores de desigualdades no trabalho\",\"item\":\"https:\/\/wp.ufpel.edu.br\/observatoriosocial\/banco-de-dados-2\/indicadores-de-desigualdades-no-trabalho\/\"},{\"@type\":\"ListItem\",\"position\":4,\"name\":\"Indicadores de cor\/ra\u00e7a\/etnia\"}]},{\"@type\":\"WebSite\",\"@id\":\"https:\/\/wp.ufpel.edu.br\/observatoriosocial\/#website\",\"url\":\"https:\/\/wp.ufpel.edu.br\/observatoriosocial\/\",\"name\":\"OBSERVAT\u00d3RIO SOCIAL DO TRABALHO\",\"description\":\"Instituto de Filosofia, Sociologia e Pol\u00edtica (IFISP) \/ Universidade Federal de Pelotas (UFPel)\",\"potentialAction\":[{\"@type\":\"SearchAction\",\"target\":{\"@type\":\"EntryPoint\",\"urlTemplate\":\"https:\/\/wp.ufpel.edu.br\/observatoriosocial\/?s={search_term_string}\"},\"query-input\":{\"@type\":\"PropertyValueSpecification\",\"valueRequired\":true,\"valueName\":\"search_term_string\"}}],\"inLanguage\":\"pt-BR\"}]}<\/script>\n<!-- \/ Yoast SEO plugin. -->","yoast_head_json":{"title":"Indicadores de cor\/ra\u00e7a\/etnia &#8226; OBSERVAT\u00d3RIO SOCIAL DO TRABALHO","robots":{"index":"index","follow":"follow","max-snippet":"max-snippet:-1","max-image-preview":"max-image-preview:large","max-video-preview":"max-video-preview:-1"},"canonical":"https:\/\/wp.ufpel.edu.br\/observatoriosocial\/banco-de-dados-2\/indicadores-de-desigualdades-no-trabalho\/indicadores-de-corracaetnia\/","og_locale":"pt_BR","og_type":"article","og_title":"Indicadores de cor\/ra\u00e7a\/etnia &#8226; OBSERVAT\u00d3RIO SOCIAL DO TRABALHO","og_description":"Em elabora\u00e7\u00e3o","og_url":"https:\/\/wp.ufpel.edu.br\/observatoriosocial\/banco-de-dados-2\/indicadores-de-desigualdades-no-trabalho\/indicadores-de-corracaetnia\/","og_site_name":"OBSERVAT\u00d3RIO SOCIAL DO TRABALHO","article_publisher":"https:\/\/www.facebook.com\/observatoriodaufpel\/","article_modified_time":"2013-01-10T21:04:00+00:00","twitter_card":"summary_large_image","twitter_site":"@ufpeltrabalho","schema":{"@context":"https:\/\/schema.org","@graph":[{"@type":"WebPage","@id":"https:\/\/wp.ufpel.edu.br\/observatoriosocial\/banco-de-dados-2\/indicadores-de-desigualdades-no-trabalho\/indicadores-de-corracaetnia\/","url":"https:\/\/wp.ufpel.edu.br\/observatoriosocial\/banco-de-dados-2\/indicadores-de-desigualdades-no-trabalho\/indicadores-de-corracaetnia\/","name":"Indicadores de cor\/ra\u00e7a\/etnia &#8226; OBSERVAT\u00d3RIO SOCIAL DO TRABALHO","isPartOf":{"@id":"https:\/\/wp.ufpel.edu.br\/observatoriosocial\/#website"},"datePublished":"2013-01-10T20:58:46+00:00","dateModified":"2013-01-10T21:04:00+00:00","breadcrumb":{"@id":"https:\/\/wp.ufpel.edu.br\/observatoriosocial\/banco-de-dados-2\/indicadores-de-desigualdades-no-trabalho\/indicadores-de-corracaetnia\/#breadcrumb"},"inLanguage":"pt-BR","potentialAction":[{"@type":"ReadAction","target":["https:\/\/wp.ufpel.edu.br\/observatoriosocial\/banco-de-dados-2\/indicadores-de-desigualdades-no-trabalho\/indicadores-de-corracaetnia\/"]}]},{"@type":"BreadcrumbList","@id":"https:\/\/wp.ufpel.edu.br\/observatoriosocial\/banco-de-dados-2\/indicadores-de-desigualdades-no-trabalho\/indicadores-de-corracaetnia\/#breadcrumb","itemListElement":[{"@type":"ListItem","position":1,"name":"In\u00edcio","item":"https:\/\/wp.ufpel.edu.br\/observatoriosocial\/"},{"@type":"ListItem","position":2,"name":"Banco de Dados","item":"https:\/\/wp.ufpel.edu.br\/observatoriosocial\/banco-de-dados-2\/"},{"@type":"ListItem","position":3,"name":"Indicadores de desigualdades no trabalho","item":"https:\/\/wp.ufpel.edu.br\/observatoriosocial\/banco-de-dados-2\/indicadores-de-desigualdades-no-trabalho\/"},{"@type":"ListItem","position":4,"name":"Indicadores de cor\/ra\u00e7a\/etnia"}]},{"@type":"WebSite","@id":"https:\/\/wp.ufpel.edu.br\/observatoriosocial\/#website","url":"https:\/\/wp.ufpel.edu.br\/observatoriosocial\/","name":"OBSERVAT\u00d3RIO SOCIAL DO TRABALHO","description":"Instituto de Filosofia, Sociologia e Pol\u00edtica (IFISP) \/ Universidade Federal de Pelotas (UFPel)","potentialAction":[{"@type":"SearchAction","target":{"@type":"EntryPoint","urlTemplate":"https:\/\/wp.ufpel.edu.br\/observatoriosocial\/?s={search_term_string}"},"query-input":{"@type":"PropertyValueSpecification","valueRequired":true,"valueName":"search_term_string"}}],"inLanguage":"pt-BR"}]}},"_links":{"self":[{"href":"https:\/\/wp.ufpel.edu.br\/observatoriosocial\/wp-json\/wp\/v2\/pages\/169","targetHints":{"allow":["GET"]}}],"collection":[{"href":"https:\/\/wp.ufpel.edu.br\/observatoriosocial\/wp-json\/wp\/v2\/pages"}],"about":[{"href":"https:\/\/wp.ufpel.edu.br\/observatoriosocial\/wp-json\/wp\/v2\/types\/page"}],"author":[{"embeddable":true,"href":"https:\/\/wp.ufpel.edu.br\/observatoriosocial\/wp-json\/wp\/v2\/users\/102"}],"replies":[{"embeddable":true,"href":"https:\/\/wp.ufpel.edu.br\/observatoriosocial\/wp-json\/wp\/v2\/comments?post=169"}],"version-history":[{"count":2,"href":"https:\/\/wp.ufpel.edu.br\/observatoriosocial\/wp-json\/wp\/v2\/pages\/169\/revisions"}],"predecessor-version":[{"id":177,"href":"https:\/\/wp.ufpel.edu.br\/observatoriosocial\/wp-json\/wp\/v2\/pages\/169\/revisions\/177"}],"up":[{"embeddable":true,"href":"https:\/\/wp.ufpel.edu.br\/observatoriosocial\/wp-json\/wp\/v2\/pages\/174"}],"wp:attachment":[{"href":"https:\/\/wp.ufpel.edu.br\/observatoriosocial\/wp-json\/wp\/v2\/media?parent=169"}],"curies":[{"name":"wp","href":"https:\/\/api.w.org\/{rel}","templated":true}]}}