{"id":160,"date":"2013-01-10T20:53:01","date_gmt":"2013-01-10T20:53:01","guid":{"rendered":"https:\/\/wp.ufpel.edu.br\/observatoriosocial\/?page_id=160"},"modified":"2014-10-06T18:35:00","modified_gmt":"2014-10-06T21:35:00","slug":"indicadores-de-saude-do-trabalhador","status":"publish","type":"page","link":"https:\/\/wp.ufpel.edu.br\/observatoriosocial\/banco-de-dados-2\/indicadores-de-saude-do-trabalhador\/","title":{"rendered":"Indicadores de sa\u00fade do trabalhador"},"content":{"rendered":"<p>Nesta p\u00e1gina voc\u00ea poder\u00e1 visualizar a descri\u00e7\u00e3o do Sistema de notifica\u00e7\u00f5es do CEREST &#8211; Centro de Refer\u00eancia em Sa\u00fade do Trabalhador, al\u00e9m de encontrar dados a respeito dessas ocorr\u00eancias:<\/p>\n<p>O SIST\/RS foi desenvolvido com o objetivo de conhecer os dados sobre acidentes, doen\u00e7as e \u00f3bitos que atingem trabalhadores do mercado formal ou informal, aposentados, servidores p\u00fablicos, sem distin\u00e7\u00e3o.<\/p>\n<p>Uma doen\u00e7a, acidente ou \u00f3bito que sejam causados por condi\u00e7\u00f5es de trabalho, s\u00e3o um sinal de que estas condi\u00e7\u00f5es de trabalho s\u00e3o perigosas e deve haver algum tipo de interven\u00e7\u00e3o para melhorar a situa\u00e7\u00e3o. Caso contr\u00e1rio, se o trabalhador continuar se expondo aos riscos, a doen\u00e7a se agravar\u00e1, os acidentes ir\u00e3o se repetir, aumentando a demanda para ser atendida (unidades b\u00e1sicas, hospitais, servi\u00e7os de urg\u00eancia, etc) e\u00a0<strong>sobrecarregando o Sistema de Sa\u00fade<\/strong>.<\/p>\n<p>Este ciclo de adoecimento, mutila\u00e7\u00f5es e mortes pode ser quebrado se estes fatos chegarem ao conhecimento dos \u00f3rg\u00e3os de\u00a0<strong>Sa\u00fade do Munic\u00edpio<\/strong>\u00a0ou do Estado. A an\u00e1lise dos dados permitir\u00e1 que se tomem medidas para investigar e controlar ou eliminar as causas do problema. Por isso, a notifica\u00e7\u00e3o adquire tanta import\u00e2ncia para a\u00a0<strong>Vigil\u00e2ncia em Sa\u00fade do Trabalhador<\/strong>.<\/p>\n<p>Com base nos dados epidemiol\u00f3gicos s\u00e3o realizadas a\u00e7\u00f5es com objetivo de conhecer\/controlar os riscos inerentes aos processos de trabalho e a conseq\u00fcente preven\u00e7\u00e3o de agravos inerentes a este, levando a uma melhor qualidade e expectativa de vida, com reflexo na\u00a0<strong>Sa\u00fade P\u00fablica<\/strong>\u00a0como um todo.<\/p>\n<p>A vigil\u00e2ncia epidemiol\u00f3gica das doen\u00e7as de notifica\u00e7\u00e3o compuls\u00f3ria tem como principal fonte de informa\u00e7\u00e3o os servi\u00e7os de sa\u00fade atrav\u00e9s do preenchimento dos Relat\u00f3rios Individuais de notifica\u00e7\u00e3o de Agravo \u2013 RINA.<\/p>\n<p>O SIST, estruturado como instrumento para adquirir, organizar e analisar os dados, t\u00eam sido utilizados pela epidemiologia sob diversos enfoques, seja para o diagn\u00f3stico da situa\u00e7\u00e3o de sa\u00fade, como tamb\u00e9m para a avalia\u00e7\u00e3o das a\u00e7\u00f5es e do impacto das pol\u00edticas p\u00fablicas no estado de sa\u00fade da popula\u00e7\u00e3o, relacionados aos ambientes e processos de trabalho.<\/p>\n<p>O CEREST tem atribui\u00e7\u00e3o (conforme portarias 2728\/09 MS e 1823\/12 MS) de capacitar os trabalhadores dos servi\u00e7os de sa\u00fade da rede SUS, dos 28 munic\u00edpios de sua \u00e1rea de abrang\u00eancia, para reconhecimento e notifica\u00e7\u00e3o dos agravos relacionados ao trabalho atrav\u00e9s da RINA. Este formul\u00e1rio, que possui tr\u00eas vias (1\u00aa=trabalhador, 2\u00aa=unidade notificadora e 3\u00aa= vigil\u00e2ncia epidemiol\u00f3gica), tem suas informa\u00e7\u00f5es lan\u00e7ados no banco do SIST, as quais s\u00e3o analisadas atrav\u00e9s do Sistema de Analise de Notifica\u00e7\u00f5es \u2013 SAN, das quais foram extra\u00eddas as an\u00e1lises enviadas para o Observat\u00f3rio Social Do Trabalho.<\/p>\n<hr \/>\n<hr \/>\n<p><strong>NOTIFICA\u00c7\u00d5ES EM PELOTAS<\/strong><\/p>\n<hr \/>\n<p><a href=\"https:\/\/wp.ufpel.edu.br\/observatoriosocial\/files\/2013\/01\/CEREST-GR-1.pdf\">Gr\u00e1fico 1 &#8211; Notifica\u00e7\u00f5es em Pelotas, 2011, 2012 e 2013.<\/a><\/p>\n<p><a href=\"https:\/\/wp.ufpel.edu.br\/observatoriosocial\/files\/2013\/01\/CEREST-GR-2.pdf\">Gr\u00e1fico 2 &#8211; Unidade notificadora, Pelotas, 2011, 2012 e 2013.<\/a><\/p>\n<p><a href=\"https:\/\/wp.ufpel.edu.br\/observatoriosocial\/files\/2013\/01\/CEREST-GR-3.pdf\">Gr\u00e1fico 3 &#8211; Notifica\u00e7\u00f5es segundo Zona, Pelotas, 2011, 2012 e 2013.<\/a><\/p>\n<p><a href=\"https:\/\/wp.ufpel.edu.br\/observatoriosocial\/files\/2013\/01\/CEREST-GR-4.pdf\">Gr\u00e1fico 4 &#8211; Notifica\u00e7\u00f5es de acordo com a CNAE em Pelotas, 2013.<\/a><\/p>\n<p><a href=\"https:\/\/wp.ufpel.edu.br\/observatoriosocial\/files\/2013\/01\/CEREST-GR-5.pdf\">Gr\u00e1fico 5 &#8211; Notifica\u00e7\u00f5es segundo diagn\u00f3stico, Pelotas 2013.<\/a><\/p>\n<p><a href=\"https:\/\/wp.ufpel.edu.br\/observatoriosocial\/files\/2013\/01\/CEREST-GR-6.pdf\">Gr\u00e1fico 6 &#8211; Notifica\u00e7\u00f5es de acordo com a CBO, Pelotas, 2013.<\/a><\/p>\n<p><a href=\"https:\/\/wp.ufpel.edu.br\/observatoriosocial\/files\/2013\/01\/CEREST-GR-7.pdf\">Gr\u00e1fico 7 &#8211; Notifica\u00e7\u00f5es segundo desfecho, Pelotas 2013.<\/a><\/p>\n<p><a href=\"https:\/\/wp.ufpel.edu.br\/observatoriosocial\/files\/2013\/01\/CEREST-GR-8.pdf\">Gr\u00e1fico 8 &#8211; Notifica\u00e7\u00f5es segundo escolaridade, Pelotas 2013.<\/a><\/p>\n<p><a href=\"https:\/\/wp.ufpel.edu.br\/observatoriosocial\/files\/2013\/01\/CEREST-GR-9.pdf\">Gr\u00e1fico 9 &#8211; Notifica\u00e7\u00f5es segundo faiax et\u00e1ria, Pelotas 2013.<\/a><\/p>\n<p><a href=\"https:\/\/wp.ufpel.edu.br\/observatoriosocial\/files\/2013\/01\/CEREST-GR-10.pdf\">Gr\u00e1fico 10 &#8211; Notifica\u00e7\u00f5es segundo local do acidente, Pelotas 2013.<\/a><\/p>\n<p><a href=\"https:\/\/wp.ufpel.edu.br\/observatoriosocial\/files\/2013\/01\/CEREST-GR-11.pdf\">Gr\u00e1fico 11 &#8211; Notifica\u00e7\u00f5es segundo ra\u00e7a, Pelotas, 2013.<\/a><\/p>\n<p><a href=\"https:\/\/wp.ufpel.edu.br\/observatoriosocial\/files\/2013\/01\/CEREST-GR-12.pdf\">Gr\u00e1fico 12 &#8211; Notifica\u00e7\u00f5es segundo sexo, Pelotas, 2013.<\/a><\/p>\n<p><a href=\"https:\/\/wp.ufpel.edu.br\/observatoriosocial\/files\/2013\/01\/CEREST-GR-13.pdf\">Gr\u00e1fico 13 &#8211; Notifica\u00e7\u00f5es segundo situa\u00e7\u00e3o causadora, Pelotas, 2013.<\/a><\/p>\n<p><a href=\"https:\/\/wp.ufpel.edu.br\/observatoriosocial\/files\/2013\/01\/CEREST-GR-14.pdf\">Gr\u00e1fico 14 &#8211; Notifica\u00e7\u00f5es segundo v\u00ednculo, Pelotas, 2013.<\/a><\/p>\n<p><a href=\"https:\/\/wp.ufpel.edu.br\/observatoriosocial\/files\/2013\/01\/CEREST-GR-15.pdf\">Gr\u00e1fico 15 &#8211; Notifica\u00e7\u00f5es segundo tipo de agravo, Pelotas, 2013.<\/a><\/p>\n<hr \/>\n<p><strong>NOTIFICA\u00c7\u00d5ES NA REGI\u00c3O DE ABRANG\u00caNCIA DO CEREST MACROSUL<\/strong><\/p>\n<hr \/>\n<p>&nbsp;<\/p>\n<p><a href=\"https:\/\/wp.ufpel.edu.br\/observatoriosocial\/files\/2013\/01\/CEREST-ANEXO-1.pdf\">Tabela de notifica\u00e7\u00f5es dos munic\u00edpios da 3\u00aa CRS.<\/a><\/p>\n<p><a href=\"https:\/\/wp.ufpel.edu.br\/observatoriosocial\/files\/2013\/01\/CEREST-ANEXO-2.pdf\">Gr\u00e1fico das notifica\u00e7\u00f5es dos munic\u00edpios da 3\u00aa CRS.<\/a><\/p>\n<p><a href=\"https:\/\/wp.ufpel.edu.br\/observatoriosocial\/files\/2013\/01\/CEREST-ANEXO-3.pdf\">Tabela das notifica\u00e7\u00f5es dos munic\u00edpios da 7\u00aa CRS.<\/a><\/p>\n<p><a href=\"https:\/\/wp.ufpel.edu.br\/observatoriosocial\/files\/2013\/01\/CEREST-ANEXO-4.pdf\">Gr\u00e1fico das notifica\u00e7\u00f5es dos munic\u00edpios da 7\u00aa CRS.<\/a><\/p>\n<p><a href=\"https:\/\/wp.ufpel.edu.br\/observatoriosocial\/files\/2013\/01\/CEREST-ANEXO-5.pdf\">Tabela das notifica\u00e7\u00f5es da \u00e1rea de abrang\u00eancia do CEREST Macrosul.<\/a><\/p>\n<p><a href=\"https:\/\/wp.ufpel.edu.br\/observatoriosocial\/files\/2013\/01\/CEREST-ANEXO-6.pdf\">Gr\u00e1fico das notifica\u00e7\u00f5es da \u00e1rea de abrang\u00eancia do CEREST Macrosul.<\/a><\/p>\n<p><a href=\"https:\/\/wp.ufpel.edu.br\/observatoriosocial\/files\/2013\/01\/CEREST-ANEXO-7.pdf\">Tabela das notifica\u00e7\u00f5es de todos os Munic\u00edpios da 3\u00aa CRS .<\/a><\/p>\n<p><a href=\"https:\/\/wp.ufpel.edu.br\/observatoriosocial\/files\/2013\/01\/CEREST-ANEXO-8.pdf\">Gr\u00e1fico das notifica\u00e7\u00f5es de todos os Munic\u00edpios da 3\u00aa CRS.<\/a><\/p>\n<p><a href=\"https:\/\/wp.ufpel.edu.br\/observatoriosocial\/files\/2013\/01\/CEREST-ANEXO-9.pdf\">Tabela das notifica\u00e7\u00f5es de todos os munic\u00edpio da 7\u00aa CRS. <\/a><\/p>\n<p><a href=\"https:\/\/wp.ufpel.edu.br\/observatoriosocial\/files\/2013\/01\/CEREST-ANEXO-10.pdf\">Gr\u00e1fico das notifica\u00e7\u00f5es de todos os munic\u00edpio da 7\u00aa CRS. <\/a><\/p>\n<p><a href=\"https:\/\/wp.ufpel.edu.br\/observatoriosocial\/files\/2013\/01\/CEREST-ANEXO-11.pdf\">Gr\u00e1fico das notifica\u00e7\u00f5es da \u00e1rea de abrang\u00eancia do CEREST Macrosul, Pelotas, Rio Grande e demais munic\u00edpios.<\/a><\/p>\n<p><a href=\"https:\/\/wp.ufpel.edu.br\/observatoriosocial\/files\/2013\/01\/CEREST-ANEXO-12.pdf\">Gr\u00e1fico das notifica\u00e7\u00f5es dos munic\u00edpios de abrang\u00eancia do CEREST Macrosul, exceto Pelotas e Rio Grande.<\/a><\/p>\n<p><a href=\"https:\/\/wp.ufpel.edu.br\/observatoriosocial\/files\/2013\/01\/CEREST-ANEXO-13.pdf\">Tabela das notifica\u00e7\u00f5es ocorridas em Pelotas em 2014.<\/a><\/p>\n<p>&nbsp;<\/p>\n<p>&nbsp;<\/p>\n<p>&nbsp;<\/p>\n<p>&nbsp;<\/p>\n<p>&nbsp;<\/p>\n<p>&nbsp;<\/p>\n<p>&nbsp;<\/p>\n<p>&nbsp;<\/p>\n<p>&nbsp;<\/p>\n<p>&nbsp;<\/p>\n","protected":false},"excerpt":{"rendered":"<p>Nesta p\u00e1gina voc\u00ea poder\u00e1 visualizar a descri\u00e7\u00e3o do Sistema de notifica\u00e7\u00f5es do CEREST &#8211; Centro de Refer\u00eancia em Sa\u00fade do Trabalhador, al\u00e9m de encontrar dados a respeito dessas ocorr\u00eancias: O SIST\/RS foi desenvolvido com o objetivo de conhecer os dados sobre acidentes, doen\u00e7as e \u00f3bitos que atingem trabalhadores do mercado formal ou informal, aposentados, servidores [&hellip;]<\/p>\n","protected":false},"author":102,"featured_media":0,"parent":47,"menu_order":3,"comment_status":"closed","ping_status":"open","template":"","meta":{"footnotes":""},"class_list":["post-160","page","type-page","status-publish","hentry"],"yoast_head":"<!-- This site is optimized with the Yoast SEO plugin v26.7 - https:\/\/yoast.com\/wordpress\/plugins\/seo\/ -->\n<title>Indicadores de sa\u00fade do trabalhador &#8226; OBSERVAT\u00d3RIO SOCIAL DO TRABALHO<\/title>\n<meta name=\"robots\" content=\"index, follow, max-snippet:-1, max-image-preview:large, max-video-preview:-1\" \/>\n<link rel=\"canonical\" href=\"https:\/\/wp.ufpel.edu.br\/observatoriosocial\/banco-de-dados-2\/indicadores-de-saude-do-trabalhador\/\" \/>\n<meta property=\"og:locale\" content=\"pt_BR\" \/>\n<meta property=\"og:type\" content=\"article\" \/>\n<meta property=\"og:title\" content=\"Indicadores de sa\u00fade do trabalhador &#8226; OBSERVAT\u00d3RIO SOCIAL DO TRABALHO\" \/>\n<meta property=\"og:description\" content=\"Nesta p\u00e1gina voc\u00ea poder\u00e1 visualizar a descri\u00e7\u00e3o do Sistema de notifica\u00e7\u00f5es do CEREST &#8211; Centro de Refer\u00eancia em Sa\u00fade do Trabalhador, al\u00e9m de encontrar dados a respeito dessas ocorr\u00eancias: O SIST\/RS foi desenvolvido com o objetivo de conhecer os dados sobre acidentes, doen\u00e7as e \u00f3bitos que atingem trabalhadores do mercado formal ou informal, aposentados, servidores [&hellip;]\" \/>\n<meta property=\"og:url\" content=\"https:\/\/wp.ufpel.edu.br\/observatoriosocial\/banco-de-dados-2\/indicadores-de-saude-do-trabalhador\/\" \/>\n<meta property=\"og:site_name\" content=\"OBSERVAT\u00d3RIO SOCIAL DO TRABALHO\" \/>\n<meta property=\"article:publisher\" content=\"https:\/\/www.facebook.com\/observatoriodaufpel\/\" \/>\n<meta property=\"article:modified_time\" content=\"2014-10-06T21:35:00+00:00\" \/>\n<meta name=\"twitter:card\" content=\"summary_large_image\" \/>\n<meta name=\"twitter:site\" content=\"@ufpeltrabalho\" \/>\n<meta name=\"twitter:label1\" content=\"Est. tempo de leitura\" \/>\n\t<meta name=\"twitter:data1\" content=\"4 minutos\" \/>\n<script type=\"application\/ld+json\" class=\"yoast-schema-graph\">{\"@context\":\"https:\/\/schema.org\",\"@graph\":[{\"@type\":\"WebPage\",\"@id\":\"https:\/\/wp.ufpel.edu.br\/observatoriosocial\/banco-de-dados-2\/indicadores-de-saude-do-trabalhador\/\",\"url\":\"https:\/\/wp.ufpel.edu.br\/observatoriosocial\/banco-de-dados-2\/indicadores-de-saude-do-trabalhador\/\",\"name\":\"Indicadores de sa\u00fade do trabalhador &#8226; OBSERVAT\u00d3RIO SOCIAL DO TRABALHO\",\"isPartOf\":{\"@id\":\"https:\/\/wp.ufpel.edu.br\/observatoriosocial\/#website\"},\"datePublished\":\"2013-01-10T20:53:01+00:00\",\"dateModified\":\"2014-10-06T21:35:00+00:00\",\"breadcrumb\":{\"@id\":\"https:\/\/wp.ufpel.edu.br\/observatoriosocial\/banco-de-dados-2\/indicadores-de-saude-do-trabalhador\/#breadcrumb\"},\"inLanguage\":\"pt-BR\",\"potentialAction\":[{\"@type\":\"ReadAction\",\"target\":[\"https:\/\/wp.ufpel.edu.br\/observatoriosocial\/banco-de-dados-2\/indicadores-de-saude-do-trabalhador\/\"]}]},{\"@type\":\"BreadcrumbList\",\"@id\":\"https:\/\/wp.ufpel.edu.br\/observatoriosocial\/banco-de-dados-2\/indicadores-de-saude-do-trabalhador\/#breadcrumb\",\"itemListElement\":[{\"@type\":\"ListItem\",\"position\":1,\"name\":\"In\u00edcio\",\"item\":\"https:\/\/wp.ufpel.edu.br\/observatoriosocial\/\"},{\"@type\":\"ListItem\",\"position\":2,\"name\":\"Banco de Dados\",\"item\":\"https:\/\/wp.ufpel.edu.br\/observatoriosocial\/banco-de-dados-2\/\"},{\"@type\":\"ListItem\",\"position\":3,\"name\":\"Indicadores de sa\u00fade do trabalhador\"}]},{\"@type\":\"WebSite\",\"@id\":\"https:\/\/wp.ufpel.edu.br\/observatoriosocial\/#website\",\"url\":\"https:\/\/wp.ufpel.edu.br\/observatoriosocial\/\",\"name\":\"OBSERVAT\u00d3RIO SOCIAL DO TRABALHO\",\"description\":\"Instituto de Filosofia, Sociologia e Pol\u00edtica (IFISP) \/ Universidade Federal de Pelotas (UFPel)\",\"potentialAction\":[{\"@type\":\"SearchAction\",\"target\":{\"@type\":\"EntryPoint\",\"urlTemplate\":\"https:\/\/wp.ufpel.edu.br\/observatoriosocial\/?s={search_term_string}\"},\"query-input\":{\"@type\":\"PropertyValueSpecification\",\"valueRequired\":true,\"valueName\":\"search_term_string\"}}],\"inLanguage\":\"pt-BR\"}]}<\/script>\n<!-- \/ Yoast SEO plugin. -->","yoast_head_json":{"title":"Indicadores de sa\u00fade do trabalhador &#8226; OBSERVAT\u00d3RIO SOCIAL DO TRABALHO","robots":{"index":"index","follow":"follow","max-snippet":"max-snippet:-1","max-image-preview":"max-image-preview:large","max-video-preview":"max-video-preview:-1"},"canonical":"https:\/\/wp.ufpel.edu.br\/observatoriosocial\/banco-de-dados-2\/indicadores-de-saude-do-trabalhador\/","og_locale":"pt_BR","og_type":"article","og_title":"Indicadores de sa\u00fade do trabalhador &#8226; OBSERVAT\u00d3RIO SOCIAL DO TRABALHO","og_description":"Nesta p\u00e1gina voc\u00ea poder\u00e1 visualizar a descri\u00e7\u00e3o do Sistema de notifica\u00e7\u00f5es do CEREST &#8211; Centro de Refer\u00eancia em Sa\u00fade do Trabalhador, al\u00e9m de encontrar dados a respeito dessas ocorr\u00eancias: O SIST\/RS foi desenvolvido com o objetivo de conhecer os dados sobre acidentes, doen\u00e7as e \u00f3bitos que atingem trabalhadores do mercado formal ou informal, aposentados, servidores [&hellip;]","og_url":"https:\/\/wp.ufpel.edu.br\/observatoriosocial\/banco-de-dados-2\/indicadores-de-saude-do-trabalhador\/","og_site_name":"OBSERVAT\u00d3RIO SOCIAL DO TRABALHO","article_publisher":"https:\/\/www.facebook.com\/observatoriodaufpel\/","article_modified_time":"2014-10-06T21:35:00+00:00","twitter_card":"summary_large_image","twitter_site":"@ufpeltrabalho","twitter_misc":{"Est. tempo de leitura":"4 minutos"},"schema":{"@context":"https:\/\/schema.org","@graph":[{"@type":"WebPage","@id":"https:\/\/wp.ufpel.edu.br\/observatoriosocial\/banco-de-dados-2\/indicadores-de-saude-do-trabalhador\/","url":"https:\/\/wp.ufpel.edu.br\/observatoriosocial\/banco-de-dados-2\/indicadores-de-saude-do-trabalhador\/","name":"Indicadores de sa\u00fade do trabalhador &#8226; OBSERVAT\u00d3RIO SOCIAL DO TRABALHO","isPartOf":{"@id":"https:\/\/wp.ufpel.edu.br\/observatoriosocial\/#website"},"datePublished":"2013-01-10T20:53:01+00:00","dateModified":"2014-10-06T21:35:00+00:00","breadcrumb":{"@id":"https:\/\/wp.ufpel.edu.br\/observatoriosocial\/banco-de-dados-2\/indicadores-de-saude-do-trabalhador\/#breadcrumb"},"inLanguage":"pt-BR","potentialAction":[{"@type":"ReadAction","target":["https:\/\/wp.ufpel.edu.br\/observatoriosocial\/banco-de-dados-2\/indicadores-de-saude-do-trabalhador\/"]}]},{"@type":"BreadcrumbList","@id":"https:\/\/wp.ufpel.edu.br\/observatoriosocial\/banco-de-dados-2\/indicadores-de-saude-do-trabalhador\/#breadcrumb","itemListElement":[{"@type":"ListItem","position":1,"name":"In\u00edcio","item":"https:\/\/wp.ufpel.edu.br\/observatoriosocial\/"},{"@type":"ListItem","position":2,"name":"Banco de Dados","item":"https:\/\/wp.ufpel.edu.br\/observatoriosocial\/banco-de-dados-2\/"},{"@type":"ListItem","position":3,"name":"Indicadores de sa\u00fade do trabalhador"}]},{"@type":"WebSite","@id":"https:\/\/wp.ufpel.edu.br\/observatoriosocial\/#website","url":"https:\/\/wp.ufpel.edu.br\/observatoriosocial\/","name":"OBSERVAT\u00d3RIO SOCIAL DO TRABALHO","description":"Instituto de Filosofia, Sociologia e Pol\u00edtica (IFISP) \/ Universidade Federal de Pelotas (UFPel)","potentialAction":[{"@type":"SearchAction","target":{"@type":"EntryPoint","urlTemplate":"https:\/\/wp.ufpel.edu.br\/observatoriosocial\/?s={search_term_string}"},"query-input":{"@type":"PropertyValueSpecification","valueRequired":true,"valueName":"search_term_string"}}],"inLanguage":"pt-BR"}]}},"_links":{"self":[{"href":"https:\/\/wp.ufpel.edu.br\/observatoriosocial\/wp-json\/wp\/v2\/pages\/160","targetHints":{"allow":["GET"]}}],"collection":[{"href":"https:\/\/wp.ufpel.edu.br\/observatoriosocial\/wp-json\/wp\/v2\/pages"}],"about":[{"href":"https:\/\/wp.ufpel.edu.br\/observatoriosocial\/wp-json\/wp\/v2\/types\/page"}],"author":[{"embeddable":true,"href":"https:\/\/wp.ufpel.edu.br\/observatoriosocial\/wp-json\/wp\/v2\/users\/102"}],"replies":[{"embeddable":true,"href":"https:\/\/wp.ufpel.edu.br\/observatoriosocial\/wp-json\/wp\/v2\/comments?post=160"}],"version-history":[{"count":4,"href":"https:\/\/wp.ufpel.edu.br\/observatoriosocial\/wp-json\/wp\/v2\/pages\/160\/revisions"}],"predecessor-version":[{"id":903,"href":"https:\/\/wp.ufpel.edu.br\/observatoriosocial\/wp-json\/wp\/v2\/pages\/160\/revisions\/903"}],"up":[{"embeddable":true,"href":"https:\/\/wp.ufpel.edu.br\/observatoriosocial\/wp-json\/wp\/v2\/pages\/47"}],"wp:attachment":[{"href":"https:\/\/wp.ufpel.edu.br\/observatoriosocial\/wp-json\/wp\/v2\/media?parent=160"}],"curies":[{"name":"wp","href":"https:\/\/api.w.org\/{rel}","templated":true}]}}