{"id":14,"date":"2011-03-30T11:54:13","date_gmt":"2011-03-30T14:54:13","guid":{"rendered":"https:\/\/wp.ufpel.edu.br\/observatoriosocial\/"},"modified":"2014-07-08T10:56:07","modified_gmt":"2014-07-08T13:56:07","slug":"projetos-de-pesquisa","status":"publish","type":"page","link":"https:\/\/wp.ufpel.edu.br\/observatoriosocial\/projetos-de-pesquisa\/","title":{"rendered":"Linhas de Pesquisa"},"content":{"rendered":"<p><strong>Linhas de Pesquisa:<\/strong><br \/>\n1. Trabalho, subjetividades e identidades<br \/>\n2. Emprego e desenvolvimento regional<br \/>\n3. Trabalho, discrimina\u00e7\u00e3o e desigualdades sociais<br \/>\n4. Trabalho, forma\u00e7\u00e3o e qualifica\u00e7\u00e3o profissional<br \/>\n5. Trabalho e sa\u00fade dos trabalhadores<br \/>\n6. Trabalho, sindicatos e a\u00e7\u00e3o coletiva<br \/>\n7. Hist\u00f3ria e mem\u00f3rias do trabalho<br \/>\n8. Trabalho, institui\u00e7\u00f5es e pol\u00edticas p\u00fablicas<br \/>\n9. Trabalho, precariedade e exclus\u00e3o social<\/p>\n","protected":false},"excerpt":{"rendered":"<p>Linhas de Pesquisa: 1. Trabalho, subjetividades e identidades 2. Emprego e desenvolvimento regional 3. Trabalho, discrimina\u00e7\u00e3o e desigualdades sociais 4. Trabalho, forma\u00e7\u00e3o e qualifica\u00e7\u00e3o profissional 5. Trabalho e sa\u00fade dos trabalhadores 6. Trabalho, sindicatos e a\u00e7\u00e3o coletiva 7. Hist\u00f3ria e mem\u00f3rias do trabalho 8. Trabalho, institui\u00e7\u00f5es e pol\u00edticas p\u00fablicas 9. Trabalho, precariedade e exclus\u00e3o social<\/p>\n","protected":false},"author":102,"featured_media":0,"parent":0,"menu_order":3,"comment_status":"closed","ping_status":"open","template":"","meta":{"footnotes":""},"class_list":["post-14","page","type-page","status-publish","hentry"],"yoast_head":"<!-- This site is optimized with the Yoast SEO plugin v26.7 - https:\/\/yoast.com\/wordpress\/plugins\/seo\/ -->\n<title>Linhas de Pesquisa &#8226; OBSERVAT\u00d3RIO SOCIAL DO TRABALHO<\/title>\n<meta name=\"robots\" content=\"index, follow, max-snippet:-1, max-image-preview:large, max-video-preview:-1\" \/>\n<link rel=\"canonical\" href=\"https:\/\/wp.ufpel.edu.br\/observatoriosocial\/projetos-de-pesquisa\/\" \/>\n<meta property=\"og:locale\" content=\"pt_BR\" \/>\n<meta property=\"og:type\" content=\"article\" \/>\n<meta property=\"og:title\" content=\"Linhas de Pesquisa &#8226; OBSERVAT\u00d3RIO SOCIAL DO TRABALHO\" \/>\n<meta property=\"og:description\" content=\"Linhas de Pesquisa: 1. Trabalho, subjetividades e identidades 2. Emprego e desenvolvimento regional 3. Trabalho, discrimina\u00e7\u00e3o e desigualdades sociais 4. Trabalho, forma\u00e7\u00e3o e qualifica\u00e7\u00e3o profissional 5. Trabalho e sa\u00fade dos trabalhadores 6. Trabalho, sindicatos e a\u00e7\u00e3o coletiva 7. Hist\u00f3ria e mem\u00f3rias do trabalho 8. Trabalho, institui\u00e7\u00f5es e pol\u00edticas p\u00fablicas 9. Trabalho, precariedade e exclus\u00e3o social\" \/>\n<meta property=\"og:url\" content=\"https:\/\/wp.ufpel.edu.br\/observatoriosocial\/projetos-de-pesquisa\/\" \/>\n<meta property=\"og:site_name\" content=\"OBSERVAT\u00d3RIO SOCIAL DO TRABALHO\" \/>\n<meta property=\"article:publisher\" content=\"https:\/\/www.facebook.com\/observatoriodaufpel\/\" \/>\n<meta property=\"article:modified_time\" content=\"2014-07-08T13:56:07+00:00\" \/>\n<meta name=\"twitter:card\" content=\"summary_large_image\" \/>\n<meta name=\"twitter:site\" content=\"@ufpeltrabalho\" \/>\n<script type=\"application\/ld+json\" class=\"yoast-schema-graph\">{\"@context\":\"https:\/\/schema.org\",\"@graph\":[{\"@type\":\"WebPage\",\"@id\":\"https:\/\/wp.ufpel.edu.br\/observatoriosocial\/projetos-de-pesquisa\/\",\"url\":\"https:\/\/wp.ufpel.edu.br\/observatoriosocial\/projetos-de-pesquisa\/\",\"name\":\"Linhas de Pesquisa &#8226; OBSERVAT\u00d3RIO SOCIAL DO TRABALHO\",\"isPartOf\":{\"@id\":\"https:\/\/wp.ufpel.edu.br\/observatoriosocial\/#website\"},\"datePublished\":\"2011-03-30T14:54:13+00:00\",\"dateModified\":\"2014-07-08T13:56:07+00:00\",\"breadcrumb\":{\"@id\":\"https:\/\/wp.ufpel.edu.br\/observatoriosocial\/projetos-de-pesquisa\/#breadcrumb\"},\"inLanguage\":\"pt-BR\",\"potentialAction\":[{\"@type\":\"ReadAction\",\"target\":[\"https:\/\/wp.ufpel.edu.br\/observatoriosocial\/projetos-de-pesquisa\/\"]}]},{\"@type\":\"BreadcrumbList\",\"@id\":\"https:\/\/wp.ufpel.edu.br\/observatoriosocial\/projetos-de-pesquisa\/#breadcrumb\",\"itemListElement\":[{\"@type\":\"ListItem\",\"position\":1,\"name\":\"In\u00edcio\",\"item\":\"https:\/\/wp.ufpel.edu.br\/observatoriosocial\/\"},{\"@type\":\"ListItem\",\"position\":2,\"name\":\"Linhas de Pesquisa\"}]},{\"@type\":\"WebSite\",\"@id\":\"https:\/\/wp.ufpel.edu.br\/observatoriosocial\/#website\",\"url\":\"https:\/\/wp.ufpel.edu.br\/observatoriosocial\/\",\"name\":\"OBSERVAT\u00d3RIO SOCIAL DO TRABALHO\",\"description\":\"Instituto de Filosofia, Sociologia e Pol\u00edtica (IFISP) \/ Universidade Federal de Pelotas (UFPel)\",\"potentialAction\":[{\"@type\":\"SearchAction\",\"target\":{\"@type\":\"EntryPoint\",\"urlTemplate\":\"https:\/\/wp.ufpel.edu.br\/observatoriosocial\/?s={search_term_string}\"},\"query-input\":{\"@type\":\"PropertyValueSpecification\",\"valueRequired\":true,\"valueName\":\"search_term_string\"}}],\"inLanguage\":\"pt-BR\"}]}<\/script>\n<!-- \/ Yoast SEO plugin. -->","yoast_head_json":{"title":"Linhas de Pesquisa &#8226; OBSERVAT\u00d3RIO SOCIAL DO TRABALHO","robots":{"index":"index","follow":"follow","max-snippet":"max-snippet:-1","max-image-preview":"max-image-preview:large","max-video-preview":"max-video-preview:-1"},"canonical":"https:\/\/wp.ufpel.edu.br\/observatoriosocial\/projetos-de-pesquisa\/","og_locale":"pt_BR","og_type":"article","og_title":"Linhas de Pesquisa &#8226; OBSERVAT\u00d3RIO SOCIAL DO TRABALHO","og_description":"Linhas de Pesquisa: 1. Trabalho, subjetividades e identidades 2. Emprego e desenvolvimento regional 3. Trabalho, discrimina\u00e7\u00e3o e desigualdades sociais 4. Trabalho, forma\u00e7\u00e3o e qualifica\u00e7\u00e3o profissional 5. Trabalho e sa\u00fade dos trabalhadores 6. Trabalho, sindicatos e a\u00e7\u00e3o coletiva 7. Hist\u00f3ria e mem\u00f3rias do trabalho 8. Trabalho, institui\u00e7\u00f5es e pol\u00edticas p\u00fablicas 9. Trabalho, precariedade e exclus\u00e3o social","og_url":"https:\/\/wp.ufpel.edu.br\/observatoriosocial\/projetos-de-pesquisa\/","og_site_name":"OBSERVAT\u00d3RIO SOCIAL DO TRABALHO","article_publisher":"https:\/\/www.facebook.com\/observatoriodaufpel\/","article_modified_time":"2014-07-08T13:56:07+00:00","twitter_card":"summary_large_image","twitter_site":"@ufpeltrabalho","schema":{"@context":"https:\/\/schema.org","@graph":[{"@type":"WebPage","@id":"https:\/\/wp.ufpel.edu.br\/observatoriosocial\/projetos-de-pesquisa\/","url":"https:\/\/wp.ufpel.edu.br\/observatoriosocial\/projetos-de-pesquisa\/","name":"Linhas de Pesquisa &#8226; OBSERVAT\u00d3RIO SOCIAL DO TRABALHO","isPartOf":{"@id":"https:\/\/wp.ufpel.edu.br\/observatoriosocial\/#website"},"datePublished":"2011-03-30T14:54:13+00:00","dateModified":"2014-07-08T13:56:07+00:00","breadcrumb":{"@id":"https:\/\/wp.ufpel.edu.br\/observatoriosocial\/projetos-de-pesquisa\/#breadcrumb"},"inLanguage":"pt-BR","potentialAction":[{"@type":"ReadAction","target":["https:\/\/wp.ufpel.edu.br\/observatoriosocial\/projetos-de-pesquisa\/"]}]},{"@type":"BreadcrumbList","@id":"https:\/\/wp.ufpel.edu.br\/observatoriosocial\/projetos-de-pesquisa\/#breadcrumb","itemListElement":[{"@type":"ListItem","position":1,"name":"In\u00edcio","item":"https:\/\/wp.ufpel.edu.br\/observatoriosocial\/"},{"@type":"ListItem","position":2,"name":"Linhas de Pesquisa"}]},{"@type":"WebSite","@id":"https:\/\/wp.ufpel.edu.br\/observatoriosocial\/#website","url":"https:\/\/wp.ufpel.edu.br\/observatoriosocial\/","name":"OBSERVAT\u00d3RIO SOCIAL DO TRABALHO","description":"Instituto de Filosofia, Sociologia e Pol\u00edtica (IFISP) \/ Universidade Federal de Pelotas (UFPel)","potentialAction":[{"@type":"SearchAction","target":{"@type":"EntryPoint","urlTemplate":"https:\/\/wp.ufpel.edu.br\/observatoriosocial\/?s={search_term_string}"},"query-input":{"@type":"PropertyValueSpecification","valueRequired":true,"valueName":"search_term_string"}}],"inLanguage":"pt-BR"}]}},"_links":{"self":[{"href":"https:\/\/wp.ufpel.edu.br\/observatoriosocial\/wp-json\/wp\/v2\/pages\/14","targetHints":{"allow":["GET"]}}],"collection":[{"href":"https:\/\/wp.ufpel.edu.br\/observatoriosocial\/wp-json\/wp\/v2\/pages"}],"about":[{"href":"https:\/\/wp.ufpel.edu.br\/observatoriosocial\/wp-json\/wp\/v2\/types\/page"}],"author":[{"embeddable":true,"href":"https:\/\/wp.ufpel.edu.br\/observatoriosocial\/wp-json\/wp\/v2\/users\/102"}],"replies":[{"embeddable":true,"href":"https:\/\/wp.ufpel.edu.br\/observatoriosocial\/wp-json\/wp\/v2\/comments?post=14"}],"version-history":[{"count":11,"href":"https:\/\/wp.ufpel.edu.br\/observatoriosocial\/wp-json\/wp\/v2\/pages\/14\/revisions"}],"predecessor-version":[{"id":532,"href":"https:\/\/wp.ufpel.edu.br\/observatoriosocial\/wp-json\/wp\/v2\/pages\/14\/revisions\/532"}],"wp:attachment":[{"href":"https:\/\/wp.ufpel.edu.br\/observatoriosocial\/wp-json\/wp\/v2\/media?parent=14"}],"curies":[{"name":"wp","href":"https:\/\/api.w.org\/{rel}","templated":true}]}}