{"id":125,"date":"2016-01-10T20:08:01","date_gmt":"2016-01-10T22:08:01","guid":{"rendered":"https:\/\/wp.ufpel.edu.br\/observatoriosocial\/?page_id=125"},"modified":"2024-02-14T20:35:57","modified_gmt":"2024-02-14T23:35:57","slug":"pesquisadores-e-colaboradores","status":"publish","type":"page","link":"https:\/\/wp.ufpel.edu.br\/observatoriosocial\/sobre\/pesquisadores-e-colaboradores\/","title":{"rendered":"Pesquisadores e colaboradores"},"content":{"rendered":"<h3><strong>Fundador:<\/strong><\/h3>\n<p>Prof. Dr. Francisco Eduardo Beckenkamp Vargas &#8211; IFISP\/UFPel<\/p>\n<h3><\/h3>\n<h3><strong>Coordenador:<\/strong><\/h3>\n<p>Attila Magno e Silva Barbosa (PPGS\/UFPel)<\/p>\n<p>&nbsp;<\/p>\n<h3><strong>Coordenadora adjunta:<\/strong><\/h3>\n<p>Prof.\u00aa. Ana Paula Ferreira D&#8217;Avila (PPGS\/UFPel)<\/p>\n<p>&nbsp;<\/p>\n<h3><strong>Professores pesquisadores:<\/strong><\/h3>\n<p>Prof.\u00aa. Ana Paula Ferreira D&#8217;Avila (PPGS\/UFPel)<\/p>\n<p>&nbsp;<\/p>\n<h3>Pesquisadores colaboradores:<\/h3>\n<p><span class=\"Apple-style-span\">Hilbert David de Oliveira Sousa &#8211; Servidor T\u00e9cnico-Administrativo UFMG, Soci\u00f3logo e Mestre em Ci\u00eancia Pol\u00edtica (PPGCP\/UFPel) (2016-2019 &#8211; bolsista). S<\/span>ubcoordenador do acordo de coopera\u00e7\u00e3o t\u00e9cnica com o Minist\u00e9rio do Trabalho (2015-2019).<\/p>\n<p>Rafaella Egues da Rosa (Professora de Sociologia no SESI\/RS, Mestre em Ci\u00eancias Sociais (PPGS\/UFPel). (2016-2020).<\/p>\n<p>&nbsp;<\/p>\n<h3>Bolsistas de Extens\u00e3o (PREC\/UFPel):<\/h3>\n<p>Ac. Newton Soares Mota &#8211; Curso de Ci\u00eancias Sociais (IFISP\/UFPel) (2020).<\/p>\n<p>Ac. Pedro Henrique Guatura Darlan &#8211; Curso de Ci\u00eancias Sociais (IFISP\/UFPel) (2020).<\/p>\n<p>Emerson Goularte Junior &#8211; Curso de Ci\u00eancias Sociais (IFISP\/UFPel) (2023).<\/p>\n<p>&nbsp;<\/p>\n<h3>Bolsista de Inicia\u00e7\u00e3o Cient\u00edfica (PIBIC\/CNPq):<\/h3>\n<p>Ac. Tain\u00e1 Cardozo de Oliveira &#8211; Curso de Ci\u00eancias Sociais (IFISP\/UFPel) (2020-2021)<\/p>\n<p>&nbsp;<\/p>\n<h3><strong>Alunos volunt\u00e1rios e alunos colaboradores (com projetos de pesquisa em andamento):<\/strong><\/h3>\n<p>Ac. Pedro Atila Moreira Sim\u00f5es &#8211; Curso de Geografia (ICH\/UFPel) (2020-2021)<\/p>\n<p>&nbsp;<\/p>\n<p>&nbsp;<\/p>\n<p>&nbsp;<\/p>\n","protected":false},"excerpt":{"rendered":"<p>Fundador: Prof. Dr. Francisco Eduardo Beckenkamp Vargas &#8211; IFISP\/UFPel Coordenador: Attila Magno e Silva Barbosa (PPGS\/UFPel) &nbsp; Coordenadora adjunta: Prof.\u00aa. Ana Paula Ferreira D&#8217;Avila (PPGS\/UFPel) &nbsp; Professores pesquisadores: Prof.\u00aa. Ana Paula Ferreira D&#8217;Avila (PPGS\/UFPel) &nbsp; Pesquisadores colaboradores: Hilbert David de Oliveira Sousa &#8211; Servidor T\u00e9cnico-Administrativo UFMG, Soci\u00f3logo e Mestre em Ci\u00eancia Pol\u00edtica (PPGCP\/UFPel) (2016-2019 &#8211; [&hellip;]<\/p>\n","protected":false},"author":102,"featured_media":0,"parent":2,"menu_order":5,"comment_status":"closed","ping_status":"closed","template":"","meta":{"footnotes":""},"class_list":["post-125","page","type-page","status-publish","hentry"],"yoast_head":"<!-- This site is optimized with the Yoast SEO plugin v26.7 - https:\/\/yoast.com\/wordpress\/plugins\/seo\/ -->\n<title>Pesquisadores e colaboradores &#8226; OBSERVAT\u00d3RIO SOCIAL DO TRABALHO<\/title>\n<meta name=\"robots\" content=\"index, follow, max-snippet:-1, max-image-preview:large, max-video-preview:-1\" \/>\n<link rel=\"canonical\" href=\"https:\/\/wp.ufpel.edu.br\/observatoriosocial\/sobre\/pesquisadores-e-colaboradores\/\" \/>\n<meta property=\"og:locale\" content=\"pt_BR\" \/>\n<meta property=\"og:type\" content=\"article\" \/>\n<meta property=\"og:title\" content=\"Pesquisadores e colaboradores &#8226; OBSERVAT\u00d3RIO SOCIAL DO TRABALHO\" \/>\n<meta property=\"og:description\" content=\"Fundador: Prof. Dr. Francisco Eduardo Beckenkamp Vargas &#8211; IFISP\/UFPel Coordenador: Attila Magno e Silva Barbosa (PPGS\/UFPel) &nbsp; Coordenadora adjunta: Prof.\u00aa. Ana Paula Ferreira D&#8217;Avila (PPGS\/UFPel) &nbsp; Professores pesquisadores: Prof.\u00aa. Ana Paula Ferreira D&#8217;Avila (PPGS\/UFPel) &nbsp; Pesquisadores colaboradores: Hilbert David de Oliveira Sousa &#8211; Servidor T\u00e9cnico-Administrativo UFMG, Soci\u00f3logo e Mestre em Ci\u00eancia Pol\u00edtica (PPGCP\/UFPel) (2016-2019 &#8211; [&hellip;]\" \/>\n<meta property=\"og:url\" content=\"https:\/\/wp.ufpel.edu.br\/observatoriosocial\/sobre\/pesquisadores-e-colaboradores\/\" \/>\n<meta property=\"og:site_name\" content=\"OBSERVAT\u00d3RIO SOCIAL DO TRABALHO\" \/>\n<meta property=\"article:publisher\" content=\"https:\/\/www.facebook.com\/observatoriodaufpel\/\" \/>\n<meta property=\"article:modified_time\" content=\"2024-02-14T23:35:57+00:00\" \/>\n<meta name=\"twitter:card\" content=\"summary_large_image\" \/>\n<meta name=\"twitter:site\" content=\"@ufpeltrabalho\" \/>\n<meta name=\"twitter:label1\" content=\"Est. tempo de leitura\" \/>\n\t<meta name=\"twitter:data1\" content=\"1 minuto\" \/>\n<script type=\"application\/ld+json\" class=\"yoast-schema-graph\">{\"@context\":\"https:\/\/schema.org\",\"@graph\":[{\"@type\":\"WebPage\",\"@id\":\"https:\/\/wp.ufpel.edu.br\/observatoriosocial\/sobre\/pesquisadores-e-colaboradores\/\",\"url\":\"https:\/\/wp.ufpel.edu.br\/observatoriosocial\/sobre\/pesquisadores-e-colaboradores\/\",\"name\":\"Pesquisadores e colaboradores &#8226; OBSERVAT\u00d3RIO SOCIAL DO TRABALHO\",\"isPartOf\":{\"@id\":\"https:\/\/wp.ufpel.edu.br\/observatoriosocial\/#website\"},\"datePublished\":\"2016-01-10T22:08:01+00:00\",\"dateModified\":\"2024-02-14T23:35:57+00:00\",\"breadcrumb\":{\"@id\":\"https:\/\/wp.ufpel.edu.br\/observatoriosocial\/sobre\/pesquisadores-e-colaboradores\/#breadcrumb\"},\"inLanguage\":\"pt-BR\",\"potentialAction\":[{\"@type\":\"ReadAction\",\"target\":[\"https:\/\/wp.ufpel.edu.br\/observatoriosocial\/sobre\/pesquisadores-e-colaboradores\/\"]}]},{\"@type\":\"BreadcrumbList\",\"@id\":\"https:\/\/wp.ufpel.edu.br\/observatoriosocial\/sobre\/pesquisadores-e-colaboradores\/#breadcrumb\",\"itemListElement\":[{\"@type\":\"ListItem\",\"position\":1,\"name\":\"In\u00edcio\",\"item\":\"https:\/\/wp.ufpel.edu.br\/observatoriosocial\/\"},{\"@type\":\"ListItem\",\"position\":2,\"name\":\"Sobre o Observat\u00f3rio\",\"item\":\"https:\/\/wp.ufpel.edu.br\/observatoriosocial\/sobre\/\"},{\"@type\":\"ListItem\",\"position\":3,\"name\":\"Pesquisadores e colaboradores\"}]},{\"@type\":\"WebSite\",\"@id\":\"https:\/\/wp.ufpel.edu.br\/observatoriosocial\/#website\",\"url\":\"https:\/\/wp.ufpel.edu.br\/observatoriosocial\/\",\"name\":\"OBSERVAT\u00d3RIO SOCIAL DO TRABALHO\",\"description\":\"Instituto de Filosofia, Sociologia e Pol\u00edtica (IFISP) \/ Universidade Federal de Pelotas (UFPel)\",\"potentialAction\":[{\"@type\":\"SearchAction\",\"target\":{\"@type\":\"EntryPoint\",\"urlTemplate\":\"https:\/\/wp.ufpel.edu.br\/observatoriosocial\/?s={search_term_string}\"},\"query-input\":{\"@type\":\"PropertyValueSpecification\",\"valueRequired\":true,\"valueName\":\"search_term_string\"}}],\"inLanguage\":\"pt-BR\"}]}<\/script>\n<!-- \/ Yoast SEO plugin. -->","yoast_head_json":{"title":"Pesquisadores e colaboradores &#8226; OBSERVAT\u00d3RIO SOCIAL DO TRABALHO","robots":{"index":"index","follow":"follow","max-snippet":"max-snippet:-1","max-image-preview":"max-image-preview:large","max-video-preview":"max-video-preview:-1"},"canonical":"https:\/\/wp.ufpel.edu.br\/observatoriosocial\/sobre\/pesquisadores-e-colaboradores\/","og_locale":"pt_BR","og_type":"article","og_title":"Pesquisadores e colaboradores &#8226; OBSERVAT\u00d3RIO SOCIAL DO TRABALHO","og_description":"Fundador: Prof. Dr. Francisco Eduardo Beckenkamp Vargas &#8211; IFISP\/UFPel Coordenador: Attila Magno e Silva Barbosa (PPGS\/UFPel) &nbsp; Coordenadora adjunta: Prof.\u00aa. Ana Paula Ferreira D&#8217;Avila (PPGS\/UFPel) &nbsp; Professores pesquisadores: Prof.\u00aa. Ana Paula Ferreira D&#8217;Avila (PPGS\/UFPel) &nbsp; Pesquisadores colaboradores: Hilbert David de Oliveira Sousa &#8211; Servidor T\u00e9cnico-Administrativo UFMG, Soci\u00f3logo e Mestre em Ci\u00eancia Pol\u00edtica (PPGCP\/UFPel) (2016-2019 &#8211; [&hellip;]","og_url":"https:\/\/wp.ufpel.edu.br\/observatoriosocial\/sobre\/pesquisadores-e-colaboradores\/","og_site_name":"OBSERVAT\u00d3RIO SOCIAL DO TRABALHO","article_publisher":"https:\/\/www.facebook.com\/observatoriodaufpel\/","article_modified_time":"2024-02-14T23:35:57+00:00","twitter_card":"summary_large_image","twitter_site":"@ufpeltrabalho","twitter_misc":{"Est. tempo de leitura":"1 minuto"},"schema":{"@context":"https:\/\/schema.org","@graph":[{"@type":"WebPage","@id":"https:\/\/wp.ufpel.edu.br\/observatoriosocial\/sobre\/pesquisadores-e-colaboradores\/","url":"https:\/\/wp.ufpel.edu.br\/observatoriosocial\/sobre\/pesquisadores-e-colaboradores\/","name":"Pesquisadores e colaboradores &#8226; OBSERVAT\u00d3RIO SOCIAL DO TRABALHO","isPartOf":{"@id":"https:\/\/wp.ufpel.edu.br\/observatoriosocial\/#website"},"datePublished":"2016-01-10T22:08:01+00:00","dateModified":"2024-02-14T23:35:57+00:00","breadcrumb":{"@id":"https:\/\/wp.ufpel.edu.br\/observatoriosocial\/sobre\/pesquisadores-e-colaboradores\/#breadcrumb"},"inLanguage":"pt-BR","potentialAction":[{"@type":"ReadAction","target":["https:\/\/wp.ufpel.edu.br\/observatoriosocial\/sobre\/pesquisadores-e-colaboradores\/"]}]},{"@type":"BreadcrumbList","@id":"https:\/\/wp.ufpel.edu.br\/observatoriosocial\/sobre\/pesquisadores-e-colaboradores\/#breadcrumb","itemListElement":[{"@type":"ListItem","position":1,"name":"In\u00edcio","item":"https:\/\/wp.ufpel.edu.br\/observatoriosocial\/"},{"@type":"ListItem","position":2,"name":"Sobre o Observat\u00f3rio","item":"https:\/\/wp.ufpel.edu.br\/observatoriosocial\/sobre\/"},{"@type":"ListItem","position":3,"name":"Pesquisadores e colaboradores"}]},{"@type":"WebSite","@id":"https:\/\/wp.ufpel.edu.br\/observatoriosocial\/#website","url":"https:\/\/wp.ufpel.edu.br\/observatoriosocial\/","name":"OBSERVAT\u00d3RIO SOCIAL DO TRABALHO","description":"Instituto de Filosofia, Sociologia e Pol\u00edtica (IFISP) \/ Universidade Federal de Pelotas (UFPel)","potentialAction":[{"@type":"SearchAction","target":{"@type":"EntryPoint","urlTemplate":"https:\/\/wp.ufpel.edu.br\/observatoriosocial\/?s={search_term_string}"},"query-input":{"@type":"PropertyValueSpecification","valueRequired":true,"valueName":"search_term_string"}}],"inLanguage":"pt-BR"}]}},"_links":{"self":[{"href":"https:\/\/wp.ufpel.edu.br\/observatoriosocial\/wp-json\/wp\/v2\/pages\/125","targetHints":{"allow":["GET"]}}],"collection":[{"href":"https:\/\/wp.ufpel.edu.br\/observatoriosocial\/wp-json\/wp\/v2\/pages"}],"about":[{"href":"https:\/\/wp.ufpel.edu.br\/observatoriosocial\/wp-json\/wp\/v2\/types\/page"}],"author":[{"embeddable":true,"href":"https:\/\/wp.ufpel.edu.br\/observatoriosocial\/wp-json\/wp\/v2\/users\/102"}],"replies":[{"embeddable":true,"href":"https:\/\/wp.ufpel.edu.br\/observatoriosocial\/wp-json\/wp\/v2\/comments?post=125"}],"version-history":[{"count":29,"href":"https:\/\/wp.ufpel.edu.br\/observatoriosocial\/wp-json\/wp\/v2\/pages\/125\/revisions"}],"predecessor-version":[{"id":3031,"href":"https:\/\/wp.ufpel.edu.br\/observatoriosocial\/wp-json\/wp\/v2\/pages\/125\/revisions\/3031"}],"up":[{"embeddable":true,"href":"https:\/\/wp.ufpel.edu.br\/observatoriosocial\/wp-json\/wp\/v2\/pages\/2"}],"wp:attachment":[{"href":"https:\/\/wp.ufpel.edu.br\/observatoriosocial\/wp-json\/wp\/v2\/media?parent=125"}],"curies":[{"name":"wp","href":"https:\/\/api.w.org\/{rel}","templated":true}]}}