{"id":116,"date":"2013-01-10T19:50:19","date_gmt":"2013-01-10T19:50:19","guid":{"rendered":"https:\/\/wp.ufpel.edu.br\/observatoriosocial\/?page_id=116"},"modified":"2013-01-29T17:54:13","modified_gmt":"2013-01-29T17:54:13","slug":"metodologia","status":"publish","type":"page","link":"https:\/\/wp.ufpel.edu.br\/observatoriosocial\/sobre\/metodologia\/","title":{"rendered":"Metodologia"},"content":{"rendered":"<p>     A metodologia de implementa\u00e7\u00e3o deste Observat\u00f3rio ocorrer\u00e1 em dois \u00e2mbitos diversos:<\/p>\n<p>a) No \u00e2mbito da pesquisa social, do monitoramento das transforma\u00e7\u00f5es do mundo do trabalho em escala regional, na produ\u00e7\u00e3o de indicadores, estudos e an\u00e1lises sobre o mundo do trabalho. Utilizar-se-\u00e1, neste sentido, tanto metodologias quantitativas como qualitativas de an\u00e1lise do mundo do trabalho. Tomar-se-\u00e1 como fontes de dados quantitativos, as bases de dados das institui\u00e7\u00f5es p\u00fablicas e privadas brasileiras, tais como o Instituto Brasileiro de Geografia e Estat\u00edstica &#8211; IBGE, o Minist\u00e9rio do Trabalho e Emprego &#8211; MTE, o Minist\u00e9rio da Previd\u00eancia Social &#8211; MPS, o Sistema Nacional de Emprego &#8211; SINE, o Departemento Intersindical de Estat\u00edstica e Estudos Socioecon\u00f4micos &#8211; DIEESE, a Funda\u00e7\u00e3o de Economia e Estat\u00edstica &#8211; FEE do Estado do Rio Grande do Sul, o Minist\u00e9rio P\u00fablico do Trabalho, a Justi\u00e7a do Trabalho, dentre outras institui\u00e7\u00f5es relevantes. Essas institui\u00e7\u00f5es tamb\u00e9m fornecem fontes qualitativas relevantes, tais como documentos, legisla\u00e7\u00e3o, dados administrativos espec\u00edficos. As metodologias qualitativas tamb\u00e9m ser\u00e3o desenvolvidas atrav\u00e9s de fontes diversas tais como a aplica\u00e7\u00e3o de question\u00e1rios estruturados, a realiza\u00e7\u00e3o de entrevistas, a realiza\u00e7\u00e3o de observa\u00e7\u00f5es diretas, o desenvolvimento de observa\u00e7\u00f5es participantes, al\u00e9m do uso e produ\u00e7\u00e3o de material audiovisual.<\/p>\n<p>b) No \u00e2mbito da gest\u00e3o das atividades do Observat\u00f3rio Social do Trabalho, o que sup\u00f5e a participa\u00e7\u00e3o e colabora\u00e7\u00e3o dos atores sociais e parceiros vinculados ao projeto. Tal processo de gest\u00e3o implicar\u00e1 o acompanhamento e avalia\u00e7\u00e3o constante das atividades do Observat\u00f3rio, com realiza\u00e7\u00e3o de reuni\u00f5es peri\u00f3dicas dos parceiros e de avalia\u00e7\u00f5es t\u00e9cnicas com equipes especializadas de pesquisadores e alunos. A divulga\u00e7\u00e3o dos indicadores, estudos, an\u00e1lises e todo conjunto de informa\u00e7\u00f5es no Portal do Observat\u00f3rio ser\u00e1, pois, objeto de permanente avalia\u00e7\u00e3o da coordena\u00e7\u00e3o do Observat\u00f3rio e dos parceiros reunidos num Conselho de Gest\u00e3o. Este conselho de gest\u00e3o dever\u00e1 ser definido segundo normas pr\u00f3prias a serem elaborados pelos parceiros do projeto, isto \u00e9, as institui\u00e7\u00f5es e \u00f3rg\u00e3os que dele participam.<\/p>\n<p>     O desenvolvimento do projeto envolver\u00e1, ainda, as seguintes atividades:<\/p>\n<p>a) Reuni\u00f5es peri\u00f3dicas com as institui\u00e7\u00f5es parceiras para discutir e definir os indicadores, estudos, an\u00e1lises, documentos, etc., a serem publicados no Portal do Observat\u00f3rio Social do Trabalho.<\/p>\n<p>b) Reuni\u00f5es peri\u00f3dicas com o grupo de pesquisadores do Observat\u00f3rio Social do Trabalho (professores, alunos, t\u00e9cnicos) a fim de definir e acompanhar as pesquisas a serem realizadas, os dados e estudos a serem publicados e as formas de publica\u00e7\u00e3o dos mesmos.<\/p>\n<p>c) Atividades regulares de pesquisa de campo para levantamento e organiza\u00e7\u00e3o dos dados quantitativos e qualitativos a serem publicados no Portal do Observat\u00f3rio Social do Trabalho.<\/p>\n<p>d) Atividades de extens\u00e3o visando estabelecer o debate e a reflex\u00e3o cr\u00edtica sobre as transforma\u00e7\u00f5es do mundo do trabalho na regi\u00e3o.<\/p>\n","protected":false},"excerpt":{"rendered":"<p>A metodologia de implementa\u00e7\u00e3o deste Observat\u00f3rio ocorrer\u00e1 em dois \u00e2mbitos diversos: a) No \u00e2mbito da pesquisa social, do monitoramento das transforma\u00e7\u00f5es do mundo do trabalho em escala regional, na produ\u00e7\u00e3o de indicadores, estudos e an\u00e1lises sobre o mundo do trabalho. Utilizar-se-\u00e1, neste sentido, tanto metodologias quantitativas como qualitativas de an\u00e1lise do mundo do trabalho. Tomar-se-\u00e1 [&hellip;]<\/p>\n","protected":false},"author":102,"featured_media":0,"parent":2,"menu_order":3,"comment_status":"closed","ping_status":"open","template":"","meta":{"footnotes":""},"class_list":["post-116","page","type-page","status-publish","hentry"],"yoast_head":"<!-- This site is optimized with the Yoast SEO plugin v26.7 - https:\/\/yoast.com\/wordpress\/plugins\/seo\/ -->\n<title>Metodologia &#8226; OBSERVAT\u00d3RIO SOCIAL DO TRABALHO<\/title>\n<meta name=\"robots\" content=\"index, follow, max-snippet:-1, max-image-preview:large, max-video-preview:-1\" \/>\n<link rel=\"canonical\" href=\"https:\/\/wp.ufpel.edu.br\/observatoriosocial\/sobre\/metodologia\/\" \/>\n<meta property=\"og:locale\" content=\"pt_BR\" \/>\n<meta property=\"og:type\" content=\"article\" \/>\n<meta property=\"og:title\" content=\"Metodologia &#8226; OBSERVAT\u00d3RIO SOCIAL DO TRABALHO\" \/>\n<meta property=\"og:description\" content=\"A metodologia de implementa\u00e7\u00e3o deste Observat\u00f3rio ocorrer\u00e1 em dois \u00e2mbitos diversos: a) No \u00e2mbito da pesquisa social, do monitoramento das transforma\u00e7\u00f5es do mundo do trabalho em escala regional, na produ\u00e7\u00e3o de indicadores, estudos e an\u00e1lises sobre o mundo do trabalho. Utilizar-se-\u00e1, neste sentido, tanto metodologias quantitativas como qualitativas de an\u00e1lise do mundo do trabalho. Tomar-se-\u00e1 [&hellip;]\" \/>\n<meta property=\"og:url\" content=\"https:\/\/wp.ufpel.edu.br\/observatoriosocial\/sobre\/metodologia\/\" \/>\n<meta property=\"og:site_name\" content=\"OBSERVAT\u00d3RIO SOCIAL DO TRABALHO\" \/>\n<meta property=\"article:publisher\" content=\"https:\/\/www.facebook.com\/observatoriodaufpel\/\" \/>\n<meta property=\"article:modified_time\" content=\"2013-01-29T17:54:13+00:00\" \/>\n<meta name=\"twitter:card\" content=\"summary_large_image\" \/>\n<meta name=\"twitter:site\" content=\"@ufpeltrabalho\" \/>\n<meta name=\"twitter:label1\" content=\"Est. tempo de leitura\" \/>\n\t<meta name=\"twitter:data1\" content=\"3 minutos\" \/>\n<script type=\"application\/ld+json\" class=\"yoast-schema-graph\">{\"@context\":\"https:\/\/schema.org\",\"@graph\":[{\"@type\":\"WebPage\",\"@id\":\"https:\/\/wp.ufpel.edu.br\/observatoriosocial\/sobre\/metodologia\/\",\"url\":\"https:\/\/wp.ufpel.edu.br\/observatoriosocial\/sobre\/metodologia\/\",\"name\":\"Metodologia &#8226; OBSERVAT\u00d3RIO SOCIAL DO TRABALHO\",\"isPartOf\":{\"@id\":\"https:\/\/wp.ufpel.edu.br\/observatoriosocial\/#website\"},\"datePublished\":\"2013-01-10T19:50:19+00:00\",\"dateModified\":\"2013-01-29T17:54:13+00:00\",\"breadcrumb\":{\"@id\":\"https:\/\/wp.ufpel.edu.br\/observatoriosocial\/sobre\/metodologia\/#breadcrumb\"},\"inLanguage\":\"pt-BR\",\"potentialAction\":[{\"@type\":\"ReadAction\",\"target\":[\"https:\/\/wp.ufpel.edu.br\/observatoriosocial\/sobre\/metodologia\/\"]}]},{\"@type\":\"BreadcrumbList\",\"@id\":\"https:\/\/wp.ufpel.edu.br\/observatoriosocial\/sobre\/metodologia\/#breadcrumb\",\"itemListElement\":[{\"@type\":\"ListItem\",\"position\":1,\"name\":\"In\u00edcio\",\"item\":\"https:\/\/wp.ufpel.edu.br\/observatoriosocial\/\"},{\"@type\":\"ListItem\",\"position\":2,\"name\":\"Sobre o Observat\u00f3rio\",\"item\":\"https:\/\/wp.ufpel.edu.br\/observatoriosocial\/sobre\/\"},{\"@type\":\"ListItem\",\"position\":3,\"name\":\"Metodologia\"}]},{\"@type\":\"WebSite\",\"@id\":\"https:\/\/wp.ufpel.edu.br\/observatoriosocial\/#website\",\"url\":\"https:\/\/wp.ufpel.edu.br\/observatoriosocial\/\",\"name\":\"OBSERVAT\u00d3RIO SOCIAL DO TRABALHO\",\"description\":\"Instituto de Filosofia, Sociologia e Pol\u00edtica (IFISP) \/ Universidade Federal de Pelotas (UFPel)\",\"potentialAction\":[{\"@type\":\"SearchAction\",\"target\":{\"@type\":\"EntryPoint\",\"urlTemplate\":\"https:\/\/wp.ufpel.edu.br\/observatoriosocial\/?s={search_term_string}\"},\"query-input\":{\"@type\":\"PropertyValueSpecification\",\"valueRequired\":true,\"valueName\":\"search_term_string\"}}],\"inLanguage\":\"pt-BR\"}]}<\/script>\n<!-- \/ Yoast SEO plugin. -->","yoast_head_json":{"title":"Metodologia &#8226; OBSERVAT\u00d3RIO SOCIAL DO TRABALHO","robots":{"index":"index","follow":"follow","max-snippet":"max-snippet:-1","max-image-preview":"max-image-preview:large","max-video-preview":"max-video-preview:-1"},"canonical":"https:\/\/wp.ufpel.edu.br\/observatoriosocial\/sobre\/metodologia\/","og_locale":"pt_BR","og_type":"article","og_title":"Metodologia &#8226; OBSERVAT\u00d3RIO SOCIAL DO TRABALHO","og_description":"A metodologia de implementa\u00e7\u00e3o deste Observat\u00f3rio ocorrer\u00e1 em dois \u00e2mbitos diversos: a) No \u00e2mbito da pesquisa social, do monitoramento das transforma\u00e7\u00f5es do mundo do trabalho em escala regional, na produ\u00e7\u00e3o de indicadores, estudos e an\u00e1lises sobre o mundo do trabalho. Utilizar-se-\u00e1, neste sentido, tanto metodologias quantitativas como qualitativas de an\u00e1lise do mundo do trabalho. Tomar-se-\u00e1 [&hellip;]","og_url":"https:\/\/wp.ufpel.edu.br\/observatoriosocial\/sobre\/metodologia\/","og_site_name":"OBSERVAT\u00d3RIO SOCIAL DO TRABALHO","article_publisher":"https:\/\/www.facebook.com\/observatoriodaufpel\/","article_modified_time":"2013-01-29T17:54:13+00:00","twitter_card":"summary_large_image","twitter_site":"@ufpeltrabalho","twitter_misc":{"Est. tempo de leitura":"3 minutos"},"schema":{"@context":"https:\/\/schema.org","@graph":[{"@type":"WebPage","@id":"https:\/\/wp.ufpel.edu.br\/observatoriosocial\/sobre\/metodologia\/","url":"https:\/\/wp.ufpel.edu.br\/observatoriosocial\/sobre\/metodologia\/","name":"Metodologia &#8226; OBSERVAT\u00d3RIO SOCIAL DO TRABALHO","isPartOf":{"@id":"https:\/\/wp.ufpel.edu.br\/observatoriosocial\/#website"},"datePublished":"2013-01-10T19:50:19+00:00","dateModified":"2013-01-29T17:54:13+00:00","breadcrumb":{"@id":"https:\/\/wp.ufpel.edu.br\/observatoriosocial\/sobre\/metodologia\/#breadcrumb"},"inLanguage":"pt-BR","potentialAction":[{"@type":"ReadAction","target":["https:\/\/wp.ufpel.edu.br\/observatoriosocial\/sobre\/metodologia\/"]}]},{"@type":"BreadcrumbList","@id":"https:\/\/wp.ufpel.edu.br\/observatoriosocial\/sobre\/metodologia\/#breadcrumb","itemListElement":[{"@type":"ListItem","position":1,"name":"In\u00edcio","item":"https:\/\/wp.ufpel.edu.br\/observatoriosocial\/"},{"@type":"ListItem","position":2,"name":"Sobre o Observat\u00f3rio","item":"https:\/\/wp.ufpel.edu.br\/observatoriosocial\/sobre\/"},{"@type":"ListItem","position":3,"name":"Metodologia"}]},{"@type":"WebSite","@id":"https:\/\/wp.ufpel.edu.br\/observatoriosocial\/#website","url":"https:\/\/wp.ufpel.edu.br\/observatoriosocial\/","name":"OBSERVAT\u00d3RIO SOCIAL DO TRABALHO","description":"Instituto de Filosofia, Sociologia e Pol\u00edtica (IFISP) \/ Universidade Federal de Pelotas (UFPel)","potentialAction":[{"@type":"SearchAction","target":{"@type":"EntryPoint","urlTemplate":"https:\/\/wp.ufpel.edu.br\/observatoriosocial\/?s={search_term_string}"},"query-input":{"@type":"PropertyValueSpecification","valueRequired":true,"valueName":"search_term_string"}}],"inLanguage":"pt-BR"}]}},"_links":{"self":[{"href":"https:\/\/wp.ufpel.edu.br\/observatoriosocial\/wp-json\/wp\/v2\/pages\/116","targetHints":{"allow":["GET"]}}],"collection":[{"href":"https:\/\/wp.ufpel.edu.br\/observatoriosocial\/wp-json\/wp\/v2\/pages"}],"about":[{"href":"https:\/\/wp.ufpel.edu.br\/observatoriosocial\/wp-json\/wp\/v2\/types\/page"}],"author":[{"embeddable":true,"href":"https:\/\/wp.ufpel.edu.br\/observatoriosocial\/wp-json\/wp\/v2\/users\/102"}],"replies":[{"embeddable":true,"href":"https:\/\/wp.ufpel.edu.br\/observatoriosocial\/wp-json\/wp\/v2\/comments?post=116"}],"version-history":[{"count":8,"href":"https:\/\/wp.ufpel.edu.br\/observatoriosocial\/wp-json\/wp\/v2\/pages\/116\/revisions"}],"predecessor-version":[{"id":313,"href":"https:\/\/wp.ufpel.edu.br\/observatoriosocial\/wp-json\/wp\/v2\/pages\/116\/revisions\/313"}],"up":[{"embeddable":true,"href":"https:\/\/wp.ufpel.edu.br\/observatoriosocial\/wp-json\/wp\/v2\/pages\/2"}],"wp:attachment":[{"href":"https:\/\/wp.ufpel.edu.br\/observatoriosocial\/wp-json\/wp\/v2\/media?parent=116"}],"curies":[{"name":"wp","href":"https:\/\/api.w.org\/{rel}","templated":true}]}}