{"id":159,"date":"2017-10-15T23:48:24","date_gmt":"2017-10-16T01:48:24","guid":{"rendered":"https:\/\/wp.ufpel.edu.br\/observatoriocuid\/?page_id=159"},"modified":"2018-09-17T20:36:36","modified_gmt":"2018-09-17T23:36:36","slug":"filmes","status":"publish","type":"page","link":"https:\/\/wp.ufpel.edu.br\/observatoriocuid\/filmes\/","title":{"rendered":"Filmes"},"content":{"rendered":"<h2>Indica\u00e7\u00f5es de filmes espiritualistas!<\/h2>\n<p>&nbsp;<\/p>\n<p><img decoding=\"async\" src=\"https:\/\/wp.ufpel.edu.br\/observatoriocuid\/files\/2018\/01\/movie_reel-400x251.jpg\" \/><\/p>\n<p>&nbsp;<\/p>\n<p>1- Nosso Lar (2010)<\/p>\n<p>2- Chico Xavier (2010)<\/p>\n<p>3- Bezerra de Menezes: O Di\u00e1rio de um Esp\u00edrito (2008)<\/p>\n<p>4- E a vida continua (2012)<\/p>\n<p>5- Minha vida na outra vida<\/p>\n<p>6-\u00a0Antes que termine o dia (2004)<\/p>\n<p>7-\u00a0As cinco pessoas que voc\u00ea encontra no c\u00e9u (2004)<\/p>\n<p>8-\u00a0Os outros (Alejandro Amen\u00e1bar, 2001)<\/p>\n<p>9-\u00a0O Mist\u00e9rio da Lib\u00e9lula (Tom Shadyac, 2002)<\/p>\n<p>&nbsp;<\/p>\n","protected":false},"excerpt":{"rendered":"<p>Indica\u00e7\u00f5es de filmes espiritualistas! &nbsp; &nbsp; 1- Nosso Lar (2010) 2- Chico Xavier (2010) 3- Bezerra de Menezes: O Di\u00e1rio de um Esp\u00edrito (2008) 4- E a&hellip; <span class=\"read-more\"><a class=\"more-link\" href=\"https:\/\/wp.ufpel.edu.br\/observatoriocuid\/filmes\/\" rel=\"bookmark\">Leia Mais <span class=\"screen-reader-text\">&#8220;Filmes&#8221;<\/span><\/a><\/span><\/p>\n","protected":false},"author":775,"featured_media":0,"parent":0,"menu_order":0,"comment_status":"closed","ping_status":"closed","template":"","meta":{"jetpack_post_was_ever_published":false,"footnotes":""},"class_list":["post-159","page","type-page","status-publish","hentry"],"jetpack_sharing_enabled":true,"jetpack_shortlink":"https:\/\/wp.me\/P8U5jz-2z","publishpress_future_action":{"enabled":false,"date":"2026-04-19 13:22:44","action":"change-status","newStatus":"draft","terms":[],"taxonomy":"","extraData":[]},"publishpress_future_workflow_manual_trigger":{"enabledWorkflows":[]},"_links":{"self":[{"href":"https:\/\/wp.ufpel.edu.br\/observatoriocuid\/wp-json\/wp\/v2\/pages\/159","targetHints":{"allow":["GET"]}}],"collection":[{"href":"https:\/\/wp.ufpel.edu.br\/observatoriocuid\/wp-json\/wp\/v2\/pages"}],"about":[{"href":"https:\/\/wp.ufpel.edu.br\/observatoriocuid\/wp-json\/wp\/v2\/types\/page"}],"author":[{"embeddable":true,"href":"https:\/\/wp.ufpel.edu.br\/observatoriocuid\/wp-json\/wp\/v2\/users\/775"}],"replies":[{"embeddable":true,"href":"https:\/\/wp.ufpel.edu.br\/observatoriocuid\/wp-json\/wp\/v2\/comments?post=159"}],"version-history":[{"count":3,"href":"https:\/\/wp.ufpel.edu.br\/observatoriocuid\/wp-json\/wp\/v2\/pages\/159\/revisions"}],"predecessor-version":[{"id":382,"href":"https:\/\/wp.ufpel.edu.br\/observatoriocuid\/wp-json\/wp\/v2\/pages\/159\/revisions\/382"}],"wp:attachment":[{"href":"https:\/\/wp.ufpel.edu.br\/observatoriocuid\/wp-json\/wp\/v2\/media?parent=159"}],"curies":[{"name":"wp","href":"https:\/\/api.w.org\/{rel}","templated":true}]}}