{"id":96,"date":"2016-04-11T16:20:23","date_gmt":"2016-04-11T19:20:23","guid":{"rendered":"https:\/\/wp.ufpel.edu.br\/observatorio\/?page_id=96"},"modified":"2016-04-11T16:20:23","modified_gmt":"2016-04-11T19:20:23","slug":"publicacoes","status":"publish","type":"page","link":"https:\/\/wp.ufpel.edu.br\/observatorio\/simposio-de-genero-e-diversidade\/publicacoes\/","title":{"rendered":"Publica\u00e7\u00f5es"},"content":{"rendered":"<p>Haver\u00e1 duas publica\u00e7\u00f5es resultantes do evento: um caderno com os resumos aprovados e os anais com os textos completos, referentes aos trabalhos efetivamente apresentados. As duas publica\u00e7\u00f5es ser\u00e3o em e-book. Ambas ser\u00e3o disponibilizadas no site do evento para download. Os trabalhos n\u00e3o apresentados e enviados fora dos prazos ser\u00e3o automaticamente exclu\u00eddos das publica\u00e7\u00f5es.<\/p>\n","protected":false},"excerpt":{"rendered":"<p>Haver\u00e1 duas publica\u00e7\u00f5es resultantes do evento: um caderno com os resumos aprovados e os anais com os textos completos, referentes aos trabalhos efetivamente apresentados. As duas publica\u00e7\u00f5es ser\u00e3o em e-book. Ambas ser\u00e3o disponibilizadas no site do evento para download. Os trabalhos n\u00e3o apresentados e enviados fora dos prazos ser\u00e3o automaticamente exclu\u00eddos das publica\u00e7\u00f5es.<\/p>\n","protected":false},"author":547,"featured_media":0,"parent":65,"menu_order":0,"comment_status":"closed","ping_status":"closed","template":"","meta":{"footnotes":""},"class_list":["post-96","page","type-page","status-publish","hentry"],"jetpack_sharing_enabled":true,"_links":{"self":[{"href":"https:\/\/wp.ufpel.edu.br\/observatorio\/wp-json\/wp\/v2\/pages\/96","targetHints":{"allow":["GET"]}}],"collection":[{"href":"https:\/\/wp.ufpel.edu.br\/observatorio\/wp-json\/wp\/v2\/pages"}],"about":[{"href":"https:\/\/wp.ufpel.edu.br\/observatorio\/wp-json\/wp\/v2\/types\/page"}],"author":[{"embeddable":true,"href":"https:\/\/wp.ufpel.edu.br\/observatorio\/wp-json\/wp\/v2\/users\/547"}],"replies":[{"embeddable":true,"href":"https:\/\/wp.ufpel.edu.br\/observatorio\/wp-json\/wp\/v2\/comments?post=96"}],"version-history":[{"count":1,"href":"https:\/\/wp.ufpel.edu.br\/observatorio\/wp-json\/wp\/v2\/pages\/96\/revisions"}],"predecessor-version":[{"id":97,"href":"https:\/\/wp.ufpel.edu.br\/observatorio\/wp-json\/wp\/v2\/pages\/96\/revisions\/97"}],"up":[{"embeddable":true,"href":"https:\/\/wp.ufpel.edu.br\/observatorio\/wp-json\/wp\/v2\/pages\/65"}],"wp:attachment":[{"href":"https:\/\/wp.ufpel.edu.br\/observatorio\/wp-json\/wp\/v2\/media?parent=96"}],"curies":[{"name":"wp","href":"https:\/\/api.w.org\/{rel}","templated":true}]}}