{"id":93,"date":"2016-04-11T16:07:53","date_gmt":"2016-04-11T19:07:53","guid":{"rendered":"https:\/\/wp.ufpel.edu.br\/observatorio\/?page_id=93"},"modified":"2016-05-16T15:31:26","modified_gmt":"2016-05-16T18:31:26","slug":"normas-para-envio-dos-textos-completos","status":"publish","type":"page","link":"https:\/\/wp.ufpel.edu.br\/observatorio\/simposio-de-genero-e-diversidade\/normas-para-envio-dos-textos-completos\/","title":{"rendered":"Normas para envio dos textos completos"},"content":{"rendered":"<p>Os textos completos relativos aos resumos aprovados e aos trabalhos apresentados no evento dever\u00e3o ser enviados para o email <strong><em>trabcompleto.simposio@gmail.com<\/em><\/strong> at\u00e9 o dia 20 de junho de 2016, um m\u00eas ap\u00f3s a realiza\u00e7\u00e3o do evento, visando sua publica\u00e7\u00e3o nos anais do evento.<\/p>\n<p><strong>Normas<\/strong><\/p>\n<p>Formata\u00e7\u00e3o do texto:<\/p>\n<p>&#8211; Os textos completos dever\u00e3o possuir de 10 \u00e0 15 p\u00e1ginas, incluindo a lista de refer\u00eancias.<\/p>\n<p>&#8211; O layout de p\u00e1gina dever\u00e1 estar configurado em papel A4, fonte Times New Roman, tam. 12, espa\u00e7amento entre linhas 1,5 e recuo de 1,5 no in\u00edcio dos par\u00e1grafos, margens 2,5 (dir., esq., sup. e inf.).<\/p>\n<p>&#8211; Na primeira linha colocar o t\u00edtulo em negrito e em mai\u00fasculas centralizado, uma linha em branco e na pr\u00f3xima linha o(s) autor(es) \u00e0 direita, com nota de rodap\u00e9 contendo um pequeno curr\u00edculo resumido e um email de contato.<\/p>\n<p>&#8211; Imagens: quando forem utilizar imagens (no m\u00e1ximo 4) estas devem conter a fonte e possu\u00edrem 300dpi.<\/p>\n<p>&#8211; O arquivo dever\u00e1 ser enviado com extens\u00e3o doc.<\/p>\n<p>&#8211; Os textos dever\u00e3o seguir as normas da ABNT e conter as refer\u00eancias completas no final.<\/p>\n<p>&#8211; Cada autor\/a \u00e9 respons\u00e1vel pela revis\u00e3o final do portugu\u00eas.<\/p>\n","protected":false},"excerpt":{"rendered":"<p>Os textos completos relativos aos resumos aprovados e aos trabalhos apresentados no evento dever\u00e3o ser enviados para o email trabcompleto.simposio@gmail.com at\u00e9 o dia 20 de junho de 2016, um m\u00eas ap\u00f3s a realiza\u00e7\u00e3o do evento, visando sua publica\u00e7\u00e3o nos anais do evento. Normas Formata\u00e7\u00e3o do texto: &#8211; Os textos completos dever\u00e3o possuir de 10 \u00e0 [&hellip;]<\/p>\n","protected":false},"author":547,"featured_media":0,"parent":65,"menu_order":0,"comment_status":"closed","ping_status":"closed","template":"","meta":{"footnotes":""},"class_list":["post-93","page","type-page","status-publish","hentry"],"jetpack_sharing_enabled":true,"_links":{"self":[{"href":"https:\/\/wp.ufpel.edu.br\/observatorio\/wp-json\/wp\/v2\/pages\/93","targetHints":{"allow":["GET"]}}],"collection":[{"href":"https:\/\/wp.ufpel.edu.br\/observatorio\/wp-json\/wp\/v2\/pages"}],"about":[{"href":"https:\/\/wp.ufpel.edu.br\/observatorio\/wp-json\/wp\/v2\/types\/page"}],"author":[{"embeddable":true,"href":"https:\/\/wp.ufpel.edu.br\/observatorio\/wp-json\/wp\/v2\/users\/547"}],"replies":[{"embeddable":true,"href":"https:\/\/wp.ufpel.edu.br\/observatorio\/wp-json\/wp\/v2\/comments?post=93"}],"version-history":[{"count":2,"href":"https:\/\/wp.ufpel.edu.br\/observatorio\/wp-json\/wp\/v2\/pages\/93\/revisions"}],"predecessor-version":[{"id":126,"href":"https:\/\/wp.ufpel.edu.br\/observatorio\/wp-json\/wp\/v2\/pages\/93\/revisions\/126"}],"up":[{"embeddable":true,"href":"https:\/\/wp.ufpel.edu.br\/observatorio\/wp-json\/wp\/v2\/pages\/65"}],"wp:attachment":[{"href":"https:\/\/wp.ufpel.edu.br\/observatorio\/wp-json\/wp\/v2\/media?parent=93"}],"curies":[{"name":"wp","href":"https:\/\/api.w.org\/{rel}","templated":true}]}}