{"id":91,"date":"2016-04-11T15:50:24","date_gmt":"2016-04-11T18:50:24","guid":{"rendered":"https:\/\/wp.ufpel.edu.br\/observatorio\/?page_id=91"},"modified":"2016-05-16T15:30:10","modified_gmt":"2016-05-16T18:30:10","slug":"prazos","status":"publish","type":"page","link":"https:\/\/wp.ufpel.edu.br\/observatorio\/simposio-de-genero-e-diversidade\/prazos\/","title":{"rendered":"Prazos"},"content":{"rendered":"<p><strong>Prazos<\/strong>:<\/p>\n<p>a) Inscri\u00e7\u00f5es como ouvintes: at\u00e9 o dia 11 de maio de 2016. \u00a0[INSCRI\u00c7\u00d5ES ENCERRADAS]<\/p>\n<p>b) Inscri\u00e7\u00f5es de apresentador\/a de trabalhos: at\u00e9 o dia 11 de maio de 2016. \u00a0<span class=\"Apple-style-span\">[INSCRI\u00c7\u00d5ES ENCERRADAS]<\/span><\/p>\n<p>c) Divulga\u00e7\u00e3o dos trabalhos aprovados: at\u00e9 o dia 16 de maio de 2016.<\/p>\n<p>d) Envio do texto completo: Os trabalhos aprovados e apresentados no evento ter\u00e3o o direito a serem inclu\u00eddos em publica\u00e7\u00e3o resultante do evento. Os textos completos, de acordo com as normas, devem ser enviados para o email <em>trabcompleto.simposio@gmail.com<\/em> at\u00e9 o dia 20 de junho de 2016.<\/p>\n<p>&nbsp;<\/p>\n<p>Obs:\u00a0<span class=\"Apple-style-span\">AS INSCRI\u00c7\u00d5ES S\u00c3O LIMITADAS.<\/span><\/p>\n<p>&nbsp;<\/p>\n","protected":false},"excerpt":{"rendered":"<p>Prazos: a) Inscri\u00e7\u00f5es como ouvintes: at\u00e9 o dia 11 de maio de 2016. \u00a0[INSCRI\u00c7\u00d5ES ENCERRADAS] b) Inscri\u00e7\u00f5es de apresentador\/a de trabalhos: at\u00e9 o dia 11 de maio de 2016. \u00a0[INSCRI\u00c7\u00d5ES ENCERRADAS] c) Divulga\u00e7\u00e3o dos trabalhos aprovados: at\u00e9 o dia 16 de maio de 2016. d) Envio do texto completo: Os trabalhos aprovados e apresentados no [&hellip;]<\/p>\n","protected":false},"author":547,"featured_media":0,"parent":65,"menu_order":0,"comment_status":"closed","ping_status":"closed","template":"","meta":{"footnotes":""},"class_list":["post-91","page","type-page","status-publish","hentry"],"jetpack_sharing_enabled":true,"_links":{"self":[{"href":"https:\/\/wp.ufpel.edu.br\/observatorio\/wp-json\/wp\/v2\/pages\/91","targetHints":{"allow":["GET"]}}],"collection":[{"href":"https:\/\/wp.ufpel.edu.br\/observatorio\/wp-json\/wp\/v2\/pages"}],"about":[{"href":"https:\/\/wp.ufpel.edu.br\/observatorio\/wp-json\/wp\/v2\/types\/page"}],"author":[{"embeddable":true,"href":"https:\/\/wp.ufpel.edu.br\/observatorio\/wp-json\/wp\/v2\/users\/547"}],"replies":[{"embeddable":true,"href":"https:\/\/wp.ufpel.edu.br\/observatorio\/wp-json\/wp\/v2\/comments?post=91"}],"version-history":[{"count":3,"href":"https:\/\/wp.ufpel.edu.br\/observatorio\/wp-json\/wp\/v2\/pages\/91\/revisions"}],"predecessor-version":[{"id":125,"href":"https:\/\/wp.ufpel.edu.br\/observatorio\/wp-json\/wp\/v2\/pages\/91\/revisions\/125"}],"up":[{"embeddable":true,"href":"https:\/\/wp.ufpel.edu.br\/observatorio\/wp-json\/wp\/v2\/pages\/65"}],"wp:attachment":[{"href":"https:\/\/wp.ufpel.edu.br\/observatorio\/wp-json\/wp\/v2\/media?parent=91"}],"curies":[{"name":"wp","href":"https:\/\/api.w.org\/{rel}","templated":true}]}}