{"id":80,"date":"2016-04-10T14:10:12","date_gmt":"2016-04-10T17:10:12","guid":{"rendered":"https:\/\/wp.ufpel.edu.br\/observatorio\/?page_id=80"},"modified":"2016-05-16T15:27:39","modified_gmt":"2016-05-16T18:27:39","slug":"inscricoes","status":"publish","type":"page","link":"https:\/\/wp.ufpel.edu.br\/observatorio\/simposio-de-genero-e-diversidade\/inscricoes\/","title":{"rendered":"Inscri\u00e7\u00f5es"},"content":{"rendered":"<p>ATEN\u00c7\u00c3O: INSCRI\u00c7\u00d5ES ENCERRADAS<\/p>\n<p>&nbsp;<\/p>\n<p><em><strong>Inscri\u00e7\u00f5es<\/strong><\/em><\/p>\n<p>As inscri\u00e7\u00f5es est\u00e3o abertas <strong>at\u00e9 o dia 11 de maio de 2016, tanto para ouvintes como para apresentadores\/as de trabalhos<\/strong>. As inscri\u00e7\u00f5es s\u00e3o gratuitas e individuais, e devem ser realizadas diretamente no site do evento. AS INSCRI\u00c7\u00d5ES S\u00c3O LIMITADAS.<\/p>\n<p>&nbsp;<\/p>\n<hr \/>\n<p>&nbsp;<\/p>\n<p><strong>Ouvintes:<\/strong><\/p>\n<p>Quem desejar participar\u00a0como ouvinte deve preencher o formul\u00e1rio abaixo, marcando os GTs (Grupos de Trabalhos) desejados e, conforme disponibilidade de espa\u00e7o f\u00edsico, as inscri\u00e7\u00f5es ser\u00e3o homologadas por ordem de solicita\u00e7\u00e3o e os solicitantes ter\u00e3o retorno por email.<\/p>\n<p><a href=\"https:\/\/docs.google.com\/forms\/d\/1c3a3IhGrZaIkyps-3rnFO6JkfsxSnazSHy4YbK5WUA8\/viewform?c=0&amp;w=1\" target=\"_blank\">Formul\u00e1rio de inscri\u00e7\u00e3o<\/a><\/p>\n<hr \/>\n<p>&nbsp;<\/p>\n<p><strong>Apresenta\u00e7\u00e3o de trabalho:<\/strong><\/p>\n<p>Quem desejar apresentar trabalho no evento deve preencher o formul\u00e1rio abaixo marcando o GT (Grupo de Trabalho) desejado e anexando um resumo do trabalho no pr\u00f3prio formul\u00e1rio. O resumo deve conter aproximadamente 300 palavras. Cada resumo corresponder\u00e1 a um \u00fanico trabalho que dever\u00e1 ser inscrito em apenas um GT e poder\u00e1 ter at\u00e9 tr\u00eas (3) autores\/as. O resumo deve conter t\u00edtulo, nomes dos\/as autores\/as e institui\u00e7\u00f5es logo abaixo do t\u00edtulo. Ao final do resumo, deve constar de tr\u00eas a cinco palavras-chave.<\/p>\n<p>Conforme avalia\u00e7\u00e3o realizada pelos GTs, os trabalhos aprovados dever\u00e3o ser apresentados no evento, no GT correspondente. O resultado da avalia\u00e7\u00e3o ser\u00e1 enviado por email. Caso queira apresentar mais de um trabalho em GTs diferentes, o\/a solicitante deve enviar cada trabalho em um novo formul\u00e1rio realizando nova inscri\u00e7\u00e3o.<\/p>\n<p><a href=\"https:\/\/docs.google.com\/forms\/d\/1deZRLR33NqbtYrgs7qA_wV8nJkf-pMvF1Bwno-yYunE\/viewform?c=0&amp;w=1\" target=\"_blank\">Formul\u00e1rio de inscri\u00e7\u00e3o<\/a><\/p>\n<p>&nbsp;<\/p>\n","protected":false},"excerpt":{"rendered":"<p>ATEN\u00c7\u00c3O: INSCRI\u00c7\u00d5ES ENCERRADAS &nbsp; Inscri\u00e7\u00f5es As inscri\u00e7\u00f5es est\u00e3o abertas at\u00e9 o dia 11 de maio de 2016, tanto para ouvintes como para apresentadores\/as de trabalhos. As inscri\u00e7\u00f5es s\u00e3o gratuitas e individuais, e devem ser realizadas diretamente no site do evento. AS INSCRI\u00c7\u00d5ES S\u00c3O LIMITADAS. &nbsp; &nbsp; Ouvintes: Quem desejar participar\u00a0como ouvinte deve preencher o formul\u00e1rio [&hellip;]<\/p>\n","protected":false},"author":547,"featured_media":0,"parent":65,"menu_order":0,"comment_status":"closed","ping_status":"closed","template":"","meta":{"footnotes":""},"class_list":["post-80","page","type-page","status-publish","hentry"],"jetpack_sharing_enabled":true,"_links":{"self":[{"href":"https:\/\/wp.ufpel.edu.br\/observatorio\/wp-json\/wp\/v2\/pages\/80","targetHints":{"allow":["GET"]}}],"collection":[{"href":"https:\/\/wp.ufpel.edu.br\/observatorio\/wp-json\/wp\/v2\/pages"}],"about":[{"href":"https:\/\/wp.ufpel.edu.br\/observatorio\/wp-json\/wp\/v2\/types\/page"}],"author":[{"embeddable":true,"href":"https:\/\/wp.ufpel.edu.br\/observatorio\/wp-json\/wp\/v2\/users\/547"}],"replies":[{"embeddable":true,"href":"https:\/\/wp.ufpel.edu.br\/observatorio\/wp-json\/wp\/v2\/comments?post=80"}],"version-history":[{"count":7,"href":"https:\/\/wp.ufpel.edu.br\/observatorio\/wp-json\/wp\/v2\/pages\/80\/revisions"}],"predecessor-version":[{"id":124,"href":"https:\/\/wp.ufpel.edu.br\/observatorio\/wp-json\/wp\/v2\/pages\/80\/revisions\/124"}],"up":[{"embeddable":true,"href":"https:\/\/wp.ufpel.edu.br\/observatorio\/wp-json\/wp\/v2\/pages\/65"}],"wp:attachment":[{"href":"https:\/\/wp.ufpel.edu.br\/observatorio\/wp-json\/wp\/v2\/media?parent=80"}],"curies":[{"name":"wp","href":"https:\/\/api.w.org\/{rel}","templated":true}]}}