{"id":8,"date":"2016-02-25T16:08:51","date_gmt":"2016-02-25T19:08:51","guid":{"rendered":"https:\/\/wp.ufpel.edu.br\/observatorio\/?page_id=8"},"modified":"2018-06-21T16:57:17","modified_gmt":"2018-06-21T19:57:17","slug":"quem-somos","status":"publish","type":"page","link":"https:\/\/wp.ufpel.edu.br\/observatorio\/quem-somos\/","title":{"rendered":"Quem somos"},"content":{"rendered":"<div>\n<p class=\"font_7\"><span class=\"Apple-style-span\">\u00a0 \u00a0<\/span>A proposta da cria\u00e7\u00e3o de um Observat\u00f3rio de G\u00eanero e Diversidade na UFPel surgiu em janeiro de 2014, como uma iniciativa da Pr\u00f3 Reitoria de Extens\u00e3o e Cultura da UFPel, com o intuito de formar um espa\u00e7o de aproxima\u00e7\u00e3o de pesquisadores\/as da pr\u00f3pria institui\u00e7\u00e3o e de diversas \u00e1reas do conhecimento que atuam na tem\u00e1tica, a partir de demandas da comunidade externa \u00e0 UFPel.<\/p>\n<p class=\"font_7\">\u00a0 \u00a0O objetivo \u00e9\u00a0fortalecer as atua\u00e7\u00f5es da UFPel neste \u00e2mbito, mas tamb\u00e9m de incentivar a\u00e7\u00f5es em parceria com outras institui\u00e7\u00f5es governamentais e n\u00e3o governamentais, ampliando a Rede na cidade e regi\u00e3o.<\/p>\n<p class=\"font_7\">\u00a0 \u00a0 A proposta \u00e9 interdisciplinar e se estende para al\u00e9m dos limites da Universidade Federal de Pelotas, ancorando-se na necessidade de cria\u00e7\u00e3o de um n\u00facleo que congrege informa\u00e7\u00f5es, grupos e organiza\u00e7\u00f5es j\u00e1 existentes e a\u00e7\u00f5es a serem desenvolvidas referentes a g\u00eanero e diversidade.<\/p>\n<p class=\"font_7\">\u00a0 \u00a0 \u00a0Como objetivos espec\u00edficos da proposta temos:<\/p>\n<p class=\"font_7\">\u00a0 \u00a01) criar e manter uma plataforma online de acesso irrestrito disponibilizando todos os dados e informa\u00e7\u00f5es sistematizadas e demais produtos do Observat\u00f3rio;<\/p>\n<p class=\"font_7\">\u00a0 \u00a02) criar uma rede de estudos e a\u00e7\u00f5es envolvendo diversos grupos e institui\u00e7\u00f5es relacionados a g\u00eanero e diversidade sexual;<\/p>\n<p class=\"font_7\">\u00a0 \u00a03)\u00a0identificar quest\u00f5es de g\u00eanero e\u00a0diversidade na regi\u00e3o a serem abordadas e trabalhadas prioritariamente por meio de projetos e a\u00e7\u00f5es;<\/p>\n<p class=\"font_7\">\u00a0 \u00a04) promover, ampla e irrestritamente, a percep\u00e7\u00e3o e a consci\u00eancia da igualdade entre os g\u00eaneros e da diversidade sexual enquanto direitos humanos;<\/p>\n<p class=\"font_7\">\u00a0 \u00a0 5) organizar e executar projetos de extens\u00e3o envolvendo a\u00e7\u00f5es de esclarecimento, forma\u00e7\u00e3o, capacita\u00e7\u00e3o e divulga\u00e7\u00e3o a respeitode quest\u00f5es de g\u00eanero e diversidade sexual;<\/p>\n<p class=\"font_7\">\u00a0 \u00a06) subsidiar o processo de formula\u00e7\u00e3o e implementa\u00e7\u00e3o de pol\u00edticas p\u00fablicas de g\u00eanero e de diversidade sexual na regi\u00e3o;<\/p>\n<p class=\"font_7\">\u00a0 \u00a07) articular esse Programa de Extens\u00e3o a iniciativas de ensino e tamb\u00e9m de pesquisas, buscando n\u00e3o dissociar esses tr\u00eas eixos da Universidade.<\/p>\n<\/div>\n<p>&nbsp;<\/p>\n","protected":false},"excerpt":{"rendered":"<p>\u00a0 \u00a0A proposta da cria\u00e7\u00e3o de um Observat\u00f3rio de G\u00eanero e Diversidade na UFPel surgiu em janeiro de 2014, como uma iniciativa da Pr\u00f3 Reitoria de Extens\u00e3o e Cultura da UFPel, com o intuito de formar um espa\u00e7o de aproxima\u00e7\u00e3o de pesquisadores\/as da pr\u00f3pria institui\u00e7\u00e3o e de diversas \u00e1reas do conhecimento que atuam na tem\u00e1tica, [&hellip;]<\/p>\n","protected":false},"author":547,"featured_media":0,"parent":0,"menu_order":1,"comment_status":"closed","ping_status":"closed","template":"","meta":{"footnotes":""},"class_list":["post-8","page","type-page","status-publish","hentry"],"jetpack_sharing_enabled":true,"_links":{"self":[{"href":"https:\/\/wp.ufpel.edu.br\/observatorio\/wp-json\/wp\/v2\/pages\/8","targetHints":{"allow":["GET"]}}],"collection":[{"href":"https:\/\/wp.ufpel.edu.br\/observatorio\/wp-json\/wp\/v2\/pages"}],"about":[{"href":"https:\/\/wp.ufpel.edu.br\/observatorio\/wp-json\/wp\/v2\/types\/page"}],"author":[{"embeddable":true,"href":"https:\/\/wp.ufpel.edu.br\/observatorio\/wp-json\/wp\/v2\/users\/547"}],"replies":[{"embeddable":true,"href":"https:\/\/wp.ufpel.edu.br\/observatorio\/wp-json\/wp\/v2\/comments?post=8"}],"version-history":[{"count":2,"href":"https:\/\/wp.ufpel.edu.br\/observatorio\/wp-json\/wp\/v2\/pages\/8\/revisions"}],"predecessor-version":[{"id":140,"href":"https:\/\/wp.ufpel.edu.br\/observatorio\/wp-json\/wp\/v2\/pages\/8\/revisions\/140"}],"wp:attachment":[{"href":"https:\/\/wp.ufpel.edu.br\/observatorio\/wp-json\/wp\/v2\/media?parent=8"}],"curies":[{"name":"wp","href":"https:\/\/api.w.org\/{rel}","templated":true}]}}