{"id":288,"date":"2018-06-21T19:07:40","date_gmt":"2018-06-21T22:07:40","guid":{"rendered":"https:\/\/wp.ufpel.edu.br\/observatorio\/?page_id=288"},"modified":"2018-06-23T19:24:11","modified_gmt":"2018-06-23T22:24:11","slug":"disciplina-de-estudos-de-genero-e-diversidade","status":"publish","type":"page","link":"https:\/\/wp.ufpel.edu.br\/observatorio\/acoes-desenvolvidas\/disciplina-de-estudos-de-genero-e-diversidade\/","title":{"rendered":"Disciplina de Estudos de G\u00eanero e Diversidade"},"content":{"rendered":"<p>Durante o desenvolvimento de suas a\u00e7\u00f5es, o Observat\u00f3rio percebeu a exist\u00eancia de uma demanda por um conhecimento mais sistematizado a respeito de g\u00eanero e diversidade por parte da comunidade discente da UFPel. A partir dessa necessidade, foi criada em junho de 2016 a disciplina de <em>Estudos de G\u00eanero e Diversidade<\/em>, a qual foi ofertada no banco universal de disciplinas dos cursos de gradua\u00e7\u00e3o, \u00a0estando, dessa forma, aberta inclusive \u00e0 comunidade em geral*. J\u00e1 na primeira oferta, a grande procura pela disciplina levou \u00e0 abertura de uma segunda turma, ficando ambas com 40 alunos. A\u00a0oferta de duas turmas com 40 vagas &#8211; sempre totalmente preenchidas ao final do per\u00edodo de matr\u00edculas\u00a0&#8211; se manteve durante os semestres seguintes, at\u00e9 o encerramento da disciplina em 2018.<\/p>\n<p>A disciplina teve por objetivo possibilitar \u00e0 comunidade uma aproxima\u00e7\u00e3o com a produ\u00e7\u00e3o acad\u00eamica do campo dos estudos de g\u00eanero e da diversidade,\u00a0oportunizando a aquisi\u00e7\u00e3o de conhecimentos sobre\u00a0esses temas\u00a0e uma compreens\u00e3o mais elaborada e aprofundada sobre essas eles, de forma a\u00a0possibilitar\u00a0uma adequada inser\u00e7\u00e3o dos mesmos\u00a0em suas escolhas profissionais.<\/p>\n<p>Dentre os temas centrais abordados estavam corporeidade, ra\u00e7a, etnia, classe, poder, masculinidades e sexualidade,\u00a0sendo\u00a0a disciplina dividida em m\u00f3dulos que abordaram t\u00f3picos tais como: Constru\u00e7\u00e3o da categoria de g\u00eanero e teoria feminista (Sexo <em>vs.<\/em> G\u00eanero; Patriarcado); Teoria feminista (Divis\u00e3o sexual do trabalho e rela\u00e7\u00f5es sociais de sexo;\u00a0Participa\u00e7\u00e3o feminina nos espa\u00e7os p\u00fablicos e privados;\u00a0Trabalho feminino;\u00a0A maternidade e a conjugalidade na constitui\u00e7\u00e3o dos pap\u00e9is de g\u00eanero); G\u00eanero\u00a0e educa\u00e7\u00e3o (A escola como produtora e reprodutora das identidades de g\u00eanero;\u00a0G\u00eanero e doc\u00eancia;\u00a0G\u00eanero e avalia\u00e7\u00e3o); G\u00eanero e outras categorias de an\u00e1lise (G\u00eanero, classe social, ra\u00e7a e etnia;\u00a0G\u00eanero e diversidade sexual;\u00a0G\u00eanero e masculinidades); e G\u00eanero e comunica\u00e7\u00e3o (G\u00eanero e publicidade; &#8211; G\u00eanero e meios de comunica\u00e7\u00e3o;\u00a0G\u00eanero, cinema e\u00a0literatura; G\u00eanero, teatro\u00a0e m\u00fasica). A fim de permitir o melhor desenvolvimento poss\u00edvel de cada t\u00f3pico, cada m\u00f3dulo esteve sob responsabilidade de um\/a ou mais docentes que trabalham com aquele tema em suas aulas e\/ou pesquisas em suas unidades de origem, possibilitando a cada grupo de discentes o contato com \u00e1reas de interesse e professoras\/es diversos.<\/p>\n<p>Ao longo dos semestres em que a\u00a0disciplina foi ofertada, ela teve em suas aulas a participa\u00e7\u00e3o dos seguintes docentes:<\/p>\n<p>Profa. Dr\u00aa. M\u00e1rcia Alves da Silva (Faculdade de Educa\u00e7\u00e3o)<\/p>\n<p>Profa. Dra. Renata Kabke Pinheiro (Centro de Letras)<\/p>\n<p>Profa. Dra. Daniele Gallindo da Silva (Centro de Letras e Comunica\u00e7\u00e3o)<\/p>\n<p>Profa. Dr. Hudson de Carvalho (Curso de Psicologia)<\/p>\n<p>Profa. Dr. Paulo Gaiger (Centro de Artes)<\/p>\n<p>Profa. Dra. L\u00edgia Chiarelli (Faculdade de Arquitetura)<\/p>\n<p>Profa. Dra. Jana\u00edna Cardoso Brum (Centro de Letras e Comunica\u00e7\u00e3o)<\/p>\n<p>Prof. Dr. Helano Jader Ribeiro (Centro de Letras e Comunica\u00e7\u00e3o)<\/p>\n<p>Profa. Dra. Loredana Ribeiro (PPG &#8211; Antropologia)<\/p>\n<p>Prof. Marcus Vinicius Spoller (PPG \u2013 Sociologia)<\/p>\n<p>Profa. Nadia Sena (Centro de Artes)<\/p>\n<p>Profa. Ursula Silva (Centro de Artes)<\/p>\n<p>Profa. Fl\u00e1via Chagas (PPG \u2013 Faculdade de Filosofia)<\/p>\n<p>Luciano Pereira (Doutorando em Educa\u00e7\u00e3o do PPGE \u2013 FaE)<\/p>\n<p>Am\u00e9lia Brum (Doutoranda em Educa\u00e7\u00e3o do PPGE &#8211; FaE)<\/p>\n<p>Adriana Lessa (Professora da UAB)<\/p>\n<p>&nbsp;<\/p>\n<p>No 1\u00ba semestre de 2018 a disciplina deixou de ser ofertada devido \u00e0s responsabilidades assumidas pelos membros do \u00a0corpo docente junto a suas unidades de origem.<\/p>\n<p>&nbsp;<\/p>\n<p>&nbsp;<\/p>\n<p><em>*O Observat\u00f3rio \u00e9 um Programa de Extens\u00e3o.<\/em><\/p>\n","protected":false},"excerpt":{"rendered":"<p>Durante o desenvolvimento de suas a\u00e7\u00f5es, o Observat\u00f3rio percebeu a exist\u00eancia de uma demanda por um conhecimento mais sistematizado a respeito de g\u00eanero e diversidade por parte da comunidade discente da UFPel. A partir dessa necessidade, foi criada em junho de 2016 a disciplina de Estudos de G\u00eanero e Diversidade, a qual foi ofertada no [&hellip;]<\/p>\n","protected":false},"author":547,"featured_media":0,"parent":13,"menu_order":0,"comment_status":"closed","ping_status":"closed","template":"","meta":{"footnotes":""},"class_list":["post-288","page","type-page","status-publish","hentry"],"jetpack_sharing_enabled":true,"_links":{"self":[{"href":"https:\/\/wp.ufpel.edu.br\/observatorio\/wp-json\/wp\/v2\/pages\/288","targetHints":{"allow":["GET"]}}],"collection":[{"href":"https:\/\/wp.ufpel.edu.br\/observatorio\/wp-json\/wp\/v2\/pages"}],"about":[{"href":"https:\/\/wp.ufpel.edu.br\/observatorio\/wp-json\/wp\/v2\/types\/page"}],"author":[{"embeddable":true,"href":"https:\/\/wp.ufpel.edu.br\/observatorio\/wp-json\/wp\/v2\/users\/547"}],"replies":[{"embeddable":true,"href":"https:\/\/wp.ufpel.edu.br\/observatorio\/wp-json\/wp\/v2\/comments?post=288"}],"version-history":[{"count":3,"href":"https:\/\/wp.ufpel.edu.br\/observatorio\/wp-json\/wp\/v2\/pages\/288\/revisions"}],"predecessor-version":[{"id":294,"href":"https:\/\/wp.ufpel.edu.br\/observatorio\/wp-json\/wp\/v2\/pages\/288\/revisions\/294"}],"up":[{"embeddable":true,"href":"https:\/\/wp.ufpel.edu.br\/observatorio\/wp-json\/wp\/v2\/pages\/13"}],"wp:attachment":[{"href":"https:\/\/wp.ufpel.edu.br\/observatorio\/wp-json\/wp\/v2\/media?parent=288"}],"curies":[{"name":"wp","href":"https:\/\/api.w.org\/{rel}","templated":true}]}}