{"id":282,"date":"2018-06-21T17:34:58","date_gmt":"2018-06-21T20:34:58","guid":{"rendered":"https:\/\/wp.ufpel.edu.br\/observatorio\/?page_id=282"},"modified":"2018-06-21T17:34:58","modified_gmt":"2018-06-21T20:34:58","slug":"pesquisas-relacionadas-a-genero-e-diversidade-em-andamento-na-ufpel","status":"publish","type":"page","link":"https:\/\/wp.ufpel.edu.br\/observatorio\/pesquisa-sobre-genero-e-diversidade-na-ufpel\/pesquisas-relacionadas-a-genero-e-diversidade-em-andamento-na-ufpel\/","title":{"rendered":"Pesquisas relacionadas a G\u00eanero e Diversidade em andamento na UFPel"},"content":{"rendered":"<p>As seguintes pesquisas relacionadas a g\u00eanero e diversidade encontram-se em andamento na UFPel*. Caso\u00a0deseje\u00a0informa\u00e7\u00f5es sobre alguma delas, entre em contato com a coordena\u00e7\u00e3o do trabalho.<\/p>\n<p><strong><u>CA \u2013 Centro de Artes<\/u><\/strong><\/p>\n<p><strong>\u00a0<\/strong><strong>Mem\u00f3rias do g\u00eanero feminino atrav\u00e9s do design gr\u00e1fico dos reclames do Almanach de Pelotas (1913 \u2013 1935)<\/strong><\/p>\n<p><strong>Coordenadora: <\/strong>PAULA GARCIA LIMA (<a href=\"mailto:paulaglima@gmail.com\">paulaglima@gmail.com<\/a>)<\/p>\n<p><strong>\u00a0<\/strong><\/p>\n<p><strong>G\u00eanero e teatro: processos art\u00edstico-sociol\u00f3gicos<\/strong><\/p>\n<p><strong>Coordenador: <\/strong>PAULO JOSE GERMANY GAIGER (<a href=\"mailto:paulogaiger@hotmail.com\">paulogaiger@hotmail.com<\/a>)<\/p>\n<p><u>\u00a0<\/u><\/p>\n<p><strong>G\u00eanero e arte: atua\u00e7\u00e3o de mulheres artistas em Pelotas desde a d\u00e9cada de 1950.<\/strong><\/p>\n<p><strong>Coordenadora: <\/strong>CARMEN REGINA BAUER DINIZ (<a href=\"mailto:carmenadiniz@yahoo.com.br\">carmenadiniz@yahoo.com.br<\/a>)<\/p>\n<p>&nbsp;<\/p>\n<p><strong>A Caixa de Pandora: mulheres artistas e mulheres fil\u00f3sofas no s\u00e9culo XX<\/strong><\/p>\n<p><strong>Coordenadora: <\/strong>URSULA ROSA DA SILVA (<a href=\"mailto:ursularsilva@gmail.com\">ursularsilva@gmail.com<\/a>)<\/p>\n<p>*************************************************************************************************************<\/p>\n<p><strong><u>CLC &#8211; Centro de Letras e Comunica\u00e7\u00e3o<\/u><\/strong><\/p>\n<p><strong>\u00a0<\/strong><\/p>\n<p><strong>Discurso de \u00f3dio: m\u00eddia, redes e movimentos sociais<\/strong><\/p>\n<p><strong>Coordenador: <\/strong>JANAINA CARDOSO BRUM (<a href=\"mailto:janaina.brum@ufpel.edu.br\">janaina.brum@ufpel.edu.br<\/a>)<\/p>\n<p>&nbsp;<\/p>\n<p><strong>Representa\u00e7\u00f5es femininas em obras de literatura de l\u00edngua inglesa do final do s\u00e9c.XX e s\u00e9c.XXI<\/strong><\/p>\n<p><strong>Coordenador: <\/strong>Renata Kabke Pinheiro (<a href=\"mailto:rekabke@gmail.com\">rekabke@gmail.com<\/a>)<\/p>\n<p><strong>\u00a0<\/strong><\/p>\n<p><strong>M\u00eddia e Representa\u00e7\u00e3o Feminina &#8211; Discurso midi\u00e1tico, g\u00eanero, cultura, consumo e Comportamento<\/strong><\/p>\n<p><strong>Coordenador: <\/strong>MARISLEI DA SILVEIRA RIBEIRO (<a href=\"mailto:marislei.ribeiro@cead.ufpel.edu.br\">marislei.ribeiro@cead.ufpel.edu.br<\/a>)<\/p>\n<p>&nbsp;<\/p>\n<p><strong>M\u00eddia e Representa\u00e7\u00e3o Feminina- Uma an\u00e1lise na m\u00eddia televisiva dos pa\u00edses Brasil e Portugal sob a perspectiva te\u00f3rico-metodol\u00f3gica dos Estudos Culturais<\/strong><\/p>\n<p><strong>Coordenador: <\/strong>MARISLEI DA SILVEIRA RIBEIRO (<a href=\"mailto:marislei.ribeiro@cead.ufpel.edu.br\">marislei.ribeiro@cead.ufpel.edu.br<\/a>)<\/p>\n<p>&nbsp;<\/p>\n<p><strong>A Viol\u00eancia Discursiva contra a Mulher na M\u00eddia Social<\/strong><\/p>\n<p><strong>Coordenador: <\/strong>RAQUEL DA CUNHA RECUERO (<a href=\"mailto:raquel@raquelrecuero.com\">raquel@raquelrecuero.com)<\/a><\/p>\n<p>&nbsp;<\/p>\n<p><strong>LINGUAGEM, G\u00caNERO E PODER EM NARRATIVAS DE PROFESSOR@S E DE ALUN@S<\/strong><\/p>\n<p><strong>Coordenador: <\/strong>LETICIA FONSECA RICHTHOFEN DE FREITAS (<a href=\"mailto:leticia.freitas@ufpel.edu.br\">leticia.freitas@ufpel.edu.br<\/a>)<\/p>\n<p>*************************************************************************************************************<\/p>\n<p><strong><u>DIREITO<\/u><\/strong><\/p>\n<p><strong>\u00a0<\/strong><\/p>\n<p><strong>&#8220;Os Ombros Suportam o Mundo&#8221;: mulheres negras docentes em Faculdades de Direito ga\u00fachas e princ\u00edpio constitucional da igualdade (2018)<\/strong><\/p>\n<p><strong>Coordenador: <\/strong>ANA CLARA CORREA HENNING (<a href=\"mailto:anaclaracorreahenning@gmail.com\">anaclaracorreahenning@gmail.com<\/a>)<\/p>\n<p>&nbsp;<\/p>\n<p><strong>Direitos Humanos e igualdade de g\u00eanero: A participa\u00e7\u00e3o das ONGs no Conselho Econ\u00f4mico e Social das Na\u00e7\u00f5es Unidas no per\u00edodo 2014\/2015.<\/strong><\/p>\n<p><strong>Coordenador<\/strong>: IVONE DA GRACA NUNES HOMRICH (<a href=\"mailto:ihomrich@terra.com.br\">ihomrich@terra.com.br<\/a>)<\/p>\n<p>&nbsp;<\/p>\n<p>**********************************************************************************************************<\/p>\n<p><strong><u>FAE \u2013 Faculdade de Educa\u00e7\u00e3o<\/u><\/strong><\/p>\n<p><strong>\u00a0<\/strong><\/p>\n<p><strong>Mem\u00f3ria intergeracional e Viol\u00eancia de g\u00eanero<\/strong><\/p>\n<p><strong>Coordenador: <\/strong>ALINE ACCORSSI (<a href=\"mailto:alineaccorssi@gmail.com\">alineaccorssi@gmail.com<\/a>)<\/p>\n<p>&nbsp;<\/p>\n<p><strong>Representa\u00e7\u00f5es de g\u00eanero de pessoas idosas<\/strong><\/p>\n<p><strong>Coordenador: <\/strong>MARCIA ALVES DA SILVA (<a href=\"mailto:prof.marciaalves07@gmail.com\">prof.marciaalves07@gmail.com<\/a>)<\/p>\n<p>&nbsp;<\/p>\n<p><strong>Representa\u00e7\u00f5es de g\u00eanero em livros did\u00e1ticos<\/strong><\/p>\n<p><strong>Coordenador: <\/strong>MARCIA ALVES DA SILVA (<a href=\"mailto:prof.marciaalves07@gmail.com\">prof.marciaalves07@gmail.com<\/a>)<\/p>\n<p><u>\u00a0<\/u><\/p>\n<p><strong>Mem\u00f3rias, discursos e narrativas (auto)biogr\u00e1ficas de mulheres na constru\u00e7\u00e3o de uma educa\u00e7\u00e3o feminista interseccional latino-americana<\/strong><\/p>\n<p><strong>Coordenador: <\/strong>MARCIA ALVES DA SILVA (<a href=\"mailto:prof.marciaalves07@gmail.com\">prof.marciaalves07@gmail.com<\/a>)<\/p>\n<p><u>\u00a0<\/u><\/p>\n<p><strong>TRABALHO E G\u00caNERO Estudo sobre a rela\u00e7\u00e3o entre trabalho docente e a sa\u00fade das professoras de educa\u00e7\u00e3o infantil das escolas p\u00fablicas municipais da regi\u00e3o sul do Rio Grande do Sul<\/strong><\/p>\n<p><strong>Coordenador:<\/strong> JARBAS SANTOS VIEIRA <a href=\"mailto:jarbas.vieira@gmail.com\">(jarbas.vieira@gmail.com<\/a>)<\/p>\n<p>**********************************************************************************************************<\/p>\n<p><strong><u>FAMED \u2013 Faculdade de Medicina<\/u><\/strong><\/p>\n<p><strong>\u00a0<\/strong><\/p>\n<p><strong>Comportamento sexual de risco e fatores associados em universit\u00e1rios<\/strong><\/p>\n<p><strong>Coordenador: <\/strong>ANA CLAUDIA GASTAL FASSA (<a href=\"mailto:anaclaudia.fassa@gmail.com\">anaclaudia.fassa@gmail.com<\/a>)<\/p>\n<p><strong>\u00a0<\/strong><strong>\u00a0<\/strong><\/p>\n<p><strong>Intersexualidade e psicologia<\/strong><\/p>\n<p><strong>Coordenador: <\/strong>AIRI MACIAS SACCO (<a href=\"mailto:amsacco@gmail.com\">amsacco@gmail.com<\/a>)<\/p>\n<p>&nbsp;<\/p>\n<p><strong>Um estudo epidemiol\u00f3gico prospectivo de mulheres a partir de 24 semanas de gravidez e seus beb\u00eas at\u00e9 1 ano de idade, para descrever os desfechos materno, fetal e neonatal, eventos relacionados \u00e0 gravidez e neonatais \/ infantes e a ocorr\u00eancia em neonatos<\/strong><\/p>\n<p><strong>Coordenador: <\/strong>MARIANGELA FREITAS DA SILVEIRA (<a href=\"mailto:mariangelafreitassilveira@gmail.com\">mariangelafreitassilveira@gmail.com<\/a>)<\/p>\n<p>&nbsp;<\/p>\n<p><strong>A Pot\u00eancia de Hist\u00f3rias de Vida de Mulheres em Situa\u00e7\u00f5es de Aprisionamentos para a Subvers\u00e3o da Colonialidade<\/strong><\/p>\n<p><strong>Coordenador: <\/strong>MIRIAM CRISTIANE ALVES (<a href=\"mailto:oba.olorioba@gmail.com\">oba.olorioba@gmail.com<\/a>)<\/p>\n<p>**************************************************************************************************************<\/p>\n<p>&nbsp;<\/p>\n<p><strong><u>FAT &#8211; Faculdade de Administra\u00e7\u00e3o e Turismo<\/u><\/strong><\/p>\n<p>&nbsp;<\/p>\n<p><strong>Estudos de G\u00eanero em Administra\u00e7\u00e3o: estado do conhecimento brasileiro<\/strong><\/p>\n<p><strong>Coordenador: <\/strong>CAROLINE CASALI (<a href=\"mailto:carolcasali@gmail.com\">carolcasali@gmail.com<\/a>)<\/p>\n<p>*************************************************************************************************************<\/p>\n<p>&nbsp;<\/p>\n<p><strong><u>FE &#8211; Faculdade de Enfermagem<\/u><\/strong><\/p>\n<p>&nbsp;<\/p>\n<p><strong>Necessidades de Sa\u00fade da Popula\u00e7\u00e3o LGBTT<\/strong><\/p>\n<p><strong>Coordenador: <\/strong>VALERIA CRISTINA CHRISTELLO COIMBRA (<a href=\"mailto:valeriacoimbra@hotmail.com\">valeriacoimbra@hotmail.com<\/a>)<\/p>\n<p>&nbsp;<\/p>\n<p><strong>O efeito do n\u00edvel socioecon\u00f4mico sobre as desigualdades de g\u00eanero na sa\u00fade mental aos 30 anos na Coorte de Pelotas de 1982<\/strong><\/p>\n<p><strong>Coordenador:<\/strong> CHRISTIAN LORET DE MOLA ZANATTI (<a href=\"mailto:chlmz@yahoo.com\">chlmz@yahoo.com<\/a>)<\/p>\n<p>&nbsp;<\/p>\n<p><strong>Necessidades sentidas pelas mulheres no per\u00edodo puerperal<\/strong><\/p>\n<p><strong>Coordenador: <\/strong>JULIANE PORTELLA RIBEIRO (<a href=\"mailto:ju_ribeiro1985@hotmail.com\">ju_ribeiro1985@hotmail.com<\/a>)<\/p>\n<p>**************************************************************************************************************<\/p>\n<p>&nbsp;<\/p>\n<p><strong><u>Faculdade de Nutri\u00e7\u00e3o<\/u><\/strong><\/p>\n<p><strong><u>\u00a0<\/u><\/strong><\/p>\n<p><strong>MATERNIDADE NA ADOLESC\u00caNCIA E COMPOSI\u00c7\u00c3O CORPORAL EM MULHERES ACOMPANHADAS DESDE O NASCIMENTO COORTE DE NASCIMENTOS DE PELOTAS, RS &#8211; 1982<\/strong><\/p>\n<p><strong>Coordenador: <\/strong>DENISE PETRUCCI GIGANTE (<a href=\"mailto:denise@ufpel.edu.br\">denise@ufpel.edu.br<\/a>)<\/p>\n<p>**************************************************************************************************************<\/p>\n<p>&nbsp;<\/p>\n<p><strong><u>ICH &#8211; Instituto de Ci\u00eancias Humanas<\/u><\/strong><\/p>\n<p><strong>Decompondo os diferenciais das demiss\u00f5es entre grupos de g\u00eanero e ra\u00e7a: H\u00e1 discrimina\u00e7\u00e3o na demiss\u00e3o?<\/strong><\/p>\n<p><strong>Coordenador: <\/strong>FELIPE GARCIA RIBEIRO (<a href=\"mailto:felipe.garcia.rs@gmail.com\">felipe.garcia.rs@gmail.com<\/a>)<\/p>\n<p><strong>\u00a0<\/strong><\/p>\n<p><strong>Tabagismo: discrimina\u00e7\u00e3o salarial e diferen\u00e7as entre g\u00eaneros.<\/strong><\/p>\n<p><strong>Coordenador: <\/strong>DANIEL DE ABREU PEREIRA UHR (<a href=\"mailto:daniel.uhr@gmail.com\">daniel.uhr@gmail.com<\/a>)<\/p>\n<p><u>\u00a0<\/u><\/p>\n<p><strong>Sobre pessoas e coisas: tecnologia, temporalidade e feminismo em uma etnografia arqueol\u00f3gica<\/strong><\/p>\n<p><strong>Coordenador: <\/strong>LOREDANA MARISE RICARDO RIBEIRO <a href=\"mailto:loredana.ribeiro@gmail.com\">(loredana.ribeiro@gmail.com<\/a>)<\/p>\n<p>&nbsp;<\/p>\n<p><strong>UFPEL em Dados de G\u00eanero<\/strong><\/p>\n<p><strong>Coordenador:<\/strong> REJANE BARRETO JARDIM (<a href=\"mailto:jardimrb@gmail.com\">jardimrb@gmail.com<\/a>)<\/p>\n<p>&nbsp;<\/p>\n<p><strong>Hist\u00f3rias de comida, hist\u00f3rias de mulheres<\/strong><\/p>\n<p><strong>Coordenador: <\/strong>RENATA MENASCHE (<a href=\"mailto:renata.menasche@gmail.com\">renata.menasche@gmail.com<\/a>)<\/p>\n<p>***************************************************************************************************************<\/p>\n<p>&nbsp;<\/p>\n<p><strong><u>IFISP &#8211; Instituto de Filosofia, Sociologia e Pol\u00edtica<\/u><\/strong><\/p>\n<p><strong>\u00a0<\/strong><\/p>\n<p><strong>Ativismo feminista a partir das Jornadas de Junho de 2013 e seus desdobramentos pol\u00edticos<\/strong><\/p>\n<p><strong>Coordenador: <\/strong>ROSANGELA MARIONE SCHULZ (<a href=\"mailto:rosangelaschulz@gmail.com\">rosangelaschulz@gmail.com<\/a>)<\/p>\n<p>&nbsp;<\/p>\n<p><strong>Ativismo feminista nas mobiliza\u00e7\u00f5es na Europa e na Am\u00e9rica Latina<\/strong><\/p>\n<p><strong>Coordenador: <\/strong>ROSANGELA MARIONE SCHULZ (<a href=\"mailto:rosangelaschulz@gmail.com\">rosangelaschulz@gmail.com<\/a>)<\/p>\n<p><u>\u00a0<\/u><\/p>\n<p><strong>Diagn\u00f3stico-base para o Plano Municipal de pol\u00edticas da mulher em Pelotas<\/strong><\/p>\n<p><strong>Corrdenador: <\/strong>PATRICIA RODRIGUES CHAVES DA CUNHA (<a href=\"mailto:patchavescunha@gmail.com\">patchavescunha@gmail.com<\/a>)<\/p>\n<p>&nbsp;<\/p>\n<p><strong>Masculinidades e diferen\u00e7as: uma an\u00e1lise sociol\u00f3gica dos espa\u00e7os de homossociabilidade masculina no sul do estado do Rio Grande do Sul em suas interfaces com os marcadores de ra\u00e7a e classe social<\/strong><\/p>\n<p><strong>Coordenador: <\/strong>MARCUS VINICIUS SPOLLE (<a href=\"mailto:sociomarcus@yahoo.com.br\">sociomarcus@yahoo.com.br<\/a>)<\/p>\n<p>**************************************************************************************************************<\/p>\n<p>&nbsp;<\/p>\n<p>&nbsp;<\/p>\n<p>*<em>Dados obtidos no Cobalto. Par\u00e2metros de busca: \u201cg\u00eanero\u201d; \u201cdiversidade\u201d; \u201cfeminismo\u201d; \u201cfeminista\u201d; &#8220;masculinidades&#8221;; \u201chomo\u201d e \u201cmulher\u201d. Os termos &#8220;gay&#8221;, &#8220;l\u00e9sbica&#8221;, &#8220;transsexual&#8221;\u00a0e &#8220;transg\u00eanero&#8221; n\u00e3o retornaram qualquer resultado. Atualizado em junho\/2018.<\/em><\/p>\n","protected":false},"excerpt":{"rendered":"<p>As seguintes pesquisas relacionadas a g\u00eanero e diversidade encontram-se em andamento na UFPel*. Caso\u00a0deseje\u00a0informa\u00e7\u00f5es sobre alguma delas, entre em contato com a coordena\u00e7\u00e3o do trabalho. CA \u2013 Centro de Artes \u00a0Mem\u00f3rias do g\u00eanero feminino atrav\u00e9s do design gr\u00e1fico dos reclames do Almanach de Pelotas (1913 \u2013 1935) Coordenadora: PAULA GARCIA LIMA (paulaglima@gmail.com) \u00a0 G\u00eanero e [&hellip;]<\/p>\n","protected":false},"author":547,"featured_media":0,"parent":274,"menu_order":0,"comment_status":"closed","ping_status":"closed","template":"","meta":{"footnotes":""},"class_list":["post-282","page","type-page","status-publish","hentry"],"jetpack_sharing_enabled":true,"_links":{"self":[{"href":"https:\/\/wp.ufpel.edu.br\/observatorio\/wp-json\/wp\/v2\/pages\/282","targetHints":{"allow":["GET"]}}],"collection":[{"href":"https:\/\/wp.ufpel.edu.br\/observatorio\/wp-json\/wp\/v2\/pages"}],"about":[{"href":"https:\/\/wp.ufpel.edu.br\/observatorio\/wp-json\/wp\/v2\/types\/page"}],"author":[{"embeddable":true,"href":"https:\/\/wp.ufpel.edu.br\/observatorio\/wp-json\/wp\/v2\/users\/547"}],"replies":[{"embeddable":true,"href":"https:\/\/wp.ufpel.edu.br\/observatorio\/wp-json\/wp\/v2\/comments?post=282"}],"version-history":[{"count":1,"href":"https:\/\/wp.ufpel.edu.br\/observatorio\/wp-json\/wp\/v2\/pages\/282\/revisions"}],"predecessor-version":[{"id":283,"href":"https:\/\/wp.ufpel.edu.br\/observatorio\/wp-json\/wp\/v2\/pages\/282\/revisions\/283"}],"up":[{"embeddable":true,"href":"https:\/\/wp.ufpel.edu.br\/observatorio\/wp-json\/wp\/v2\/pages\/274"}],"wp:attachment":[{"href":"https:\/\/wp.ufpel.edu.br\/observatorio\/wp-json\/wp\/v2\/media?parent=282"}],"curies":[{"name":"wp","href":"https:\/\/api.w.org\/{rel}","templated":true}]}}