{"id":277,"date":"2018-06-21T16:51:55","date_gmt":"2018-06-21T19:51:55","guid":{"rendered":"https:\/\/wp.ufpel.edu.br\/observatorio\/?page_id=277"},"modified":"2018-06-21T17:37:59","modified_gmt":"2018-06-21T20:37:59","slug":"grupos-de-pesquisa-da-ufpel-registrados-no-cnpq","status":"publish","type":"page","link":"https:\/\/wp.ufpel.edu.br\/observatorio\/pesquisa-sobre-genero-e-diversidade-na-ufpel\/grupos-de-pesquisa-da-ufpel-registrados-no-cnpq\/","title":{"rendered":"Grupos de Pesquisa da UFPel registrados no CNPq"},"content":{"rendered":"<p>Os grupos a seguir relacionados (ordem alfab\u00e9tica) est\u00e3o registrados no CNPq como\u00a0tendo quest\u00f5es de g\u00eanero dentro do\u00a0\u00e2mbito\u00a0de suas pesquisas*:<\/p>\n<p>&nbsp;<\/p>\n<p><a href=\"http:\/\/dgp.cnpq.br\/dgp\/faces\/consulta\/consulta_parametrizada.jsf\">Caixa de Pandora: Estudos em Arte, g\u00eanero e Mem\u00f3ria.<\/a><\/p>\n<p>L\u00edder(es): <a href=\"http:\/\/dgp.cnpq.br\/dgp\/faces\/consulta\/consulta_parametrizada.jsf\">Ursula Rosa da Silva<\/a>; <a href=\"http:\/\/dgp.cnpq.br\/dgp\/faces\/consulta\/consulta_parametrizada.jsf\">N\u00e1dia da Cruz Senna<\/a><\/p>\n<p>\u00c1rea: Artes<\/p>\n<p>&nbsp;<\/p>\n<p><a href=\"http:\/\/dgp.cnpq.br\/dgp\/faces\/consulta\/consulta_parametrizada.jsf\">D&#8217;GENERUS: N\u00facleo de Estudos Feministas e de G\u00eanero<\/a><\/p>\n<p>L\u00edder(es): <a href=\"http:\/\/dgp.cnpq.br\/dgp\/faces\/consulta\/consulta_parametrizada.jsf\">M\u00e1rcia Alves da Silva<\/a><\/p>\n<p>\u00c1rea: Educa\u00e7\u00e3o<\/p>\n<p>&nbsp;<\/p>\n<p><a href=\"http:\/\/dgp.cnpq.br\/dgp\/faces\/consulta\/consulta_parametrizada.jsf\">Grupo de Ensino e Pesquisa em Terapia Ocupacional-UFPel<\/a><\/p>\n<p>L\u00edder(es): <a href=\"http:\/\/dgp.cnpq.br\/dgp\/faces\/consulta\/consulta_parametrizada.jsf\">Nicole Ruas Guarany<\/a><\/p>\n<p>\u00c1rea: Fisioterapia e Terapia Ocupacional<\/p>\n<p>&nbsp;<\/p>\n<p><a href=\"http:\/\/dgp.cnpq.br\/dgp\/faces\/consulta\/consulta_parametrizada.jsf\">HISALES-Hist\u00f3ria da Alfabetiza\u00e7\u00e3o, Leitura, Escrita e dos Livros Escolares<\/a><\/p>\n<p>L\u00edder(es): <a href=\"http:\/\/dgp.cnpq.br\/dgp\/faces\/consulta\/consulta_parametrizada.jsf\">Eliane Teresinha Peres<\/a>; <a href=\"http:\/\/dgp.cnpq.br\/dgp\/faces\/consulta\/consulta_parametrizada.jsf\">Vania Grim Thies<\/a><\/p>\n<p>\u00c1rea: Educa\u00e7\u00e3o<\/p>\n<p>&nbsp;<\/p>\n<p><a href=\"http:\/\/dgp.cnpq.br\/dgp\/faces\/consulta\/consulta_parametrizada.jsf?faces-redirect=true\">M\u00eddia e Representa\u00e7\u00e3o Feminina- Uma an\u00e1lise na m\u00eddia televisiva dos pa\u00edses Brasil e Portugal sob a perspectiva te\u00f3rico-metodol\u00f3gica dos Estudos Culturais.<\/a><\/p>\n<p>L\u00edder(es): <a href=\"http:\/\/dgp.cnpq.br\/dgp\/faces\/consulta\/consulta_parametrizada.jsf?faces-redirect=true\">Marislei da Silveira Ribeiro<\/a><\/p>\n<p>\u00c1rea: Comunica\u00e7\u00e3o<\/p>\n<p>&nbsp;<\/p>\n<p><a href=\"http:\/\/dgp.cnpq.br\/dgp\/faces\/consulta\/consulta_parametrizada.jsf\">MovSE: Movimentos Sociais, Escola P\u00fablica e Educa\u00e7\u00e3o Popular<\/a><\/p>\n<p>L\u00edder(es): <a href=\"http:\/\/dgp.cnpq.br\/dgp\/faces\/consulta\/consulta_parametrizada.jsf\">Georgina Helena Lima Nunes<\/a>; <a href=\"http:\/\/dgp.cnpq.br\/dgp\/faces\/consulta\/consulta_parametrizada.jsf\">Silvana Maria Gritti<\/a><\/p>\n<p>\u00c1rea: Educa\u00e7\u00e3o<\/p>\n<p>&nbsp;<\/p>\n<p><a href=\"http:\/\/dgp.cnpq.br\/dgp\/faces\/consulta\/consulta_parametrizada.jsf\">Novas pr\u00e1ticas pol\u00edticas e atores sociais na democracia contempor\u00e2nea<\/a><\/p>\n<p>L\u00edder(es): <a href=\"http:\/\/dgp.cnpq.br\/dgp\/faces\/consulta\/consulta_parametrizada.jsf\">Rosangela Marione Schulz<\/a><\/p>\n<p>\u00c1rea: Ci\u00eancia Pol\u00edtica<\/p>\n<p>&nbsp;<\/p>\n<p><a href=\"http:\/\/dgp.cnpq.br\/dgp\/faces\/consulta\/consulta_parametrizada.jsf\">N\u00facleo de Estudos e Pesquisas em Pol\u00edticas Educacionais &#8211; NEPPE<\/a><\/p>\n<p>L\u00edder(es): <a href=\"http:\/\/dgp.cnpq.br\/dgp\/faces\/consulta\/consulta_parametrizada.jsf\">Maria de F\u00e1tima C\u00f3ssio<\/a><\/p>\n<p>\u00c1rea: Educa\u00e7\u00e3o<\/p>\n<p>&nbsp;<\/p>\n<p><a href=\"http:\/\/dgp.cnpq.br\/dgp\/faces\/consulta\/consulta_parametrizada.jsf\">NUPEDIV &#8211; N\u00daCLEO DE PESQUISAS EM DIREITOS SOCIAIS E VULNERABILIDADE SOCIAL<\/a><\/p>\n<p>L\u00edder(es): <a href=\"http:\/\/dgp.cnpq.br\/dgp\/faces\/consulta\/consulta_parametrizada.jsf\">Marcia Rodrigues Bertoldi<\/a>; <a href=\"http:\/\/dgp.cnpq.br\/dgp\/faces\/consulta\/consulta_parametrizada.jsf\">Renata Ovenhausen Albernaz<\/a><\/p>\n<p>\u00c1rea: Direito<\/p>\n<p>&nbsp;<\/p>\n<p><a href=\"http:\/\/dgp.cnpq.br\/dgp\/faces\/consulta\/consulta_parametrizada.jsf\">Processo de Trabalho Docente<\/a><\/p>\n<p>L\u00edder(es): <a href=\"http:\/\/dgp.cnpq.br\/dgp\/faces\/consulta\/consulta_parametrizada.jsf\">Marcia Ondina Vieira Ferreira<\/a><\/p>\n<p>\u00c1rea: Educa\u00e7\u00e3o<\/p>\n<p>&nbsp;<\/p>\n<p><a href=\"http:\/\/dgp.cnpq.br\/dgp\/faces\/consulta\/consulta_parametrizada.jsf\">Sa\u00fade da Mulher<\/a><\/p>\n<p>L\u00edder(es): <a href=\"http:\/\/dgp.cnpq.br\/dgp\/faces\/consulta\/consulta_parametrizada.jsf\">Mari\u00e2ngela Freitas da Silveira<\/a><\/p>\n<p>\u00c1rea: Medicina<\/p>\n<p>&nbsp;<\/p>\n<p><a href=\"http:\/\/dgp.cnpq.br\/dgp\/faces\/consulta\/consulta_parametrizada.jsf\">Subalternidades Globais<\/a><\/p>\n<p>L\u00edder(es): <a href=\"http:\/\/dgp.cnpq.br\/dgp\/faces\/consulta\/consulta_parametrizada.jsf\">Luciana Maria de Arag\u00e3o Ballestrin<\/a><\/p>\n<p>\u00c1rea: Ci\u00eancia Pol\u00edtica<\/p>\n<p>&nbsp;<\/p>\n<p><em>* Par\u00e2metros de busca: &#8220;g\u00eanero&#8221;; &#8220;diversidade&#8221;; &#8220;feminismo&#8221;; &#8220;feminista&#8221;; &#8220;masculinidade&#8221;; &#8220;sexual&#8221;; &#8220;sexualidade&#8221;. Atualizado em junho\/2018.<\/em><\/p>\n","protected":false},"excerpt":{"rendered":"<p>Os grupos a seguir relacionados (ordem alfab\u00e9tica) est\u00e3o registrados no CNPq como\u00a0tendo quest\u00f5es de g\u00eanero dentro do\u00a0\u00e2mbito\u00a0de suas pesquisas*: &nbsp; Caixa de Pandora: Estudos em Arte, g\u00eanero e Mem\u00f3ria. L\u00edder(es): Ursula Rosa da Silva; N\u00e1dia da Cruz Senna \u00c1rea: Artes &nbsp; D&#8217;GENERUS: N\u00facleo de Estudos Feministas e de G\u00eanero L\u00edder(es): M\u00e1rcia Alves da Silva \u00c1rea: [&hellip;]<\/p>\n","protected":false},"author":547,"featured_media":0,"parent":274,"menu_order":0,"comment_status":"closed","ping_status":"closed","template":"","meta":{"footnotes":""},"class_list":["post-277","page","type-page","status-publish","hentry"],"jetpack_sharing_enabled":true,"_links":{"self":[{"href":"https:\/\/wp.ufpel.edu.br\/observatorio\/wp-json\/wp\/v2\/pages\/277","targetHints":{"allow":["GET"]}}],"collection":[{"href":"https:\/\/wp.ufpel.edu.br\/observatorio\/wp-json\/wp\/v2\/pages"}],"about":[{"href":"https:\/\/wp.ufpel.edu.br\/observatorio\/wp-json\/wp\/v2\/types\/page"}],"author":[{"embeddable":true,"href":"https:\/\/wp.ufpel.edu.br\/observatorio\/wp-json\/wp\/v2\/users\/547"}],"replies":[{"embeddable":true,"href":"https:\/\/wp.ufpel.edu.br\/observatorio\/wp-json\/wp\/v2\/comments?post=277"}],"version-history":[{"count":3,"href":"https:\/\/wp.ufpel.edu.br\/observatorio\/wp-json\/wp\/v2\/pages\/277\/revisions"}],"predecessor-version":[{"id":286,"href":"https:\/\/wp.ufpel.edu.br\/observatorio\/wp-json\/wp\/v2\/pages\/277\/revisions\/286"}],"up":[{"embeddable":true,"href":"https:\/\/wp.ufpel.edu.br\/observatorio\/wp-json\/wp\/v2\/pages\/274"}],"wp:attachment":[{"href":"https:\/\/wp.ufpel.edu.br\/observatorio\/wp-json\/wp\/v2\/media?parent=277"}],"curies":[{"name":"wp","href":"https:\/\/api.w.org\/{rel}","templated":true}]}}