{"id":274,"date":"2018-06-21T16:31:21","date_gmt":"2018-06-21T19:31:21","guid":{"rendered":"https:\/\/wp.ufpel.edu.br\/observatorio\/?page_id=274"},"modified":"2018-06-21T16:57:42","modified_gmt":"2018-06-21T19:57:42","slug":"pesquisa-sobre-genero-e-diversidade-na-ufpel","status":"publish","type":"page","link":"https:\/\/wp.ufpel.edu.br\/observatorio\/pesquisa-sobre-genero-e-diversidade-na-ufpel\/","title":{"rendered":"Pesquisa sobre G\u00eanero e Diversidade na UFPel"},"content":{"rendered":"<p>Dentre as propostas do Observat\u00f3rio est\u00e1 a de reunir\u00a0e divulgar informa\u00e7\u00f5es sobre quest\u00f5es de G\u00eanero e Diversidade na regi\u00e3o de Pelotas e arredores. Nosso ponto de partida para a coleta desses dados foi\u00a0a pr\u00f3pria Universidade Federal de Pelotas &#8211; mais especificamente, o que est\u00e1 sendo realizado em termos de pesquisa na institui\u00e7\u00e3o no que se refere g\u00eanero, diversidade, feminismo e quest\u00f5es ligadas \u00e0 mulher. Disponibilizamos, ent\u00e3o, a lista dos Grupos de Pesquisa registrados no CNPq que tratam dessa tem\u00e1tica, assim como a\u00a0de\u00a0pesquisas em andamento em nossa institui\u00e7\u00e3o.<\/p>\n<p>&nbsp;<\/p>\n","protected":false},"excerpt":{"rendered":"<p>Dentre as propostas do Observat\u00f3rio est\u00e1 a de reunir\u00a0e divulgar informa\u00e7\u00f5es sobre quest\u00f5es de G\u00eanero e Diversidade na regi\u00e3o de Pelotas e arredores. Nosso ponto de partida para a coleta desses dados foi\u00a0a pr\u00f3pria Universidade Federal de Pelotas &#8211; mais especificamente, o que est\u00e1 sendo realizado em termos de pesquisa na institui\u00e7\u00e3o no que se [&hellip;]<\/p>\n","protected":false},"author":547,"featured_media":0,"parent":0,"menu_order":2,"comment_status":"closed","ping_status":"closed","template":"","meta":{"footnotes":""},"class_list":["post-274","page","type-page","status-publish","hentry"],"jetpack_sharing_enabled":true,"_links":{"self":[{"href":"https:\/\/wp.ufpel.edu.br\/observatorio\/wp-json\/wp\/v2\/pages\/274","targetHints":{"allow":["GET"]}}],"collection":[{"href":"https:\/\/wp.ufpel.edu.br\/observatorio\/wp-json\/wp\/v2\/pages"}],"about":[{"href":"https:\/\/wp.ufpel.edu.br\/observatorio\/wp-json\/wp\/v2\/types\/page"}],"author":[{"embeddable":true,"href":"https:\/\/wp.ufpel.edu.br\/observatorio\/wp-json\/wp\/v2\/users\/547"}],"replies":[{"embeddable":true,"href":"https:\/\/wp.ufpel.edu.br\/observatorio\/wp-json\/wp\/v2\/comments?post=274"}],"version-history":[{"count":3,"href":"https:\/\/wp.ufpel.edu.br\/observatorio\/wp-json\/wp\/v2\/pages\/274\/revisions"}],"predecessor-version":[{"id":281,"href":"https:\/\/wp.ufpel.edu.br\/observatorio\/wp-json\/wp\/v2\/pages\/274\/revisions\/281"}],"wp:attachment":[{"href":"https:\/\/wp.ufpel.edu.br\/observatorio\/wp-json\/wp\/v2\/media?parent=274"}],"curies":[{"name":"wp","href":"https:\/\/api.w.org\/{rel}","templated":true}]}}