{"id":13,"date":"2016-02-25T17:13:42","date_gmt":"2016-02-25T20:13:42","guid":{"rendered":"https:\/\/wp.ufpel.edu.br\/observatorio\/?page_id=13"},"modified":"2018-06-21T19:09:40","modified_gmt":"2018-06-21T22:09:40","slug":"acoes-desenvolvidas","status":"publish","type":"page","link":"https:\/\/wp.ufpel.edu.br\/observatorio\/acoes-desenvolvidas\/","title":{"rendered":"A\u00e7\u00f5es desenvolvidas"},"content":{"rendered":"<p><strong>Disciplina de Estudos de G\u00eanero e Diversidade<\/strong><\/p>\n<p>De 2016\/02 a 2018\/01 o Observat\u00f3rio ofertou a disciplina de <em>Estudos de G\u00eanero e Diversidade, aberta<\/em>\u00a0a todas\/os as\/os alunas\/as da UFPel. A disciplina tinha como objetivo possibilitar \u00e0 comunidade discente dos cursos de gradua\u00e7\u00e3o da\u00a0universidade uma aproxima\u00e7\u00e3o com a produ\u00e7\u00e3o acad\u00eamica do campo dos estudos de g\u00eanero e da diversidade,\u00a0oportunizando a aquisi\u00e7\u00e3o de conhecimentos sobre\u00a0esses temas\u00a0e uma compreens\u00e3o mais elaborada e aprofundada sobre essas eles, de forma a\u00a0possibilitar\u00a0uma adequada inser\u00e7\u00e3o dos mesmos\u00a0em suas escolhas profissionais. <a href=\"https:\/\/wp.ufpel.edu.br\/observatorio\/?page_id=288&amp;preview=true\">Mais informa\u00e7\u00f5es<\/a><\/p>\n<p>&nbsp;<\/p>\n<p><strong>Semana da Mulher<\/strong><\/p>\n<p>O Observat\u00f3rio participou da Semana da Mulher, realizada na cidade de Pelotas, de 08 a 14 de mar\u00e7o de 2015.<\/p>\n<p>&nbsp;<\/p>\n<p><strong>Conselho Municipal da Mulher<\/strong><\/p>\n<p>Desde 2014 o Observat\u00f3rio possui um assento no Conselho Municipal dos Direitos da Mulher, da cidade de Pelotas, estado do Rio Grande do Sul, Brasil.<\/p>\n<p>&nbsp;<\/p>\n<p><strong>Feira do Livro<\/strong><\/p>\n<p>Em 2014 o Observat\u00f3rio participou da Feira do Livro de Pelotas, RS, Brasil. Foi uma oportunidade de divulgarmos as pesquisas e publica\u00e7\u00f5es de nossos\/as pesquisadoras\/es na \u00e1rea de g\u00eanero e sexualidade.<\/p>\n<p>&nbsp;<\/p>\n<p><strong>Campanha Pelotas Sem Medo<\/strong><\/p>\n<p>Em\u00a02014 o Observat\u00f3rio encabe\u00e7ou a campanha contra a viol\u00eancia de g\u00eanero, especialmente com\u00a0jovens acad\u00eamicas.<\/p>\n<p>&nbsp;<\/p>\n<p><strong>Pr\u00e9 Confer\u00eancia de Pol\u00edtica para as Mulheres 2015<\/strong><\/p>\n<p>Em\u00a02015\u00a0o Observat\u00f3rio organizou uma Pr\u00e9 Confer\u00eancia na UFPel para a comunidade universit\u00e1ria. O evento foi uma atividade preparat\u00f3ria para a Confer\u00eancia Municipal.<\/p>\n<p>&nbsp;<\/p>\n<p><a href=\"https:\/\/www.facebook.com\/media\/set\/?set=a.981318541944724.1073741831.911731272236785&amp;type=3\"><strong>II Semin\u00e1rio da Mulher do Campo e da Cidade de S\u00e3o Louren\u00e7o do Sul<\/strong><\/a><\/p>\n<p>O Observat\u00f3rio de G\u00eanero e Diversidade da UFPel presente no II Semin\u00e1rio da Mulher do Campo e da Cidade de S\u00e3o Louren\u00e7o do Sul, dia 23 de mar\u00e7o de 2016.<\/p>\n","protected":false},"excerpt":{"rendered":"<p>Disciplina de Estudos de G\u00eanero e Diversidade De 2016\/02 a 2018\/01 o Observat\u00f3rio ofertou a disciplina de Estudos de G\u00eanero e Diversidade, aberta\u00a0a todas\/os as\/os alunas\/as da UFPel. A disciplina tinha como objetivo possibilitar \u00e0 comunidade discente dos cursos de gradua\u00e7\u00e3o da\u00a0universidade uma aproxima\u00e7\u00e3o com a produ\u00e7\u00e3o acad\u00eamica do campo dos estudos de g\u00eanero e [&hellip;]<\/p>\n","protected":false},"author":547,"featured_media":0,"parent":0,"menu_order":3,"comment_status":"closed","ping_status":"closed","template":"","meta":{"footnotes":""},"class_list":["post-13","page","type-page","status-publish","hentry"],"jetpack_sharing_enabled":true,"_links":{"self":[{"href":"https:\/\/wp.ufpel.edu.br\/observatorio\/wp-json\/wp\/v2\/pages\/13","targetHints":{"allow":["GET"]}}],"collection":[{"href":"https:\/\/wp.ufpel.edu.br\/observatorio\/wp-json\/wp\/v2\/pages"}],"about":[{"href":"https:\/\/wp.ufpel.edu.br\/observatorio\/wp-json\/wp\/v2\/types\/page"}],"author":[{"embeddable":true,"href":"https:\/\/wp.ufpel.edu.br\/observatorio\/wp-json\/wp\/v2\/users\/547"}],"replies":[{"embeddable":true,"href":"https:\/\/wp.ufpel.edu.br\/observatorio\/wp-json\/wp\/v2\/comments?post=13"}],"version-history":[{"count":6,"href":"https:\/\/wp.ufpel.edu.br\/observatorio\/wp-json\/wp\/v2\/pages\/13\/revisions"}],"predecessor-version":[{"id":290,"href":"https:\/\/wp.ufpel.edu.br\/observatorio\/wp-json\/wp\/v2\/pages\/13\/revisions\/290"}],"wp:attachment":[{"href":"https:\/\/wp.ufpel.edu.br\/observatorio\/wp-json\/wp\/v2\/media?parent=13"}],"curies":[{"name":"wp","href":"https:\/\/api.w.org\/{rel}","templated":true}]}}