{"id":274,"date":"2024-04-06T19:18:14","date_gmt":"2024-04-06T22:18:14","guid":{"rendered":"https:\/\/wp.ufpel.edu.br\/observasul\/?page_id=274"},"modified":"2024-04-06T19:24:44","modified_gmt":"2024-04-06T22:24:44","slug":"analises","status":"publish","type":"page","link":"https:\/\/wp.ufpel.edu.br\/observasul\/analises\/","title":{"rendered":"An\u00e1lises"},"content":{"rendered":"<div id=\"pl-274\"  class=\"panel-layout\" ><div id=\"pg-274-0\"  class=\"panel-grid panel-no-style\" ><div id=\"pgc-274-0-0\"  class=\"panel-grid-cell\" ><div id=\"panel-274-0-0-0\" class=\"so-panel widget widget_sow-blog panel-first-child panel-last-child\" data-index=\"0\" ><div\n\t\t\t\n\t\t\tclass=\"so-widget-sow-blog so-widget-sow-blog-standard-8268d8411c36-274\"\n\t\t\t\n\t\t>\t\t<div\n\t\tclass=\"sow-blog sow-blog-layout-standard\"\n\t\tdata-template=\"standard\"\n\t\tdata-settings=\"{&quot;columns&quot;:&quot;&quot;,&quot;featured_image&quot;:true,&quot;featured_image_empty&quot;:true,&quot;featured_image_size&quot;:&quot;full&quot;,&quot;featured_image_size_width&quot;:&quot;&quot;,&quot;featured_image_size_height&quot;:&quot;&quot;,&quot;tag&quot;:&quot;h2&quot;,&quot;content&quot;:&quot;full&quot;,&quot;excerpt_length&quot;:55,&quot;date&quot;:true,&quot;author&quot;:true,&quot;filter_categories&quot;:false,&quot;categories&quot;:true,&quot;comment_count&quot;:true,&quot;so_field_container_state&quot;:&quot;closed&quot;,&quot;read_more&quot;:&quot;&quot;,&quot;tags&quot;:&quot;&quot;,&quot;trim_manual_excerpt&quot;:&quot;&quot;,&quot;template&quot;:&quot;standard&quot;}\"\n\t\tdata-paged=\"1\"\n\t\tdata-paging-id=\"8268d8411c36\"\n\t\tdata-total-pages=\"2\"\n\t\tdata-hash=\"002d08a9\"\n\t>\n\t\t\n\t\t\t\t\t\t\t<div class=\"sow-blog-posts\">\n\t\t\t\t<article id=\"post-136\" class=\"post-136 post type-post status-publish format-standard hentry category-analises category-observasul-publicacoes\" style=\"margin: 0 0 40px\">\n\t\t\t\t<div class=\"sow-blog-content-wrapper\"\n\t\t style=\"padding: 25px 30px 38px;\">\n\t\t\t\t<header class=\"sow-entry-header\">\n\t\t\t<h2 class=\"sow-entry-title\" style=\"margin: 0 0 5px;\"><a href=\"https:\/\/wp.ufpel.edu.br\/observasul\/2023\/12\/01\/o-conceito-de-desenvolvimento-no-brics-uma-analise-de-projetos-financiados-pelo-ndb\/\" rel=\"bookmark\">O Conceito de Desenvolvimento no BRICS: Uma An\u00e1lise de Projetos Financiados pelo NDB<\/a><\/h2>\t\t\t<div class=\"sow-entry-meta\">\n\t\t\t\t\t\t\t<span class=\"sow-entry-date\">\n\t\t\t\t<a href=\"https:\/\/wp.ufpel.edu.br\/observasul\/2023\/12\/01\/o-conceito-de-desenvolvimento-no-brics-uma-analise-de-projetos-financiados-pelo-ndb\/\" rel=\"bookmark\">\n\t\t\t\t\t<time class=\"published\" datetime=\"2023-12-01T20:16:52-03:00\">\n\t\t\t\t\t\t1 dez 2023\t\t\t\t\t<\/time>\n\t\t\t\t\t<time class=\"updated\" datetime=\"2024-03-20T10:34:36-03:00\">\n\t\t\t\t\t\t20 mar 2024\t\t\t\t\t<\/time>\n\t\t\t\t<\/a>\n\t\t\t<\/span>\n\t\t\n\t\t\t\t\t<span class=\"sow-entry-author-link byline\">\n\t\t\t\t\t\t\t\t\t<span class=\"sow-author author vcard\">\n\t\t\t\t\t\t<a class=\"url fn n\" href=\"https:\/\/wp.ufpel.edu.br\/observasul\/author\/observasul\/\" rel=\"author\">\n\t\t\t\t\t\t\tobservasul\t\t\t\t\t\t<\/a>\n\t\t\t\t\t<\/span>\n\t\t\t\t\t\t\t<\/span>\n\t\t\n\t\t<span class=\"sow-entry-categories\"><a href=\"https:\/\/wp.ufpel.edu.br\/observasul\/category\/analises\/\">An\u00e1lises<\/a>, <a href=\"https:\/\/wp.ufpel.edu.br\/observasul\/category\/observasul-publicacoes\/\">Publica\u00e7\u00f5es<\/a><\/span>\n\t\t\t\t\t<\/div>\n\t\t<\/header>\n\n\t\t\t\t\t<div\n\t\t\t\tclass=\"sow-entry-content\"\n\t\t\t\tstyle=\"margin-top: 20px;\"\n\t\t\t>\n\t\t\t\t<p>O prof. Dr. William Daldegan e Vitoria Borba, pesquisadora do EPDI, publicaram o resultado de suas pesquisas de quase 2 anos na International Organisations Research Journal (IORJ). A IORJ \u00e9 um dos mais renomados peri\u00f3dicos russos da \u00e1rea de Ci\u00eancia Pol\u00edtica e Rela\u00e7\u00f5es Internacionais. O artigo sob o t\u00edtulo (em portugu\u00eas) \u201cO Conceito de Desenvolvimento no BRICS: Uma An\u00e1lise de Projetos Financiados pelo NDB\u201d pode ser conferido em duas vers\u00f5es: em ingl\u00eas e russo. O artigo \u00e9 um dos v\u00e1rios resultados da pesquisa financiada pela Funda\u00e7\u00e3o de Amparo \u00e0 Pesquisa do Estado do Rio Grande do Sul (FAPERGS).<\/p>\n\t\t\t<\/div>\n\t\t\t\t<\/div>\n<\/article>\n<article id=\"post-134\" class=\"post-134 post type-post status-publish format-standard hentry category-analises category-observasul-publicacoes\" style=\"margin: 0 0 40px\">\n\t\t\t\t<div class=\"sow-blog-content-wrapper\"\n\t\t style=\"padding: 25px 30px 38px;\">\n\t\t\t\t<header class=\"sow-entry-header\">\n\t\t\t<h2 class=\"sow-entry-title\" style=\"margin: 0 0 5px;\"><a href=\"https:\/\/wp.ufpel.edu.br\/observasul\/2023\/08\/30\/the-expansion-of-brics-challenges-and-uncertainties\/\" rel=\"bookmark\">The Expansion of BRICS: Challenges and Uncertainties<\/a><\/h2>\t\t\t<div class=\"sow-entry-meta\">\n\t\t\t\t\t\t\t<span class=\"sow-entry-date\">\n\t\t\t\t<a href=\"https:\/\/wp.ufpel.edu.br\/observasul\/2023\/08\/30\/the-expansion-of-brics-challenges-and-uncertainties\/\" rel=\"bookmark\">\n\t\t\t\t\t<time class=\"published\" datetime=\"2023-08-30T20:15:43-03:00\">\n\t\t\t\t\t\t30 ago 2023\t\t\t\t\t<\/time>\n\t\t\t\t\t<time class=\"updated\" datetime=\"2024-03-20T10:34:36-03:00\">\n\t\t\t\t\t\t20 mar 2024\t\t\t\t\t<\/time>\n\t\t\t\t<\/a>\n\t\t\t<\/span>\n\t\t\n\t\t\t\t\t<span class=\"sow-entry-author-link byline\">\n\t\t\t\t\t\t\t\t\t<span class=\"sow-author author vcard\">\n\t\t\t\t\t\t<a class=\"url fn n\" href=\"https:\/\/wp.ufpel.edu.br\/observasul\/author\/observasul\/\" rel=\"author\">\n\t\t\t\t\t\t\tobservasul\t\t\t\t\t\t<\/a>\n\t\t\t\t\t<\/span>\n\t\t\t\t\t\t\t<\/span>\n\t\t\n\t\t<span class=\"sow-entry-categories\"><a href=\"https:\/\/wp.ufpel.edu.br\/observasul\/category\/analises\/\">An\u00e1lises<\/a>, <a href=\"https:\/\/wp.ufpel.edu.br\/observasul\/category\/observasul-publicacoes\/\">Publica\u00e7\u00f5es<\/a><\/span>\n\t\t\t\t\t<\/div>\n\t\t<\/header>\n\n\t\t\t\t\t<div\n\t\t\t\tclass=\"sow-entry-content\"\n\t\t\t\tstyle=\"margin-top: 20px;\"\n\t\t\t>\n\t\t\t\t<p>\u201cArgentina, Saudi Arabia, Egypt, United Arab Emirates, Ethiopia, and Iran were announced as new permanent members of BRICS. The announcement was accompanied by a promise to define criteria for future new memberships. The negotiations for expansion faced significant pressure from the Chinese, who advocated for a broader opening and encouraged the candidacy of dozens of countries. In contrast, Brazil and India resisted this movement and, along with South Africa, negotiated for a more assertive stance from Russia and China in favor of a broader reform in the UN, especially within the Security Council. However, this expansion raises uncertainties about the future of BRICS\u201d. Com essa introdu\u00e7\u00e3o, o artigo discute os desafios e incertezas da expans\u00e3o do BRICS.<\/p>\n<p>O texto pode ser acessado clicando <a href=\"https:\/\/www.e-ir.info\/2023\/08\/29\/opinion-the-expansion-of-brics-challenges-and-uncertainties\/\">aqui<\/a>.<\/p>\n\t\t\t<\/div>\n\t\t\t\t<\/div>\n<\/article>\n<article id=\"post-132\" class=\"post-132 post type-post status-publish format-standard hentry category-analises category-observasul-publicacoes\" style=\"margin: 0 0 40px\">\n\t\t\t\t<div class=\"sow-blog-content-wrapper\"\n\t\t style=\"padding: 25px 30px 38px;\">\n\t\t\t\t<header class=\"sow-entry-header\">\n\t\t\t<h2 class=\"sow-entry-title\" style=\"margin: 0 0 5px;\"><a href=\"https:\/\/wp.ufpel.edu.br\/observasul\/2023\/08\/19\/a-expansao-do-brics-desafios-e-incertezas\/\" rel=\"bookmark\">A EXPANS\u00c3O DO BRICS: DESAFIOS E INCERTEZAS<\/a><\/h2>\t\t\t<div class=\"sow-entry-meta\">\n\t\t\t\t\t\t\t<span class=\"sow-entry-date\">\n\t\t\t\t<a href=\"https:\/\/wp.ufpel.edu.br\/observasul\/2023\/08\/19\/a-expansao-do-brics-desafios-e-incertezas\/\" rel=\"bookmark\">\n\t\t\t\t\t<time class=\"published\" datetime=\"2023-08-19T20:13:51-03:00\">\n\t\t\t\t\t\t19 ago 2023\t\t\t\t\t<\/time>\n\t\t\t\t\t<time class=\"updated\" datetime=\"2024-03-20T10:34:37-03:00\">\n\t\t\t\t\t\t20 mar 2024\t\t\t\t\t<\/time>\n\t\t\t\t<\/a>\n\t\t\t<\/span>\n\t\t\n\t\t\t\t\t<span class=\"sow-entry-author-link byline\">\n\t\t\t\t\t\t\t\t\t<span class=\"sow-author author vcard\">\n\t\t\t\t\t\t<a class=\"url fn n\" href=\"https:\/\/wp.ufpel.edu.br\/observasul\/author\/observasul\/\" rel=\"author\">\n\t\t\t\t\t\t\tobservasul\t\t\t\t\t\t<\/a>\n\t\t\t\t\t<\/span>\n\t\t\t\t\t\t\t<\/span>\n\t\t\n\t\t<span class=\"sow-entry-categories\"><a href=\"https:\/\/wp.ufpel.edu.br\/observasul\/category\/analises\/\">An\u00e1lises<\/a>, <a href=\"https:\/\/wp.ufpel.edu.br\/observasul\/category\/observasul-publicacoes\/\">Publica\u00e7\u00f5es<\/a><\/span>\n\t\t\t\t\t<\/div>\n\t\t<\/header>\n\n\t\t\t\t\t<div\n\t\t\t\tclass=\"sow-entry-content\"\n\t\t\t\tstyle=\"margin-top: 20px;\"\n\t\t\t>\n\t\t\t\t<p>O professor Dr. William Daldegan elaborou um Policy Brief bilingue para o portal Centro de Estudos Estrat\u00e9gicos e Planejamento Marinho (CEDEPEM). Nele s\u00e3o discutidos os desafios e incertezas atrelados ao processo de expans\u00e3o do BRICS, anunciado em 2023.<\/p>\n<p>O material pode ser conferido clicando <a href=\"https:\/\/wp.ufpel.edu.br\/cedepem\/files\/2023\/08\/Policy-Brief_CEDEPEM-2-2.pdf\">aqui<\/a>.<\/p>\n\t\t\t<\/div>\n\t\t\t\t<\/div>\n<\/article>\n<article id=\"post-120\" class=\"post-120 post type-post status-publish format-standard hentry category-analises category-observasul-publicacoes\" style=\"margin: 0 0 40px\">\n\t\t\t\t<div class=\"sow-blog-content-wrapper\"\n\t\t style=\"padding: 25px 30px 38px;\">\n\t\t\t\t<header class=\"sow-entry-header\">\n\t\t\t<h2 class=\"sow-entry-title\" style=\"margin: 0 0 5px;\"><a href=\"https:\/\/wp.ufpel.edu.br\/observasul\/2022\/07\/06\/meio-ambiente-e-o-discurso-presidencial-estadunidense-em-clinton-w-bush-e-obama\/\" rel=\"bookmark\">MEIO AMBIENTE E O DISCURSO PRESIDENCIAL ESTADUNIDENSE EM CLINTON, W. BUSH E OBAMA<\/a><\/h2>\t\t\t<div class=\"sow-entry-meta\">\n\t\t\t\t\t\t\t<span class=\"sow-entry-date\">\n\t\t\t\t<a href=\"https:\/\/wp.ufpel.edu.br\/observasul\/2022\/07\/06\/meio-ambiente-e-o-discurso-presidencial-estadunidense-em-clinton-w-bush-e-obama\/\" rel=\"bookmark\">\n\t\t\t\t\t<time class=\"published\" datetime=\"2022-07-06T20:05:41-03:00\">\n\t\t\t\t\t\t6 jul 2022\t\t\t\t\t<\/time>\n\t\t\t\t\t<time class=\"updated\" datetime=\"2024-03-20T10:34:37-03:00\">\n\t\t\t\t\t\t20 mar 2024\t\t\t\t\t<\/time>\n\t\t\t\t<\/a>\n\t\t\t<\/span>\n\t\t\n\t\t\t\t\t<span class=\"sow-entry-author-link byline\">\n\t\t\t\t\t\t\t\t\t<span class=\"sow-author author vcard\">\n\t\t\t\t\t\t<a class=\"url fn n\" href=\"https:\/\/wp.ufpel.edu.br\/observasul\/author\/observasul\/\" rel=\"author\">\n\t\t\t\t\t\t\tobservasul\t\t\t\t\t\t<\/a>\n\t\t\t\t\t<\/span>\n\t\t\t\t\t\t\t<\/span>\n\t\t\n\t\t<span class=\"sow-entry-categories\"><a href=\"https:\/\/wp.ufpel.edu.br\/observasul\/category\/analises\/\">An\u00e1lises<\/a>, <a href=\"https:\/\/wp.ufpel.edu.br\/observasul\/category\/observasul-publicacoes\/\">Publica\u00e7\u00f5es<\/a><\/span>\n\t\t\t\t\t<\/div>\n\t\t<\/header>\n\n\t\t\t\t\t<div\n\t\t\t\tclass=\"sow-entry-content\"\n\t\t\t\tstyle=\"margin-top: 20px;\"\n\t\t\t>\n\t\t\t\t<p>Resultante das pesquisas do prof. Dr. William Daldegan sobre o papel dos EUA no debate da prote\u00e7\u00e3o ambiental, o artigo \u201cMeio ambiente e o discurso presidencial estadunidense em Clinton, W. Bush e Obama\u201d integra o livro Capitalismo e Pol\u00edticas P\u00fablicas na Contemporaneidade. O livro organizado por Soraya Araujo Uchoa Cavalcanti e publicado pela editora Atenas reune uma colet\u00e2nea de artigos de importantes pesquisadores sobre temas contempor\u00e2neos da Pol\u00edtica. O livro em formato e-Book pode ser acessado clicando aqui. O artigo do prof. Dr. William Daldegan pode ser acessado clicando <a href=\"https:\/\/www.atenaeditora.com.br\/catalogo\/post\/meio-ambiente-e-o-discurso-presidencial-estadunidense-em-clinton-w-bush-e-obama\">aqui<\/a>.<\/p>\n\t\t\t<\/div>\n\t\t\t\t<\/div>\n<\/article>\n<article id=\"post-122\" class=\"post-122 post type-post status-publish format-standard hentry category-analises category-observasul-publicacoes\" style=\"margin: 0 0 40px\">\n\t\t\t\t<div class=\"sow-blog-content-wrapper\"\n\t\t style=\"padding: 25px 30px 38px;\">\n\t\t\t\t<header class=\"sow-entry-header\">\n\t\t\t<h2 class=\"sow-entry-title\" style=\"margin: 0 0 5px;\"><a href=\"https:\/\/wp.ufpel.edu.br\/observasul\/2022\/06\/09\/challenges-for-the-expansion-of-the-brics\/\" rel=\"bookmark\">Challenges for the expansion of the BRICS<\/a><\/h2>\t\t\t<div class=\"sow-entry-meta\">\n\t\t\t\t\t\t\t<span class=\"sow-entry-date\">\n\t\t\t\t<a href=\"https:\/\/wp.ufpel.edu.br\/observasul\/2022\/06\/09\/challenges-for-the-expansion-of-the-brics\/\" rel=\"bookmark\">\n\t\t\t\t\t<time class=\"published\" datetime=\"2022-06-09T20:07:08-03:00\">\n\t\t\t\t\t\t9 jun 2022\t\t\t\t\t<\/time>\n\t\t\t\t\t<time class=\"updated\" datetime=\"2024-03-20T10:34:37-03:00\">\n\t\t\t\t\t\t20 mar 2024\t\t\t\t\t<\/time>\n\t\t\t\t<\/a>\n\t\t\t<\/span>\n\t\t\n\t\t\t\t\t<span class=\"sow-entry-author-link byline\">\n\t\t\t\t\t\t\t\t\t<span class=\"sow-author author vcard\">\n\t\t\t\t\t\t<a class=\"url fn n\" href=\"https:\/\/wp.ufpel.edu.br\/observasul\/author\/observasul\/\" rel=\"author\">\n\t\t\t\t\t\t\tobservasul\t\t\t\t\t\t<\/a>\n\t\t\t\t\t<\/span>\n\t\t\t\t\t\t\t<\/span>\n\t\t\n\t\t<span class=\"sow-entry-categories\"><a href=\"https:\/\/wp.ufpel.edu.br\/observasul\/category\/analises\/\">An\u00e1lises<\/a>, <a href=\"https:\/\/wp.ufpel.edu.br\/observasul\/category\/observasul-publicacoes\/\">Publica\u00e7\u00f5es<\/a><\/span>\n\t\t\t\t\t<\/div>\n\t\t<\/header>\n\n\t\t\t\t\t<div\n\t\t\t\tclass=\"sow-entry-content\"\n\t\t\t\tstyle=\"margin-top: 20px;\"\n\t\t\t>\n\t\t\t\t<p>Em maio de 2022 a China instou os pa\u00edses do BRICS a ampliar o grupo por meio do que ficou conhecido como BRICS Plus. Ar\u00e1bia Saudita e Argentina j\u00e1 demonstraram interesse. Esse movimento chin\u00eas e os desafios que ela coloca s\u00e3o debatidos pelo professor Dr William Daldegan no artigo Challenges for the expansion of the BRICS publicado no E-International Relations em 09 de junho de 2022. Para acessar o texto clique <a href=\"https:\/\/www.e-ir.info\/2022\/06\/09\/opinion-challenges-for-the-expansion-of-the-brics\/\">aqui<\/a>.<\/p>\n\t\t\t<\/div>\n\t\t\t\t<\/div>\n<\/article>\n\t\t\t<\/div>\n\t\t\t\t\t\t<nav class=\"sow-post-navigation\">\n\t\t\t\t<h3 class=\"screen-reader-text\">Pagination<\/h3>\n\t\t\t\t<div class=\"sow-nav-links\">\n\t\t\t\t\t<span aria-current=\"page\" class=\"page-numbers current\">1<\/span>\n<a class=\"page-numbers\" href=\"https:\/\/wp.ufpel.edu.br\/observasul\/2022\/06\/09\/challenges-for-the-expansion-of-the-brics\/?sow-8268d8411c36=2\">2<\/a>\n<a class=\"next page-numbers\" href=\"https:\/\/wp.ufpel.edu.br\/observasul\/2022\/06\/09\/challenges-for-the-expansion-of-the-brics\/?sow-8268d8411c36=2\">&rarr;<\/a>\t\t\t\t<\/div>\n\t\t\t<\/nav>\n\t\t\t\t\t\t\t\t<\/div>\n\t<\/div><\/div><\/div><\/div><\/div>","protected":false},"excerpt":{"rendered":"","protected":false},"author":1351,"featured_media":0,"parent":0,"menu_order":0,"comment_status":"closed","ping_status":"closed","template":"","meta":{"footnotes":""},"class_list":["post-274","page","type-page","status-publish","hentry","post"],"jetpack_sharing_enabled":true,"_links":{"self":[{"href":"https:\/\/wp.ufpel.edu.br\/observasul\/wp-json\/wp\/v2\/pages\/274","targetHints":{"allow":["GET"]}}],"collection":[{"href":"https:\/\/wp.ufpel.edu.br\/observasul\/wp-json\/wp\/v2\/pages"}],"about":[{"href":"https:\/\/wp.ufpel.edu.br\/observasul\/wp-json\/wp\/v2\/types\/page"}],"author":[{"embeddable":true,"href":"https:\/\/wp.ufpel.edu.br\/observasul\/wp-json\/wp\/v2\/users\/1351"}],"replies":[{"embeddable":true,"href":"https:\/\/wp.ufpel.edu.br\/observasul\/wp-json\/wp\/v2\/comments?post=274"}],"version-history":[{"count":3,"href":"https:\/\/wp.ufpel.edu.br\/observasul\/wp-json\/wp\/v2\/pages\/274\/revisions"}],"predecessor-version":[{"id":289,"href":"https:\/\/wp.ufpel.edu.br\/observasul\/wp-json\/wp\/v2\/pages\/274\/revisions\/289"}],"wp:attachment":[{"href":"https:\/\/wp.ufpel.edu.br\/observasul\/wp-json\/wp\/v2\/media?parent=274"}],"curies":[{"name":"wp","href":"https:\/\/api.w.org\/{rel}","templated":true}]}}