{"id":182,"date":"2024-04-04T21:04:48","date_gmt":"2024-04-05T00:04:48","guid":{"rendered":"https:\/\/wp.ufpel.edu.br\/observasul\/?page_id=182"},"modified":"2024-04-07T19:29:03","modified_gmt":"2024-04-07T22:29:03","slug":"__trashed-3","status":"publish","type":"page","link":"https:\/\/wp.ufpel.edu.br\/observasul\/","title":{"rendered":""},"content":{"rendered":"<div id=\"pl-182\"  class=\"panel-layout\" ><div id=\"pg-182-0\"  class=\"panel-grid panel-no-style\" ><div id=\"pgc-182-0-0\"  class=\"panel-grid-cell\" ><div id=\"panel-182-0-0-0\" class=\"so-panel widget widget_sow-blog panel-first-child panel-last-child\" data-index=\"0\" ><div\n\t\t\t\n\t\t\tclass=\"so-widget-sow-blog so-widget-sow-blog-standard-8268d8411c36-182\"\n\t\t\t\n\t\t>\t\t\t<div class=\"sow-blog-title\">\n\t\t\t<h3 class=\"widget-title\">Posts recentes<\/h3>\t\t<\/div>\n\t\t\t<div\n\t\tclass=\"sow-blog sow-blog-layout-standard\"\n\t\tdata-template=\"standard\"\n\t\tdata-settings=\"{&quot;columns&quot;:&quot;&quot;,&quot;featured_image&quot;:true,&quot;featured_image_empty&quot;:true,&quot;featured_image_size&quot;:&quot;full&quot;,&quot;featured_image_size_width&quot;:&quot;&quot;,&quot;featured_image_size_height&quot;:&quot;&quot;,&quot;tag&quot;:&quot;h2&quot;,&quot;content&quot;:&quot;full&quot;,&quot;excerpt_length&quot;:55,&quot;date&quot;:true,&quot;author&quot;:true,&quot;filter_categories&quot;:false,&quot;categories&quot;:true,&quot;comment_count&quot;:true,&quot;so_field_container_state&quot;:&quot;open&quot;,&quot;read_more&quot;:&quot;&quot;,&quot;tags&quot;:&quot;&quot;,&quot;trim_manual_excerpt&quot;:&quot;&quot;,&quot;template&quot;:&quot;standard&quot;}\"\n\t\tdata-paged=\"1\"\n\t\tdata-paging-id=\"8268d8411c36\"\n\t\tdata-total-pages=\"2\"\n\t\tdata-hash=\"ed6deaf6\"\n\t>\n\t\t\n\t\t\t\t\t\t\t<div class=\"sow-blog-posts\">\n\t\t\t\t<article id=\"post-103\" class=\"post-103 post type-post status-publish format-standard hentry category-observasul-publicacoes\" style=\"margin: 0 0 40px\">\n\t\t\t\t<div class=\"sow-blog-content-wrapper\"\n\t\t style=\"padding: 25px 30px 38px;\">\n\t\t\t\t<header class=\"sow-entry-header\">\n\t\t\t<h2 class=\"sow-entry-title\" style=\"margin: 0 0 5px;\"><a href=\"https:\/\/wp.ufpel.edu.br\/observasul\/2024\/12\/29\/a-china-e-os-acordos-de-swap-cambial-com-argentina-brasil-chile-e-suriname\/\" rel=\"bookmark\">A China e os acordos de swap cambial com Argentina, Brasil, Chile e Suriname<\/a><\/h2>\t\t\t<div class=\"sow-entry-meta\">\n\t\t\t\t\t\t\t<span class=\"sow-entry-date\">\n\t\t\t\t<a href=\"https:\/\/wp.ufpel.edu.br\/observasul\/2024\/12\/29\/a-china-e-os-acordos-de-swap-cambial-com-argentina-brasil-chile-e-suriname\/\" rel=\"bookmark\">\n\t\t\t\t\t<time class=\"published\" datetime=\"2024-12-29T19:00:25-03:00\">\n\t\t\t\t\t\t29 dez 2024\t\t\t\t\t<\/time>\n\t\t\t\t\t<time class=\"updated\" datetime=\"2024-03-20T10:34:36-03:00\">\n\t\t\t\t\t\t20 mar 2024\t\t\t\t\t<\/time>\n\t\t\t\t<\/a>\n\t\t\t<\/span>\n\t\t\n\t\t\t\t\t<span class=\"sow-entry-author-link byline\">\n\t\t\t\t\t\t\t\t\t<span class=\"sow-author author vcard\">\n\t\t\t\t\t\t<a class=\"url fn n\" href=\"https:\/\/wp.ufpel.edu.br\/observasul\/author\/observasul\/\" rel=\"author\">\n\t\t\t\t\t\t\tobservasul\t\t\t\t\t\t<\/a>\n\t\t\t\t\t<\/span>\n\t\t\t\t\t\t\t<\/span>\n\t\t\n\t\t<span class=\"sow-entry-categories\"><a href=\"https:\/\/wp.ufpel.edu.br\/observasul\/category\/observasul-publicacoes\/\">Publica\u00e7\u00f5es<\/a><\/span>\n\t\t\t\t\t<\/div>\n\t\t<\/header>\n\n\t\t\t\t\t<div\n\t\t\t\tclass=\"sow-entry-content\"\n\t\t\t\tstyle=\"margin-top: 20px;\"\n\t\t\t>\n\t\t\t\t<p>Os acordos bilaterais de swap cambial ganharam grande import\u00e2ncia devido \u00e0 crise de 2008 e a China tem sido protagonista nesse movimento. Argentina, Brasil, Chile e Suriname individualmente e em momentos distintos estabeleceram tal tipo de tratativa com os chineses. Contudo, at\u00e9 agosto de 2020 apenas Argentina, desses pa\u00edses, havia acionado o acordo. Neste trabalho, questionamos quais aspectos explicam a utiliza\u00e7\u00e3o ou n\u00e3o desses acordos com a China. Por meio de levantamento de dados prim\u00e1rios e revis\u00e3o bibliogr\u00e1fica esse estudo afirma que os acordos de swap estabelecidos com a China s\u00e3o importantes como fontes de liquidez em momentos de vulnerabilidade externa para os pa\u00edses latino-americanos, todavia, seu uso \u00e9 limitado devido \u00e0 baixa conversibilidade externa do Renminbi (RMB).<\/p>\n<p>Para o texto na \u00edntegra:<a href=\"https:\/\/www.ipea.gov.br\/portal\/images\/stories\/PDFs\/rtm\/210310_rtm_24_art9.pdf\"> https:\/\/www.ipea.gov.br\/portal\/images\/stories\/PDFs\/rtm\/210310_rtm_24_art9.pdf<\/a><\/p>\n\t\t\t<\/div>\n\t\t\t\t<\/div>\n<\/article>\n<article id=\"post-136\" class=\"post-136 post type-post status-publish format-standard hentry category-analises category-observasul-publicacoes\" style=\"margin: 0 0 40px\">\n\t\t\t\t<div class=\"sow-blog-content-wrapper\"\n\t\t style=\"padding: 25px 30px 38px;\">\n\t\t\t\t<header class=\"sow-entry-header\">\n\t\t\t<h2 class=\"sow-entry-title\" style=\"margin: 0 0 5px;\"><a href=\"https:\/\/wp.ufpel.edu.br\/observasul\/2023\/12\/01\/o-conceito-de-desenvolvimento-no-brics-uma-analise-de-projetos-financiados-pelo-ndb\/\" rel=\"bookmark\">O Conceito de Desenvolvimento no BRICS: Uma An\u00e1lise de Projetos Financiados pelo NDB<\/a><\/h2>\t\t\t<div class=\"sow-entry-meta\">\n\t\t\t\t\t\t\t<span class=\"sow-entry-date\">\n\t\t\t\t<a href=\"https:\/\/wp.ufpel.edu.br\/observasul\/2023\/12\/01\/o-conceito-de-desenvolvimento-no-brics-uma-analise-de-projetos-financiados-pelo-ndb\/\" rel=\"bookmark\">\n\t\t\t\t\t<time class=\"published\" datetime=\"2023-12-01T20:16:52-03:00\">\n\t\t\t\t\t\t1 dez 2023\t\t\t\t\t<\/time>\n\t\t\t\t\t<time class=\"updated\" datetime=\"2024-03-20T10:34:36-03:00\">\n\t\t\t\t\t\t20 mar 2024\t\t\t\t\t<\/time>\n\t\t\t\t<\/a>\n\t\t\t<\/span>\n\t\t\n\t\t\t\t\t<span class=\"sow-entry-author-link byline\">\n\t\t\t\t\t\t\t\t\t<span class=\"sow-author author vcard\">\n\t\t\t\t\t\t<a class=\"url fn n\" href=\"https:\/\/wp.ufpel.edu.br\/observasul\/author\/observasul\/\" rel=\"author\">\n\t\t\t\t\t\t\tobservasul\t\t\t\t\t\t<\/a>\n\t\t\t\t\t<\/span>\n\t\t\t\t\t\t\t<\/span>\n\t\t\n\t\t<span class=\"sow-entry-categories\"><a href=\"https:\/\/wp.ufpel.edu.br\/observasul\/category\/analises\/\">An\u00e1lises<\/a>, <a href=\"https:\/\/wp.ufpel.edu.br\/observasul\/category\/observasul-publicacoes\/\">Publica\u00e7\u00f5es<\/a><\/span>\n\t\t\t\t\t<\/div>\n\t\t<\/header>\n\n\t\t\t\t\t<div\n\t\t\t\tclass=\"sow-entry-content\"\n\t\t\t\tstyle=\"margin-top: 20px;\"\n\t\t\t>\n\t\t\t\t<p>O prof. Dr. William Daldegan e Vitoria Borba, pesquisadora do EPDI, publicaram o resultado de suas pesquisas de quase 2 anos na International Organisations Research Journal (IORJ). A IORJ \u00e9 um dos mais renomados peri\u00f3dicos russos da \u00e1rea de Ci\u00eancia Pol\u00edtica e Rela\u00e7\u00f5es Internacionais. O artigo sob o t\u00edtulo (em portugu\u00eas) \u201cO Conceito de Desenvolvimento no BRICS: Uma An\u00e1lise de Projetos Financiados pelo NDB\u201d pode ser conferido em duas vers\u00f5es: em ingl\u00eas e russo. O artigo \u00e9 um dos v\u00e1rios resultados da pesquisa financiada pela Funda\u00e7\u00e3o de Amparo \u00e0 Pesquisa do Estado do Rio Grande do Sul (FAPERGS).<\/p>\n\t\t\t<\/div>\n\t\t\t\t<\/div>\n<\/article>\n<article id=\"post-134\" class=\"post-134 post type-post status-publish format-standard hentry category-analises category-observasul-publicacoes\" style=\"margin: 0 0 40px\">\n\t\t\t\t<div class=\"sow-blog-content-wrapper\"\n\t\t style=\"padding: 25px 30px 38px;\">\n\t\t\t\t<header class=\"sow-entry-header\">\n\t\t\t<h2 class=\"sow-entry-title\" style=\"margin: 0 0 5px;\"><a href=\"https:\/\/wp.ufpel.edu.br\/observasul\/2023\/08\/30\/the-expansion-of-brics-challenges-and-uncertainties\/\" rel=\"bookmark\">The Expansion of BRICS: Challenges and Uncertainties<\/a><\/h2>\t\t\t<div class=\"sow-entry-meta\">\n\t\t\t\t\t\t\t<span class=\"sow-entry-date\">\n\t\t\t\t<a href=\"https:\/\/wp.ufpel.edu.br\/observasul\/2023\/08\/30\/the-expansion-of-brics-challenges-and-uncertainties\/\" rel=\"bookmark\">\n\t\t\t\t\t<time class=\"published\" datetime=\"2023-08-30T20:15:43-03:00\">\n\t\t\t\t\t\t30 ago 2023\t\t\t\t\t<\/time>\n\t\t\t\t\t<time class=\"updated\" datetime=\"2024-03-20T10:34:36-03:00\">\n\t\t\t\t\t\t20 mar 2024\t\t\t\t\t<\/time>\n\t\t\t\t<\/a>\n\t\t\t<\/span>\n\t\t\n\t\t\t\t\t<span class=\"sow-entry-author-link byline\">\n\t\t\t\t\t\t\t\t\t<span class=\"sow-author author vcard\">\n\t\t\t\t\t\t<a class=\"url fn n\" href=\"https:\/\/wp.ufpel.edu.br\/observasul\/author\/observasul\/\" rel=\"author\">\n\t\t\t\t\t\t\tobservasul\t\t\t\t\t\t<\/a>\n\t\t\t\t\t<\/span>\n\t\t\t\t\t\t\t<\/span>\n\t\t\n\t\t<span class=\"sow-entry-categories\"><a href=\"https:\/\/wp.ufpel.edu.br\/observasul\/category\/analises\/\">An\u00e1lises<\/a>, <a href=\"https:\/\/wp.ufpel.edu.br\/observasul\/category\/observasul-publicacoes\/\">Publica\u00e7\u00f5es<\/a><\/span>\n\t\t\t\t\t<\/div>\n\t\t<\/header>\n\n\t\t\t\t\t<div\n\t\t\t\tclass=\"sow-entry-content\"\n\t\t\t\tstyle=\"margin-top: 20px;\"\n\t\t\t>\n\t\t\t\t<p>\u201cArgentina, Saudi Arabia, Egypt, United Arab Emirates, Ethiopia, and Iran were announced as new permanent members of BRICS. The announcement was accompanied by a promise to define criteria for future new memberships. The negotiations for expansion faced significant pressure from the Chinese, who advocated for a broader opening and encouraged the candidacy of dozens of countries. In contrast, Brazil and India resisted this movement and, along with South Africa, negotiated for a more assertive stance from Russia and China in favor of a broader reform in the UN, especially within the Security Council. However, this expansion raises uncertainties about the future of BRICS\u201d. Com essa introdu\u00e7\u00e3o, o artigo discute os desafios e incertezas da expans\u00e3o do BRICS.<\/p>\n<p>O texto pode ser acessado clicando <a href=\"https:\/\/www.e-ir.info\/2023\/08\/29\/opinion-the-expansion-of-brics-challenges-and-uncertainties\/\">aqui<\/a>.<\/p>\n\t\t\t<\/div>\n\t\t\t\t<\/div>\n<\/article>\n<article id=\"post-132\" class=\"post-132 post type-post status-publish format-standard hentry category-analises category-observasul-publicacoes\" style=\"margin: 0 0 40px\">\n\t\t\t\t<div class=\"sow-blog-content-wrapper\"\n\t\t style=\"padding: 25px 30px 38px;\">\n\t\t\t\t<header class=\"sow-entry-header\">\n\t\t\t<h2 class=\"sow-entry-title\" style=\"margin: 0 0 5px;\"><a href=\"https:\/\/wp.ufpel.edu.br\/observasul\/2023\/08\/19\/a-expansao-do-brics-desafios-e-incertezas\/\" rel=\"bookmark\">A EXPANS\u00c3O DO BRICS: DESAFIOS E INCERTEZAS<\/a><\/h2>\t\t\t<div class=\"sow-entry-meta\">\n\t\t\t\t\t\t\t<span class=\"sow-entry-date\">\n\t\t\t\t<a href=\"https:\/\/wp.ufpel.edu.br\/observasul\/2023\/08\/19\/a-expansao-do-brics-desafios-e-incertezas\/\" rel=\"bookmark\">\n\t\t\t\t\t<time class=\"published\" datetime=\"2023-08-19T20:13:51-03:00\">\n\t\t\t\t\t\t19 ago 2023\t\t\t\t\t<\/time>\n\t\t\t\t\t<time class=\"updated\" datetime=\"2024-03-20T10:34:37-03:00\">\n\t\t\t\t\t\t20 mar 2024\t\t\t\t\t<\/time>\n\t\t\t\t<\/a>\n\t\t\t<\/span>\n\t\t\n\t\t\t\t\t<span class=\"sow-entry-author-link byline\">\n\t\t\t\t\t\t\t\t\t<span class=\"sow-author author vcard\">\n\t\t\t\t\t\t<a class=\"url fn n\" href=\"https:\/\/wp.ufpel.edu.br\/observasul\/author\/observasul\/\" rel=\"author\">\n\t\t\t\t\t\t\tobservasul\t\t\t\t\t\t<\/a>\n\t\t\t\t\t<\/span>\n\t\t\t\t\t\t\t<\/span>\n\t\t\n\t\t<span class=\"sow-entry-categories\"><a href=\"https:\/\/wp.ufpel.edu.br\/observasul\/category\/analises\/\">An\u00e1lises<\/a>, <a href=\"https:\/\/wp.ufpel.edu.br\/observasul\/category\/observasul-publicacoes\/\">Publica\u00e7\u00f5es<\/a><\/span>\n\t\t\t\t\t<\/div>\n\t\t<\/header>\n\n\t\t\t\t\t<div\n\t\t\t\tclass=\"sow-entry-content\"\n\t\t\t\tstyle=\"margin-top: 20px;\"\n\t\t\t>\n\t\t\t\t<p>O professor Dr. William Daldegan elaborou um Policy Brief bilingue para o portal Centro de Estudos Estrat\u00e9gicos e Planejamento Marinho (CEDEPEM). Nele s\u00e3o discutidos os desafios e incertezas atrelados ao processo de expans\u00e3o do BRICS, anunciado em 2023.<\/p>\n<p>O material pode ser conferido clicando <a href=\"https:\/\/wp.ufpel.edu.br\/cedepem\/files\/2023\/08\/Policy-Brief_CEDEPEM-2-2.pdf\">aqui<\/a>.<\/p>\n\t\t\t<\/div>\n\t\t\t\t<\/div>\n<\/article>\n<article id=\"post-130\" class=\"post-130 post type-post status-publish format-standard hentry category-artigos category-observasul-publicacoes tag-brics\" style=\"margin: 0 0 40px\">\n\t\t\t\t<div class=\"sow-blog-content-wrapper\"\n\t\t style=\"padding: 25px 30px 38px;\">\n\t\t\t\t<header class=\"sow-entry-header\">\n\t\t\t<h2 class=\"sow-entry-title\" style=\"margin: 0 0 5px;\"><a href=\"https:\/\/wp.ufpel.edu.br\/observasul\/2023\/05\/25\/o-brics-na-governanc%cc%a7a-global-uma-analise-a-partir-da-contestac%cc%a7a%cc%83o-e-contra-institucionalizac%cc%a7a%cc%83o-em-michael-zu%cc%88rn\/\" rel=\"bookmark\">O Brics na governanc\u0327a global: uma ana\u0301lise a partir da contestac\u0327a\u0303o e contra-institucionalizac\u0327a\u0303o em Michael Zu\u0308rn<\/a><\/h2>\t\t\t<div class=\"sow-entry-meta\">\n\t\t\t\t\t\t\t<span class=\"sow-entry-date\">\n\t\t\t\t<a href=\"https:\/\/wp.ufpel.edu.br\/observasul\/2023\/05\/25\/o-brics-na-governanc%cc%a7a-global-uma-analise-a-partir-da-contestac%cc%a7a%cc%83o-e-contra-institucionalizac%cc%a7a%cc%83o-em-michael-zu%cc%88rn\/\" rel=\"bookmark\">\n\t\t\t\t\t<time class=\"published\" datetime=\"2023-05-25T20:12:18-03:00\">\n\t\t\t\t\t\t25 maio 2023\t\t\t\t\t<\/time>\n\t\t\t\t\t<time class=\"updated\" datetime=\"2024-04-06T19:49:33-03:00\">\n\t\t\t\t\t\t6 abr 2024\t\t\t\t\t<\/time>\n\t\t\t\t<\/a>\n\t\t\t<\/span>\n\t\t\n\t\t\t\t\t<span class=\"sow-entry-author-link byline\">\n\t\t\t\t\t\t\t\t\t<span class=\"sow-author author vcard\">\n\t\t\t\t\t\t<a class=\"url fn n\" href=\"https:\/\/wp.ufpel.edu.br\/observasul\/author\/observasul\/\" rel=\"author\">\n\t\t\t\t\t\t\tobservasul\t\t\t\t\t\t<\/a>\n\t\t\t\t\t<\/span>\n\t\t\t\t\t\t\t<\/span>\n\t\t\n\t\t<span class=\"sow-entry-categories\"><a href=\"https:\/\/wp.ufpel.edu.br\/observasul\/category\/artigos\/\">Artigos<\/a>, <a href=\"https:\/\/wp.ufpel.edu.br\/observasul\/category\/observasul-publicacoes\/\">Publica\u00e7\u00f5es<\/a><\/span>\n\t\t\t\t\t<\/div>\n\t\t<\/header>\n\n\t\t\t\t\t<div\n\t\t\t\tclass=\"sow-entry-content\"\n\t\t\t\tstyle=\"margin-top: 20px;\"\n\t\t\t>\n\t\t\t\t<div id=\"pl-130\"  class=\"panel-layout\" ><div id=\"pg-130-0\"  class=\"panel-grid panel-no-style\" ><div id=\"pgc-130-0-0\"  class=\"panel-grid-cell\" ><div id=\"panel-130-0-0-0\" class=\"so-panel widget widget_sow-editor panel-first-child panel-last-child\" data-index=\"0\" ><div\n\t\t\t\n\t\t\tclass=\"so-widget-sow-editor so-widget-sow-editor-base\"\n\t\t\t\n\t\t>\n<div class=\"siteorigin-widget-tinymce textwidget\">\n\t<p>\u201cO Brics na governanc\u0327a global: uma ana\u0301lise a partir da contestac\u0327a\u0303o e contra-institucionalizac\u0327a\u0303o em Michael Zu\u0308rn\u201d foi publicado na Revista Sul-Americana de Ci\u00eancia Pol\u00edtica. Desenvolvido ao longo de 2022 no \u00e2mbito do Projeto \u201cBRICS e China: uma an\u00e1lise de pol\u00edtica internacional contempor\u00e2nea\u201d financiado pela Funda\u00e7\u00e3o de Amparo \u00e0 Pesquisa do Estado do Rio Grande do Sul (FAPERGS), o texto tem como autores o professor Dr. William Daldegan, a mestranda do PPGCPol Amanda Perachi e a acad\u00eamica de Rela\u00e7\u00f5es Internacionais Cassiane Souza. O trabalho est\u00e1 dispon\u00edvel para download clicando aqui. Abaixo o resumo do texto: O artigo tem por objetivo compreender o posicionamento do BRICS no sistema de governanc\u0327a global. Especificamente, sua insatisfac\u0327a\u0303o com o sistema financeiro internacional. Para tal, e\u0301 reconhecida a estrutura normativa e institucional, hiera\u0301rquica e desigual da ordem internacional liberal em que novas pote\u0302ncias e instituic\u0327o\u0303es, como o BRICS, reclamam maior representatividade.<\/p>\n<p>A criac\u0327a\u0303o do Novo Banco de Desenvolvimento (NDB) e do Arranjo Contingente de Reservas (CRA), em 2014, demonstra sua busca por alternativas a\u0300s instituic\u0327o\u0303es tradicionais. Os conceitos de Contestac\u0327a\u0303o e Contra-institucionalizac\u0327a\u0303o, propostos por Michael Zu\u0308rn, sa\u0303o utilizados como instrumental teo\u0301rico- metodolo\u0301gico, juntamente com revisa\u0303o bibliogra\u0301fica, a fim de responder se o BRICS se apresenta como um contestador dessa ordem capaz de impor mudanc\u0327as substanciais a ela. Como resultado, observa- se, apesar da exige\u0302ncia por reformas na governanc\u0327a global, uma care\u0302ncia de alinhamento de interesses entre seus membros que dificulta o avanc\u0327o de pautas cri\u0301ticas e a instrumentalizac\u0327a\u0303o de uma contraposic\u0327a\u0303o efetiva a\u0300 ordem internacional liberal.<\/p>\n<p>&nbsp;<\/p>\n<p>O artigo completo pode ser acessado <a href=\"https:\/\/periodicos.ufpel.edu.br\/index.php\/rsulacp\/article\/view\/23372\">aqui<\/a>.<\/p>\n<\/div>\n<\/div><\/div><\/div><\/div><\/div>\t\t\t<\/div>\n\t\t\t\t<\/div>\n<\/article>\n\t\t\t<\/div>\n\t\t\t\t\t\t<nav class=\"sow-post-navigation\">\n\t\t\t\t<h3 class=\"screen-reader-text\">Pagination<\/h3>\n\t\t\t\t<div class=\"sow-nav-links\">\n\t\t\t\t\t<span aria-current=\"page\" class=\"page-numbers current\">1<\/span>\n<a class=\"page-numbers\" href=\"https:\/\/wp.ufpel.edu.br\/observasul\/2023\/05\/25\/o-brics-na-governanc%cc%a7a-global-uma-analise-a-partir-da-contestac%cc%a7a%cc%83o-e-contra-institucionalizac%cc%a7a%cc%83o-em-michael-zu%cc%88rn\/?sow-8268d8411c36=2\">2<\/a>\n<a class=\"next page-numbers\" href=\"https:\/\/wp.ufpel.edu.br\/observasul\/2023\/05\/25\/o-brics-na-governanc%cc%a7a-global-uma-analise-a-partir-da-contestac%cc%a7a%cc%83o-e-contra-institucionalizac%cc%a7a%cc%83o-em-michael-zu%cc%88rn\/?sow-8268d8411c36=2\">&rarr;<\/a>\t\t\t\t<\/div>\n\t\t\t<\/nav>\n\t\t\t\t\t\t\t\t<\/div>\n\t<\/div><\/div><\/div><div id=\"pgc-182-0-1\"  class=\"panel-grid-cell panel-grid-cell-empty\" ><\/div><div id=\"pgc-182-0-2\"  class=\"panel-grid-cell\" ><div id=\"panel-182-0-2-0\" class=\"so-panel widget widget_media_image panel-first-child\" data-index=\"1\" ><h3 class=\"widget-title\">Apoio<\/h3><a href=\"https:\/\/fapergs.rs.gov.br\/inicial\"><img loading=\"lazy\" decoding=\"async\" width=\"400\" height=\"120\" src=\"https:\/\/wp.ufpel.edu.br\/observasul\/files\/2024\/04\/fapergs-400x120.png\" class=\"image wp-image-240  attachment-medium size-medium\" alt=\"\" style=\"max-width: 100%; height: auto;\" srcset=\"https:\/\/wp.ufpel.edu.br\/observasul\/files\/2024\/04\/fapergs-400x120.png 400w, https:\/\/wp.ufpel.edu.br\/observasul\/files\/2024\/04\/fapergs.png 520w\" sizes=\"auto, (max-width: 400px) 100vw, 400px\" \/><\/a><\/div><div id=\"panel-182-0-2-1\" class=\"so-panel widget widget_media_image\" data-index=\"2\" ><a href=\"https:\/\/www.gov.br\/capes\/pt-br\"><img loading=\"lazy\" decoding=\"async\" width=\"400\" height=\"194\" src=\"https:\/\/wp.ufpel.edu.br\/observasul\/files\/2024\/04\/capes-1-400x194.png\" class=\"image wp-image-310  attachment-medium size-medium\" alt=\"\" style=\"max-width: 100%; height: auto;\" srcset=\"https:\/\/wp.ufpel.edu.br\/observasul\/files\/2024\/04\/capes-1-400x194.png 400w, https:\/\/wp.ufpel.edu.br\/observasul\/files\/2024\/04\/capes-1.png 447w\" sizes=\"auto, (max-width: 400px) 100vw, 400px\" \/><\/a><\/div><div id=\"panel-182-0-2-2\" class=\"so-panel widget widget_media_image\" data-index=\"3\" ><h3 class=\"widget-title\">Realiza\u00e7\u00e3o<\/h3><a href=\"https:\/\/wp.ufpel.edu.br\/epdi\/\"><img loading=\"lazy\" decoding=\"async\" width=\"400\" height=\"164\" src=\"https:\/\/wp.ufpel.edu.br\/observasul\/files\/2024\/04\/EPDI-400x164.png\" class=\"image wp-image-254  attachment-medium size-medium\" alt=\"\" style=\"max-width: 100%; height: auto;\" title=\"Apoio\" srcset=\"https:\/\/wp.ufpel.edu.br\/observasul\/files\/2024\/04\/EPDI-400x164.png 400w, https:\/\/wp.ufpel.edu.br\/observasul\/files\/2024\/04\/EPDI.png 408w\" sizes=\"auto, (max-width: 400px) 100vw, 400px\" \/><\/a><\/div><div id=\"panel-182-0-2-3\" class=\"so-panel widget widget_media_image\" data-index=\"4\" ><h3 class=\"widget-title\">Institucional<\/h3><a href=\"https:\/\/portal.ufpel.edu.br\/\"><img loading=\"lazy\" decoding=\"async\" width=\"400\" height=\"199\" src=\"https:\/\/wp.ufpel.edu.br\/observasul\/files\/2024\/04\/ufpel-400x199.png\" class=\"image wp-image-292  attachment-medium size-medium\" alt=\"\" style=\"max-width: 100%; height: auto;\" title=\"Apoio\" srcset=\"https:\/\/wp.ufpel.edu.br\/observasul\/files\/2024\/04\/ufpel-400x199.png 400w, https:\/\/wp.ufpel.edu.br\/observasul\/files\/2024\/04\/ufpel.png 447w\" sizes=\"auto, (max-width: 400px) 100vw, 400px\" \/><\/a><\/div><div id=\"panel-182-0-2-4\" class=\"so-panel widget widget_media_image\" data-index=\"5\" ><a href=\"https:\/\/wp.ufpel.edu.br\/ri\/\"><img loading=\"lazy\" decoding=\"async\" width=\"400\" height=\"95\" src=\"https:\/\/wp.ufpel.edu.br\/observasul\/files\/2024\/04\/RI-400x95.png\" class=\"image wp-image-293  attachment-medium size-medium\" alt=\"\" style=\"max-width: 100%; height: auto;\" title=\"Apoio\" srcset=\"https:\/\/wp.ufpel.edu.br\/observasul\/files\/2024\/04\/RI-400x95.png 400w, https:\/\/wp.ufpel.edu.br\/observasul\/files\/2024\/04\/RI.png 408w\" sizes=\"auto, (max-width: 400px) 100vw, 400px\" \/><\/a><\/div><div id=\"panel-182-0-2-5\" class=\"so-panel widget widget_media_image panel-last-child\" data-index=\"6\" ><img loading=\"lazy\" decoding=\"async\" width=\"300\" height=\"240\" src=\"https:\/\/wp.ufpel.edu.br\/observasul\/files\/2024\/04\/PPGCPOL.png\" class=\"image wp-image-294  attachment-300x240 size-300x240\" alt=\"\" style=\"max-width: 100%; height: auto;\" \/><\/div><\/div><\/div><\/div>","protected":false},"excerpt":{"rendered":"<p>\u201cO Brics na governanc\u0327a global: uma ana\u0301lise a partir da contestac\u0327a\u0303o e contra-institucionalizac\u0327a\u0303o em Michael Zu\u0308rn\u201d foi publicado na Revista Sul-Americana de Ci\u00eancia Pol\u00edtica. Desenvolvido ao longo de 2022 no \u00e2mbito do Projeto \u201cBRICS e China: uma an\u00e1lise de pol\u00edtica internacional contempor\u00e2nea\u201d financiado pela Funda\u00e7\u00e3o de Amparo \u00e0 Pesquisa do Estado do Rio Grande do&#8230;<\/p>\n","protected":false},"author":1351,"featured_media":0,"parent":0,"menu_order":0,"comment_status":"closed","ping_status":"closed","template":"","meta":{"footnotes":""},"class_list":["post-182","page","type-page","status-publish","hentry","post"],"jetpack_sharing_enabled":true,"_links":{"self":[{"href":"https:\/\/wp.ufpel.edu.br\/observasul\/wp-json\/wp\/v2\/pages\/182","targetHints":{"allow":["GET"]}}],"collection":[{"href":"https:\/\/wp.ufpel.edu.br\/observasul\/wp-json\/wp\/v2\/pages"}],"about":[{"href":"https:\/\/wp.ufpel.edu.br\/observasul\/wp-json\/wp\/v2\/types\/page"}],"author":[{"embeddable":true,"href":"https:\/\/wp.ufpel.edu.br\/observasul\/wp-json\/wp\/v2\/users\/1351"}],"replies":[{"embeddable":true,"href":"https:\/\/wp.ufpel.edu.br\/observasul\/wp-json\/wp\/v2\/comments?post=182"}],"version-history":[{"count":11,"href":"https:\/\/wp.ufpel.edu.br\/observasul\/wp-json\/wp\/v2\/pages\/182\/revisions"}],"predecessor-version":[{"id":311,"href":"https:\/\/wp.ufpel.edu.br\/observasul\/wp-json\/wp\/v2\/pages\/182\/revisions\/311"}],"wp:attachment":[{"href":"https:\/\/wp.ufpel.edu.br\/observasul\/wp-json\/wp\/v2\/media?parent=182"}],"curies":[{"name":"wp","href":"https:\/\/api.w.org\/{rel}","templated":true}]}}