{"id":9,"date":"2013-10-14T11:04:30","date_gmt":"2013-10-14T14:04:30","guid":{"rendered":"https:\/\/wp.ufpel.edu.br\/obesidadediabetes\/?page_id=9"},"modified":"2017-09-15T16:36:09","modified_gmt":"2017-09-15T19:36:09","slug":"avaliacao","status":"publish","type":"page","link":"https:\/\/wp.ufpel.edu.br\/obesidadediabetes\/avaliacao\/","title":{"rendered":"Avalia\u00e7\u00e3o"},"content":{"rendered":"<p><strong>Caros Mestrandos<\/strong><\/p>\n<p><em>Os participantes do curso ser\u00e3o avaliados da seguinte maneira:<\/em><\/p>\n<p>1- Participa\u00e7\u00e3o em aula;<\/p>\n<p>2- Frequ\u00eancia;<\/p>\n<p>3- Apresenta\u00e7\u00e3o do semin\u00e1rio.<\/p>\n<p>4- Question\u00e1rios<\/p>\n","protected":false},"excerpt":{"rendered":"<p>Caros Mestrandos Os participantes do curso ser\u00e3o avaliados da seguinte maneira: 1- Participa\u00e7\u00e3o em aula; 2- Frequ\u00eancia; 3- Apresenta\u00e7\u00e3o do semin\u00e1rio. 4- Question\u00e1rios<\/p>\n","protected":false},"author":274,"featured_media":0,"parent":0,"menu_order":0,"comment_status":"closed","ping_status":"closed","template":"","meta":{"footnotes":""},"class_list":["post-9","page","type-page","status-publish","hentry"],"_links":{"self":[{"href":"https:\/\/wp.ufpel.edu.br\/obesidadediabetes\/wp-json\/wp\/v2\/pages\/9","targetHints":{"allow":["GET"]}}],"collection":[{"href":"https:\/\/wp.ufpel.edu.br\/obesidadediabetes\/wp-json\/wp\/v2\/pages"}],"about":[{"href":"https:\/\/wp.ufpel.edu.br\/obesidadediabetes\/wp-json\/wp\/v2\/types\/page"}],"author":[{"embeddable":true,"href":"https:\/\/wp.ufpel.edu.br\/obesidadediabetes\/wp-json\/wp\/v2\/users\/274"}],"replies":[{"embeddable":true,"href":"https:\/\/wp.ufpel.edu.br\/obesidadediabetes\/wp-json\/wp\/v2\/comments?post=9"}],"version-history":[{"count":5,"href":"https:\/\/wp.ufpel.edu.br\/obesidadediabetes\/wp-json\/wp\/v2\/pages\/9\/revisions"}],"predecessor-version":[{"id":119,"href":"https:\/\/wp.ufpel.edu.br\/obesidadediabetes\/wp-json\/wp\/v2\/pages\/9\/revisions\/119"}],"wp:attachment":[{"href":"https:\/\/wp.ufpel.edu.br\/obesidadediabetes\/wp-json\/wp\/v2\/media?parent=9"}],"curies":[{"name":"wp","href":"https:\/\/api.w.org\/{rel}","templated":true}]}}