{"id":14,"date":"2013-10-14T11:13:55","date_gmt":"2013-10-14T14:13:55","guid":{"rendered":"https:\/\/wp.ufpel.edu.br\/obesidadediabetes\/?page_id=14"},"modified":"2013-10-14T11:13:55","modified_gmt":"2013-10-14T14:13:55","slug":"programa","status":"publish","type":"page","link":"https:\/\/wp.ufpel.edu.br\/obesidadediabetes\/programa\/","title":{"rendered":"Programa"},"content":{"rendered":"<p><strong>1- Bases moleculares da gen\u00e9tica da obesidade.<\/strong><\/p>\n<p>Principais mol\u00e9culas biol\u00f3gicas<\/p>\n<p>Bases de gen\u00e9tica e express\u00e3o g\u00eanica<\/p>\n<p>Principais vias do metabolismo energ\u00e9tico<\/p>\n<p><strong>2- Estrutura e fun\u00e7\u00e3o de horm\u00f4nios e receptores de import\u00e2ncia em nutri\u00e7\u00e3o.<\/strong><\/p>\n<p>Insulina, tecidos alvos e receptores de insulina na regula\u00e7\u00e3o do metabolismo<\/p>\n<p>Sinaliza\u00e7\u00e3o intracelular da insulina<\/p>\n<p>Sensores\/receptores intracelulares<\/p>\n<p>Sistema nervoso aut\u00f4nomo<\/p>\n<p><strong>\u00a03- Mecanismos moleculares de resist\u00eancia \u00e0 insulina.<\/strong><\/p>\n<p>Diabetes Mellitus &#8211;\u00a0 bases te\u00f3ricas<\/p>\n<p>Envolvimento do sistema imunol\u00f3gico<\/p>\n<p>Dietas que provocam a resist\u00eancia a insulina<\/p>\n<p>Metabolismo do tecido adiposo<\/p>\n<p>Metabolismo do tecido muscular<\/p>\n<p><strong>4- Principais transtornos end\u00f3crinos que provocam obesidade.<\/strong><\/p>\n<p>S\u00edndrome de Cushing<\/p>\n<p>Tireoide<\/p>\n<p>Andr\u00f3genos<\/p>\n<p>Horm\u00f4nio de crescimento<\/p>\n<p><strong>5- Metodologias para estudo do metabolismo e sistema end\u00f3crino.<\/strong><\/p>\n<p>Modelos Biol\u00f3gicos para experimenta\u00e7\u00e3o<\/p>\n<p>Experimenta\u00e7\u00e3o em animais<\/p>\n<p>Experimenta\u00e7\u00e3o em humanos<\/p>\n<p><strong>6- Uso da nutri\u00e7\u00e3o para manipula\u00e7\u00e3o do metabolismo.<\/strong><\/p>\n<p>Diferentes estrat\u00e9gias para manipula\u00e7\u00e3o do metabolismo<\/p>\n<p>&nbsp;<\/p>\n","protected":false},"excerpt":{"rendered":"<p>1- Bases moleculares da gen\u00e9tica da obesidade. Principais mol\u00e9culas biol\u00f3gicas Bases de gen\u00e9tica e express\u00e3o g\u00eanica Principais vias do metabolismo energ\u00e9tico 2- Estrutura e fun\u00e7\u00e3o de horm\u00f4nios e receptores de import\u00e2ncia em nutri\u00e7\u00e3o. Insulina, tecidos alvos e receptores de insulina &hellip; <a href=\"https:\/\/wp.ufpel.edu.br\/obesidadediabetes\/programa\/\">Continue lendo <span class=\"meta-nav\">&rarr;<\/span><\/a><\/p>\n","protected":false},"author":274,"featured_media":0,"parent":0,"menu_order":2,"comment_status":"closed","ping_status":"closed","template":"","meta":{"footnotes":""},"class_list":["post-14","page","type-page","status-publish","hentry"],"_links":{"self":[{"href":"https:\/\/wp.ufpel.edu.br\/obesidadediabetes\/wp-json\/wp\/v2\/pages\/14","targetHints":{"allow":["GET"]}}],"collection":[{"href":"https:\/\/wp.ufpel.edu.br\/obesidadediabetes\/wp-json\/wp\/v2\/pages"}],"about":[{"href":"https:\/\/wp.ufpel.edu.br\/obesidadediabetes\/wp-json\/wp\/v2\/types\/page"}],"author":[{"embeddable":true,"href":"https:\/\/wp.ufpel.edu.br\/obesidadediabetes\/wp-json\/wp\/v2\/users\/274"}],"replies":[{"embeddable":true,"href":"https:\/\/wp.ufpel.edu.br\/obesidadediabetes\/wp-json\/wp\/v2\/comments?post=14"}],"version-history":[{"count":1,"href":"https:\/\/wp.ufpel.edu.br\/obesidadediabetes\/wp-json\/wp\/v2\/pages\/14\/revisions"}],"predecessor-version":[{"id":15,"href":"https:\/\/wp.ufpel.edu.br\/obesidadediabetes\/wp-json\/wp\/v2\/pages\/14\/revisions\/15"}],"wp:attachment":[{"href":"https:\/\/wp.ufpel.edu.br\/obesidadediabetes\/wp-json\/wp\/v2\/media?parent=14"}],"curies":[{"name":"wp","href":"https:\/\/api.w.org\/{rel}","templated":true}]}}