{"id":796,"date":"2016-12-16T16:47:06","date_gmt":"2016-12-16T18:47:06","guid":{"rendered":"https:\/\/wp.ufpel.edu.br\/obeducpacto\/?page_id=796"},"modified":"2016-12-16T16:47:06","modified_gmt":"2016-12-16T18:47:06","slug":"relatorios-dos-bolsistas-obeduc-pacto","status":"publish","type":"page","link":"https:\/\/wp.ufpel.edu.br\/obeducpacto\/relatorios-dos-bolsistas-obeduc-pacto\/","title":{"rendered":"Relat\u00f3rios dos bolsistas Obeduc-Pacto"},"content":{"rendered":"<p>Ao fim de cada ano, os bolsistas de inicia\u00e7\u00e3o cient\u00edfica, educa\u00e7\u00e3o b\u00e1sica e p\u00f3s-gradua\u00e7\u00e3o elaboram relat\u00f3rios referentes ao ano de trabalho. Aqui est\u00e3o disponibilizados para download em pdf.<\/p>\n<p>&nbsp;<\/p>\n<p><strong>Bolsistas de inicia\u00e7\u00e3o cient\u00edfica<\/strong><\/p>\n<p>Aline Teixeira de Oliveira <a href=\"https:\/\/wp.ufpel.edu.br\/obeducpacto\/files\/2016\/12\/BICAlineTeixeira2013.pdf\">2013<\/a>\u00a0| <a href=\"https:\/\/wp.ufpel.edu.br\/obeducpacto\/files\/2016\/12\/BIC_ALINETEIXEIRA_2014.pdf\">2014<\/a>\u00a0|\u00a0<a href=\"https:\/\/wp.ufpel.edu.br\/obeducpacto\/files\/2016\/12\/BIC_ALINE_2015.pdf\">2015<\/a><\/p>\n<p>Carolina Rocke da Costa\u00a0<a href=\"https:\/\/wp.ufpel.edu.br\/obeducpacto\/files\/2016\/12\/BIC_CNPQ_CAROL_2015.pdf\">2015<\/a><\/p>\n<p>Ellem Rudijane Moraes de Borba <a href=\"https:\/\/wp.ufpel.edu.br\/obeducpacto\/files\/2016\/12\/BICEllem2013.pdf\">2013<\/a>\u00a0|\u00a0<a href=\"https:\/\/wp.ufpel.edu.br\/obeducpacto\/files\/2016\/12\/BIC_ELLEM_2014.pdf\">2014<\/a><\/p>\n<p>Gabriela Schander Braga <a href=\"https:\/\/wp.ufpel.edu.br\/obeducpacto\/files\/2016\/12\/BIC_GABRIELA_2015.pdf\">2015<\/a><\/p>\n<p>Guilherme Guiraldelli Moreira <a href=\"https:\/\/wp.ufpel.edu.br\/obeducpacto\/files\/2016\/12\/BICGuilhermeMoreira2013.pdf\">2013<\/a><\/p>\n<p>J\u00e9ssica Aline Leal da Rosa <a href=\"https:\/\/wp.ufpel.edu.br\/obeducpacto\/files\/2016\/12\/BICJessicaRosa2013.pdf\">2013<\/a><\/p>\n<p>Josiane Jarline J\u00e4ger <a href=\"https:\/\/wp.ufpel.edu.br\/obeducpacto\/files\/2016\/12\/BIC_JOSIANE_2014.pdf\">2014<\/a>\u00a0|\u00a0<a href=\"https:\/\/wp.ufpel.edu.br\/obeducpacto\/files\/2016\/12\/BIC_JOSIANE_2015.pdf\">2015<\/a><\/p>\n<p>Lissa Pachalski <a href=\"https:\/\/wp.ufpel.edu.br\/obeducpacto\/files\/2016\/12\/BIC_LISSA_2014.pdf\">2014<\/a>\u00a0|\u00a0<a href=\"https:\/\/wp.ufpel.edu.br\/obeducpacto\/files\/2016\/12\/BIC_LISSA_2015.pdf\">2015<\/a><\/p>\n<p>Luiza Kerstner Souto <a href=\"https:\/\/wp.ufpel.edu.br\/obeducpacto\/files\/2016\/12\/BIC_LUIZA_2014.pdf\">2014<\/a> | <a href=\"https:\/\/wp.ufpel.edu.br\/obeducpacto\/files\/2016\/12\/BIC_LUIZA_2015.pdf\">2015<\/a><\/p>\n<p>Ra\u00edssa Cardoso Amaral <a href=\"https:\/\/wp.ufpel.edu.br\/obeducpacto\/files\/2016\/12\/BICRaissaAmaral2013-1.pdf\">2013<\/a>\u00a0|\u00a0<a href=\"https:\/\/wp.ufpel.edu.br\/obeducpacto\/files\/2016\/12\/BIC_RAISSA_2014.pdf\">2014<\/a><\/p>\n<p>Val\u00e9ria Bach Pereira\u00a0<a href=\"https:\/\/wp.ufpel.edu.br\/obeducpacto\/files\/2016\/12\/BICValeriaBach2013.pdf\">2013<\/a><\/p>\n<p>&nbsp;<\/p>\n<p><strong>Bolsistas de educa\u00e7\u00e3o b\u00e1sica<\/strong><\/p>\n<p>Aline Barbosa Batista <a href=\"https:\/\/wp.ufpel.edu.br\/obeducpacto\/files\/2016\/12\/BEB_ALINE_2015.pdf\">2015<\/a><\/p>\n<p>Arita Mendes Duarte <a href=\"https:\/\/wp.ufpel.edu.br\/obeducpacto\/files\/2016\/12\/BEB_ARITA_2014.pdf\">2014<\/a>\u00a0|\u00a0<a href=\"https:\/\/wp.ufpel.edu.br\/obeducpacto\/files\/2016\/12\/BEB_ARITA_2015.pdf\">2015<\/a><\/p>\n<p>Igor Daniel Martins Pereira <a href=\"https:\/\/wp.ufpel.edu.br\/obeducpacto\/files\/2016\/12\/BPOG_MESTRADO_BEB_IGOR_2015.pdf\">2015<\/a><\/p>\n<p>Juliana Mendes Oliveira Jardim\u00a0<a href=\"https:\/\/wp.ufpel.edu.br\/obeducpacto\/files\/2016\/12\/BEBJulianaOliveira2013.pdf\">2013<\/a>\u00a0|\u00a0<a href=\"https:\/\/wp.ufpel.edu.br\/obeducpacto\/files\/2016\/12\/BEB_JULIANA_2014.pdf\">2014<\/a>\u00a0|\u00a0<a href=\"https:\/\/wp.ufpel.edu.br\/obeducpacto\/files\/2016\/12\/BEB_JULIANA_2015.pdf\">2015<\/a><\/p>\n<p>Let\u00edcia Pacheco dos Reis Westphal <a href=\"https:\/\/wp.ufpel.edu.br\/obeducpacto\/files\/2016\/12\/BEBLeticiaReis2013.pdf\">2013<\/a>\u00a0|\u00a0<a href=\"https:\/\/wp.ufpel.edu.br\/obeducpacto\/files\/2016\/12\/BEB_LETICIA_2014.pdf\">2014<\/a>\u00a0|\u00a0<a href=\"https:\/\/wp.ufpel.edu.br\/obeducpacto\/files\/2016\/12\/BEB_LETICIA_2015.pdf\">2015<\/a><\/p>\n<p>Liliana Fraga dos Santos Madril\u00a0<a href=\"https:\/\/wp.ufpel.edu.br\/obeducpacto\/files\/2016\/12\/BEBLilianaSantos2013-1.pdf\">2013<\/a>\u00a0|\u00a0<a href=\"https:\/\/wp.ufpel.edu.br\/obeducpacto\/files\/2016\/12\/BEB_LILIANA_2014.pdf\">2014<\/a>\u00a0|\u00a0<a href=\"https:\/\/wp.ufpel.edu.br\/obeducpacto\/files\/2016\/12\/BEB_LILIANA_2015.pdf\">2015<\/a><\/p>\n<p>Patr\u00edcia Perleberg Gielow <a href=\"https:\/\/wp.ufpel.edu.br\/obeducpacto\/files\/2016\/12\/BEBPatriciaGielow2013.pdf\">2013<\/a><\/p>\n<p>S\u00edlvia Nilc\u00e9ia Gon\u00e7alves\u00a0<a href=\"https:\/\/wp.ufpel.edu.br\/obeducpacto\/files\/2016\/12\/0_Estudantes_matriculados_2016.2_LINHA_4_qualificacao_defesas.pdf\">2013<\/a>\u00a0|\u00a0<a href=\"https:\/\/wp.ufpel.edu.br\/obeducpacto\/files\/2016\/12\/BEBSILVIA_2014.pdf\">2014<\/a><\/p>\n<p>Val\u00e9ria Alessandra Coelho Islab\u00e3o <a href=\"https:\/\/wp.ufpel.edu.br\/obeducpacto\/files\/2016\/12\/BEBValeriaIslabao2013.pdf\">2013<\/a>\u00a0|\u00a0<a href=\"https:\/\/wp.ufpel.edu.br\/obeducpacto\/files\/2016\/12\/BEB_VALERIA_2014.pdf\">2014<\/a>\u00a0|\u00a0<a href=\"https:\/\/wp.ufpel.edu.br\/obeducpacto\/files\/2016\/12\/BEB_VALERIA_2015.pdf\">2015<\/a><\/p>\n<p>&nbsp;<\/p>\n<p><strong>Bolsistas de p\u00f3s-gradua\u00e7\u00e3o<\/strong><\/p>\n<p><strong>Mestrado<\/strong><\/p>\n<p>Glediane Saldanha Goetzke da Rosa <a href=\"https:\/\/wp.ufpel.edu.br\/obeducpacto\/files\/2016\/12\/BPGGlediane2013.pdf\">2013<\/a>\u00a0|\u00a0<a href=\"https:\/\/wp.ufpel.edu.br\/obeducpacto\/files\/2016\/12\/BPG_GLEDIANE_2014.pdf\">2014<\/a>\u00a0|\u00a0<a href=\"https:\/\/wp.ufpel.edu.br\/obeducpacto\/files\/2016\/12\/BPOG_MESTRADO_GLEDIANE_2015.pdf\">2015<\/a><\/p>\n<p>Igor Daniel Martins Pereira <a href=\"https:\/\/wp.ufpel.edu.br\/obeducpacto\/files\/2016\/12\/BPGIgorMartins2013.pdf\">2013<\/a>\u00a0|\u00a0<a href=\"https:\/\/wp.ufpel.edu.br\/obeducpacto\/files\/2016\/12\/BPG_IGOR_2014.pdf\">2014<\/a>\u00a0|\u00a0<a href=\"https:\/\/wp.ufpel.edu.br\/obeducpacto\/files\/2016\/12\/BPOG_MESTRADO_BEB_IGOR_2015.pdf\">2015<\/a><\/p>\n<p>Nat\u00e1lia Devantier de Oliveira <a href=\"https:\/\/wp.ufpel.edu.br\/obeducpacto\/files\/2016\/12\/BPG_NATALIA_2014.pdf\">2014<\/a> | <a href=\"https:\/\/wp.ufpel.edu.br\/obeducpacto\/files\/2016\/12\/BPOG_MESTRADO_NATALIA_2015.pdf\">2015<\/a><\/p>\n<p>Rosiani Teresinha Soares Machado <a href=\"https:\/\/wp.ufpel.edu.br\/obeducpacto\/files\/2016\/12\/BPGRosiani2013-1.pdf\">2013<\/a>\u00a0|\u00a0<a href=\"https:\/\/wp.ufpel.edu.br\/obeducpacto\/files\/2016\/12\/BPG_ROSIANI_2014.pdf\">2014<\/a><\/p>\n<p>S\u00edlvia Nilc\u00e9ia Gon\u00e7alves <a href=\"https:\/\/wp.ufpel.edu.br\/obeducpacto\/files\/2016\/12\/BPOG_MESTRADO_SILVIA_2015.pdf\">2015<\/a><\/p>\n<p>&nbsp;<\/p>\n<p><strong>Doutorado<\/strong><\/p>\n<p>Carmen Regina Gon\u00e7alves Ferreira <a href=\"https:\/\/wp.ufpel.edu.br\/obeducpacto\/files\/2016\/12\/BPGCarmenFerreira2013.pdf\">2013<\/a>\u00a0|\u00a0<a href=\"https:\/\/wp.ufpel.edu.br\/obeducpacto\/files\/2016\/12\/BPG_CARMEN_2014.pdf\">2014<\/a>\u00a0|\u00a0<a href=\"https:\/\/wp.ufpel.edu.br\/obeducpacto\/files\/2016\/12\/BPOG_DOUTORADO_CARMEN_2015.pdf\">2015<\/a><\/p>\n","protected":false},"excerpt":{"rendered":"<p>Ao fim de cada ano, os bolsistas de inicia\u00e7\u00e3o cient\u00edfica, educa\u00e7\u00e3o b\u00e1sica e p\u00f3s-gradua\u00e7\u00e3o elaboram relat\u00f3rios referentes ao ano de trabalho. Aqui est\u00e3o disponibilizados para download em pdf. &nbsp; Bolsistas de inicia\u00e7\u00e3o cient\u00edfica Aline Teixeira de Oliveira 2013\u00a0| 2014\u00a0|\u00a02015 Carolina Rocke da Costa\u00a02015 Ellem Rudijane Moraes de Borba 2013\u00a0|\u00a02014 Gabriela Schander Braga 2015 Guilherme Guiraldelli [&hellip;]<\/p>\n","protected":false},"author":329,"featured_media":0,"parent":0,"menu_order":0,"comment_status":"closed","ping_status":"closed","template":"","meta":{"footnotes":""},"class_list":["post-796","page","type-page","status-publish","hentry"],"yoast_head":"<!-- This site is optimized with the Yoast SEO plugin v26.7 - https:\/\/yoast.com\/wordpress\/plugins\/seo\/ -->\n<title>Relat\u00f3rios dos bolsistas Obeduc-Pacto - OBEDUC - Pacto<\/title>\n<meta name=\"robots\" content=\"index, follow, max-snippet:-1, max-image-preview:large, max-video-preview:-1\" \/>\n<link rel=\"canonical\" href=\"https:\/\/wp.ufpel.edu.br\/obeducpacto\/relatorios-dos-bolsistas-obeduc-pacto\/\" \/>\n<meta property=\"og:locale\" content=\"pt_BR\" \/>\n<meta property=\"og:type\" content=\"article\" \/>\n<meta property=\"og:title\" content=\"Relat\u00f3rios dos bolsistas Obeduc-Pacto - OBEDUC - Pacto\" \/>\n<meta property=\"og:description\" content=\"Ao fim de cada ano, os bolsistas de inicia\u00e7\u00e3o cient\u00edfica, educa\u00e7\u00e3o b\u00e1sica e p\u00f3s-gradua\u00e7\u00e3o elaboram relat\u00f3rios referentes ao ano de trabalho. Aqui est\u00e3o disponibilizados para download em pdf. &nbsp; Bolsistas de inicia\u00e7\u00e3o cient\u00edfica Aline Teixeira de Oliveira 2013\u00a0| 2014\u00a0|\u00a02015 Carolina Rocke da Costa\u00a02015 Ellem Rudijane Moraes de Borba 2013\u00a0|\u00a02014 Gabriela Schander Braga 2015 Guilherme Guiraldelli [&hellip;]\" \/>\n<meta property=\"og:url\" content=\"https:\/\/wp.ufpel.edu.br\/obeducpacto\/relatorios-dos-bolsistas-obeduc-pacto\/\" \/>\n<meta property=\"og:site_name\" content=\"OBEDUC - Pacto\" \/>\n<meta name=\"twitter:card\" content=\"summary_large_image\" \/>\n<meta name=\"twitter:label1\" content=\"Est. tempo de leitura\" \/>\n\t<meta name=\"twitter:data1\" content=\"1 minuto\" \/>\n<script type=\"application\/ld+json\" class=\"yoast-schema-graph\">{\"@context\":\"https:\/\/schema.org\",\"@graph\":[{\"@type\":\"WebPage\",\"@id\":\"https:\/\/wp.ufpel.edu.br\/obeducpacto\/relatorios-dos-bolsistas-obeduc-pacto\/\",\"url\":\"https:\/\/wp.ufpel.edu.br\/obeducpacto\/relatorios-dos-bolsistas-obeduc-pacto\/\",\"name\":\"Relat\u00f3rios dos bolsistas Obeduc-Pacto - OBEDUC - Pacto\",\"isPartOf\":{\"@id\":\"https:\/\/wp.ufpel.edu.br\/obeducpacto\/#website\"},\"datePublished\":\"2016-12-16T18:47:06+00:00\",\"breadcrumb\":{\"@id\":\"https:\/\/wp.ufpel.edu.br\/obeducpacto\/relatorios-dos-bolsistas-obeduc-pacto\/#breadcrumb\"},\"inLanguage\":\"pt-BR\",\"potentialAction\":[{\"@type\":\"ReadAction\",\"target\":[\"https:\/\/wp.ufpel.edu.br\/obeducpacto\/relatorios-dos-bolsistas-obeduc-pacto\/\"]}]},{\"@type\":\"BreadcrumbList\",\"@id\":\"https:\/\/wp.ufpel.edu.br\/obeducpacto\/relatorios-dos-bolsistas-obeduc-pacto\/#breadcrumb\",\"itemListElement\":[{\"@type\":\"ListItem\",\"position\":1,\"name\":\"In\u00edcio\",\"item\":\"https:\/\/wp.ufpel.edu.br\/obeducpacto\/\"},{\"@type\":\"ListItem\",\"position\":2,\"name\":\"Relat\u00f3rios dos bolsistas Obeduc-Pacto\"}]},{\"@type\":\"WebSite\",\"@id\":\"https:\/\/wp.ufpel.edu.br\/obeducpacto\/#website\",\"url\":\"https:\/\/wp.ufpel.edu.br\/obeducpacto\/\",\"name\":\"OBEDUC - Pacto\",\"description\":\"Universidade Federal de Pelotas\",\"publisher\":{\"@id\":\"https:\/\/wp.ufpel.edu.br\/obeducpacto\/#organization\"},\"potentialAction\":[{\"@type\":\"SearchAction\",\"target\":{\"@type\":\"EntryPoint\",\"urlTemplate\":\"https:\/\/wp.ufpel.edu.br\/obeducpacto\/?s={search_term_string}\"},\"query-input\":{\"@type\":\"PropertyValueSpecification\",\"valueRequired\":true,\"valueName\":\"search_term_string\"}}],\"inLanguage\":\"pt-BR\"},{\"@type\":\"Organization\",\"@id\":\"https:\/\/wp.ufpel.edu.br\/obeducpacto\/#organization\",\"name\":\"OBEDUC - Pacto\",\"url\":\"https:\/\/wp.ufpel.edu.br\/obeducpacto\/\",\"logo\":{\"@type\":\"ImageObject\",\"inLanguage\":\"pt-BR\",\"@id\":\"https:\/\/wp.ufpel.edu.br\/obeducpacto\/#\/schema\/logo\/image\/\",\"url\":\"https:\/\/wp.ufpel.edu.br\/obeducpacto\/files\/2025\/08\/OBEDUC-Pacto-Marca-G-TRANPARENTE.png\",\"contentUrl\":\"https:\/\/wp.ufpel.edu.br\/obeducpacto\/files\/2025\/08\/OBEDUC-Pacto-Marca-G-TRANPARENTE.png\",\"width\":1000,\"height\":906,\"caption\":\"OBEDUC - Pacto\"},\"image\":{\"@id\":\"https:\/\/wp.ufpel.edu.br\/obeducpacto\/#\/schema\/logo\/image\/\"}}]}<\/script>\n<!-- \/ Yoast SEO plugin. -->","yoast_head_json":{"title":"Relat\u00f3rios dos bolsistas Obeduc-Pacto - OBEDUC - Pacto","robots":{"index":"index","follow":"follow","max-snippet":"max-snippet:-1","max-image-preview":"max-image-preview:large","max-video-preview":"max-video-preview:-1"},"canonical":"https:\/\/wp.ufpel.edu.br\/obeducpacto\/relatorios-dos-bolsistas-obeduc-pacto\/","og_locale":"pt_BR","og_type":"article","og_title":"Relat\u00f3rios dos bolsistas Obeduc-Pacto - OBEDUC - Pacto","og_description":"Ao fim de cada ano, os bolsistas de inicia\u00e7\u00e3o cient\u00edfica, educa\u00e7\u00e3o b\u00e1sica e p\u00f3s-gradua\u00e7\u00e3o elaboram relat\u00f3rios referentes ao ano de trabalho. Aqui est\u00e3o disponibilizados para download em pdf. &nbsp; Bolsistas de inicia\u00e7\u00e3o cient\u00edfica Aline Teixeira de Oliveira 2013\u00a0| 2014\u00a0|\u00a02015 Carolina Rocke da Costa\u00a02015 Ellem Rudijane Moraes de Borba 2013\u00a0|\u00a02014 Gabriela Schander Braga 2015 Guilherme Guiraldelli [&hellip;]","og_url":"https:\/\/wp.ufpel.edu.br\/obeducpacto\/relatorios-dos-bolsistas-obeduc-pacto\/","og_site_name":"OBEDUC - Pacto","twitter_card":"summary_large_image","twitter_misc":{"Est. tempo de leitura":"1 minuto"},"schema":{"@context":"https:\/\/schema.org","@graph":[{"@type":"WebPage","@id":"https:\/\/wp.ufpel.edu.br\/obeducpacto\/relatorios-dos-bolsistas-obeduc-pacto\/","url":"https:\/\/wp.ufpel.edu.br\/obeducpacto\/relatorios-dos-bolsistas-obeduc-pacto\/","name":"Relat\u00f3rios dos bolsistas Obeduc-Pacto - OBEDUC - Pacto","isPartOf":{"@id":"https:\/\/wp.ufpel.edu.br\/obeducpacto\/#website"},"datePublished":"2016-12-16T18:47:06+00:00","breadcrumb":{"@id":"https:\/\/wp.ufpel.edu.br\/obeducpacto\/relatorios-dos-bolsistas-obeduc-pacto\/#breadcrumb"},"inLanguage":"pt-BR","potentialAction":[{"@type":"ReadAction","target":["https:\/\/wp.ufpel.edu.br\/obeducpacto\/relatorios-dos-bolsistas-obeduc-pacto\/"]}]},{"@type":"BreadcrumbList","@id":"https:\/\/wp.ufpel.edu.br\/obeducpacto\/relatorios-dos-bolsistas-obeduc-pacto\/#breadcrumb","itemListElement":[{"@type":"ListItem","position":1,"name":"In\u00edcio","item":"https:\/\/wp.ufpel.edu.br\/obeducpacto\/"},{"@type":"ListItem","position":2,"name":"Relat\u00f3rios dos bolsistas Obeduc-Pacto"}]},{"@type":"WebSite","@id":"https:\/\/wp.ufpel.edu.br\/obeducpacto\/#website","url":"https:\/\/wp.ufpel.edu.br\/obeducpacto\/","name":"OBEDUC - Pacto","description":"Universidade Federal de Pelotas","publisher":{"@id":"https:\/\/wp.ufpel.edu.br\/obeducpacto\/#organization"},"potentialAction":[{"@type":"SearchAction","target":{"@type":"EntryPoint","urlTemplate":"https:\/\/wp.ufpel.edu.br\/obeducpacto\/?s={search_term_string}"},"query-input":{"@type":"PropertyValueSpecification","valueRequired":true,"valueName":"search_term_string"}}],"inLanguage":"pt-BR"},{"@type":"Organization","@id":"https:\/\/wp.ufpel.edu.br\/obeducpacto\/#organization","name":"OBEDUC - Pacto","url":"https:\/\/wp.ufpel.edu.br\/obeducpacto\/","logo":{"@type":"ImageObject","inLanguage":"pt-BR","@id":"https:\/\/wp.ufpel.edu.br\/obeducpacto\/#\/schema\/logo\/image\/","url":"https:\/\/wp.ufpel.edu.br\/obeducpacto\/files\/2025\/08\/OBEDUC-Pacto-Marca-G-TRANPARENTE.png","contentUrl":"https:\/\/wp.ufpel.edu.br\/obeducpacto\/files\/2025\/08\/OBEDUC-Pacto-Marca-G-TRANPARENTE.png","width":1000,"height":906,"caption":"OBEDUC - Pacto"},"image":{"@id":"https:\/\/wp.ufpel.edu.br\/obeducpacto\/#\/schema\/logo\/image\/"}}]}},"_links":{"self":[{"href":"https:\/\/wp.ufpel.edu.br\/obeducpacto\/wp-json\/wp\/v2\/pages\/796","targetHints":{"allow":["GET"]}}],"collection":[{"href":"https:\/\/wp.ufpel.edu.br\/obeducpacto\/wp-json\/wp\/v2\/pages"}],"about":[{"href":"https:\/\/wp.ufpel.edu.br\/obeducpacto\/wp-json\/wp\/v2\/types\/page"}],"author":[{"embeddable":true,"href":"https:\/\/wp.ufpel.edu.br\/obeducpacto\/wp-json\/wp\/v2\/users\/329"}],"replies":[{"embeddable":true,"href":"https:\/\/wp.ufpel.edu.br\/obeducpacto\/wp-json\/wp\/v2\/comments?post=796"}],"version-history":[{"count":1,"href":"https:\/\/wp.ufpel.edu.br\/obeducpacto\/wp-json\/wp\/v2\/pages\/796\/revisions"}],"predecessor-version":[{"id":848,"href":"https:\/\/wp.ufpel.edu.br\/obeducpacto\/wp-json\/wp\/v2\/pages\/796\/revisions\/848"}],"wp:attachment":[{"href":"https:\/\/wp.ufpel.edu.br\/obeducpacto\/wp-json\/wp\/v2\/media?parent=796"}],"curies":[{"name":"wp","href":"https:\/\/api.w.org\/{rel}","templated":true}]}}