{"id":67,"date":"2013-11-24T00:49:06","date_gmt":"2013-11-24T00:49:06","guid":{"rendered":"http:\/\/edydjunges.com\/obeduc\/?page_id=67"},"modified":"2015-11-30T10:36:19","modified_gmt":"2015-11-30T12:36:19","slug":"planejamento-acao","status":"publish","type":"page","link":"https:\/\/wp.ufpel.edu.br\/obeducpacto\/obeduc-pacto-antiga\/planejamento-acao\/","title":{"rendered":"Atividades Desenvolvidas"},"content":{"rendered":"<p>&nbsp;<\/p>\n<p><strong>2015<\/strong><\/p>\n<ul>\n<li style=\"text-align: justify\"><strong>Encontros quinzenais: Atividades de estudo, planejamento e organiza\u00e7\u00e3o das atividades de pesquisa e forma\u00e7\u00e3o.<\/strong><\/li>\n<li style=\"text-align: justify\"><strong>Orienta\u00e7\u00e3o das pesquisas e projetos em desenvolvimento pelos bolsistas de Educa\u00e7\u00e3o B\u00e1sica nas escolas parceiras.<\/strong><\/li>\n<li style=\"text-align: justify\"><strong>Orienta\u00e7\u00e3o das pesquisas de doutorado, mestrado e inicia\u00e7\u00e3o cient\u00edfica desenvolvidas pelos bolsistas de p\u00f3s-gradua\u00e7\u00e3o e gradua\u00e7\u00e3o.<\/strong><\/li>\n<li style=\"text-align: justify\"><strong>Curso de Extens\u00e3o Letramento Liter\u00e1rio para bolsistas de inicia\u00e7\u00e3o cient\u00edfica e educa\u00e7\u00e3o b\u00e1sica, mestrandos e doutorandos do projeto com assessoria do Prof. Dr. Edgar Kirchof (ULBRA).<\/strong><\/li>\n<li style=\"text-align: justify\"><strong>Atividades e encontros de forma\u00e7\u00e3o continuada das alfabetizadoras das escolas parceiras e comunidade desenvolvidas pelos bolsistas de educa\u00e7\u00e3o b\u00e1sica e p\u00f3s-gradua\u00e7\u00e3o.<\/strong><\/li>\n<li style=\"text-align: justify\"><strong>Composi\u00e7\u00e3o e organiza\u00e7\u00e3o do Banco de Textos dos Orientadores de Estudo (BTOE) e do Banco de Textos de Aquisi\u00e7\u00e3o da Linguagem Escrita (BATALE).<\/strong><\/li>\n<li style=\"text-align: justify\"><strong>Devolutiva das coletas de textos escritos pelas crian\u00e7as do ciclo de alfabetiza\u00e7\u00e3o, realizadas em 2014, para professoras da E.M.E.F Fernando Os\u00f3rio.<\/strong><\/li>\n<li style=\"text-align: justify\"><strong>Coletas de produ\u00e7\u00e3o de textos escritos pelas crian\u00e7as do ciclo de alfabetiza\u00e7\u00e3o, matriculadas nas escolas parceiras, em Pelotas e Porto Alegre.<\/strong><\/li>\n<\/ul>\n<p><strong>\u00a0<\/strong>No ano de 2015, foram realizadas as seguintes coletas de produ\u00e7\u00e3o de texto:<\/p>\n<p>9 a 10\/11: E.M.E.F Fernando Os\u00f3rio \u2013 Pelotas\/RS<\/p>\n<p>16 a 17\/11: Col\u00e9gio Municipal Pelotense \u2013 Pelotas\/RS<\/p>\n<p>19 a 20\/11: E.M.E.F Olavo Bilac \u2013 Pelotas\/RS<\/p>\n<p>23 a 24\/11: E.M.E.F Governador Ildo Meneghetti \u2013 Porto Alegre\/RS e E.M.E.F Pepita Le\u00e3o \u2013 Porto Alegre\/RS<\/p>\n<p>&nbsp;<\/p>\n<p><strong>2014<\/strong><\/p>\n<ul>\n<li style=\"text-align: justify\"><strong>Encontros quinzenais: Atividades de estudo e organiza\u00e7\u00e3o das atividades; Orienta\u00e7\u00e3o das pesquisas e projetos em desenvolvimento.<\/strong><\/li>\n<li style=\"text-align: justify\"><strong>A\u00e7\u00f5es realizadas junto \u00e0s escolas parceiras, em Pelotas e Porto Alegre, est\u00e3o articuladas com as pesquisas conduzidas pelos pesquisadores, bolsistas de p\u00f3s-gradua\u00e7\u00e3o e\/ou bolsistas de educa\u00e7\u00e3o b\u00e1sica, articulando tem\u00e1ticas das pesquisas e demandas das escolas.<\/strong><\/li>\n<li style=\"text-align: justify\"><strong>Coletas de produ\u00e7\u00e3o de textos escritos pelas crian\u00e7as do ciclo de alfabetiza\u00e7\u00e3o s\u00e3o conduzidas nas escolas parceiras, em Pelotas e Porto Alegre.<\/strong><\/li>\n<\/ul>\n<p>No ano de 2014 foram realizadas as seguintes coletas:<\/p>\n<p>&#8211; de 20 a 22\/10: E.M.E.F. Governador Ildo Meneghetti \u2013 Porto Alegre\/RS;<\/p>\n<p>&#8211; de 27 a 31\/10; de 03 a 07\/11: Col\u00e9gio Municipal Pelotense \u2013 Pelotas\/RS;<\/p>\n<p>&#8211; de 10 a 13\/11: E.M.E.F. Pepita de Le\u00e3o \u2013 Porto Alegre\/RS.<\/p>\n<p>Nestas coletas participaram bolsistas de gradua\u00e7\u00e3o OBEDUC-Pacto, pesquisadoras volunt\u00e1rias e graduandas do curso de Pedagogia e Letras da UFPel.<\/p>\n<p>&nbsp;<\/p>\n<ul>\n<li style=\"text-align: justify\"><strong>Coletas de materiais decorrentes da forma\u00e7\u00e3o realizada pela Equipe PNAIC-UFPel.<\/strong><\/li>\n<li style=\"text-align: justify\"><strong>Produ\u00e7\u00e3o de material did\u00e1tico-pedag\u00f3gico.<\/strong><\/li>\n<li style=\"text-align: justify\"><strong>Atividades e encontros de forma\u00e7\u00e3o continuada das alfabetizadoras das escolas parceiras e comunidade.<\/strong><\/li>\n<li style=\"text-align: justify\"><strong>Forma\u00e7\u00e3o de professoras alfabetizadoras: ampliando o olhar<\/strong><\/li>\n<\/ul>\n<p style=\"text-align: justify\">Este curso visa \u00e0 forma\u00e7\u00e3o continuada de professoras alfabetizadoras das escolas com baixo \u00cdndice de Desenvolvimento da Educa\u00e7\u00e3o B\u00e1sica (IDEB), que aderiram ao Pacto Nacional pela Educa\u00e7\u00e3o na Idade Certa (PNAIC), localizadas nos tr\u00eas polos de abrang\u00eancia da Universidade Federal de Pelotas (UFPel), de professoras bolsistas de educa\u00e7\u00e3o b\u00e1sica, vinculadas ao Observat\u00f3rio da Educa\u00e7\u00e3o-Pacto\u00a0e de professoras regentes das escolas em que acad\u00eamicas do curso de Pedagogia realizam o est\u00e1gio curricular em anos iniciais. Al\u00e9m disso, tem a inten\u00e7\u00e3o de instrumentalizar as alunas participantes do Programa Institucional de Bolsas de Inicia\u00e7\u00e3o a Doc\u00eancia (PIBID) da UFPel e as professoras das turmas em que essas bolsistas atuam.<\/p>\n<p style=\"text-align: justify\">A forma\u00e7\u00e3o tem seu conte\u00fado definido a partir de tem\u00e1ticas oriundas das \u00e1reas da Linguagem e da Organiza\u00e7\u00e3o do Trabalho Pedag\u00f3gico, tomando como refer\u00eancia b\u00e1sica os artigos e obras indicados na se\u00e7\u00e3o \u201caprendendo mais\u201d dos cadernos de forma\u00e7\u00e3o do Pacto. Para tanto, s\u00e3o aprofundados debates, teorias, conceitos e estrat\u00e9gias, relacionando a teoria \u00e0 pr\u00e1tica da alfabetiza\u00e7\u00e3o, vinculada ao ensino do Sistema de Escrita Alfab\u00e9tica (SEA), ao desenvolvimento das capacidades de leitura e de produ\u00e7\u00e3o de textos, aos conhecimentos oriundos das diferentes \u00e1reas que comp\u00f5em o curr\u00edculo escolar e \u00e0 ludicidade.<\/p>\n<p style=\"text-align: justify\">\n","protected":false},"excerpt":{"rendered":"<p>&nbsp; 2015 Encontros quinzenais: Atividades de estudo, planejamento e organiza\u00e7\u00e3o das atividades de pesquisa e forma\u00e7\u00e3o. Orienta\u00e7\u00e3o das pesquisas e projetos em desenvolvimento pelos bolsistas de Educa\u00e7\u00e3o B\u00e1sica nas escolas parceiras. Orienta\u00e7\u00e3o das pesquisas de doutorado, mestrado e inicia\u00e7\u00e3o cient\u00edfica desenvolvidas pelos bolsistas de p\u00f3s-gradua\u00e7\u00e3o e gradua\u00e7\u00e3o. Curso de Extens\u00e3o Letramento Liter\u00e1rio para bolsistas de [&hellip;]<\/p>\n","protected":false},"author":329,"featured_media":0,"parent":37,"menu_order":0,"comment_status":"closed","ping_status":"closed","template":"","meta":{"footnotes":""},"class_list":["post-67","page","type-page","status-publish","hentry"],"yoast_head":"<!-- This site is optimized with the Yoast SEO plugin v26.7 - https:\/\/yoast.com\/wordpress\/plugins\/seo\/ -->\n<title>Atividades Desenvolvidas - OBEDUC - Pacto<\/title>\n<meta name=\"robots\" content=\"index, follow, max-snippet:-1, max-image-preview:large, max-video-preview:-1\" \/>\n<link rel=\"canonical\" href=\"https:\/\/wp.ufpel.edu.br\/obeducpacto\/obeduc-pacto-antiga\/planejamento-acao\/\" \/>\n<meta property=\"og:locale\" content=\"pt_BR\" \/>\n<meta property=\"og:type\" content=\"article\" \/>\n<meta property=\"og:title\" content=\"Atividades Desenvolvidas - OBEDUC - Pacto\" \/>\n<meta property=\"og:description\" content=\"&nbsp; 2015 Encontros quinzenais: Atividades de estudo, planejamento e organiza\u00e7\u00e3o das atividades de pesquisa e forma\u00e7\u00e3o. Orienta\u00e7\u00e3o das pesquisas e projetos em desenvolvimento pelos bolsistas de Educa\u00e7\u00e3o B\u00e1sica nas escolas parceiras. Orienta\u00e7\u00e3o das pesquisas de doutorado, mestrado e inicia\u00e7\u00e3o cient\u00edfica desenvolvidas pelos bolsistas de p\u00f3s-gradua\u00e7\u00e3o e gradua\u00e7\u00e3o. Curso de Extens\u00e3o Letramento Liter\u00e1rio para bolsistas de [&hellip;]\" \/>\n<meta property=\"og:url\" content=\"https:\/\/wp.ufpel.edu.br\/obeducpacto\/obeduc-pacto-antiga\/planejamento-acao\/\" \/>\n<meta property=\"og:site_name\" content=\"OBEDUC - Pacto\" \/>\n<meta property=\"article:modified_time\" content=\"2015-11-30T12:36:19+00:00\" \/>\n<meta name=\"twitter:card\" content=\"summary_large_image\" \/>\n<meta name=\"twitter:label1\" content=\"Est. tempo de leitura\" \/>\n\t<meta name=\"twitter:data1\" content=\"3 minutos\" \/>\n<script type=\"application\/ld+json\" class=\"yoast-schema-graph\">{\"@context\":\"https:\/\/schema.org\",\"@graph\":[{\"@type\":\"WebPage\",\"@id\":\"https:\/\/wp.ufpel.edu.br\/obeducpacto\/obeduc-pacto-antiga\/planejamento-acao\/\",\"url\":\"https:\/\/wp.ufpel.edu.br\/obeducpacto\/obeduc-pacto-antiga\/planejamento-acao\/\",\"name\":\"Atividades Desenvolvidas - OBEDUC - Pacto\",\"isPartOf\":{\"@id\":\"https:\/\/wp.ufpel.edu.br\/obeducpacto\/#website\"},\"datePublished\":\"2013-11-24T00:49:06+00:00\",\"dateModified\":\"2015-11-30T12:36:19+00:00\",\"breadcrumb\":{\"@id\":\"https:\/\/wp.ufpel.edu.br\/obeducpacto\/obeduc-pacto-antiga\/planejamento-acao\/#breadcrumb\"},\"inLanguage\":\"pt-BR\",\"potentialAction\":[{\"@type\":\"ReadAction\",\"target\":[\"https:\/\/wp.ufpel.edu.br\/obeducpacto\/obeduc-pacto-antiga\/planejamento-acao\/\"]}]},{\"@type\":\"BreadcrumbList\",\"@id\":\"https:\/\/wp.ufpel.edu.br\/obeducpacto\/obeduc-pacto-antiga\/planejamento-acao\/#breadcrumb\",\"itemListElement\":[{\"@type\":\"ListItem\",\"position\":1,\"name\":\"In\u00edcio\",\"item\":\"https:\/\/wp.ufpel.edu.br\/obeducpacto\/\"},{\"@type\":\"ListItem\",\"position\":2,\"name\":\"OBEDUC Pacto (antiga)\",\"item\":\"https:\/\/wp.ufpel.edu.br\/obeducpacto\/obeduc-pacto-antiga\/\"},{\"@type\":\"ListItem\",\"position\":3,\"name\":\"Atividades Desenvolvidas\"}]},{\"@type\":\"WebSite\",\"@id\":\"https:\/\/wp.ufpel.edu.br\/obeducpacto\/#website\",\"url\":\"https:\/\/wp.ufpel.edu.br\/obeducpacto\/\",\"name\":\"OBEDUC - Pacto\",\"description\":\"Universidade Federal de Pelotas\",\"publisher\":{\"@id\":\"https:\/\/wp.ufpel.edu.br\/obeducpacto\/#organization\"},\"potentialAction\":[{\"@type\":\"SearchAction\",\"target\":{\"@type\":\"EntryPoint\",\"urlTemplate\":\"https:\/\/wp.ufpel.edu.br\/obeducpacto\/?s={search_term_string}\"},\"query-input\":{\"@type\":\"PropertyValueSpecification\",\"valueRequired\":true,\"valueName\":\"search_term_string\"}}],\"inLanguage\":\"pt-BR\"},{\"@type\":\"Organization\",\"@id\":\"https:\/\/wp.ufpel.edu.br\/obeducpacto\/#organization\",\"name\":\"OBEDUC - Pacto\",\"url\":\"https:\/\/wp.ufpel.edu.br\/obeducpacto\/\",\"logo\":{\"@type\":\"ImageObject\",\"inLanguage\":\"pt-BR\",\"@id\":\"https:\/\/wp.ufpel.edu.br\/obeducpacto\/#\/schema\/logo\/image\/\",\"url\":\"https:\/\/wp.ufpel.edu.br\/obeducpacto\/files\/2025\/08\/OBEDUC-Pacto-Marca-G-TRANPARENTE.png\",\"contentUrl\":\"https:\/\/wp.ufpel.edu.br\/obeducpacto\/files\/2025\/08\/OBEDUC-Pacto-Marca-G-TRANPARENTE.png\",\"width\":1000,\"height\":906,\"caption\":\"OBEDUC - Pacto\"},\"image\":{\"@id\":\"https:\/\/wp.ufpel.edu.br\/obeducpacto\/#\/schema\/logo\/image\/\"}}]}<\/script>\n<!-- \/ Yoast SEO plugin. -->","yoast_head_json":{"title":"Atividades Desenvolvidas - OBEDUC - Pacto","robots":{"index":"index","follow":"follow","max-snippet":"max-snippet:-1","max-image-preview":"max-image-preview:large","max-video-preview":"max-video-preview:-1"},"canonical":"https:\/\/wp.ufpel.edu.br\/obeducpacto\/obeduc-pacto-antiga\/planejamento-acao\/","og_locale":"pt_BR","og_type":"article","og_title":"Atividades Desenvolvidas - OBEDUC - Pacto","og_description":"&nbsp; 2015 Encontros quinzenais: Atividades de estudo, planejamento e organiza\u00e7\u00e3o das atividades de pesquisa e forma\u00e7\u00e3o. Orienta\u00e7\u00e3o das pesquisas e projetos em desenvolvimento pelos bolsistas de Educa\u00e7\u00e3o B\u00e1sica nas escolas parceiras. Orienta\u00e7\u00e3o das pesquisas de doutorado, mestrado e inicia\u00e7\u00e3o cient\u00edfica desenvolvidas pelos bolsistas de p\u00f3s-gradua\u00e7\u00e3o e gradua\u00e7\u00e3o. Curso de Extens\u00e3o Letramento Liter\u00e1rio para bolsistas de [&hellip;]","og_url":"https:\/\/wp.ufpel.edu.br\/obeducpacto\/obeduc-pacto-antiga\/planejamento-acao\/","og_site_name":"OBEDUC - Pacto","article_modified_time":"2015-11-30T12:36:19+00:00","twitter_card":"summary_large_image","twitter_misc":{"Est. tempo de leitura":"3 minutos"},"schema":{"@context":"https:\/\/schema.org","@graph":[{"@type":"WebPage","@id":"https:\/\/wp.ufpel.edu.br\/obeducpacto\/obeduc-pacto-antiga\/planejamento-acao\/","url":"https:\/\/wp.ufpel.edu.br\/obeducpacto\/obeduc-pacto-antiga\/planejamento-acao\/","name":"Atividades Desenvolvidas - OBEDUC - Pacto","isPartOf":{"@id":"https:\/\/wp.ufpel.edu.br\/obeducpacto\/#website"},"datePublished":"2013-11-24T00:49:06+00:00","dateModified":"2015-11-30T12:36:19+00:00","breadcrumb":{"@id":"https:\/\/wp.ufpel.edu.br\/obeducpacto\/obeduc-pacto-antiga\/planejamento-acao\/#breadcrumb"},"inLanguage":"pt-BR","potentialAction":[{"@type":"ReadAction","target":["https:\/\/wp.ufpel.edu.br\/obeducpacto\/obeduc-pacto-antiga\/planejamento-acao\/"]}]},{"@type":"BreadcrumbList","@id":"https:\/\/wp.ufpel.edu.br\/obeducpacto\/obeduc-pacto-antiga\/planejamento-acao\/#breadcrumb","itemListElement":[{"@type":"ListItem","position":1,"name":"In\u00edcio","item":"https:\/\/wp.ufpel.edu.br\/obeducpacto\/"},{"@type":"ListItem","position":2,"name":"OBEDUC Pacto (antiga)","item":"https:\/\/wp.ufpel.edu.br\/obeducpacto\/obeduc-pacto-antiga\/"},{"@type":"ListItem","position":3,"name":"Atividades Desenvolvidas"}]},{"@type":"WebSite","@id":"https:\/\/wp.ufpel.edu.br\/obeducpacto\/#website","url":"https:\/\/wp.ufpel.edu.br\/obeducpacto\/","name":"OBEDUC - Pacto","description":"Universidade Federal de Pelotas","publisher":{"@id":"https:\/\/wp.ufpel.edu.br\/obeducpacto\/#organization"},"potentialAction":[{"@type":"SearchAction","target":{"@type":"EntryPoint","urlTemplate":"https:\/\/wp.ufpel.edu.br\/obeducpacto\/?s={search_term_string}"},"query-input":{"@type":"PropertyValueSpecification","valueRequired":true,"valueName":"search_term_string"}}],"inLanguage":"pt-BR"},{"@type":"Organization","@id":"https:\/\/wp.ufpel.edu.br\/obeducpacto\/#organization","name":"OBEDUC - Pacto","url":"https:\/\/wp.ufpel.edu.br\/obeducpacto\/","logo":{"@type":"ImageObject","inLanguage":"pt-BR","@id":"https:\/\/wp.ufpel.edu.br\/obeducpacto\/#\/schema\/logo\/image\/","url":"https:\/\/wp.ufpel.edu.br\/obeducpacto\/files\/2025\/08\/OBEDUC-Pacto-Marca-G-TRANPARENTE.png","contentUrl":"https:\/\/wp.ufpel.edu.br\/obeducpacto\/files\/2025\/08\/OBEDUC-Pacto-Marca-G-TRANPARENTE.png","width":1000,"height":906,"caption":"OBEDUC - Pacto"},"image":{"@id":"https:\/\/wp.ufpel.edu.br\/obeducpacto\/#\/schema\/logo\/image\/"}}]}},"_links":{"self":[{"href":"https:\/\/wp.ufpel.edu.br\/obeducpacto\/wp-json\/wp\/v2\/pages\/67","targetHints":{"allow":["GET"]}}],"collection":[{"href":"https:\/\/wp.ufpel.edu.br\/obeducpacto\/wp-json\/wp\/v2\/pages"}],"about":[{"href":"https:\/\/wp.ufpel.edu.br\/obeducpacto\/wp-json\/wp\/v2\/types\/page"}],"author":[{"embeddable":true,"href":"https:\/\/wp.ufpel.edu.br\/obeducpacto\/wp-json\/wp\/v2\/users\/329"}],"replies":[{"embeddable":true,"href":"https:\/\/wp.ufpel.edu.br\/obeducpacto\/wp-json\/wp\/v2\/comments?post=67"}],"version-history":[{"count":11,"href":"https:\/\/wp.ufpel.edu.br\/obeducpacto\/wp-json\/wp\/v2\/pages\/67\/revisions"}],"predecessor-version":[{"id":543,"href":"https:\/\/wp.ufpel.edu.br\/obeducpacto\/wp-json\/wp\/v2\/pages\/67\/revisions\/543"}],"up":[{"embeddable":true,"href":"https:\/\/wp.ufpel.edu.br\/obeducpacto\/wp-json\/wp\/v2\/pages\/37"}],"wp:attachment":[{"href":"https:\/\/wp.ufpel.edu.br\/obeducpacto\/wp-json\/wp\/v2\/media?parent=67"}],"curies":[{"name":"wp","href":"https:\/\/api.w.org\/{rel}","templated":true}]}}