{"id":42,"date":"2025-02-05T17:11:03","date_gmt":"2025-02-05T20:11:03","guid":{"rendered":"https:\/\/curso-wp.ufpel.edu.br\/obeducteste\/?page_id=42"},"modified":"2025-08-28T00:08:08","modified_gmt":"2025-08-28T03:08:08","slug":"materiais-didaticos","status":"publish","type":"page","link":"https:\/\/wp.ufpel.edu.br\/obeducpacto\/materiais-didaticos\/","title":{"rendered":"Materiais Did\u00e1ticos"},"content":{"rendered":"<div id=\"pl-42\"  class=\"panel-layout\" ><div id=\"pg-42-0\"  class=\"panel-grid panel-no-style\" ><div id=\"pgc-42-0-0\"  class=\"panel-grid-cell\" ><div id=\"panel-42-0-0-0\" class=\"so-panel widget widget_sow-editor panel-first-child\" data-index=\"0\" ><div\n\t\t\t\n\t\t\tclass=\"so-widget-sow-editor so-widget-sow-editor-base\"\n\t\t\t\n\t\t>\n<div class=\"siteorigin-widget-tinymce textwidget\">\n\t<p><strong>Cadernos de Direitos de Aprendizagem<\/strong><br \/>\nA equipe PNAIC\/UFPel (Programa Pacto Nacional pela Alfabetiza\u00e7\u00e3o na Idade Certa),\u00a0juntamente com a equipe do projeto de pesquisa Obeduc-Pacto, organizou um livreto com os\u00a0Direitos e Objetivos de Aprendizagem no Ciclo de Alfabetiza\u00e7\u00e3o. Trata-se de um material que\u00a0sistematiza e re\u00fane\u00a0elementos decorrentes dos documentos oficiais produzidos pelo\u00a0Minist\u00e9rio da Educa\u00e7\u00e3o.<br \/>\nO material \u2013 compilado em formato de livreto -, segundo consta na apresenta\u00e7\u00e3o, demonstra \u201ca\u00a0inten\u00e7\u00e3o de subsidiar o trabalho do professor no que se refere \u00e0 organiza\u00e7\u00e3o das pr\u00e1ticas de\u00a0ensino no ciclo de alfabetiza\u00e7\u00e3o. Sua organiza\u00e7\u00e3o tomou como refer\u00eancia o texto dos\u00a0elementos conceituais e inseriu, em alguns t\u00f3picos, informa\u00e7\u00f5es sistematizadas nos cadernos\u00a0de forma\u00e7\u00e3o do PNAIC.\u201d Com isso, o livreto torna-se um instrumento para subsidiar reflex\u00f5es e\u00a0estudos no campo do planejamento desenvolvido ao longo da forma\u00e7\u00e3o das alfabetizadoras e\u00a0do ensino no ciclo de alfabetiza\u00e7\u00e3o.<\/p>\n<p>Confira o material dispon\u00edvel para download\u00a0<a href=\"https:\/\/wp.ufpel.edu.br\/obeducpacto\/files\/2016\/03\/DIGITAL_Direitos_de_Aprendizagem_no_Ciclo_de_Alfabetizacao.pdf\" rel=\"\">aqui<\/a><\/p>\n<\/div>\n<\/div><\/div><div id=\"panel-42-0-0-1\" class=\"so-panel widget widget_sow-accordion panel-last-child\" data-index=\"1\" ><div\n\t\t\t\n\t\t\tclass=\"so-widget-sow-accordion so-widget-sow-accordion-default-d9295f5bfa93-42\"\n\t\t\t\n\t\t><div>\n\t<div class=\"sow-accordion\">\n\t\t\t<div class=\"sow-accordion-panel\n\t\t\t\t\"\n\t\t\tdata-anchor-id=\"pnaic-2013-cadernos-da-linguagem\">\n\t\t\t\t<div class=\"sow-accordion-panel-header-container\" role=\"heading\" aria-level=\"2\">\n\t\t\t\t\t<div class=\"sow-accordion-panel-header\" tabindex=\"0\" role=\"button\" id=\"accordion-label-pnaic-2013-%e2%80%93-cadernos-da-linguagem\" aria-controls=\"accordion-content-pnaic-2013-%e2%80%93-cadernos-da-linguagem\" aria-expanded=\"false\">\n\t\t\t\t\t\t<div class=\"sow-accordion-title sow-accordion-title-icon-left\">\n\t\t\t\t\t\t\t\t\t\t\t\t\t\tPNAIC 2013 \u2013 Cadernos da Linguagem\t\t\t\t\t\t\t\t\t\t\t\t\t<\/div>\n\t\t\t\t\t\t<div class=\"sow-accordion-open-close-button\">\n\t\t\t\t\t\t\t<div class=\"sow-accordion-open-button\">\n\t\t\t\t\t\t\t\t<span class=\"sow-icon-ionicons\" data-sow-icon=\"&#xf218;\"\n\t\t \n\t\taria-hidden=\"true\"><\/span>\t\t\t\t\t\t\t<\/div>\n\t\t\t\t\t\t\t<div class=\"sow-accordion-close-button\">\n\t\t\t\t\t\t\t\t<span class=\"sow-icon-ionicons\" data-sow-icon=\"&#xf209;\"\n\t\t \n\t\taria-hidden=\"true\"><\/span>\t\t\t\t\t\t\t<\/div>\n\t\t\t\t\t\t<\/div>\n\t\t\t\t\t<\/div>\n\t\t\t\t<\/div>\n\n\t\t\t<div\n\t\t\t\tclass=\"sow-accordion-panel-content\"\n\t\t\t\trole=\"region\"\n\t\t\t\taria-labelledby=\"accordion-label-pnaic-2013-%e2%80%93-cadernos-da-linguagem\"\n\t\t\t\tid=\"accordion-content-pnaic-2013-%e2%80%93-cadernos-da-linguagem\"\n\t\t\t\tstyle=\"display: none;\"\t\t\t>\n\t\t\t\t<div class=\"sow-accordion-panel-border\">\n\t\t\t\t\t<p><a href=\"https:\/\/wp.ufpel.edu.br\/obeducpacto\/files\/2019\/08\/Caderno-de-Apresentacao.pdf\">Caderno de Apresenta\u00e7\u00e3o<\/a><br \/>\n<a href=\"https:\/\/wp.ufpel.edu.br\/obeducpacto\/files\/2019\/08\/Caderno-de-Avaliacao.pdf\">Caderno de Avalia\u00e7\u00e3o<\/a><br \/>\n<a href=\"https:\/\/wp.ufpel.edu.br\/obeducpacto\/files\/2019\/08\/Caderno-de-Eduacao-Especial.pdf\">Caderno de Edua\u00e7\u00e3o Especial<\/a><br \/>\n<a href=\"https:\/\/wp.ufpel.edu.br\/obeducpacto\/files\/2019\/08\/Caderno-de-Formacao.pdf\">Caderno de Forma\u00e7\u00e3o<\/a><\/p>\n<p>Cadernos de Educa\u00e7\u00e3o do Campo:<br \/>\n<a href=\"https:\/\/wp.ufpel.edu.br\/obeducpacto\/files\/2019\/08\/Unidade-1-3.pdf\">Unidade 1<\/a> |\u00a0<a href=\"https:\/\/wp.ufpel.edu.br\/obeducpacto\/files\/2019\/08\/Unidade-2-3.pdf\">Unidade 2<\/a> |\u00a0<a href=\"https:\/\/wp.ufpel.edu.br\/obeducpacto\/files\/2019\/08\/Unidade-3-3.pdf\">Unidade 3<\/a> |\u00a0<a href=\"https:\/\/wp.ufpel.edu.br\/obeducpacto\/files\/2019\/08\/Unidade-4-3.pdf\">Unidade 4<\/a> |\u00a0<a href=\"https:\/\/wp.ufpel.edu.br\/obeducpacto\/files\/2019\/08\/Unidade-5-3.pdf\">Unidade 5<\/a> |\u00a0<a style=\"font-family: var(--fonte-corpo)\" href=\"https:\/\/wp.ufpel.edu.br\/obeducpacto\/files\/2019\/08\/Unidade6.pdf\">Unidade6<\/a> |\u00a0<a href=\"https:\/\/wp.ufpel.edu.br\/obeducpacto\/files\/2019\/08\/uNIDADE-7.pdf\">Unidade 7<\/a> |\u00a0<a href=\"https:\/\/wp.ufpel.edu.br\/obeducpacto\/files\/2019\/08\/Unidade-8-3.pdf\">Unidade 8<\/a><\/p>\n<p>ANO 1:<br \/>\n<a href=\"https:\/\/wp.ufpel.edu.br\/obeducpacto\/files\/2019\/08\/Unidade-1.pdf\">Unidade 1<\/a> |\u00a0<a href=\"https:\/\/wp.ufpel.edu.br\/obeducpacto\/files\/2019\/08\/Unidade-2.pdf\">Unidade 2<\/a> |\u00a0<a href=\"https:\/\/wp.ufpel.edu.br\/obeducpacto\/files\/2019\/08\/Unidade-3.pdf\">Unidade 3<\/a> |\u00a0<a href=\"https:\/\/wp.ufpel.edu.br\/obeducpacto\/files\/2019\/08\/Unidade-4.pdf\">Unidade 4<\/a> |\u00a0<a href=\"https:\/\/wp.ufpel.edu.br\/obeducpacto\/files\/2019\/08\/Unidade-5.pdf\">Unidade 5<\/a> |\u00a0<a href=\"https:\/\/wp.ufpel.edu.br\/obeducpacto\/files\/2019\/08\/Unidade-6.pdf\">Unidade 6<\/a> |\u00a0<a href=\"https:\/\/wp.ufpel.edu.br\/obeducpacto\/files\/2019\/08\/Unidade-7.pdf\">Unidade 7<\/a> |\u00a0<a href=\"https:\/\/wp.ufpel.edu.br\/obeducpacto\/files\/2019\/08\/Unidade-8.pdf\">Unidade 8<\/a><\/p>\n<p>ANO 2:<br \/>\n<a href=\"https:\/\/wp.ufpel.edu.br\/obeducpacto\/files\/2019\/08\/Unidade-1-1.pdf\">Unidade 1<\/a> |\u00a0<a href=\"https:\/\/wp.ufpel.edu.br\/obeducpacto\/files\/2019\/08\/Unidade-2-1.pdf\">Unidade 2<\/a> |\u00a0<a href=\"https:\/\/wp.ufpel.edu.br\/obeducpacto\/files\/2019\/08\/Unidade-3-1.pdf\">Unidade 3<\/a> |\u00a0<a href=\"https:\/\/wp.ufpel.edu.br\/obeducpacto\/files\/2019\/08\/Unidade-4-1.pdf\">Unidade 4<\/a> |\u00a0<a href=\"https:\/\/wp.ufpel.edu.br\/obeducpacto\/files\/2019\/08\/Unidade-5-1.pdf\">Unidade 5<\/a> |\u00a0<a href=\"https:\/\/wp.ufpel.edu.br\/obeducpacto\/files\/2019\/08\/Unidade-6-1.pdf\">Unidade 6<\/a> |\u00a0<a href=\"https:\/\/wp.ufpel.edu.br\/obeducpacto\/files\/2019\/08\/Unidade-7-1.pdf\">Unidade 7<\/a> |\u00a0<a href=\"https:\/\/wp.ufpel.edu.br\/obeducpacto\/files\/2019\/08\/Unidade-8-1.pdf\">Unidade 8<\/a><\/p>\n<p>ANO 3:<br \/>\n<a href=\"https:\/\/wp.ufpel.edu.br\/obeducpacto\/files\/2019\/08\/Unidade-1-2.pdf\">Unidade 1<\/a> |\u00a0<a href=\"https:\/\/wp.ufpel.edu.br\/obeducpacto\/files\/2019\/08\/Unidade-2-2.pdf\">Unidade 2<\/a> |\u00a0<a href=\"https:\/\/wp.ufpel.edu.br\/obeducpacto\/files\/2019\/08\/Unidade-3-2.pdf\">Unidade 3<\/a> |\u00a0<a href=\"https:\/\/wp.ufpel.edu.br\/obeducpacto\/files\/2019\/08\/Unidade-4-2.pdf\">Unidade 4<\/a> |\u00a0<a href=\"https:\/\/wp.ufpel.edu.br\/obeducpacto\/files\/2019\/08\/Unidade-5-2.pdf\">Unidade 5<\/a> |\u00a0<a href=\"https:\/\/wp.ufpel.edu.br\/obeducpacto\/files\/2019\/08\/Unidade-6-2.pdf\">Unidade 6<\/a> |\u00a0<a href=\"https:\/\/wp.ufpel.edu.br\/obeducpacto\/files\/2019\/08\/Unidade-7-2.pdf\">Unidade 7<\/a> |\u00a0<a href=\"https:\/\/wp.ufpel.edu.br\/obeducpacto\/files\/2019\/08\/Unidade-8-2.pdf\">Unidade 8<\/a><\/p>\n\t\t\t\t<\/div>\n\t\t\t<\/div>\n\t\t<\/div>\n\t\t\t<div class=\"sow-accordion-panel\n\t\t\t\t\"\n\t\t\tdata-anchor-id=\"pnaic-2014-cadernos-de-matematica\">\n\t\t\t\t<div class=\"sow-accordion-panel-header-container\" role=\"heading\" aria-level=\"2\">\n\t\t\t\t\t<div class=\"sow-accordion-panel-header\" tabindex=\"0\" role=\"button\" id=\"accordion-label-pnaic-2014-%e2%80%93-cadernos-de-matem%c3%a1tica\" aria-controls=\"accordion-content-pnaic-2014-%e2%80%93-cadernos-de-matem%c3%a1tica\" aria-expanded=\"false\">\n\t\t\t\t\t\t<div class=\"sow-accordion-title sow-accordion-title-icon-left\">\n\t\t\t\t\t\t\t\t\t\t\t\t\t\tPNAIC 2014 \u2013 Cadernos de Matem\u00e1tica\t\t\t\t\t\t\t\t\t\t\t\t\t<\/div>\n\t\t\t\t\t\t<div class=\"sow-accordion-open-close-button\">\n\t\t\t\t\t\t\t<div class=\"sow-accordion-open-button\">\n\t\t\t\t\t\t\t\t<span class=\"sow-icon-ionicons\" data-sow-icon=\"&#xf218;\"\n\t\t \n\t\taria-hidden=\"true\"><\/span>\t\t\t\t\t\t\t<\/div>\n\t\t\t\t\t\t\t<div class=\"sow-accordion-close-button\">\n\t\t\t\t\t\t\t\t<span class=\"sow-icon-ionicons\" data-sow-icon=\"&#xf209;\"\n\t\t \n\t\taria-hidden=\"true\"><\/span>\t\t\t\t\t\t\t<\/div>\n\t\t\t\t\t\t<\/div>\n\t\t\t\t\t<\/div>\n\t\t\t\t<\/div>\n\n\t\t\t<div\n\t\t\t\tclass=\"sow-accordion-panel-content\"\n\t\t\t\trole=\"region\"\n\t\t\t\taria-labelledby=\"accordion-label-pnaic-2014-%e2%80%93-cadernos-de-matem%c3%a1tica\"\n\t\t\t\tid=\"accordion-content-pnaic-2014-%e2%80%93-cadernos-de-matem%c3%a1tica\"\n\t\t\t\tstyle=\"display: none;\"\t\t\t>\n\t\t\t\t<div class=\"sow-accordion-panel-border\">\n\t\t\t\t\t<p class=\"art-postheader\"><a style=\"text-align: justify;font-family: var(--fonte-corpo);font-size: 16px\" href=\"https:\/\/wp.ufpel.edu.br\/obeducpacto\/files\/2019\/08\/Apresentacao.pdf\">Caderno de Apresenta\u00e7\u00e3o<\/a><br \/>\n<a style=\"font-family: var(--fonte-corpo)\" href=\"https:\/\/wp.ufpel.edu.br\/obeducpacto\/files\/2019\/08\/Caderno-Educacao-do-Campo.pdf\">Caderno Educa\u00e7\u00e3o do Campo<\/a><br \/>\n<a style=\"font-family: var(--fonte-corpo)\" href=\"https:\/\/wp.ufpel.edu.br\/obeducpacto\/files\/2019\/08\/Caderno-de-Jogos.pdf\">Caderno de Jogos<\/a><br \/>\n<a style=\"font-family: var(--fonte-corpo)\" href=\"https:\/\/wp.ufpel.edu.br\/obeducpacto\/files\/2019\/08\/Educacao-Inclusiva.pdf\">Educa\u00e7\u00e3o Inclusiva<\/a><br \/>\n<a style=\"font-family: var(--fonte-corpo)\" href=\"https:\/\/wp.ufpel.edu.br\/obeducpacto\/files\/2019\/08\/Encarte-de-Jogos.pdf\">Encarte de Jogos<\/a><\/p>\n<div class=\"art-postcontent clearfix\">\n<p>Cadernos:<br \/>\n<a href=\"https:\/\/wp.ufpel.edu.br\/obeducpacto\/files\/2019\/08\/Unidade-1-4.pdf\">Unidade 1<\/a> |\u00a0<a href=\"https:\/\/wp.ufpel.edu.br\/obeducpacto\/files\/2019\/08\/Unidade-2-4.pdf\">Unidade 2<\/a> |\u00a0<a href=\"https:\/\/wp.ufpel.edu.br\/obeducpacto\/files\/2019\/08\/Unidade-3-4.pdf\">Unidade 3<\/a> |\u00a0<a href=\"https:\/\/wp.ufpel.edu.br\/obeducpacto\/files\/2019\/08\/Unidade-4-4.pdf\">Unidade 4<\/a> |\u00a0<a href=\"https:\/\/wp.ufpel.edu.br\/obeducpacto\/files\/2019\/08\/Unidade-5-4.pdf\">Unidade 5<\/a> |\u00a0<a href=\"https:\/\/wp.ufpel.edu.br\/obeducpacto\/files\/2019\/08\/Unidade-6-3.pdf\">Unidade 6<\/a> |\u00a0<a href=\"https:\/\/wp.ufpel.edu.br\/obeducpacto\/files\/2019\/08\/Unidade-7-3.pdf\">Unidade 7<\/a> |\u00a0<a href=\"https:\/\/wp.ufpel.edu.br\/obeducpacto\/files\/2019\/08\/Unidade-8-4.pdf\">Unidade 8<\/a><\/p>\n<\/div>\n\t\t\t\t<\/div>\n\t\t\t<\/div>\n\t\t<\/div>\n\t\t\t<div class=\"sow-accordion-panel\n\t\t\t\t\"\n\t\t\tdata-anchor-id=\"pnaic-2015-cadernos-interdisciplinares\">\n\t\t\t\t<div class=\"sow-accordion-panel-header-container\" role=\"heading\" aria-level=\"2\">\n\t\t\t\t\t<div class=\"sow-accordion-panel-header\" tabindex=\"0\" role=\"button\" id=\"accordion-label-pnaic-2015-%e2%80%93-cadernos-interdisciplinares\" aria-controls=\"accordion-content-pnaic-2015-%e2%80%93-cadernos-interdisciplinares\" aria-expanded=\"false\">\n\t\t\t\t\t\t<div class=\"sow-accordion-title sow-accordion-title-icon-left\">\n\t\t\t\t\t\t\t\t\t\t\t\t\t\tPNAIC 2015 \u2013 Cadernos Interdisciplinares\t\t\t\t\t\t\t\t\t\t\t\t\t<\/div>\n\t\t\t\t\t\t<div class=\"sow-accordion-open-close-button\">\n\t\t\t\t\t\t\t<div class=\"sow-accordion-open-button\">\n\t\t\t\t\t\t\t\t<span class=\"sow-icon-ionicons\" data-sow-icon=\"&#xf218;\"\n\t\t \n\t\taria-hidden=\"true\"><\/span>\t\t\t\t\t\t\t<\/div>\n\t\t\t\t\t\t\t<div class=\"sow-accordion-close-button\">\n\t\t\t\t\t\t\t\t<span class=\"sow-icon-ionicons\" data-sow-icon=\"&#xf209;\"\n\t\t \n\t\taria-hidden=\"true\"><\/span>\t\t\t\t\t\t\t<\/div>\n\t\t\t\t\t\t<\/div>\n\t\t\t\t\t<\/div>\n\t\t\t\t<\/div>\n\n\t\t\t<div\n\t\t\t\tclass=\"sow-accordion-panel-content\"\n\t\t\t\trole=\"region\"\n\t\t\t\taria-labelledby=\"accordion-label-pnaic-2015-%e2%80%93-cadernos-interdisciplinares\"\n\t\t\t\tid=\"accordion-content-pnaic-2015-%e2%80%93-cadernos-interdisciplinares\"\n\t\t\t\tstyle=\"display: none;\"\t\t\t>\n\t\t\t\t<div class=\"sow-accordion-panel-border\">\n\t\t\t\t\t<p><a href=\"https:\/\/wp.ufpel.edu.br\/obeducpacto\/files\/2019\/08\/Caderno-de-Apresentacao-1.pdf\">Caderno de Apresenta\u00e7\u00e3o<\/a><br \/>\n<a href=\"https:\/\/wp.ufpel.edu.br\/obeducpacto\/files\/2019\/08\/Caderno-de-Gestores.pdf\">Caderno de Gestores<\/a><\/p>\n<p>Cadernos:<br \/>\n<a href=\"https:\/\/wp.ufpel.edu.br\/obeducpacto\/files\/2019\/08\/Unidade-1-5.pdf\">Unidade 1<\/a> |\u00a0<a href=\"https:\/\/wp.ufpel.edu.br\/obeducpacto\/files\/2019\/08\/Unidade-2-5.pdf\">Unidade 2<\/a> |\u00a0<a href=\"https:\/\/wp.ufpel.edu.br\/obeducpacto\/files\/2019\/08\/Unidade-3-5.pdf\">Unidade 3<\/a> |\u00a0<a href=\"https:\/\/wp.ufpel.edu.br\/obeducpacto\/files\/2019\/08\/Unidade-4-5.pdf\">Unidade 4<\/a> |\u00a0<a href=\"https:\/\/wp.ufpel.edu.br\/obeducpacto\/files\/2019\/08\/Unidade-5-5.pdf\">Unidade 5<\/a><br \/>\n<a href=\"https:\/\/wp.ufpel.edu.br\/obeducpacto\/files\/2019\/08\/Unidade-6-4.pdf\">Unidade 6<\/a> |\u00a0<a href=\"https:\/\/wp.ufpel.edu.br\/obeducpacto\/files\/2019\/08\/Unidade-7-4.pdf\">Unidade 7<\/a> |\u00a0<a href=\"https:\/\/wp.ufpel.edu.br\/obeducpacto\/files\/2019\/08\/Unidade-8-5.pdf\">Unidade 8<\/a> |\u00a0<a href=\"https:\/\/wp.ufpel.edu.br\/obeducpacto\/files\/2019\/08\/Unidade-9.pdf\">Unidade 9<\/a> |\u00a0<a href=\"https:\/\/wp.ufpel.edu.br\/obeducpacto\/files\/2019\/08\/Unidade-10.pdf\">Unidade 10<\/a><\/p>\n\t\t\t\t<\/div>\n\t\t\t<\/div>\n\t\t<\/div>\n\t\t\t<div class=\"sow-accordion-panel\n\t\t\t\t\"\n\t\t\tdata-anchor-id=\"pnaic-2017-cadernos-de-formacao-educacao-infantil\">\n\t\t\t\t<div class=\"sow-accordion-panel-header-container\" role=\"heading\" aria-level=\"2\">\n\t\t\t\t\t<div class=\"sow-accordion-panel-header\" tabindex=\"0\" role=\"button\" id=\"accordion-label-pnaic-2017-%e2%80%93-cadernos-de-forma%c3%a7%c3%a3o-educa%c3%a7%c3%a3o-infantil\" aria-controls=\"accordion-content-pnaic-2017-%e2%80%93-cadernos-de-forma%c3%a7%c3%a3o-educa%c3%a7%c3%a3o-infantil\" aria-expanded=\"false\">\n\t\t\t\t\t\t<div class=\"sow-accordion-title sow-accordion-title-icon-left\">\n\t\t\t\t\t\t\t\t\t\t\t\t\t\tPNAIC 2017 \u2013 Cadernos de Forma\u00e7\u00e3o Educa\u00e7\u00e3o Infantil\t\t\t\t\t\t\t\t\t\t\t\t\t<\/div>\n\t\t\t\t\t\t<div class=\"sow-accordion-open-close-button\">\n\t\t\t\t\t\t\t<div class=\"sow-accordion-open-button\">\n\t\t\t\t\t\t\t\t<span class=\"sow-icon-ionicons\" data-sow-icon=\"&#xf218;\"\n\t\t \n\t\taria-hidden=\"true\"><\/span>\t\t\t\t\t\t\t<\/div>\n\t\t\t\t\t\t\t<div class=\"sow-accordion-close-button\">\n\t\t\t\t\t\t\t\t<span class=\"sow-icon-ionicons\" data-sow-icon=\"&#xf209;\"\n\t\t \n\t\taria-hidden=\"true\"><\/span>\t\t\t\t\t\t\t<\/div>\n\t\t\t\t\t\t<\/div>\n\t\t\t\t\t<\/div>\n\t\t\t\t<\/div>\n\n\t\t\t<div\n\t\t\t\tclass=\"sow-accordion-panel-content\"\n\t\t\t\trole=\"region\"\n\t\t\t\taria-labelledby=\"accordion-label-pnaic-2017-%e2%80%93-cadernos-de-forma%c3%a7%c3%a3o-educa%c3%a7%c3%a3o-infantil\"\n\t\t\t\tid=\"accordion-content-pnaic-2017-%e2%80%93-cadernos-de-forma%c3%a7%c3%a3o-educa%c3%a7%c3%a3o-infantil\"\n\t\t\t\tstyle=\"display: none;\"\t\t\t>\n\t\t\t\t<div class=\"sow-accordion-panel-border\">\n\t\t\t\t\t<p><a href=\"https:\/\/wp.ufpel.edu.br\/obeducpacto\/files\/2019\/08\/Caderno-1-Docencia-na-Educacao-Infantil.pdf\">Caderno 1 Doc\u00eancia na Educa\u00e7\u00e3o Infantil<\/a><br \/>\n<a href=\"https:\/\/wp.ufpel.edu.br\/obeducpacto\/files\/2019\/08\/Caderno-2-Infancia-e-Linguagem.pdf\">Caderno 2 Inf\u00e2ncia e Linguagem<\/a><br \/>\n<a href=\"https:\/\/wp.ufpel.edu.br\/obeducpacto\/files\/2019\/08\/Caderno-3-Praticas-e-Interacoes.pdf\">Caderno 3 Pr\u00e1ticas e Intera\u00e7\u00f5es<\/a><br \/>\n<a href=\"https:\/\/wp.ufpel.edu.br\/obeducpacto\/files\/2019\/08\/Caderno-4-Bebes-Leitores-e-Autores.pdf\">Caderno 4 Beb\u00eas Leitores e Autores<\/a><br \/>\n<a href=\"https:\/\/wp.ufpel.edu.br\/obeducpacto\/files\/2019\/08\/Caderno-5-Criancas-Leitores-e-Autores.pdf\">Caderno 5 Crian\u00e7as Leitores e Autores<\/a><br \/>\n<a href=\"https:\/\/wp.ufpel.edu.br\/obeducpacto\/files\/2019\/08\/Caderno-6-Curriculo-e-Linguagem.pdf\">Caderno 6 Curr\u00edculo e Linguagem<\/a><br \/>\n<a href=\"https:\/\/wp.ufpel.edu.br\/obeducpacto\/files\/2019\/08\/Caderno-7-Espacos-e-mediacoes.pdf\">Caderno 7\u00a0<\/a><a href=\"https:\/\/wp.ufpel.edu.br\/obeducpacto\/files\/2019\/08\/Caderno-7-Espacos-e-mediacoes.pdf\">Espa\u00e7os e media\u00e7\u00f5es<\/a><br \/>\n<a href=\"https:\/\/wp.ufpel.edu.br\/obeducpacto\/files\/2019\/08\/Caderno-8-Leitura-dentro-e-fora-da-escola.pdf\">Caderno 8 Leitura dentro e fora da escola<\/a><\/p>\n\t\t\t\t<\/div>\n\t\t\t<\/div>\n\t\t<\/div>\n\t\t<\/div>\n<\/div>\n<\/div><\/div><\/div><\/div><\/div>","protected":false},"excerpt":{"rendered":"<p>Cadernos de Direitos de Aprendizagem A equipe PNAIC\/UFPel (Programa Pacto Nacional pela Alfabetiza\u00e7\u00e3o na Idade Certa),\u00a0juntamente com a equipe do projeto de pesquisa Obeduc-Pacto, organizou um livreto com os\u00a0Direitos e Objetivos de Aprendizagem no Ciclo de Alfabetiza\u00e7\u00e3o. Trata-se de um material que\u00a0sistematiza e re\u00fane\u00a0elementos decorrentes dos documentos oficiais produzidos pelo\u00a0Minist\u00e9rio da Educa\u00e7\u00e3o. O material \u2013 [&hellip;]<\/p>\n","protected":false},"author":329,"featured_media":0,"parent":0,"menu_order":0,"comment_status":"closed","ping_status":"closed","template":"","meta":{"footnotes":""},"class_list":["post-42","page","type-page","status-publish","hentry"],"yoast_head":"<!-- This site is optimized with the Yoast SEO plugin v26.7 - https:\/\/yoast.com\/wordpress\/plugins\/seo\/ -->\n<title>Materiais Did\u00e1ticos - OBEDUC - Pacto<\/title>\n<meta name=\"robots\" content=\"index, follow, max-snippet:-1, max-image-preview:large, max-video-preview:-1\" \/>\n<link rel=\"canonical\" href=\"https:\/\/wp.ufpel.edu.br\/obeducpacto\/materiais-didaticos\/\" \/>\n<meta property=\"og:locale\" content=\"pt_BR\" \/>\n<meta property=\"og:type\" content=\"article\" \/>\n<meta property=\"og:title\" content=\"Materiais Did\u00e1ticos - OBEDUC - Pacto\" \/>\n<meta property=\"og:description\" content=\"Cadernos de Direitos de Aprendizagem A equipe PNAIC\/UFPel (Programa Pacto Nacional pela Alfabetiza\u00e7\u00e3o na Idade Certa),\u00a0juntamente com a equipe do projeto de pesquisa Obeduc-Pacto, organizou um livreto com os\u00a0Direitos e Objetivos de Aprendizagem no Ciclo de Alfabetiza\u00e7\u00e3o. Trata-se de um material que\u00a0sistematiza e re\u00fane\u00a0elementos decorrentes dos documentos oficiais produzidos pelo\u00a0Minist\u00e9rio da Educa\u00e7\u00e3o. O material \u2013 [&hellip;]\" \/>\n<meta property=\"og:url\" content=\"https:\/\/wp.ufpel.edu.br\/obeducpacto\/materiais-didaticos\/\" \/>\n<meta property=\"og:site_name\" content=\"OBEDUC - Pacto\" \/>\n<meta property=\"article:modified_time\" content=\"2025-08-28T03:08:08+00:00\" \/>\n<meta name=\"twitter:card\" content=\"summary_large_image\" \/>\n<meta name=\"twitter:label1\" content=\"Est. tempo de leitura\" \/>\n\t<meta name=\"twitter:data1\" content=\"1 minuto\" \/>\n<script type=\"application\/ld+json\" class=\"yoast-schema-graph\">{\"@context\":\"https:\/\/schema.org\",\"@graph\":[{\"@type\":\"WebPage\",\"@id\":\"https:\/\/wp.ufpel.edu.br\/obeducpacto\/materiais-didaticos\/\",\"url\":\"https:\/\/wp.ufpel.edu.br\/obeducpacto\/materiais-didaticos\/\",\"name\":\"Materiais Did\u00e1ticos - OBEDUC - Pacto\",\"isPartOf\":{\"@id\":\"https:\/\/wp.ufpel.edu.br\/obeducpacto\/#website\"},\"datePublished\":\"2025-02-05T20:11:03+00:00\",\"dateModified\":\"2025-08-28T03:08:08+00:00\",\"breadcrumb\":{\"@id\":\"https:\/\/wp.ufpel.edu.br\/obeducpacto\/materiais-didaticos\/#breadcrumb\"},\"inLanguage\":\"pt-BR\",\"potentialAction\":[{\"@type\":\"ReadAction\",\"target\":[\"https:\/\/wp.ufpel.edu.br\/obeducpacto\/materiais-didaticos\/\"]}]},{\"@type\":\"BreadcrumbList\",\"@id\":\"https:\/\/wp.ufpel.edu.br\/obeducpacto\/materiais-didaticos\/#breadcrumb\",\"itemListElement\":[{\"@type\":\"ListItem\",\"position\":1,\"name\":\"In\u00edcio\",\"item\":\"https:\/\/wp.ufpel.edu.br\/obeducpacto\/\"},{\"@type\":\"ListItem\",\"position\":2,\"name\":\"Materiais Did\u00e1ticos\"}]},{\"@type\":\"WebSite\",\"@id\":\"https:\/\/wp.ufpel.edu.br\/obeducpacto\/#website\",\"url\":\"https:\/\/wp.ufpel.edu.br\/obeducpacto\/\",\"name\":\"OBEDUC - Pacto\",\"description\":\"Universidade Federal de Pelotas\",\"publisher\":{\"@id\":\"https:\/\/wp.ufpel.edu.br\/obeducpacto\/#organization\"},\"potentialAction\":[{\"@type\":\"SearchAction\",\"target\":{\"@type\":\"EntryPoint\",\"urlTemplate\":\"https:\/\/wp.ufpel.edu.br\/obeducpacto\/?s={search_term_string}\"},\"query-input\":{\"@type\":\"PropertyValueSpecification\",\"valueRequired\":true,\"valueName\":\"search_term_string\"}}],\"inLanguage\":\"pt-BR\"},{\"@type\":\"Organization\",\"@id\":\"https:\/\/wp.ufpel.edu.br\/obeducpacto\/#organization\",\"name\":\"OBEDUC - Pacto\",\"url\":\"https:\/\/wp.ufpel.edu.br\/obeducpacto\/\",\"logo\":{\"@type\":\"ImageObject\",\"inLanguage\":\"pt-BR\",\"@id\":\"https:\/\/wp.ufpel.edu.br\/obeducpacto\/#\/schema\/logo\/image\/\",\"url\":\"https:\/\/wp.ufpel.edu.br\/obeducpacto\/files\/2025\/08\/OBEDUC-Pacto-Marca-G-TRANPARENTE.png\",\"contentUrl\":\"https:\/\/wp.ufpel.edu.br\/obeducpacto\/files\/2025\/08\/OBEDUC-Pacto-Marca-G-TRANPARENTE.png\",\"width\":1000,\"height\":906,\"caption\":\"OBEDUC - Pacto\"},\"image\":{\"@id\":\"https:\/\/wp.ufpel.edu.br\/obeducpacto\/#\/schema\/logo\/image\/\"}}]}<\/script>\n<!-- \/ Yoast SEO plugin. -->","yoast_head_json":{"title":"Materiais Did\u00e1ticos - OBEDUC - Pacto","robots":{"index":"index","follow":"follow","max-snippet":"max-snippet:-1","max-image-preview":"max-image-preview:large","max-video-preview":"max-video-preview:-1"},"canonical":"https:\/\/wp.ufpel.edu.br\/obeducpacto\/materiais-didaticos\/","og_locale":"pt_BR","og_type":"article","og_title":"Materiais Did\u00e1ticos - OBEDUC - Pacto","og_description":"Cadernos de Direitos de Aprendizagem A equipe PNAIC\/UFPel (Programa Pacto Nacional pela Alfabetiza\u00e7\u00e3o na Idade Certa),\u00a0juntamente com a equipe do projeto de pesquisa Obeduc-Pacto, organizou um livreto com os\u00a0Direitos e Objetivos de Aprendizagem no Ciclo de Alfabetiza\u00e7\u00e3o. Trata-se de um material que\u00a0sistematiza e re\u00fane\u00a0elementos decorrentes dos documentos oficiais produzidos pelo\u00a0Minist\u00e9rio da Educa\u00e7\u00e3o. O material \u2013 [&hellip;]","og_url":"https:\/\/wp.ufpel.edu.br\/obeducpacto\/materiais-didaticos\/","og_site_name":"OBEDUC - Pacto","article_modified_time":"2025-08-28T03:08:08+00:00","twitter_card":"summary_large_image","twitter_misc":{"Est. tempo de leitura":"1 minuto"},"schema":{"@context":"https:\/\/schema.org","@graph":[{"@type":"WebPage","@id":"https:\/\/wp.ufpel.edu.br\/obeducpacto\/materiais-didaticos\/","url":"https:\/\/wp.ufpel.edu.br\/obeducpacto\/materiais-didaticos\/","name":"Materiais Did\u00e1ticos - OBEDUC - Pacto","isPartOf":{"@id":"https:\/\/wp.ufpel.edu.br\/obeducpacto\/#website"},"datePublished":"2025-02-05T20:11:03+00:00","dateModified":"2025-08-28T03:08:08+00:00","breadcrumb":{"@id":"https:\/\/wp.ufpel.edu.br\/obeducpacto\/materiais-didaticos\/#breadcrumb"},"inLanguage":"pt-BR","potentialAction":[{"@type":"ReadAction","target":["https:\/\/wp.ufpel.edu.br\/obeducpacto\/materiais-didaticos\/"]}]},{"@type":"BreadcrumbList","@id":"https:\/\/wp.ufpel.edu.br\/obeducpacto\/materiais-didaticos\/#breadcrumb","itemListElement":[{"@type":"ListItem","position":1,"name":"In\u00edcio","item":"https:\/\/wp.ufpel.edu.br\/obeducpacto\/"},{"@type":"ListItem","position":2,"name":"Materiais Did\u00e1ticos"}]},{"@type":"WebSite","@id":"https:\/\/wp.ufpel.edu.br\/obeducpacto\/#website","url":"https:\/\/wp.ufpel.edu.br\/obeducpacto\/","name":"OBEDUC - Pacto","description":"Universidade Federal de Pelotas","publisher":{"@id":"https:\/\/wp.ufpel.edu.br\/obeducpacto\/#organization"},"potentialAction":[{"@type":"SearchAction","target":{"@type":"EntryPoint","urlTemplate":"https:\/\/wp.ufpel.edu.br\/obeducpacto\/?s={search_term_string}"},"query-input":{"@type":"PropertyValueSpecification","valueRequired":true,"valueName":"search_term_string"}}],"inLanguage":"pt-BR"},{"@type":"Organization","@id":"https:\/\/wp.ufpel.edu.br\/obeducpacto\/#organization","name":"OBEDUC - Pacto","url":"https:\/\/wp.ufpel.edu.br\/obeducpacto\/","logo":{"@type":"ImageObject","inLanguage":"pt-BR","@id":"https:\/\/wp.ufpel.edu.br\/obeducpacto\/#\/schema\/logo\/image\/","url":"https:\/\/wp.ufpel.edu.br\/obeducpacto\/files\/2025\/08\/OBEDUC-Pacto-Marca-G-TRANPARENTE.png","contentUrl":"https:\/\/wp.ufpel.edu.br\/obeducpacto\/files\/2025\/08\/OBEDUC-Pacto-Marca-G-TRANPARENTE.png","width":1000,"height":906,"caption":"OBEDUC - Pacto"},"image":{"@id":"https:\/\/wp.ufpel.edu.br\/obeducpacto\/#\/schema\/logo\/image\/"}}]}},"_links":{"self":[{"href":"https:\/\/wp.ufpel.edu.br\/obeducpacto\/wp-json\/wp\/v2\/pages\/42","targetHints":{"allow":["GET"]}}],"collection":[{"href":"https:\/\/wp.ufpel.edu.br\/obeducpacto\/wp-json\/wp\/v2\/pages"}],"about":[{"href":"https:\/\/wp.ufpel.edu.br\/obeducpacto\/wp-json\/wp\/v2\/types\/page"}],"author":[{"embeddable":true,"href":"https:\/\/wp.ufpel.edu.br\/obeducpacto\/wp-json\/wp\/v2\/users\/329"}],"replies":[{"embeddable":true,"href":"https:\/\/wp.ufpel.edu.br\/obeducpacto\/wp-json\/wp\/v2\/comments?post=42"}],"version-history":[{"count":1,"href":"https:\/\/wp.ufpel.edu.br\/obeducpacto\/wp-json\/wp\/v2\/pages\/42\/revisions"}],"predecessor-version":[{"id":1731,"href":"https:\/\/wp.ufpel.edu.br\/obeducpacto\/wp-json\/wp\/v2\/pages\/42\/revisions\/1731"}],"wp:attachment":[{"href":"https:\/\/wp.ufpel.edu.br\/obeducpacto\/wp-json\/wp\/v2\/media?parent=42"}],"curies":[{"name":"wp","href":"https:\/\/api.w.org\/{rel}","templated":true}]}}