{"id":39,"date":"2025-02-05T17:14:58","date_gmt":"2025-02-05T20:14:58","guid":{"rendered":"https:\/\/curso-wp.ufpel.edu.br\/obeducteste\/?page_id=39"},"modified":"2025-02-05T17:14:58","modified_gmt":"2025-02-05T20:14:58","slug":"producoes","status":"publish","type":"page","link":"https:\/\/wp.ufpel.edu.br\/obeducpacto\/producoes\/","title":{"rendered":"Produ\u00e7\u00f5es"},"content":{"rendered":"<div id=\"pl-39\"  class=\"panel-layout\" ><div id=\"pg-39-0\"  class=\"panel-grid panel-no-style\" ><div id=\"pgc-39-0-0\"  class=\"panel-grid-cell\" ><div id=\"panel-39-0-0-0\" class=\"so-panel widget widget_sow-editor panel-first-child\" data-index=\"0\" ><div\n\t\t\t\n\t\t\tclass=\"so-widget-sow-editor so-widget-sow-editor-base\"\n\t\t\t\n\t\t>\n<div class=\"siteorigin-widget-tinymce textwidget\">\n\t<h4><a href=\"https:\/\/wp.ufpel.edu.br\/obeducpacto\/category\/praticas-pedagogicas\/\">S\u00e9rie Narrativas Pedag\u00f3gicas<\/a><\/h4>\n<h4><a href=\"https:\/\/wp.ufpel.edu.br\/obeducpacto\/category\/serie-estudos-e-pesquisas\/\">S\u00e9rie Estudos e Pesquisas<\/a><\/h4>\n<h4><a href=\"https:\/\/wp.ufpel.edu.br\/obeducpacto\/category\/colecao-pnaic-ufpel\/\">Cole\u00e7\u00e3o PNAIC-UFPEL<\/a><\/h4>\n<p>&nbsp;<\/p>\n<\/div>\n<\/div><\/div><div id=\"panel-39-0-0-1\" class=\"so-panel widget widget_sow-accordion panel-last-child\" data-index=\"1\" ><div\n\t\t\t\n\t\t\tclass=\"so-widget-sow-accordion so-widget-sow-accordion-default-d9295f5bfa93-39\"\n\t\t\t\n\t\t><div>\n\t<div class=\"sow-accordion\">\n\t\t\t<div class=\"sow-accordion-panel\n\t\t\t\t\"\n\t\t\tdata-anchor-id=\"anais-de-eventos\">\n\t\t\t\t<div class=\"sow-accordion-panel-header-container\" role=\"heading\" aria-level=\"2\">\n\t\t\t\t\t<div class=\"sow-accordion-panel-header\" tabindex=\"0\" role=\"button\" id=\"accordion-label-anais-de-eventos\" aria-controls=\"accordion-content-anais-de-eventos\" aria-expanded=\"false\">\n\t\t\t\t\t\t<div class=\"sow-accordion-title sow-accordion-title-icon-left\">\n\t\t\t\t\t\t\t\t\t\t\t\t\t\tAnais de Eventos\t\t\t\t\t\t\t\t\t\t\t\t\t<\/div>\n\t\t\t\t\t\t<div class=\"sow-accordion-open-close-button\">\n\t\t\t\t\t\t\t<div class=\"sow-accordion-open-button\">\n\t\t\t\t\t\t\t\t<span class=\"sow-icon-ionicons\" data-sow-icon=\"&#xf218;\"\n\t\t \n\t\taria-hidden=\"true\"><\/span>\t\t\t\t\t\t\t<\/div>\n\t\t\t\t\t\t\t<div class=\"sow-accordion-close-button\">\n\t\t\t\t\t\t\t\t<span class=\"sow-icon-ionicons\" data-sow-icon=\"&#xf209;\"\n\t\t \n\t\taria-hidden=\"true\"><\/span>\t\t\t\t\t\t\t<\/div>\n\t\t\t\t\t\t<\/div>\n\t\t\t\t\t<\/div>\n\t\t\t\t<\/div>\n\n\t\t\t<div\n\t\t\t\tclass=\"sow-accordion-panel-content\"\n\t\t\t\trole=\"region\"\n\t\t\t\taria-labelledby=\"accordion-label-anais-de-eventos\"\n\t\t\t\tid=\"accordion-content-anais-de-eventos\"\n\t\t\t\tstyle=\"display: none;\"\t\t\t>\n\t\t\t\t<div class=\"sow-accordion-panel-border\">\n\t\t\t\t\t<h1 class=\"art-postheader\"><span class=\"art-postheadericon\" style=\"font-size: 12pt\"><a title=\"Semin\u00e1rio Estadual PNAIC \u2013 Caderno de Resumos\" href=\"https:\/\/wp.ufpel.edu.br\/obeducpacto\/2016\/08\/seminario-estadual-pnaic-caderno-de-resumos\/\" rel=\"bookmark\">Semin\u00e1rio Estadual PNAIC \u2013 Caderno de Resumos<\/a><\/span><\/h1>\n<div class=\"art-postcontent clearfix\">\n<p><span style=\"font-size: 12pt\">Link dispon\u00edvel para download em pdf:\u00a0<a href=\"https:\/\/wp.ufpel.edu.br\/obeducpacto\/files\/2016\/04\/Caderno-de-Resumos-Seminario-PNAIC-2014-final.pdf\">Semin\u00e1rio Estadual PNAIC \u2013 Caderno de Resumos v.2, 2014.<\/a><\/span><\/p>\n<ul>\n<li><span style=\"font-size: 12pt\"><a href=\"https:\/\/wp.ufpel.edu.br\/obeducpacto\/category\/apresentacao-2\/\">Apresenta\u00e7\u00e3o<\/a><\/span><\/li>\n<li><span style=\"font-size: 12pt\"><a href=\"https:\/\/wp.ufpel.edu.br\/obeducpacto\/category\/normas-para-publicacao-2\/\">Normas para publica\u00e7\u00e3o<\/a><\/span><\/li>\n<li><span style=\"font-size: 12pt\"><a href=\"https:\/\/wp.ufpel.edu.br\/obeducpacto\/category\/edicao-atual-2\/\">Edi\u00e7\u00e3o atual<\/a><\/span><\/li>\n<li><span style=\"font-size: 12pt\"><a href=\"https:\/\/wp.ufpel.edu.br\/obeducpacto\/category\/edicoes-anteriores-2\/\">Edi\u00e7\u00f5es anteriores<\/a><\/span><\/li>\n<li><span style=\"font-size: 12pt\"><a href=\"https:\/\/wp.ufpel.edu.br\/obeducpacto\/category\/expediente-2\/\">Expediente<\/a><\/span><\/li>\n<\/ul>\n<hr \/>\n<h1 class=\"art-postheader\"><span class=\"art-postheadericon\" style=\"font-size: 12pt\"><a title=\"Semin\u00e1rio Integrador dos Observat\u00f3rios da Educa\u00e7\u00e3o \u2013 Caderno de Resumos\" href=\"https:\/\/wp.ufpel.edu.br\/obeducpacto\/2016\/08\/seminario-integrador-dos-observatorios-da-educacao-caderno-de-resumos\/\" rel=\"bookmark\">Semin\u00e1rio Integrador dos Observat\u00f3rios da Educa\u00e7\u00e3o \u2013 Caderno de Resumos<\/a><\/span><\/h1>\n<div class=\"art-postcontent clearfix\">\n<p><span style=\"font-size: 12pt\">Link dispon\u00edvel para download em pdf:\u00a0<a href=\"https:\/\/wp.ufpel.edu.br\/obeducpacto\/files\/2016\/04\/Caderno-de-Resumos-Seminario-OBEDUC-2014-final.pdf\">Semin\u00e1rio Integrador dos Observat\u00f3rios da Educa\u00e7\u00e3o \u2013 Caderno de Resumos\u00a0<\/a><\/span><\/p>\n<ul>\n<li><span style=\"font-size: 12pt\"><a href=\"https:\/\/wp.ufpel.edu.br\/obeducpacto\/category\/apresentacao\/\">Apresenta\u00e7\u00e3o<\/a><\/span><\/li>\n<li><span style=\"font-size: 12pt\"><a href=\"https:\/\/wp.ufpel.edu.br\/obeducpacto\/category\/normas-para-publicacao\/\">Normas para publica\u00e7\u00e3o<\/a><\/span><\/li>\n<li><span style=\"font-size: 12pt\"><a href=\"https:\/\/wp.ufpel.edu.br\/obeducpacto\/category\/expediente\/\">Expediente<\/a><\/span><\/li>\n<li><span style=\"font-size: 12pt\"><a href=\"https:\/\/wp.ufpel.edu.br\/obeducpacto\/category\/edicao-atual\/\">Edi\u00e7\u00e3o atual<\/a><\/span><\/li>\n<li><span style=\"font-size: 12pt\"><a href=\"https:\/\/wp.ufpel.edu.br\/obeducpacto\/category\/edicoes-anteriores\/\">Edi\u00e7\u00f5es anteriores<\/a><\/span><\/li>\n<\/ul>\n<hr \/>\n<p><span style=\"font-size: 12pt\"><a href=\"http:\/\/curso-wp.ufpel.edu.br\/obeducteste\/wp-content\/uploads\/sites\/284\/2025\/02\/prog.pdf\" target=\"_blank\" rel=\"noopener\">Semin\u00e1rio Integrador Obeduc-Pacto<\/a><\/span><\/p>\n<\/div>\n<\/div>\n\t\t\t\t<\/div>\n\t\t\t<\/div>\n\t\t<\/div>\n\t\t\t<div class=\"sow-accordion-panel\n\t\t\t\t\"\n\t\t\tdata-anchor-id=\"formacao-de-professores\">\n\t\t\t\t<div class=\"sow-accordion-panel-header-container\" role=\"heading\" aria-level=\"2\">\n\t\t\t\t\t<div class=\"sow-accordion-panel-header\" tabindex=\"0\" role=\"button\" id=\"accordion-label-forma%c3%a7%c3%a3o-de-professores\" aria-controls=\"accordion-content-forma%c3%a7%c3%a3o-de-professores\" aria-expanded=\"false\">\n\t\t\t\t\t\t<div class=\"sow-accordion-title sow-accordion-title-icon-left\">\n\t\t\t\t\t\t\t\t\t\t\t\t\t\tForma\u00e7\u00e3o de Professores\t\t\t\t\t\t\t\t\t\t\t\t\t<\/div>\n\t\t\t\t\t\t<div class=\"sow-accordion-open-close-button\">\n\t\t\t\t\t\t\t<div class=\"sow-accordion-open-button\">\n\t\t\t\t\t\t\t\t<span class=\"sow-icon-ionicons\" data-sow-icon=\"&#xf218;\"\n\t\t \n\t\taria-hidden=\"true\"><\/span>\t\t\t\t\t\t\t<\/div>\n\t\t\t\t\t\t\t<div class=\"sow-accordion-close-button\">\n\t\t\t\t\t\t\t\t<span class=\"sow-icon-ionicons\" data-sow-icon=\"&#xf209;\"\n\t\t \n\t\taria-hidden=\"true\"><\/span>\t\t\t\t\t\t\t<\/div>\n\t\t\t\t\t\t<\/div>\n\t\t\t\t\t<\/div>\n\t\t\t\t<\/div>\n\n\t\t\t<div\n\t\t\t\tclass=\"sow-accordion-panel-content\"\n\t\t\t\trole=\"region\"\n\t\t\t\taria-labelledby=\"accordion-label-forma%c3%a7%c3%a3o-de-professores\"\n\t\t\t\tid=\"accordion-content-forma%c3%a7%c3%a3o-de-professores\"\n\t\t\t\tstyle=\"display: none;\"\t\t\t>\n\t\t\t\t<div class=\"sow-accordion-panel-border\">\n\t\t\t\t\t<h1 class=\"art-postheader\"><span class=\"art-postheadericon\" style=\"font-size: 12pt\">APRENDENDO A PONTUAR EM CONTEXTO DE TEXTO: Sequ\u00eancia Did\u00e1tica com a cole\u00e7\u00e3o O Elefante e a Porquinha de Mo Willems<\/span><\/h1>\n<div class=\"art-postcontent clearfix\">\n<p><span style=\"font-size: 12pt\"><strong>Relato de pr\u00e1tica docente<\/strong>\u00a0\u2192\u00a0<a href=\"https:\/\/drive.google.com\/file\/d\/1_R1e7aLJN4D54yAZz4yvvMr65GKy8clS\/view?usp=sharing\">APRENDENDO A PONTUAR EM CONTEXTO DE TEXTO: Sequ\u00eancia Did\u00e1tica com a cole\u00e7\u00e3o O Elefante e a Porquinha de Mo Willems<\/a><\/span><\/p>\n<p><span style=\"font-size: 12pt\"><a href=\"https:\/\/drive.google.com\/file\/d\/1_R1e7aLJN4D54yAZz4yvvMr65GKy8clS\/view?usp=sharing\">ACESSE AQUI O RELATO<\/a><\/span><\/p>\n<\/div>\n\t\t\t\t<\/div>\n\t\t\t<\/div>\n\t\t<\/div>\n\t\t\t<div class=\"sow-accordion-panel\n\t\t\t\t\"\n\t\t\tdata-anchor-id=\"artigos\">\n\t\t\t\t<div class=\"sow-accordion-panel-header-container\" role=\"heading\" aria-level=\"2\">\n\t\t\t\t\t<div class=\"sow-accordion-panel-header\" tabindex=\"0\" role=\"button\" id=\"accordion-label-artigos\" aria-controls=\"accordion-content-artigos\" aria-expanded=\"false\">\n\t\t\t\t\t\t<div class=\"sow-accordion-title sow-accordion-title-icon-left\">\n\t\t\t\t\t\t\t\t\t\t\t\t\t\tArtigos\t\t\t\t\t\t\t\t\t\t\t\t\t<\/div>\n\t\t\t\t\t\t<div class=\"sow-accordion-open-close-button\">\n\t\t\t\t\t\t\t<div class=\"sow-accordion-open-button\">\n\t\t\t\t\t\t\t\t<span class=\"sow-icon-ionicons\" data-sow-icon=\"&#xf218;\"\n\t\t \n\t\taria-hidden=\"true\"><\/span>\t\t\t\t\t\t\t<\/div>\n\t\t\t\t\t\t\t<div class=\"sow-accordion-close-button\">\n\t\t\t\t\t\t\t\t<span class=\"sow-icon-ionicons\" data-sow-icon=\"&#xf209;\"\n\t\t \n\t\taria-hidden=\"true\"><\/span>\t\t\t\t\t\t\t<\/div>\n\t\t\t\t\t\t<\/div>\n\t\t\t\t\t<\/div>\n\t\t\t\t<\/div>\n\n\t\t\t<div\n\t\t\t\tclass=\"sow-accordion-panel-content\"\n\t\t\t\trole=\"region\"\n\t\t\t\taria-labelledby=\"accordion-label-artigos\"\n\t\t\t\tid=\"accordion-content-artigos\"\n\t\t\t\tstyle=\"display: none;\"\t\t\t>\n\t\t\t\t<div class=\"sow-accordion-panel-border\">\n\t\t\t\t\t<p><strong>2015<br \/>\n<\/strong><a href=\"http:\/\/www.periodicos.ulbra.br\/index.php\/txra\/article\/view\/1610\">Era uma vez\u2026 uma literatura para brincar<\/a><br \/>\nGON\u00c7ALVES, S. N.; N\u00d6RNBERG, M.\u00a0Era uma vez\u2026 uma literatura para brincar.\u00a0<em>Revista Textura (ULBRA)<\/em>, Canoas, v. 17, n. 35. 2015. &lt;http:\/\/www.periodicos.ulbra.br\/index.php\/txra\/article\/view\/1610\/1259&gt;. Data de acesso: 16 mar. 2015.<\/p>\n<p><strong>2019<br \/>\n<\/strong><a href=\"http:\/\/e-revista.unioeste.br\/index.php\/educereeteducare\/article\/view\/21470\">Ci\u00eancias e alfabetiza\u00e7\u00e3o cient\u00edfica: apontamentos te\u00f3ricos para a forma\u00e7\u00e3o de professores dos anos iniciais<\/a><br \/>\nPEREIRA, I. D. M; N\u00d6RNBERG, M. Ci\u00eancias e alfabetiza\u00e7\u00e3o cient\u00edfica: apontamentos te\u00f3ricos para a forma\u00e7\u00e3o de professores dos anos iniciais. <strong>EDUCERE ET EDUCARE<\/strong> (vers\u00e3o eletr\u00f4nica), v. 14, p. 1-19, 2019.<br \/>\n<a style=\"font-family: var(--fonte-corpo)\" href=\"http:\/\/www.curriculosemfronteiras.org\/vol19iss1articles\/nornberg-jager-souto.pdf\">Concep\u00e7\u00f5es e princ\u00edpios para o planejamento do ensino: a perspectiva de professoras orientadoras de estudo<\/a><br \/>\n<span style=\"color: var(--cor-texto);font-family: var(--fonte-corpo)\">NORNBERG, M. ; J\u00c4GER, J.J. ; SOUTO, L. K. . Concep\u00e7\u00f5es e princ\u00edpios para o planejamento do ensino: a perspectiva de professoras orientadoras de estudo.\u00a0<\/span><strong style=\"color: var(--cor-texto);font-family: var(--fonte-corpo)\">CURR\u00cdCULO SEM FRONTEIRAS,<\/strong><span style=\"color: var(--cor-texto);font-family: var(--fonte-corpo)\">\u00a0v. 19, p. 335-357, 2019.<br \/>\n<\/span><a href=\"https:\/\/docs.wixstatic.com\/ugd\/70f3f9_ed5c3e69d3974e73a088d4693e83eee8.pdf\" target=\"_blank\" rel=\"noopener noreferrer\" data-saferedirecturl=\"https:\/\/www.google.com\/url?q=https:\/\/docs.wixstatic.com\/ugd\/70f3f9_ed5c3e69d3974e73a088d4693e83eee8.pdf&amp;source=gmail&amp;ust=1569590999778000&amp;usg=AFQjCNFcClIixas3zxO6QgD0GZsvRLV-QQ\">Metodologia, teoria e fontes: trip\u00e9s da pesquisa contempor\u00e2nea<\/a><br \/>\nPEREIRA, I. D. M..Metodologia, teoria e fontes: trip\u00e9s da pesquisa contempor\u00e2nea. In: Juliana Porto Machado; Ronaldo Bernardino Colvero. (Org.).\u00a0<strong>Ensino de ci\u00eancias na perspectiva da alfabetiza\u00e7\u00e3o cient\u00edfica: pr\u00e1tica pedag\u00f3gica no ciclo de alfabetiza\u00e7\u00e3o.<\/strong>\u00a01ed.Pelotas: BASIBOOKS, 2019, v. 1, p. 125-134.<br \/>\n<a href=\"http:\/\/periodicos.claec.org\/index.php\/relacult\/article\/view\/1278\">Percursos te\u00f3rico-metodol\u00f3gicos de pesquisadoras iniciantes: an\u00e1lises de escritas de professoras em contexto de forma\u00e7\u00e3o continuada<\/a><br \/>\nSOUTO, L. K.\u00a0;\u00a0J\u00c4GER, J.J.\u00a0Percursos te\u00f3rico-metodol\u00f3gicos de pesquisadoras iniciantes: an\u00e1lises de escritas de professoras em contexto de forma\u00e7\u00e3o continuada.\u00a0<strong>RELACULT \u2013 REVISTA LATINO-AMERICANA DE ESTUDOS EM CULTURA E SOCIEDADE<\/strong>, v. 5, p. 1, 2019.<\/p>\n<p><strong>2020<br \/>\n<\/strong><a href=\"https:\/\/revistas.uneb.br\/index.php\/faeeba\/article\/view\/8277\">Compreens\u00f5es de cuidado e educa\u00e7\u00e3o na educa\u00e7\u00e3o infantil produzidas no est\u00e1gio supervisionado.<\/a><br \/>\nPILONETTO, R. F. R; N\u00d6RNBERG, M. Compreens\u00f5es de cuidado e educa\u00e7\u00e3o na educa\u00e7\u00e3o infantil produzidas no est\u00e1gio supervisionado. <strong>Revista FAEEBA<\/strong>, v. 29, p. 157-174, 2020.<br \/>\n<a href=\"https:\/\/revistas2.uepg.br\/\/index.php\/praxiseducativa\/article\/view\/15360\">Pol\u00edticas conservadoras e (des)intelectualiza\u00e7\u00e3o da doc\u00eancia.<\/a><br \/>\nN\u00d6RNBERG, M. Pol\u00edticas conservadoras e (des)intelectualiza\u00e7\u00e3o da doc\u00eancia. <strong>Pr\u00e1xis Educativa (UEPG. ONLINE)<\/strong>, v. 15, p. 1-14, 2020.<\/p>\n\t\t\t\t<\/div>\n\t\t\t<\/div>\n\t\t<\/div>\n\t\t<\/div>\n<\/div>\n<\/div><\/div><\/div><\/div><\/div>","protected":false},"excerpt":{"rendered":"<p>S\u00e9rie Narrativas Pedag\u00f3gicas S\u00e9rie Estudos e Pesquisas Cole\u00e7\u00e3o PNAIC-UFPEL &nbsp;<\/p>\n","protected":false},"author":329,"featured_media":0,"parent":0,"menu_order":0,"comment_status":"closed","ping_status":"closed","template":"","meta":{"footnotes":""},"class_list":["post-39","page","type-page","status-publish","hentry"],"yoast_head":"<!-- This site is optimized with the Yoast SEO plugin v26.7 - https:\/\/yoast.com\/wordpress\/plugins\/seo\/ -->\n<title>Produ\u00e7\u00f5es - OBEDUC - Pacto<\/title>\n<meta name=\"robots\" content=\"index, follow, max-snippet:-1, max-image-preview:large, max-video-preview:-1\" \/>\n<link rel=\"canonical\" href=\"https:\/\/wp.ufpel.edu.br\/obeducpacto\/producoes\/\" \/>\n<meta property=\"og:locale\" content=\"pt_BR\" \/>\n<meta property=\"og:type\" content=\"article\" \/>\n<meta property=\"og:title\" content=\"Produ\u00e7\u00f5es - OBEDUC - Pacto\" \/>\n<meta property=\"og:description\" content=\"S\u00e9rie Narrativas Pedag\u00f3gicas S\u00e9rie Estudos e Pesquisas Cole\u00e7\u00e3o PNAIC-UFPEL &nbsp;\" \/>\n<meta property=\"og:url\" content=\"https:\/\/wp.ufpel.edu.br\/obeducpacto\/producoes\/\" \/>\n<meta property=\"og:site_name\" content=\"OBEDUC - Pacto\" \/>\n<meta name=\"twitter:card\" content=\"summary_large_image\" \/>\n<script type=\"application\/ld+json\" class=\"yoast-schema-graph\">{\"@context\":\"https:\/\/schema.org\",\"@graph\":[{\"@type\":\"WebPage\",\"@id\":\"https:\/\/wp.ufpel.edu.br\/obeducpacto\/producoes\/\",\"url\":\"https:\/\/wp.ufpel.edu.br\/obeducpacto\/producoes\/\",\"name\":\"Produ\u00e7\u00f5es - OBEDUC - Pacto\",\"isPartOf\":{\"@id\":\"https:\/\/wp.ufpel.edu.br\/obeducpacto\/#website\"},\"datePublished\":\"2025-02-05T20:14:58+00:00\",\"breadcrumb\":{\"@id\":\"https:\/\/wp.ufpel.edu.br\/obeducpacto\/producoes\/#breadcrumb\"},\"inLanguage\":\"pt-BR\",\"potentialAction\":[{\"@type\":\"ReadAction\",\"target\":[\"https:\/\/wp.ufpel.edu.br\/obeducpacto\/producoes\/\"]}]},{\"@type\":\"BreadcrumbList\",\"@id\":\"https:\/\/wp.ufpel.edu.br\/obeducpacto\/producoes\/#breadcrumb\",\"itemListElement\":[{\"@type\":\"ListItem\",\"position\":1,\"name\":\"In\u00edcio\",\"item\":\"https:\/\/wp.ufpel.edu.br\/obeducpacto\/\"},{\"@type\":\"ListItem\",\"position\":2,\"name\":\"Produ\u00e7\u00f5es\"}]},{\"@type\":\"WebSite\",\"@id\":\"https:\/\/wp.ufpel.edu.br\/obeducpacto\/#website\",\"url\":\"https:\/\/wp.ufpel.edu.br\/obeducpacto\/\",\"name\":\"OBEDUC - Pacto\",\"description\":\"Universidade Federal de Pelotas\",\"publisher\":{\"@id\":\"https:\/\/wp.ufpel.edu.br\/obeducpacto\/#organization\"},\"potentialAction\":[{\"@type\":\"SearchAction\",\"target\":{\"@type\":\"EntryPoint\",\"urlTemplate\":\"https:\/\/wp.ufpel.edu.br\/obeducpacto\/?s={search_term_string}\"},\"query-input\":{\"@type\":\"PropertyValueSpecification\",\"valueRequired\":true,\"valueName\":\"search_term_string\"}}],\"inLanguage\":\"pt-BR\"},{\"@type\":\"Organization\",\"@id\":\"https:\/\/wp.ufpel.edu.br\/obeducpacto\/#organization\",\"name\":\"OBEDUC - Pacto\",\"url\":\"https:\/\/wp.ufpel.edu.br\/obeducpacto\/\",\"logo\":{\"@type\":\"ImageObject\",\"inLanguage\":\"pt-BR\",\"@id\":\"https:\/\/wp.ufpel.edu.br\/obeducpacto\/#\/schema\/logo\/image\/\",\"url\":\"https:\/\/wp.ufpel.edu.br\/obeducpacto\/files\/2025\/08\/OBEDUC-Pacto-Marca-G-TRANPARENTE.png\",\"contentUrl\":\"https:\/\/wp.ufpel.edu.br\/obeducpacto\/files\/2025\/08\/OBEDUC-Pacto-Marca-G-TRANPARENTE.png\",\"width\":1000,\"height\":906,\"caption\":\"OBEDUC - Pacto\"},\"image\":{\"@id\":\"https:\/\/wp.ufpel.edu.br\/obeducpacto\/#\/schema\/logo\/image\/\"}}]}<\/script>\n<!-- \/ Yoast SEO plugin. -->","yoast_head_json":{"title":"Produ\u00e7\u00f5es - OBEDUC - Pacto","robots":{"index":"index","follow":"follow","max-snippet":"max-snippet:-1","max-image-preview":"max-image-preview:large","max-video-preview":"max-video-preview:-1"},"canonical":"https:\/\/wp.ufpel.edu.br\/obeducpacto\/producoes\/","og_locale":"pt_BR","og_type":"article","og_title":"Produ\u00e7\u00f5es - OBEDUC - Pacto","og_description":"S\u00e9rie Narrativas Pedag\u00f3gicas S\u00e9rie Estudos e Pesquisas Cole\u00e7\u00e3o PNAIC-UFPEL &nbsp;","og_url":"https:\/\/wp.ufpel.edu.br\/obeducpacto\/producoes\/","og_site_name":"OBEDUC - Pacto","twitter_card":"summary_large_image","schema":{"@context":"https:\/\/schema.org","@graph":[{"@type":"WebPage","@id":"https:\/\/wp.ufpel.edu.br\/obeducpacto\/producoes\/","url":"https:\/\/wp.ufpel.edu.br\/obeducpacto\/producoes\/","name":"Produ\u00e7\u00f5es - OBEDUC - Pacto","isPartOf":{"@id":"https:\/\/wp.ufpel.edu.br\/obeducpacto\/#website"},"datePublished":"2025-02-05T20:14:58+00:00","breadcrumb":{"@id":"https:\/\/wp.ufpel.edu.br\/obeducpacto\/producoes\/#breadcrumb"},"inLanguage":"pt-BR","potentialAction":[{"@type":"ReadAction","target":["https:\/\/wp.ufpel.edu.br\/obeducpacto\/producoes\/"]}]},{"@type":"BreadcrumbList","@id":"https:\/\/wp.ufpel.edu.br\/obeducpacto\/producoes\/#breadcrumb","itemListElement":[{"@type":"ListItem","position":1,"name":"In\u00edcio","item":"https:\/\/wp.ufpel.edu.br\/obeducpacto\/"},{"@type":"ListItem","position":2,"name":"Produ\u00e7\u00f5es"}]},{"@type":"WebSite","@id":"https:\/\/wp.ufpel.edu.br\/obeducpacto\/#website","url":"https:\/\/wp.ufpel.edu.br\/obeducpacto\/","name":"OBEDUC - Pacto","description":"Universidade Federal de Pelotas","publisher":{"@id":"https:\/\/wp.ufpel.edu.br\/obeducpacto\/#organization"},"potentialAction":[{"@type":"SearchAction","target":{"@type":"EntryPoint","urlTemplate":"https:\/\/wp.ufpel.edu.br\/obeducpacto\/?s={search_term_string}"},"query-input":{"@type":"PropertyValueSpecification","valueRequired":true,"valueName":"search_term_string"}}],"inLanguage":"pt-BR"},{"@type":"Organization","@id":"https:\/\/wp.ufpel.edu.br\/obeducpacto\/#organization","name":"OBEDUC - Pacto","url":"https:\/\/wp.ufpel.edu.br\/obeducpacto\/","logo":{"@type":"ImageObject","inLanguage":"pt-BR","@id":"https:\/\/wp.ufpel.edu.br\/obeducpacto\/#\/schema\/logo\/image\/","url":"https:\/\/wp.ufpel.edu.br\/obeducpacto\/files\/2025\/08\/OBEDUC-Pacto-Marca-G-TRANPARENTE.png","contentUrl":"https:\/\/wp.ufpel.edu.br\/obeducpacto\/files\/2025\/08\/OBEDUC-Pacto-Marca-G-TRANPARENTE.png","width":1000,"height":906,"caption":"OBEDUC - Pacto"},"image":{"@id":"https:\/\/wp.ufpel.edu.br\/obeducpacto\/#\/schema\/logo\/image\/"}}]}},"_links":{"self":[{"href":"https:\/\/wp.ufpel.edu.br\/obeducpacto\/wp-json\/wp\/v2\/pages\/39","targetHints":{"allow":["GET"]}}],"collection":[{"href":"https:\/\/wp.ufpel.edu.br\/obeducpacto\/wp-json\/wp\/v2\/pages"}],"about":[{"href":"https:\/\/wp.ufpel.edu.br\/obeducpacto\/wp-json\/wp\/v2\/types\/page"}],"author":[{"embeddable":true,"href":"https:\/\/wp.ufpel.edu.br\/obeducpacto\/wp-json\/wp\/v2\/users\/329"}],"replies":[{"embeddable":true,"href":"https:\/\/wp.ufpel.edu.br\/obeducpacto\/wp-json\/wp\/v2\/comments?post=39"}],"version-history":[{"count":0,"href":"https:\/\/wp.ufpel.edu.br\/obeducpacto\/wp-json\/wp\/v2\/pages\/39\/revisions"}],"wp:attachment":[{"href":"https:\/\/wp.ufpel.edu.br\/obeducpacto\/wp-json\/wp\/v2\/media?parent=39"}],"curies":[{"name":"wp","href":"https:\/\/api.w.org\/{rel}","templated":true}]}}