{"id":347,"date":"2014-11-21T08:52:52","date_gmt":"2014-11-21T10:52:52","guid":{"rendered":"https:\/\/wp.ufpel.edu.br\/obeducpacto\/?page_id=347"},"modified":"2020-12-02T14:47:10","modified_gmt":"2020-12-02T17:47:10","slug":"projetos-de-pesquisa","status":"publish","type":"page","link":"https:\/\/wp.ufpel.edu.br\/obeducpacto\/projetos-em-desenvolvimento\/projetos-de-pesquisa\/","title":{"rendered":"Projetos de pesquisa"},"content":{"rendered":"<p>Descri\u00e7\u00e3o: Os projetos de pesquisa em andamento s\u00e3o desenvolvidos pelos estudantes vinculados \u00e0 Linha de Pesquisa Cultura Escrita, Linguagens e Aprendizagem e \u00e0 Linha de Pesquisa Forma\u00e7\u00e3o de Professores, ensino, processos e pr\u00e1ticas educativas do Programa de P\u00f3s-Gradua\u00e7\u00e3o em Educa\u00e7\u00e3o\/UFPel<\/p>\n<hr \/>\n<p style=\"text-align: center\"><span style=\"background-color: #ffcc99\">DOUTORADO<\/span><\/p>\n<hr \/>\n<p>Tem\u00e1tica: Um estudo sobre o processo de constitui\u00e7\u00e3o da palavra gr\u00e1fica durante a aquisi\u00e7\u00e3o da escrita<\/p>\n<p>Carmen Regina Gon\u00e7alves Ferreira<\/p>\n<p>Doutorado em Educa\u00e7\u00e3o: 2012-2016<\/p>\n<p>Orientadora: Ana Ruth Moresco Miranda<\/p>\n<hr \/>\n<p>Tem\u00e1tica: Forma\u00e7\u00e3o continuada de professoras alfabetizadoras<\/p>\n<p>Katlen B\u00f6hn Grando<\/p>\n<p>Doutorado em Educa\u00e7\u00e3o: 2014-2018<\/p>\n<p>Orientadora: Marta N\u00f6rnberg<\/p>\n<hr \/>\n<p style=\"text-align: center\"><span style=\"background-color: #ffcc99\">MESTRADO<\/span><\/p>\n<hr \/>\n<p>Tem\u00e1tica: Autorregula\u00e7\u00e3o da aprendizagem com crian\u00e7as do primeiro ciclo. Projeto Travessuras do Amarelo<\/p>\n<p>Glediane Saldanha Goetzke da Rosa<\/p>\n<p>Mestrado em Educa\u00e7\u00e3o: 2013-2015<\/p>\n<p>Orientadora: Lourdes Maria Bragagnolo Frison<\/p>\n<hr \/>\n<p>Tem\u00e1tica: Forma\u00e7\u00e3o do professor de anos iniciais para o ensino de Ci\u00eancias e alfabetiza\u00e7\u00e3o cient\u00edfica<\/p>\n<p>Igor Daniel Martins Pereira<\/p>\n<p>Mestrado em Educa\u00e7\u00e3o: 2013-2015<\/p>\n<p>Orientadora: Marta N\u00f6rnberg<\/p>\n<hr \/>\n<p>Tem\u00e1tica: Organiza\u00e7\u00e3o do trabalho pedag\u00f3gico no ciclo de alfabetiza\u00e7\u00e3o<\/p>\n<p>Nat\u00e1lia Devantier de Oliveira<\/p>\n<p>Mestrado em Educa\u00e7\u00e3o: 2014-2016<\/p>\n<p>Orientadora: Marta N\u00f6rnberg<\/p>\n<hr \/>\n<p style=\"text-align: center\"><span style=\"background-color: #ffcc99\">INICIA\u00c7\u00c3O CIENT\u00cdFICA<\/span><\/p>\n<hr \/>\n<p>Tem\u00e1tica: Que concep\u00e7\u00f5es revelam materiais elaborados por professoras participantes do PNAIC sobre o sistema de escrita alfab\u00e9tica?<\/p>\n<p>D\u00e9bora Hartwig Wendler<\/p>\n<p>Inicia\u00e7\u00e3o Cient\u00edfica: In\u00edcio 2019<\/p>\n<p>Orientadora: Marta N\u00f6rnberg<\/p>\n<hr \/>\n<p>Tem\u00e1tica: An\u00e1lise sobre a dimens\u00e3o conceitual e pr\u00e1tica da leitura em processos de forma\u00e7\u00e3o do PNAIC-UFPEL.<\/p>\n<p>Mauricio Cardoso Dias<\/p>\n<p>Inicia\u00e7\u00e3o Cient\u00edfica: In\u00edcio 2019<\/p>\n<p>Orientadora: Marta N\u00f6rnberg<\/p>\n<hr \/>\n<p>Tem\u00e1tica:<\/p>\n<p>Milena Venzke Kaadt<\/p>\n<p>Inicia\u00e7\u00e3o Cient\u00edfica: In\u00edcio 2019<\/p>\n<p>Orientadora: Marta N\u00f6rnberg<\/p>\n<hr \/>\n<p>&nbsp;<\/p>\n","protected":false},"excerpt":{"rendered":"<p>Descri\u00e7\u00e3o: Os projetos de pesquisa em andamento s\u00e3o desenvolvidos pelos estudantes vinculados \u00e0 Linha de Pesquisa Cultura Escrita, Linguagens e Aprendizagem e \u00e0 Linha de Pesquisa Forma\u00e7\u00e3o de Professores, ensino, processos e pr\u00e1ticas educativas do Programa de P\u00f3s-Gradua\u00e7\u00e3o em Educa\u00e7\u00e3o\/UFPel DOUTORADO Tem\u00e1tica: Um estudo sobre o processo de constitui\u00e7\u00e3o da palavra gr\u00e1fica durante a aquisi\u00e7\u00e3o [&hellip;]<\/p>\n","protected":false},"author":329,"featured_media":0,"parent":344,"menu_order":0,"comment_status":"closed","ping_status":"closed","template":"","meta":{"footnotes":""},"class_list":["post-347","page","type-page","status-publish","hentry"],"yoast_head":"<!-- This site is optimized with the Yoast SEO plugin v26.7 - https:\/\/yoast.com\/wordpress\/plugins\/seo\/ -->\n<title>Projetos de pesquisa - OBEDUC - Pacto<\/title>\n<meta name=\"robots\" content=\"index, follow, max-snippet:-1, max-image-preview:large, max-video-preview:-1\" \/>\n<link rel=\"canonical\" href=\"https:\/\/wp.ufpel.edu.br\/obeducpacto\/projetos-em-desenvolvimento\/projetos-de-pesquisa\/\" \/>\n<meta property=\"og:locale\" content=\"pt_BR\" \/>\n<meta property=\"og:type\" content=\"article\" \/>\n<meta property=\"og:title\" content=\"Projetos de pesquisa - OBEDUC - Pacto\" \/>\n<meta property=\"og:description\" content=\"Descri\u00e7\u00e3o: Os projetos de pesquisa em andamento s\u00e3o desenvolvidos pelos estudantes vinculados \u00e0 Linha de Pesquisa Cultura Escrita, Linguagens e Aprendizagem e \u00e0 Linha de Pesquisa Forma\u00e7\u00e3o de Professores, ensino, processos e pr\u00e1ticas educativas do Programa de P\u00f3s-Gradua\u00e7\u00e3o em Educa\u00e7\u00e3o\/UFPel DOUTORADO Tem\u00e1tica: Um estudo sobre o processo de constitui\u00e7\u00e3o da palavra gr\u00e1fica durante a aquisi\u00e7\u00e3o [&hellip;]\" \/>\n<meta property=\"og:url\" content=\"https:\/\/wp.ufpel.edu.br\/obeducpacto\/projetos-em-desenvolvimento\/projetos-de-pesquisa\/\" \/>\n<meta property=\"og:site_name\" content=\"OBEDUC - Pacto\" \/>\n<meta property=\"article:modified_time\" content=\"2020-12-02T17:47:10+00:00\" \/>\n<meta name=\"twitter:card\" content=\"summary_large_image\" \/>\n<meta name=\"twitter:label1\" content=\"Est. tempo de leitura\" \/>\n\t<meta name=\"twitter:data1\" content=\"1 minuto\" \/>\n<script type=\"application\/ld+json\" class=\"yoast-schema-graph\">{\"@context\":\"https:\/\/schema.org\",\"@graph\":[{\"@type\":\"WebPage\",\"@id\":\"https:\/\/wp.ufpel.edu.br\/obeducpacto\/projetos-em-desenvolvimento\/projetos-de-pesquisa\/\",\"url\":\"https:\/\/wp.ufpel.edu.br\/obeducpacto\/projetos-em-desenvolvimento\/projetos-de-pesquisa\/\",\"name\":\"Projetos de pesquisa - OBEDUC - Pacto\",\"isPartOf\":{\"@id\":\"https:\/\/wp.ufpel.edu.br\/obeducpacto\/#website\"},\"datePublished\":\"2014-11-21T10:52:52+00:00\",\"dateModified\":\"2020-12-02T17:47:10+00:00\",\"breadcrumb\":{\"@id\":\"https:\/\/wp.ufpel.edu.br\/obeducpacto\/projetos-em-desenvolvimento\/projetos-de-pesquisa\/#breadcrumb\"},\"inLanguage\":\"pt-BR\",\"potentialAction\":[{\"@type\":\"ReadAction\",\"target\":[\"https:\/\/wp.ufpel.edu.br\/obeducpacto\/projetos-em-desenvolvimento\/projetos-de-pesquisa\/\"]}]},{\"@type\":\"BreadcrumbList\",\"@id\":\"https:\/\/wp.ufpel.edu.br\/obeducpacto\/projetos-em-desenvolvimento\/projetos-de-pesquisa\/#breadcrumb\",\"itemListElement\":[{\"@type\":\"ListItem\",\"position\":1,\"name\":\"In\u00edcio\",\"item\":\"https:\/\/wp.ufpel.edu.br\/obeducpacto\/\"},{\"@type\":\"ListItem\",\"position\":2,\"name\":\"Projetos em desenvolvimento\",\"item\":\"https:\/\/wp.ufpel.edu.br\/obeducpacto\/projetos-em-desenvolvimento\/\"},{\"@type\":\"ListItem\",\"position\":3,\"name\":\"Projetos de pesquisa\"}]},{\"@type\":\"WebSite\",\"@id\":\"https:\/\/wp.ufpel.edu.br\/obeducpacto\/#website\",\"url\":\"https:\/\/wp.ufpel.edu.br\/obeducpacto\/\",\"name\":\"OBEDUC - Pacto\",\"description\":\"Universidade Federal de Pelotas\",\"publisher\":{\"@id\":\"https:\/\/wp.ufpel.edu.br\/obeducpacto\/#organization\"},\"potentialAction\":[{\"@type\":\"SearchAction\",\"target\":{\"@type\":\"EntryPoint\",\"urlTemplate\":\"https:\/\/wp.ufpel.edu.br\/obeducpacto\/?s={search_term_string}\"},\"query-input\":{\"@type\":\"PropertyValueSpecification\",\"valueRequired\":true,\"valueName\":\"search_term_string\"}}],\"inLanguage\":\"pt-BR\"},{\"@type\":\"Organization\",\"@id\":\"https:\/\/wp.ufpel.edu.br\/obeducpacto\/#organization\",\"name\":\"OBEDUC - Pacto\",\"url\":\"https:\/\/wp.ufpel.edu.br\/obeducpacto\/\",\"logo\":{\"@type\":\"ImageObject\",\"inLanguage\":\"pt-BR\",\"@id\":\"https:\/\/wp.ufpel.edu.br\/obeducpacto\/#\/schema\/logo\/image\/\",\"url\":\"https:\/\/wp.ufpel.edu.br\/obeducpacto\/files\/2025\/08\/OBEDUC-Pacto-Marca-G-TRANPARENTE.png\",\"contentUrl\":\"https:\/\/wp.ufpel.edu.br\/obeducpacto\/files\/2025\/08\/OBEDUC-Pacto-Marca-G-TRANPARENTE.png\",\"width\":1000,\"height\":906,\"caption\":\"OBEDUC - Pacto\"},\"image\":{\"@id\":\"https:\/\/wp.ufpel.edu.br\/obeducpacto\/#\/schema\/logo\/image\/\"}}]}<\/script>\n<!-- \/ Yoast SEO plugin. -->","yoast_head_json":{"title":"Projetos de pesquisa - OBEDUC - Pacto","robots":{"index":"index","follow":"follow","max-snippet":"max-snippet:-1","max-image-preview":"max-image-preview:large","max-video-preview":"max-video-preview:-1"},"canonical":"https:\/\/wp.ufpel.edu.br\/obeducpacto\/projetos-em-desenvolvimento\/projetos-de-pesquisa\/","og_locale":"pt_BR","og_type":"article","og_title":"Projetos de pesquisa - OBEDUC - Pacto","og_description":"Descri\u00e7\u00e3o: Os projetos de pesquisa em andamento s\u00e3o desenvolvidos pelos estudantes vinculados \u00e0 Linha de Pesquisa Cultura Escrita, Linguagens e Aprendizagem e \u00e0 Linha de Pesquisa Forma\u00e7\u00e3o de Professores, ensino, processos e pr\u00e1ticas educativas do Programa de P\u00f3s-Gradua\u00e7\u00e3o em Educa\u00e7\u00e3o\/UFPel DOUTORADO Tem\u00e1tica: Um estudo sobre o processo de constitui\u00e7\u00e3o da palavra gr\u00e1fica durante a aquisi\u00e7\u00e3o [&hellip;]","og_url":"https:\/\/wp.ufpel.edu.br\/obeducpacto\/projetos-em-desenvolvimento\/projetos-de-pesquisa\/","og_site_name":"OBEDUC - Pacto","article_modified_time":"2020-12-02T17:47:10+00:00","twitter_card":"summary_large_image","twitter_misc":{"Est. tempo de leitura":"1 minuto"},"schema":{"@context":"https:\/\/schema.org","@graph":[{"@type":"WebPage","@id":"https:\/\/wp.ufpel.edu.br\/obeducpacto\/projetos-em-desenvolvimento\/projetos-de-pesquisa\/","url":"https:\/\/wp.ufpel.edu.br\/obeducpacto\/projetos-em-desenvolvimento\/projetos-de-pesquisa\/","name":"Projetos de pesquisa - OBEDUC - Pacto","isPartOf":{"@id":"https:\/\/wp.ufpel.edu.br\/obeducpacto\/#website"},"datePublished":"2014-11-21T10:52:52+00:00","dateModified":"2020-12-02T17:47:10+00:00","breadcrumb":{"@id":"https:\/\/wp.ufpel.edu.br\/obeducpacto\/projetos-em-desenvolvimento\/projetos-de-pesquisa\/#breadcrumb"},"inLanguage":"pt-BR","potentialAction":[{"@type":"ReadAction","target":["https:\/\/wp.ufpel.edu.br\/obeducpacto\/projetos-em-desenvolvimento\/projetos-de-pesquisa\/"]}]},{"@type":"BreadcrumbList","@id":"https:\/\/wp.ufpel.edu.br\/obeducpacto\/projetos-em-desenvolvimento\/projetos-de-pesquisa\/#breadcrumb","itemListElement":[{"@type":"ListItem","position":1,"name":"In\u00edcio","item":"https:\/\/wp.ufpel.edu.br\/obeducpacto\/"},{"@type":"ListItem","position":2,"name":"Projetos em desenvolvimento","item":"https:\/\/wp.ufpel.edu.br\/obeducpacto\/projetos-em-desenvolvimento\/"},{"@type":"ListItem","position":3,"name":"Projetos de pesquisa"}]},{"@type":"WebSite","@id":"https:\/\/wp.ufpel.edu.br\/obeducpacto\/#website","url":"https:\/\/wp.ufpel.edu.br\/obeducpacto\/","name":"OBEDUC - Pacto","description":"Universidade Federal de Pelotas","publisher":{"@id":"https:\/\/wp.ufpel.edu.br\/obeducpacto\/#organization"},"potentialAction":[{"@type":"SearchAction","target":{"@type":"EntryPoint","urlTemplate":"https:\/\/wp.ufpel.edu.br\/obeducpacto\/?s={search_term_string}"},"query-input":{"@type":"PropertyValueSpecification","valueRequired":true,"valueName":"search_term_string"}}],"inLanguage":"pt-BR"},{"@type":"Organization","@id":"https:\/\/wp.ufpel.edu.br\/obeducpacto\/#organization","name":"OBEDUC - Pacto","url":"https:\/\/wp.ufpel.edu.br\/obeducpacto\/","logo":{"@type":"ImageObject","inLanguage":"pt-BR","@id":"https:\/\/wp.ufpel.edu.br\/obeducpacto\/#\/schema\/logo\/image\/","url":"https:\/\/wp.ufpel.edu.br\/obeducpacto\/files\/2025\/08\/OBEDUC-Pacto-Marca-G-TRANPARENTE.png","contentUrl":"https:\/\/wp.ufpel.edu.br\/obeducpacto\/files\/2025\/08\/OBEDUC-Pacto-Marca-G-TRANPARENTE.png","width":1000,"height":906,"caption":"OBEDUC - Pacto"},"image":{"@id":"https:\/\/wp.ufpel.edu.br\/obeducpacto\/#\/schema\/logo\/image\/"}}]}},"_links":{"self":[{"href":"https:\/\/wp.ufpel.edu.br\/obeducpacto\/wp-json\/wp\/v2\/pages\/347","targetHints":{"allow":["GET"]}}],"collection":[{"href":"https:\/\/wp.ufpel.edu.br\/obeducpacto\/wp-json\/wp\/v2\/pages"}],"about":[{"href":"https:\/\/wp.ufpel.edu.br\/obeducpacto\/wp-json\/wp\/v2\/types\/page"}],"author":[{"embeddable":true,"href":"https:\/\/wp.ufpel.edu.br\/obeducpacto\/wp-json\/wp\/v2\/users\/329"}],"replies":[{"embeddable":true,"href":"https:\/\/wp.ufpel.edu.br\/obeducpacto\/wp-json\/wp\/v2\/comments?post=347"}],"version-history":[{"count":4,"href":"https:\/\/wp.ufpel.edu.br\/obeducpacto\/wp-json\/wp\/v2\/pages\/347\/revisions"}],"predecessor-version":[{"id":1574,"href":"https:\/\/wp.ufpel.edu.br\/obeducpacto\/wp-json\/wp\/v2\/pages\/347\/revisions\/1574"}],"up":[{"embeddable":true,"href":"https:\/\/wp.ufpel.edu.br\/obeducpacto\/wp-json\/wp\/v2\/pages\/344"}],"wp:attachment":[{"href":"https:\/\/wp.ufpel.edu.br\/obeducpacto\/wp-json\/wp\/v2\/media?parent=347"}],"curies":[{"name":"wp","href":"https:\/\/api.w.org\/{rel}","templated":true}]}}