{"id":1047,"date":"2018-03-15T09:43:27","date_gmt":"2018-03-15T12:43:27","guid":{"rendered":"https:\/\/wp.ufpel.edu.br\/obeducpacto\/?page_id=1047"},"modified":"2018-03-15T09:47:07","modified_gmt":"2018-03-15T12:47:07","slug":"seminarioestadualpnaic2014","status":"publish","type":"page","link":"https:\/\/wp.ufpel.edu.br\/obeducpacto\/seminarioestadualpnaic2014\/","title":{"rendered":"Caderno de Resumos do Semin\u00e1rio Estadual PNAIC 2014"},"content":{"rendered":"<p>&nbsp;<\/p>\n<p><a href=\"https:\/\/wp.ufpel.edu.br\/obeducpacto\/files\/2016\/04\/Caderno-de-Resumos-Seminario-PNAIC-2014-final.pdf\">Caderno de Resumos: Semin\u00e1rio Estadual PNAIC 2014<\/a><\/p>\n<p>&nbsp;<\/p>\n<p>1. Apresenta\u00e7\u00e3o<\/p>\n<p style=\"text-align: justify\">O Semin\u00e1rio Estadual 2014 encerrou as atividades anuais de forma\u00e7\u00e3o do Programa Pacto Nacional pela Alfabetiza\u00e7\u00e3o na Idade Certa\/Matem\u00e1tica (PNAIC), cujo objetivo principal foi a Forma\u00e7\u00e3o continuada de Professores das Redes P\u00fablicas de Ensino que atuam nos tr\u00eas primeiros anos do Ensino Fundamental, a\u00e7\u00e3o coordenada, em parte do Rio Grande do Sul, pela Universidade Federal de Pelotas (UFPel). A Equipe PNAIC-UFPel organizou este evento com o intuito de criar um espa\u00e7o para o compartilhamento e a avalia\u00e7\u00e3o das atividades desenvolvidas ao longo do ano de 2014. Um grupo de 38 formadores e 517 professores Orientadores de Estudo, de 150 munic\u00edpios ga\u00fachos, celebrou a conclus\u00e3o com os professores e com a comunidade o t\u00e9rmino de um ano de trabalho intenso. Os resultados deste investimento, que mobilizou os governos Federal, Estadual e Municipais assim como a equipe da Universidade e, sobretudo, os Professores Alfabetizadores, foram vislumbrados em apresenta\u00e7\u00f5es sob forma de relato de experi\u00eancia. Ao t\u00e9rmino deste Semin\u00e1rio, foram cumpridas as 200 horas de forma\u00e7\u00e3o com os Orientadores de Estudos. Os resumos que constituem este caderno apresentam os resultados de estudos e pr\u00e1ticas de forma\u00e7\u00e3o continuada desenvolvidas ao longo de 2014.<\/p>\n<p>Coordena\u00e7\u00e3o Equipe PNAIC-UFPEL<\/p>\n<p>&nbsp;<\/p>\n<p>2. Corpo editorial<\/p>\n<p>Coordenador Geral<\/p>\n<p>Ant\u00f4nio Maur\u00edcio Medeiros Alves<\/p>\n<p>&nbsp;<\/p>\n<p>Coordenadoras Adjuntas<\/p>\n<p>Ana Paula Nobre da Cunha<\/p>\n<p>Marta N\u00f6rnberg<\/p>\n<p>&nbsp;<\/p>\n<p>Supervisores<\/p>\n<p>Eliane Kiss de Souza<\/p>\n<p>Gilceane Caetano Porto<\/p>\n<p>Jana\u00edna Soares Martins Lapuente<\/p>\n<p>Patr\u00edcia dos Santos Moura<\/p>\n<p>Rose Lemos de Pinho<\/p>\n<p>&nbsp;<\/p>\n<p>Apoio T\u00e9cnico<\/p>\n<p>Cristiane Rodrigues de Rodrigues<\/p>\n<p>Milena Medeiros de Mattos<\/p>\n<p>Rita do Carmo Bortolotti Lemos<\/p>\n<p>Identidade Visual e Diagrama\u00e7\u00e3o<\/p>\n<p>Chris de Azevedo Ramil<\/p>\n<p>&nbsp;<\/p>\n<p>P\u00e1gina Web<\/p>\n<p>Leroi Floriano de Oliveira<\/p>\n<p>http:\/\/pnaic.ufpel.edu.br\/<\/p>\n<p>pacto.ufpel@gmail.com<\/p>\n<p>&nbsp;<\/p>\n<p>Formadores<\/p>\n<p>Alexander Severo Cordoba<\/p>\n<p>Aline Vieira da Cunha<\/p>\n<p>Ana Carolina dos Santos Alves<\/p>\n<p>Carmen Regina Gon\u00e7alves Ferreira<\/p>\n<p>Cristiane de \u00c1vila Lopes<\/p>\n<p>Daiani de Jesus Garcia<\/p>\n<p>Darlise Nunes Ferreira<\/p>\n<p>Denise Garcia Maia<\/p>\n<p>Eliane Helena Menegotti<\/p>\n<p>Elisangela Krafichinski Trentin<\/p>\n<p>Eunice Souza Couto<\/p>\n<p>Fabiana Caldeira Damasco<\/p>\n<p>Fabiane Rodrigues Viana<\/p>\n<p>Fabr\u00edcio Monte Freitas<\/p>\n<p>Fernanda Pinheiro Leite Pereira<\/p>\n<p>Francine Fernandes Ribeiro<\/p>\n<p>Girlei dos Santos<\/p>\n<p>Gisele Ramos Lima<\/p>\n<p>Lenise Maraschin Nunes<\/p>\n<p>Let\u00edcia de Queiroz Maffei<\/p>\n<p>Luana de Gusm\u00e3o Silveira<\/p>\n<p>Luciane Tavares Pinheiro<\/p>\n<p>Marcia Souza da Rosa<\/p>\n<p>Maria Laura Pinto e Rosa<\/p>\n<p>Mirela Stef\u00e2nea Pacheco<\/p>\n<p>Nilza Teresinha Ribeiro Xavier<\/p>\n<p>Patr\u00edcia Bonow Fassbender<\/p>\n<p>Patr\u00edcia de Faria Ferreira<\/p>\n<p>Patr\u00edcia Pinho Contreira<\/p>\n<p>Ruhena Kelber Abr\u00e3o Ferreira<\/p>\n<p>Silvia Raquel Islab\u00e3o da Silveira<\/p>\n<p>&nbsp;<\/p>\n<p>3. Normas para publica\u00e7\u00e3o<\/p>\n<p>Caderno de Resumos [do] Semin\u00e1rio Estadual do Pacto Nacional pela Alfabetiza\u00e7\u00e3o na Idade Certa. 09 e 11 de dezembro de 2014\/RS [recurso eletr\u00f4nico] &#8211; Pelotas : [s.n.], 2014. 45 p.<\/p>\n<p>&nbsp;<\/p>\n<p>4. Endere\u00e7o de contato<\/p>\n<p>ufpel.obeduc.pacto@gmail.com<\/p>\n<p>&nbsp;<\/p>\n<p>5. Edi\u00e7\u00e3o atual<\/p>\n<p>II Edi\u00e7\u00e3o (2014)<\/p>\n<p>&nbsp;<\/p>\n<p>6. Edi\u00e7\u00f5es anteriores<\/p>\n<p>I Edi\u00e7\u00e3o (2013)<\/p>\n","protected":false},"excerpt":{"rendered":"<p>&nbsp; Caderno de Resumos: Semin\u00e1rio Estadual PNAIC 2014 &nbsp; 1. Apresenta\u00e7\u00e3o O Semin\u00e1rio Estadual 2014 encerrou as atividades anuais de forma\u00e7\u00e3o do Programa Pacto Nacional pela Alfabetiza\u00e7\u00e3o na Idade Certa\/Matem\u00e1tica (PNAIC), cujo objetivo principal foi a Forma\u00e7\u00e3o continuada de Professores das Redes P\u00fablicas de Ensino que atuam nos tr\u00eas primeiros anos do Ensino Fundamental, a\u00e7\u00e3o [&hellip;]<\/p>\n","protected":false},"author":329,"featured_media":0,"parent":0,"menu_order":0,"comment_status":"closed","ping_status":"closed","template":"","meta":{"footnotes":""},"class_list":["post-1047","page","type-page","status-publish","hentry"],"yoast_head":"<!-- This site is optimized with the Yoast SEO plugin v26.7 - https:\/\/yoast.com\/wordpress\/plugins\/seo\/ -->\n<title>Caderno de Resumos do Semin\u00e1rio Estadual PNAIC 2014 - OBEDUC - Pacto<\/title>\n<meta name=\"robots\" content=\"index, follow, max-snippet:-1, max-image-preview:large, max-video-preview:-1\" \/>\n<link rel=\"canonical\" href=\"https:\/\/wp.ufpel.edu.br\/obeducpacto\/seminarioestadualpnaic2014\/\" \/>\n<meta property=\"og:locale\" content=\"pt_BR\" \/>\n<meta property=\"og:type\" content=\"article\" \/>\n<meta property=\"og:title\" content=\"Caderno de Resumos do Semin\u00e1rio Estadual PNAIC 2014 - OBEDUC - Pacto\" \/>\n<meta property=\"og:description\" content=\"&nbsp; Caderno de Resumos: Semin\u00e1rio Estadual PNAIC 2014 &nbsp; 1. Apresenta\u00e7\u00e3o O Semin\u00e1rio Estadual 2014 encerrou as atividades anuais de forma\u00e7\u00e3o do Programa Pacto Nacional pela Alfabetiza\u00e7\u00e3o na Idade Certa\/Matem\u00e1tica (PNAIC), cujo objetivo principal foi a Forma\u00e7\u00e3o continuada de Professores das Redes P\u00fablicas de Ensino que atuam nos tr\u00eas primeiros anos do Ensino Fundamental, a\u00e7\u00e3o [&hellip;]\" \/>\n<meta property=\"og:url\" content=\"https:\/\/wp.ufpel.edu.br\/obeducpacto\/seminarioestadualpnaic2014\/\" \/>\n<meta property=\"og:site_name\" content=\"OBEDUC - Pacto\" \/>\n<meta property=\"article:modified_time\" content=\"2018-03-15T12:47:07+00:00\" \/>\n<meta name=\"twitter:card\" content=\"summary_large_image\" \/>\n<meta name=\"twitter:label1\" content=\"Est. tempo de leitura\" \/>\n\t<meta name=\"twitter:data1\" content=\"2 minutos\" \/>\n<script type=\"application\/ld+json\" class=\"yoast-schema-graph\">{\"@context\":\"https:\/\/schema.org\",\"@graph\":[{\"@type\":\"WebPage\",\"@id\":\"https:\/\/wp.ufpel.edu.br\/obeducpacto\/seminarioestadualpnaic2014\/\",\"url\":\"https:\/\/wp.ufpel.edu.br\/obeducpacto\/seminarioestadualpnaic2014\/\",\"name\":\"Caderno de Resumos do Semin\u00e1rio Estadual PNAIC 2014 - OBEDUC - Pacto\",\"isPartOf\":{\"@id\":\"https:\/\/wp.ufpel.edu.br\/obeducpacto\/#website\"},\"datePublished\":\"2018-03-15T12:43:27+00:00\",\"dateModified\":\"2018-03-15T12:47:07+00:00\",\"breadcrumb\":{\"@id\":\"https:\/\/wp.ufpel.edu.br\/obeducpacto\/seminarioestadualpnaic2014\/#breadcrumb\"},\"inLanguage\":\"pt-BR\",\"potentialAction\":[{\"@type\":\"ReadAction\",\"target\":[\"https:\/\/wp.ufpel.edu.br\/obeducpacto\/seminarioestadualpnaic2014\/\"]}]},{\"@type\":\"BreadcrumbList\",\"@id\":\"https:\/\/wp.ufpel.edu.br\/obeducpacto\/seminarioestadualpnaic2014\/#breadcrumb\",\"itemListElement\":[{\"@type\":\"ListItem\",\"position\":1,\"name\":\"In\u00edcio\",\"item\":\"https:\/\/wp.ufpel.edu.br\/obeducpacto\/\"},{\"@type\":\"ListItem\",\"position\":2,\"name\":\"Caderno de Resumos do Semin\u00e1rio Estadual PNAIC 2014\"}]},{\"@type\":\"WebSite\",\"@id\":\"https:\/\/wp.ufpel.edu.br\/obeducpacto\/#website\",\"url\":\"https:\/\/wp.ufpel.edu.br\/obeducpacto\/\",\"name\":\"OBEDUC - Pacto\",\"description\":\"Universidade Federal de Pelotas\",\"publisher\":{\"@id\":\"https:\/\/wp.ufpel.edu.br\/obeducpacto\/#organization\"},\"potentialAction\":[{\"@type\":\"SearchAction\",\"target\":{\"@type\":\"EntryPoint\",\"urlTemplate\":\"https:\/\/wp.ufpel.edu.br\/obeducpacto\/?s={search_term_string}\"},\"query-input\":{\"@type\":\"PropertyValueSpecification\",\"valueRequired\":true,\"valueName\":\"search_term_string\"}}],\"inLanguage\":\"pt-BR\"},{\"@type\":\"Organization\",\"@id\":\"https:\/\/wp.ufpel.edu.br\/obeducpacto\/#organization\",\"name\":\"OBEDUC - Pacto\",\"url\":\"https:\/\/wp.ufpel.edu.br\/obeducpacto\/\",\"logo\":{\"@type\":\"ImageObject\",\"inLanguage\":\"pt-BR\",\"@id\":\"https:\/\/wp.ufpel.edu.br\/obeducpacto\/#\/schema\/logo\/image\/\",\"url\":\"https:\/\/wp.ufpel.edu.br\/obeducpacto\/files\/2025\/08\/OBEDUC-Pacto-Marca-G-TRANPARENTE.png\",\"contentUrl\":\"https:\/\/wp.ufpel.edu.br\/obeducpacto\/files\/2025\/08\/OBEDUC-Pacto-Marca-G-TRANPARENTE.png\",\"width\":1000,\"height\":906,\"caption\":\"OBEDUC - Pacto\"},\"image\":{\"@id\":\"https:\/\/wp.ufpel.edu.br\/obeducpacto\/#\/schema\/logo\/image\/\"}}]}<\/script>\n<!-- \/ Yoast SEO plugin. -->","yoast_head_json":{"title":"Caderno de Resumos do Semin\u00e1rio Estadual PNAIC 2014 - OBEDUC - Pacto","robots":{"index":"index","follow":"follow","max-snippet":"max-snippet:-1","max-image-preview":"max-image-preview:large","max-video-preview":"max-video-preview:-1"},"canonical":"https:\/\/wp.ufpel.edu.br\/obeducpacto\/seminarioestadualpnaic2014\/","og_locale":"pt_BR","og_type":"article","og_title":"Caderno de Resumos do Semin\u00e1rio Estadual PNAIC 2014 - OBEDUC - Pacto","og_description":"&nbsp; Caderno de Resumos: Semin\u00e1rio Estadual PNAIC 2014 &nbsp; 1. Apresenta\u00e7\u00e3o O Semin\u00e1rio Estadual 2014 encerrou as atividades anuais de forma\u00e7\u00e3o do Programa Pacto Nacional pela Alfabetiza\u00e7\u00e3o na Idade Certa\/Matem\u00e1tica (PNAIC), cujo objetivo principal foi a Forma\u00e7\u00e3o continuada de Professores das Redes P\u00fablicas de Ensino que atuam nos tr\u00eas primeiros anos do Ensino Fundamental, a\u00e7\u00e3o [&hellip;]","og_url":"https:\/\/wp.ufpel.edu.br\/obeducpacto\/seminarioestadualpnaic2014\/","og_site_name":"OBEDUC - Pacto","article_modified_time":"2018-03-15T12:47:07+00:00","twitter_card":"summary_large_image","twitter_misc":{"Est. tempo de leitura":"2 minutos"},"schema":{"@context":"https:\/\/schema.org","@graph":[{"@type":"WebPage","@id":"https:\/\/wp.ufpel.edu.br\/obeducpacto\/seminarioestadualpnaic2014\/","url":"https:\/\/wp.ufpel.edu.br\/obeducpacto\/seminarioestadualpnaic2014\/","name":"Caderno de Resumos do Semin\u00e1rio Estadual PNAIC 2014 - OBEDUC - Pacto","isPartOf":{"@id":"https:\/\/wp.ufpel.edu.br\/obeducpacto\/#website"},"datePublished":"2018-03-15T12:43:27+00:00","dateModified":"2018-03-15T12:47:07+00:00","breadcrumb":{"@id":"https:\/\/wp.ufpel.edu.br\/obeducpacto\/seminarioestadualpnaic2014\/#breadcrumb"},"inLanguage":"pt-BR","potentialAction":[{"@type":"ReadAction","target":["https:\/\/wp.ufpel.edu.br\/obeducpacto\/seminarioestadualpnaic2014\/"]}]},{"@type":"BreadcrumbList","@id":"https:\/\/wp.ufpel.edu.br\/obeducpacto\/seminarioestadualpnaic2014\/#breadcrumb","itemListElement":[{"@type":"ListItem","position":1,"name":"In\u00edcio","item":"https:\/\/wp.ufpel.edu.br\/obeducpacto\/"},{"@type":"ListItem","position":2,"name":"Caderno de Resumos do Semin\u00e1rio Estadual PNAIC 2014"}]},{"@type":"WebSite","@id":"https:\/\/wp.ufpel.edu.br\/obeducpacto\/#website","url":"https:\/\/wp.ufpel.edu.br\/obeducpacto\/","name":"OBEDUC - Pacto","description":"Universidade Federal de Pelotas","publisher":{"@id":"https:\/\/wp.ufpel.edu.br\/obeducpacto\/#organization"},"potentialAction":[{"@type":"SearchAction","target":{"@type":"EntryPoint","urlTemplate":"https:\/\/wp.ufpel.edu.br\/obeducpacto\/?s={search_term_string}"},"query-input":{"@type":"PropertyValueSpecification","valueRequired":true,"valueName":"search_term_string"}}],"inLanguage":"pt-BR"},{"@type":"Organization","@id":"https:\/\/wp.ufpel.edu.br\/obeducpacto\/#organization","name":"OBEDUC - Pacto","url":"https:\/\/wp.ufpel.edu.br\/obeducpacto\/","logo":{"@type":"ImageObject","inLanguage":"pt-BR","@id":"https:\/\/wp.ufpel.edu.br\/obeducpacto\/#\/schema\/logo\/image\/","url":"https:\/\/wp.ufpel.edu.br\/obeducpacto\/files\/2025\/08\/OBEDUC-Pacto-Marca-G-TRANPARENTE.png","contentUrl":"https:\/\/wp.ufpel.edu.br\/obeducpacto\/files\/2025\/08\/OBEDUC-Pacto-Marca-G-TRANPARENTE.png","width":1000,"height":906,"caption":"OBEDUC - Pacto"},"image":{"@id":"https:\/\/wp.ufpel.edu.br\/obeducpacto\/#\/schema\/logo\/image\/"}}]}},"_links":{"self":[{"href":"https:\/\/wp.ufpel.edu.br\/obeducpacto\/wp-json\/wp\/v2\/pages\/1047","targetHints":{"allow":["GET"]}}],"collection":[{"href":"https:\/\/wp.ufpel.edu.br\/obeducpacto\/wp-json\/wp\/v2\/pages"}],"about":[{"href":"https:\/\/wp.ufpel.edu.br\/obeducpacto\/wp-json\/wp\/v2\/types\/page"}],"author":[{"embeddable":true,"href":"https:\/\/wp.ufpel.edu.br\/obeducpacto\/wp-json\/wp\/v2\/users\/329"}],"replies":[{"embeddable":true,"href":"https:\/\/wp.ufpel.edu.br\/obeducpacto\/wp-json\/wp\/v2\/comments?post=1047"}],"version-history":[{"count":4,"href":"https:\/\/wp.ufpel.edu.br\/obeducpacto\/wp-json\/wp\/v2\/pages\/1047\/revisions"}],"predecessor-version":[{"id":1052,"href":"https:\/\/wp.ufpel.edu.br\/obeducpacto\/wp-json\/wp\/v2\/pages\/1047\/revisions\/1052"}],"wp:attachment":[{"href":"https:\/\/wp.ufpel.edu.br\/obeducpacto\/wp-json\/wp\/v2\/media?parent=1047"}],"curies":[{"name":"wp","href":"https:\/\/api.w.org\/{rel}","templated":true}]}}