{"id":1036,"date":"2018-03-15T09:21:19","date_gmt":"2018-03-15T12:21:19","guid":{"rendered":"https:\/\/wp.ufpel.edu.br\/obeducpacto\/?page_id=1036"},"modified":"2018-03-15T09:49:37","modified_gmt":"2018-03-15T12:49:37","slug":"seminariointegrador","status":"publish","type":"page","link":"https:\/\/wp.ufpel.edu.br\/obeducpacto\/seminariointegrador\/","title":{"rendered":"Caderno de Resumos do Semin\u00e1rio Integrador dos Observat\u00f3rios da Educa\u00e7\u00e3o"},"content":{"rendered":"<p>&nbsp;<\/p>\n<p><a href=\"https:\/\/wp.ufpel.edu.br\/obeducpacto\/files\/2018\/03\/Caderno-de-Resumos-Seminario-OBEDUC-2014.pdf\">Semin\u00e1rio Integrador dos Observat\u00f3rios da Educa\u00e7\u00e3o &#8211; Caderno de Resumos<\/a><\/p>\n<p>&nbsp;<\/p>\n<p>1. Apresenta\u00e7\u00e3o<\/p>\n<p style=\"text-align: justify\">O Semin\u00e1rio Estadual 2014 encerrou as atividades anuais de forma\u00e7\u00e3o do Programa Pacto Nacional pela Alfabetiza\u00e7\u00e3o na Idade Certa\/Matem\u00e1tica (PNAIC), cujo objetivo principal foi a Forma\u00e7\u00e3o continuada de Professores das Redes P\u00fablicas de Ensino que atuam nos tr\u00eas primeiros anos do Ensino Fundamental, a\u00e7\u00e3o coordenada, em parte do Rio Grande do Sul, pela Universidade Federal de Pelotas (UFPel). A Equipe PNAIC-UFPel organizou este evento com o intuito de criar um espa\u00e7o para o compartilhamento e a avalia\u00e7\u00e3o das atividades desenvolvidas ao longo do ano de 2014. Um grupo de 38 formadores e 517 professores Orientadores de Estudo, de 150 munic\u00edpios ga\u00fachos, celebrou a conclus\u00e3o com os professores e com a comunidade o t\u00e9rmino de um ano de trabalho intenso. Os resultados deste investimento, que mobilizou os governos Federal, Estadual e Municipais assim como a equipe da Universidade e, sobretudo, os Professores Alfabetizadores, foram vislumbrados em apresenta\u00e7\u00f5es sob forma de relato de experi\u00eancia. Ao t\u00e9rmino deste Semin\u00e1rio, foram cumpridas as 200 horas de forma\u00e7\u00e3o com os Orientadores de Estudos. Os resumos que constituem este caderno apresentam os resultados de estudos e pr\u00e1ticas de forma\u00e7\u00e3o continuada desenvolvidas ao longo de 2014.<\/p>\n<p>Coordena\u00e7\u00e3o Equipe PNAIC-UFPEL<\/p>\n<p>&nbsp;<\/p>\n<p>2. Corpo editorial<\/p>\n<p>COMISS\u00c3O ORGANIZADORA<\/p>\n<p>Concei\u00e7\u00e3o Paludo Denise Nascimento Silveira<\/p>\n<p>Marta N\u00f6rnberg<\/p>\n<p>&nbsp;<\/p>\n<p>COORDENA\u00c7\u00c3O GERAL<\/p>\n<p>Marta N\u00f6rnberg<\/p>\n<p>&nbsp;<\/p>\n<p>COMISS\u00c3O CIENT\u00cdFICA<\/p>\n<p>Ana Ruth Moresco Miranda<\/p>\n<p>Concei\u00e7\u00e3o Paludo<\/p>\n<p>Denise Nascimento Silveira<\/p>\n<p>Dinora Tereza Zucchetti<\/p>\n<p>Edgar Kirchof<\/p>\n<p>Gilceane Caetano Porto<\/p>\n<p>Maira Ferreira<\/p>\n<p>Marta N\u00f6rnberg<\/p>\n<p>Patr\u00edcia Moura Pinho<\/p>\n<p>Rita de C\u00e1ssia Morem C\u00f3ssio Rodriguez<\/p>\n<p>Robledo Lima Gil<\/p>\n<p>Verno Kruger<\/p>\n<p>&nbsp;<\/p>\n<p>ORGANIZA\u00c7\u00c3O DO CADERNO DE RESUMOS<\/p>\n<p>Marta N\u00f6rnberg<\/p>\n<p>Gabriela Schander Braga<\/p>\n<p>&nbsp;<\/p>\n<p>PROJETO GR\u00c1FICO-IDENTIDADE VISUAL DO EVENTO<\/p>\n<p>Marcus Neves<\/p>\n<p>&nbsp;<\/p>\n<p>DIAGRAMA\u00c7\u00c3O DO CADERNO DE RESUMOS<\/p>\n<p>Chris de Azevedo Ramil<\/p>\n<p>&nbsp;<\/p>\n<p>3. Normas para publica\u00e7\u00e3o<\/p>\n<p>Caderno de Resumos [do] Semin\u00e1rio Integrador dos Observat\u00f3rios da Educa\u00e7\u00e3o 30 de junho e 1 de julho de 2014 [recurso eletr\u00f4nico] &#8211; Pelotas : [s.n.], 2015. 153 p.<\/p>\n<p>&nbsp;<\/p>\n<p>4. Endere\u00e7o de contato<\/p>\n<p>ufpel.obeduc.pacto@gmail.com<\/p>\n<p>&nbsp;<\/p>\n<p>5. Edi\u00e7\u00e3o Atual<\/p>\n<p>I Edi\u00e7\u00e3o (2014)<\/p>\n","protected":false},"excerpt":{"rendered":"<p>&nbsp; Semin\u00e1rio Integrador dos Observat\u00f3rios da Educa\u00e7\u00e3o &#8211; Caderno de Resumos &nbsp; 1. Apresenta\u00e7\u00e3o O Semin\u00e1rio Estadual 2014 encerrou as atividades anuais de forma\u00e7\u00e3o do Programa Pacto Nacional pela Alfabetiza\u00e7\u00e3o na Idade Certa\/Matem\u00e1tica (PNAIC), cujo objetivo principal foi a Forma\u00e7\u00e3o continuada de Professores das Redes P\u00fablicas de Ensino que atuam nos tr\u00eas primeiros anos do [&hellip;]<\/p>\n","protected":false},"author":329,"featured_media":0,"parent":0,"menu_order":0,"comment_status":"closed","ping_status":"closed","template":"","meta":{"footnotes":""},"class_list":["post-1036","page","type-page","status-publish","hentry"],"yoast_head":"<!-- This site is optimized with the Yoast SEO plugin v26.7 - https:\/\/yoast.com\/wordpress\/plugins\/seo\/ -->\n<title>Caderno de Resumos do Semin\u00e1rio Integrador dos Observat\u00f3rios da Educa\u00e7\u00e3o - OBEDUC - Pacto<\/title>\n<meta name=\"robots\" content=\"index, follow, max-snippet:-1, max-image-preview:large, max-video-preview:-1\" \/>\n<link rel=\"canonical\" href=\"https:\/\/wp.ufpel.edu.br\/obeducpacto\/seminariointegrador\/\" \/>\n<meta property=\"og:locale\" content=\"pt_BR\" \/>\n<meta property=\"og:type\" content=\"article\" \/>\n<meta property=\"og:title\" content=\"Caderno de Resumos do Semin\u00e1rio Integrador dos Observat\u00f3rios da Educa\u00e7\u00e3o - OBEDUC - Pacto\" \/>\n<meta property=\"og:description\" content=\"&nbsp; Semin\u00e1rio Integrador dos Observat\u00f3rios da Educa\u00e7\u00e3o &#8211; Caderno de Resumos &nbsp; 1. Apresenta\u00e7\u00e3o O Semin\u00e1rio Estadual 2014 encerrou as atividades anuais de forma\u00e7\u00e3o do Programa Pacto Nacional pela Alfabetiza\u00e7\u00e3o na Idade Certa\/Matem\u00e1tica (PNAIC), cujo objetivo principal foi a Forma\u00e7\u00e3o continuada de Professores das Redes P\u00fablicas de Ensino que atuam nos tr\u00eas primeiros anos do [&hellip;]\" \/>\n<meta property=\"og:url\" content=\"https:\/\/wp.ufpel.edu.br\/obeducpacto\/seminariointegrador\/\" \/>\n<meta property=\"og:site_name\" content=\"OBEDUC - Pacto\" \/>\n<meta property=\"article:modified_time\" content=\"2018-03-15T12:49:37+00:00\" \/>\n<meta name=\"twitter:card\" content=\"summary_large_image\" \/>\n<meta name=\"twitter:label1\" content=\"Est. tempo de leitura\" \/>\n\t<meta name=\"twitter:data1\" content=\"2 minutos\" \/>\n<script type=\"application\/ld+json\" class=\"yoast-schema-graph\">{\"@context\":\"https:\/\/schema.org\",\"@graph\":[{\"@type\":\"WebPage\",\"@id\":\"https:\/\/wp.ufpel.edu.br\/obeducpacto\/seminariointegrador\/\",\"url\":\"https:\/\/wp.ufpel.edu.br\/obeducpacto\/seminariointegrador\/\",\"name\":\"Caderno de Resumos do Semin\u00e1rio Integrador dos Observat\u00f3rios da Educa\u00e7\u00e3o - OBEDUC - Pacto\",\"isPartOf\":{\"@id\":\"https:\/\/wp.ufpel.edu.br\/obeducpacto\/#website\"},\"datePublished\":\"2018-03-15T12:21:19+00:00\",\"dateModified\":\"2018-03-15T12:49:37+00:00\",\"breadcrumb\":{\"@id\":\"https:\/\/wp.ufpel.edu.br\/obeducpacto\/seminariointegrador\/#breadcrumb\"},\"inLanguage\":\"pt-BR\",\"potentialAction\":[{\"@type\":\"ReadAction\",\"target\":[\"https:\/\/wp.ufpel.edu.br\/obeducpacto\/seminariointegrador\/\"]}]},{\"@type\":\"BreadcrumbList\",\"@id\":\"https:\/\/wp.ufpel.edu.br\/obeducpacto\/seminariointegrador\/#breadcrumb\",\"itemListElement\":[{\"@type\":\"ListItem\",\"position\":1,\"name\":\"In\u00edcio\",\"item\":\"https:\/\/wp.ufpel.edu.br\/obeducpacto\/\"},{\"@type\":\"ListItem\",\"position\":2,\"name\":\"Caderno de Resumos do Semin\u00e1rio Integrador dos Observat\u00f3rios da Educa\u00e7\u00e3o\"}]},{\"@type\":\"WebSite\",\"@id\":\"https:\/\/wp.ufpel.edu.br\/obeducpacto\/#website\",\"url\":\"https:\/\/wp.ufpel.edu.br\/obeducpacto\/\",\"name\":\"OBEDUC - Pacto\",\"description\":\"Universidade Federal de Pelotas\",\"publisher\":{\"@id\":\"https:\/\/wp.ufpel.edu.br\/obeducpacto\/#organization\"},\"potentialAction\":[{\"@type\":\"SearchAction\",\"target\":{\"@type\":\"EntryPoint\",\"urlTemplate\":\"https:\/\/wp.ufpel.edu.br\/obeducpacto\/?s={search_term_string}\"},\"query-input\":{\"@type\":\"PropertyValueSpecification\",\"valueRequired\":true,\"valueName\":\"search_term_string\"}}],\"inLanguage\":\"pt-BR\"},{\"@type\":\"Organization\",\"@id\":\"https:\/\/wp.ufpel.edu.br\/obeducpacto\/#organization\",\"name\":\"OBEDUC - Pacto\",\"url\":\"https:\/\/wp.ufpel.edu.br\/obeducpacto\/\",\"logo\":{\"@type\":\"ImageObject\",\"inLanguage\":\"pt-BR\",\"@id\":\"https:\/\/wp.ufpel.edu.br\/obeducpacto\/#\/schema\/logo\/image\/\",\"url\":\"https:\/\/wp.ufpel.edu.br\/obeducpacto\/files\/2025\/08\/OBEDUC-Pacto-Marca-G-TRANPARENTE.png\",\"contentUrl\":\"https:\/\/wp.ufpel.edu.br\/obeducpacto\/files\/2025\/08\/OBEDUC-Pacto-Marca-G-TRANPARENTE.png\",\"width\":1000,\"height\":906,\"caption\":\"OBEDUC - Pacto\"},\"image\":{\"@id\":\"https:\/\/wp.ufpel.edu.br\/obeducpacto\/#\/schema\/logo\/image\/\"}}]}<\/script>\n<!-- \/ Yoast SEO plugin. -->","yoast_head_json":{"title":"Caderno de Resumos do Semin\u00e1rio Integrador dos Observat\u00f3rios da Educa\u00e7\u00e3o - OBEDUC - Pacto","robots":{"index":"index","follow":"follow","max-snippet":"max-snippet:-1","max-image-preview":"max-image-preview:large","max-video-preview":"max-video-preview:-1"},"canonical":"https:\/\/wp.ufpel.edu.br\/obeducpacto\/seminariointegrador\/","og_locale":"pt_BR","og_type":"article","og_title":"Caderno de Resumos do Semin\u00e1rio Integrador dos Observat\u00f3rios da Educa\u00e7\u00e3o - OBEDUC - Pacto","og_description":"&nbsp; Semin\u00e1rio Integrador dos Observat\u00f3rios da Educa\u00e7\u00e3o &#8211; Caderno de Resumos &nbsp; 1. Apresenta\u00e7\u00e3o O Semin\u00e1rio Estadual 2014 encerrou as atividades anuais de forma\u00e7\u00e3o do Programa Pacto Nacional pela Alfabetiza\u00e7\u00e3o na Idade Certa\/Matem\u00e1tica (PNAIC), cujo objetivo principal foi a Forma\u00e7\u00e3o continuada de Professores das Redes P\u00fablicas de Ensino que atuam nos tr\u00eas primeiros anos do [&hellip;]","og_url":"https:\/\/wp.ufpel.edu.br\/obeducpacto\/seminariointegrador\/","og_site_name":"OBEDUC - Pacto","article_modified_time":"2018-03-15T12:49:37+00:00","twitter_card":"summary_large_image","twitter_misc":{"Est. tempo de leitura":"2 minutos"},"schema":{"@context":"https:\/\/schema.org","@graph":[{"@type":"WebPage","@id":"https:\/\/wp.ufpel.edu.br\/obeducpacto\/seminariointegrador\/","url":"https:\/\/wp.ufpel.edu.br\/obeducpacto\/seminariointegrador\/","name":"Caderno de Resumos do Semin\u00e1rio Integrador dos Observat\u00f3rios da Educa\u00e7\u00e3o - OBEDUC - Pacto","isPartOf":{"@id":"https:\/\/wp.ufpel.edu.br\/obeducpacto\/#website"},"datePublished":"2018-03-15T12:21:19+00:00","dateModified":"2018-03-15T12:49:37+00:00","breadcrumb":{"@id":"https:\/\/wp.ufpel.edu.br\/obeducpacto\/seminariointegrador\/#breadcrumb"},"inLanguage":"pt-BR","potentialAction":[{"@type":"ReadAction","target":["https:\/\/wp.ufpel.edu.br\/obeducpacto\/seminariointegrador\/"]}]},{"@type":"BreadcrumbList","@id":"https:\/\/wp.ufpel.edu.br\/obeducpacto\/seminariointegrador\/#breadcrumb","itemListElement":[{"@type":"ListItem","position":1,"name":"In\u00edcio","item":"https:\/\/wp.ufpel.edu.br\/obeducpacto\/"},{"@type":"ListItem","position":2,"name":"Caderno de Resumos do Semin\u00e1rio Integrador dos Observat\u00f3rios da Educa\u00e7\u00e3o"}]},{"@type":"WebSite","@id":"https:\/\/wp.ufpel.edu.br\/obeducpacto\/#website","url":"https:\/\/wp.ufpel.edu.br\/obeducpacto\/","name":"OBEDUC - Pacto","description":"Universidade Federal de Pelotas","publisher":{"@id":"https:\/\/wp.ufpel.edu.br\/obeducpacto\/#organization"},"potentialAction":[{"@type":"SearchAction","target":{"@type":"EntryPoint","urlTemplate":"https:\/\/wp.ufpel.edu.br\/obeducpacto\/?s={search_term_string}"},"query-input":{"@type":"PropertyValueSpecification","valueRequired":true,"valueName":"search_term_string"}}],"inLanguage":"pt-BR"},{"@type":"Organization","@id":"https:\/\/wp.ufpel.edu.br\/obeducpacto\/#organization","name":"OBEDUC - Pacto","url":"https:\/\/wp.ufpel.edu.br\/obeducpacto\/","logo":{"@type":"ImageObject","inLanguage":"pt-BR","@id":"https:\/\/wp.ufpel.edu.br\/obeducpacto\/#\/schema\/logo\/image\/","url":"https:\/\/wp.ufpel.edu.br\/obeducpacto\/files\/2025\/08\/OBEDUC-Pacto-Marca-G-TRANPARENTE.png","contentUrl":"https:\/\/wp.ufpel.edu.br\/obeducpacto\/files\/2025\/08\/OBEDUC-Pacto-Marca-G-TRANPARENTE.png","width":1000,"height":906,"caption":"OBEDUC - Pacto"},"image":{"@id":"https:\/\/wp.ufpel.edu.br\/obeducpacto\/#\/schema\/logo\/image\/"}}]}},"_links":{"self":[{"href":"https:\/\/wp.ufpel.edu.br\/obeducpacto\/wp-json\/wp\/v2\/pages\/1036","targetHints":{"allow":["GET"]}}],"collection":[{"href":"https:\/\/wp.ufpel.edu.br\/obeducpacto\/wp-json\/wp\/v2\/pages"}],"about":[{"href":"https:\/\/wp.ufpel.edu.br\/obeducpacto\/wp-json\/wp\/v2\/types\/page"}],"author":[{"embeddable":true,"href":"https:\/\/wp.ufpel.edu.br\/obeducpacto\/wp-json\/wp\/v2\/users\/329"}],"replies":[{"embeddable":true,"href":"https:\/\/wp.ufpel.edu.br\/obeducpacto\/wp-json\/wp\/v2\/comments?post=1036"}],"version-history":[{"count":6,"href":"https:\/\/wp.ufpel.edu.br\/obeducpacto\/wp-json\/wp\/v2\/pages\/1036\/revisions"}],"predecessor-version":[{"id":1053,"href":"https:\/\/wp.ufpel.edu.br\/obeducpacto\/wp-json\/wp\/v2\/pages\/1036\/revisions\/1053"}],"wp:attachment":[{"href":"https:\/\/wp.ufpel.edu.br\/obeducpacto\/wp-json\/wp\/v2\/media?parent=1036"}],"curies":[{"name":"wp","href":"https:\/\/api.w.org\/{rel}","templated":true}]}}