{"id":17,"date":"2013-07-02T10:05:43","date_gmt":"2013-07-02T13:05:43","guid":{"rendered":"https:\/\/wp.ufpel.edu.br\/nutricaobromatologia\/?page_id=17"},"modified":"2015-10-28T13:36:41","modified_gmt":"2015-10-28T15:36:41","slug":"links","status":"publish","type":"page","link":"https:\/\/wp.ufpel.edu.br\/nutricaobromatologia\/links\/","title":{"rendered":"Links"},"content":{"rendered":"<ul>\n<li><span style=\"color: #000000\">Ag\u00eancia Nacional de Vigil\u00e2ncia Sanit\u00e1ria (ANVISA):<\/span>\u00a0<a href=\"http:\/\/portal.anvisa.gov.br\/wps\/portal\/anvisa\/home\">http:\/\/portal.anvisa.gov.br\/wps\/portal\/anvisa\/home<\/a><\/li>\n<li><span style=\"color: #000000\">Associa\u00e7\u00e3o Brasileira de Nutri\u00e7\u00e3o (Asbran):<\/span><a href=\"http:\/\/www.asbran.org.br\/\">\u00a0http:\/\/www.asbran.org.br\/<\/a><\/li>\n<li><span style=\"color: #000000\">C\u00e2mara Interministerial de Seguran\u00e7a Alimentar e Nutricional (CAISAN):<\/span> <a href=\"http:\/\/www.caisan.gov.br\/\">http:\/\/www.caisan.gov.br\/<\/a><\/li>\n<li><span style=\"color: #000000\">Centers of Disease Control and Prevention (Centro de Controle e Preven\u00e7\u00e3o de Doen\u00e7as dos Estados Unidos)\u00a0\u00a0(CDC):<\/span>\u00a0<a href=\"http:\/\/www.cdc.gov\/\">http:\/\/www.cdc.gov\/<\/a><\/li>\n<li><span style=\"color: #000000\">Centro de Epidemiologia UFPel || Pesquisas Epidemiol\u00f3gicas:<\/span>\u00a0<a href=\"http:\/\/www.epidemio-ufpel.org.br\/site\/content\/home\/\">http:\/\/www.epidemio-ufpel.org.br\/site\/content\/home\/<\/a><\/li>\n<li><span style=\"color: #000000\">Conselho Federal de Nutricionistas (CFN):<\/span>\u00a0<a href=\"http:\/\/www.cfn.org.br\/eficiente\/sites\/cfn\/pt-br\/home.php\">http:\/\/www.cfn.org.br\/eficiente\/sites\/cfn\/pt-br\/home.php<\/a><\/li>\n<li><span style=\"color: #000000\">Conselho Nacional de Desenvolvimento Cient\u00edfico e Tecnol\u00f3gico (CNPQ):<\/span>\u00a0<a href=\"http:\/\/www.cnpq.br\/\">http:\/\/www.cnpq.br\/<\/a><\/li>\n<li><span style=\"color: #000000\">Coordena\u00e7\u00e3o de Aperfei\u00e7oamento de Pessoal de N\u00edvel Superior (CAPES):<\/span>\u00a0<a href=\"http:\/\/www.capes.gov.br\/\">http:\/\/www.capes.gov.br\/<\/a><\/li>\n<li><span style=\"color: #000000\">Empresa Brasileira de Pesquisa Agropecu\u00e1ria (Embrapa):<\/span>\u00a0<a href=\"https:\/\/www.embrapa.br\/]\">https:\/\/www.embrapa.br\/<\/a><\/li>\n<li><span style=\"color: #000000\">Funda\u00e7\u00e3o de Amparo \u00e0 Pesquisa do Estado do Rio Grande do Sul (FAPERGS):<\/span>\u00a0<a href=\"http:\/\/www.fapergs.rs.gov.br\/\">http:\/\/www.fapergs.rs.gov.br\/<\/a><\/li>\n<li><span style=\"color: #000000\">Fundo Nacional de Desenvolvimento da Educa\u00e7\u00e3o (FNDE):<\/span> <a href=\"http:\/\/www.fnde.gov.br\/\">http:\/\/www.fnde.gov.br\/<\/a><\/li>\n<li><span style=\"color: #000000\">Minist\u00e9rio da Agricultura, Pecu\u00e1ria e Abastecimento (MAPA):\u00a0<\/span><a href=\"http:\/\/www.agricultura.gov.br\/\">http:\/\/www.agricultura.gov.br\/<\/a><\/li>\n<li><span style=\"color: #000000\">Minist\u00e9rio da Sa\u00fade:<\/span><a href=\"http:\/\/portalsaude.saude.gov.br\/\"><span style=\"color: #000000\">\u00a0<\/span>http:\/\/portalsaude.saude.gov.br\/<\/a><\/li>\n<li><span style=\"color: #000000\">Organiza\u00e7\u00e3o das Na\u00e7\u00f5es Unidas para Alimenta\u00e7\u00e3o e Agricultura (FAO):\u00a0<\/span><span style=\"color: #000000\"><a href=\"http:\/\/www.fao.org\/es\/ESN\/index_en.stm\">http:\/\/www.fao.org<\/a><\/span><\/li>\n<li><span style=\"color: #000000\">Organiza\u00e7\u00e3o Mundial da Sa\u00fade (OMS):<\/span>\u00a0<a href=\"http:\/\/www.who.int\/en\/\">http:\/\/www.who.int\/en<\/a>\/<\/li>\n<li><span style=\"color: #000000\">Sociedade Brasileira de Ci\u00eancia e Tecnologia de Alimentos (SBCTA):<\/span>\u00a0<a href=\"http:\/\/www.sbcta.org.br\/\">http:\/\/www.sbcta.org.br\/<\/a><\/li>\n<li><span style=\"color: #000000\">N\u00facleo de Estudos e Pesquisas em Alimenta\u00e7\u00e3o (NEPA):<\/span> <a href=\"http:\/\/www.unicamp.br\/nepa\/\">http:\/\/www.unicamp.br\/nepa\/<\/a><\/li>\n<li><span style=\"color: #000000\">N\u00facleo de Pesquisa de Nutri\u00e7\u00e3o em Produ\u00e7\u00e3o de Refei\u00e7\u00f5es (NUPPRE):\u00a0<a href=\"http:\/\/nuppre.ufsc.br\/\">http:\/\/nuppre.ufsc.br\/<\/a>\u00a0<\/span><\/li>\n<li><span style=\"color: #000000\">N\u00facleo de Estudos e Pesquisas em Seguran\u00e7a Alimentar e Nutricional<\/span> (NESAN):\u00a0<a href=\"http:\/\/www.ufrgs.br\/pgdr\/nesan\/projetos.htm\">http:\/\/www.ufrgs.br\/pgdr\/nesan\/projetos.htm<\/a><\/li>\n<li><span style=\"color: #000000\">N\u00facleo de Estudos sobre Cultura e Alimenta\u00e7\u00e3o (O NECTAR):\u00a0<a href=\"http:\/\/nectar-pesquisa.com.br\/site\/index.php\/nucleo\/o-nectar\">http:\/\/nectar-pesquisa.com.br\/site\/index.php\/nucleo\/o-nectar<\/a><\/span><\/li>\n<li><span style=\"color: #000000\">N\u00facleo de Pesquisa e Ensino de Fototerapia nas Ci\u00eancias da Sa\u00fade (NUPEN):\u00a0<\/span><a href=\"http:\/\/www.nupen.com.br\/\">http:\/\/www.nupen.com.br\/<\/a><\/li>\n<\/ul>\n","protected":false},"excerpt":{"rendered":"<p>Ag\u00eancia Nacional de Vigil\u00e2ncia Sanit\u00e1ria (ANVISA):\u00a0http:\/\/portal.anvisa.gov.br\/wps\/portal\/anvisa\/home Associa\u00e7\u00e3o Brasileira de Nutri\u00e7\u00e3o (Asbran):\u00a0http:\/\/www.asbran.org.br\/ C\u00e2mara Interministerial de Seguran\u00e7a Alimentar e Nutricional (CAISAN): http:\/\/www.caisan.gov.br\/ Centers of Disease Control and Prevention (Centro de Controle e Preven\u00e7\u00e3o de Doen\u00e7as dos Estados Unidos)\u00a0\u00a0(CDC):\u00a0http:\/\/www.cdc.gov\/ Centro de Epidemiologia UFPel &hellip; <a href=\"https:\/\/wp.ufpel.edu.br\/nutricaobromatologia\/links\/\">Continue lendo <span class=\"meta-nav\">&rarr;<\/span><\/a><\/p>\n","protected":false},"author":277,"featured_media":0,"parent":0,"menu_order":8,"comment_status":"closed","ping_status":"closed","template":"","meta":{"footnotes":""},"class_list":["post-17","page","type-page","status-publish","hentry"],"_links":{"self":[{"href":"https:\/\/wp.ufpel.edu.br\/nutricaobromatologia\/wp-json\/wp\/v2\/pages\/17","targetHints":{"allow":["GET"]}}],"collection":[{"href":"https:\/\/wp.ufpel.edu.br\/nutricaobromatologia\/wp-json\/wp\/v2\/pages"}],"about":[{"href":"https:\/\/wp.ufpel.edu.br\/nutricaobromatologia\/wp-json\/wp\/v2\/types\/page"}],"author":[{"embeddable":true,"href":"https:\/\/wp.ufpel.edu.br\/nutricaobromatologia\/wp-json\/wp\/v2\/users\/277"}],"replies":[{"embeddable":true,"href":"https:\/\/wp.ufpel.edu.br\/nutricaobromatologia\/wp-json\/wp\/v2\/comments?post=17"}],"version-history":[{"count":19,"href":"https:\/\/wp.ufpel.edu.br\/nutricaobromatologia\/wp-json\/wp\/v2\/pages\/17\/revisions"}],"predecessor-version":[{"id":580,"href":"https:\/\/wp.ufpel.edu.br\/nutricaobromatologia\/wp-json\/wp\/v2\/pages\/17\/revisions\/580"}],"wp:attachment":[{"href":"https:\/\/wp.ufpel.edu.br\/nutricaobromatologia\/wp-json\/wp\/v2\/media?parent=17"}],"curies":[{"name":"wp","href":"https:\/\/api.w.org\/{rel}","templated":true}]}}